{"id":3028,"date":"2024-05-27T14:06:01","date_gmt":"2024-05-27T06:06:01","guid":{"rendered":"https:\/\/palegoldenrod-manatee-952098.hostingersite.com\/?post_type=product&#038;p=3028"},"modified":"2026-01-26T16:41:28","modified_gmt":"2026-01-26T08:41:28","slug":"a0205-9d-7d-machine-hifu-focalisee-5-en-1","status":"publish","type":"product","link":"https:\/\/shefmon.com\/fr\/product\/a0205-9d-7d-focused-hifu-machine-5-in-1\/","title":{"rendered":"A0205 Machine HIFU focalis\u00e9e 9D\/7D 5 en 1"},"content":{"rendered":"<p><strong>Num\u00e9ro de mod\u00e8le : A0205 9D<\/strong><\/p>\n<p>Machine Hifu 9D multifonctionnelle A0205<br \/>\n1.9D Hifu : 12 lignes, 26 points<br \/>\n2.9D Hifu Toutes les cartouches :<br \/>\n1,5 mm, 3 mm, 4,5 mm, 6 mm, 8 mm, 10 mm, 13 mm, 16 mm, 20\u00a0000 coups par pointe<br \/>\n3. Poign\u00e9e en option : Hifu vaginal\/Vmax Hifu\/Lipo-Hifu\/Microneedle RF<br \/>\n<strong>QU&#039;EST-CE QUE LA MACHINE HIFU 9D ?<\/strong><br \/>\nL&#039;ultrason focalis\u00e9 de haute intensit\u00e9 (HIFU) utilise une \u00e9nergie ultrasonore pr\u00e9cise de qualit\u00e9 m\u00e9dicale pour le lifting du visage et le raffermissement de la peau non chirurgicaux.<br \/>\nLe 9D HIFU est une machine HIFU de neuvi\u00e8me g\u00e9n\u00e9ration offrant une puissance plus \u00e9lev\u00e9e, moins d&#039;inconfort, une s\u00e9curit\u00e9 accrue et des r\u00e9sultats cliniquement prouv\u00e9s.<br \/>\nIl fonctionne aussi bien pour les personnes de toutes les couleurs de peau, le traitement HIFU est le premier choix pour le lifting du visage non invasif.<br \/>\n<strong>Fonctions de la machine HIFU 9D\u00a0:<\/strong><br \/>\n1. \u00c9liminez les rides autour du front, des yeux, de la bouche, etc.<br \/>\n2. Lifting et raffermissement de la peau des deux joues.<br \/>\n3. Am\u00e9liorer l\u2019\u00e9lasticit\u00e9 de la peau et modeler le contour.<br \/>\n4. Am\u00e9lioration de la ligne de la m\u00e2choire, r\u00e9duction des \u00ab rides de la marionnette \u00bb.<br \/>\n5. Resserrer le tissu cutan\u00e9 du front, soulever les lignes des sourcils.<br \/>\n6. Am\u00e9liorer le teint de la peau, rendre la peau d\u00e9licate et lumineuse.<br \/>\n7. \u00c9liminer les rides du cou, prot\u00e9ger le cou du vieillissement.<br \/>\n8. \u00c9liminer la graisse ind\u00e9sirable sur les bras, le ventre, les jambes, les hanches, etc.<\/p>\n<p><strong>Il dispose de diff\u00e9rentes cartouches pour diff\u00e9rentes zones op\u00e9rationnelles\u00a0:<\/strong><br \/>\nDS-1,5 mm est destin\u00e9 \u00e0 la couche \u00e9pidermique\u00a0;<br \/>\nDS-3,0 mm est destin\u00e9 \u00e0 la couche dermique\u00a0;<br \/>\nDS-4,5 mm est destin\u00e9 \u00e0 la couche SMAS.<br \/>\nDS-6,0 mm\/9 mm\/12 mm pour la couche de graisse corporelle<br \/>\n3. C&#039;est totalement non invasif et s\u00fbr.<br \/>\n4. L&#039;effet sera visible apr\u00e8s l&#039;op\u00e9ration, mais le meilleur effet sera observ\u00e9 apr\u00e8s deux mois. Il peut durer de 2 \u00e0 3 mois.<br \/>\nAnn\u00e9es.<\/p>","protected":false},"excerpt":{"rendered":"<p><strong>Param\u00e8tres techniques :<\/strong><br \/>\n<strong>Description:<\/strong>Machine Hifu multifonctionnelle 5 en 1 7D\/9D<br \/>\n<strong>Poign\u00e9es en option<\/strong>:Hifu vaginal, Hifu Vmax, RF, Lipo Hifu<br \/>\n<strong>Cartouches 9D :<\/strong>Norme : 3,0 mm, 4,5 mm,<br \/>\nEn option\u00a0: 1,5\u00a0mm, 6,0\u00a0mm, 8,0\u00a0mm, 13,0\u00a0mm<br \/>\n20 000 coups\/un<br \/>\n<strong>Cartouches 7D (en option)<\/strong><br \/>\nNorme\u00a0: 1,5\u00a0mm, 2,0\u00a0mm, 3,0\u00a0mm, 4,5\u00a0mm, 6,0\u00a0mm, 9,0\u00a0mm. 13,0\u00a0mm<br \/>\n20 000 coups\/un<br \/>\n<strong>Hifu vaginal (facultatif)<\/strong><br \/>\n3,0 mm et 4,5 mm 10\u00a0000 prises de vue<br \/>\n<strong>Cartouches Vmax (en option)<\/strong><br \/>\nStandard\u00a0: 1,5\u00a0mm, 3,0\u00a0mm, 4,5\u00a0mm en option\u00a0: 8,0\u00a0mm, 13\u00a0mm<br \/>\n68 000 coups\/un<br \/>\n<strong>Aiguilles RF \u00e0 micro-aiguilles (en option)<\/strong><br \/>\nAiguilles RF fractionn\u00e9es souples (10P, 25P, 64P, Nano Needle) (en option)<br \/>\nPoign\u00e9e Lipo Hifu (en option)<br \/>\nNorme : 8,0 mm, 13 mm<br \/>\nEn option\u00a0: 6,0 mm, 10 mm, 16 mm<br \/>\n<strong>Pouvoir:<\/strong>800 W<br \/>\n<strong>Fr\u00e9quence:<\/strong>4\/7 MHz<\/p>","protected":false},"featured_media":3041,"template":"","meta":[],"product_brand":[],"product_cat":[78,86],"product_tag":[],"class_list":{"0":"post-3028","1":"product","2":"type-product","3":"status-publish","4":"has-post-thumbnail","6":"product_cat-hifu","7":"product_cat-skin-care-and-facial-rejuvenation","9":"first","10":"instock","11":"shipping-taxable","12":"product-type-simple"},"_links":{"self":[{"href":"https:\/\/shefmon.com\/fr\/wp-json\/wp\/v2\/product\/3028","targetHints":{"allow":["GET"]}}],"collection":[{"href":"https:\/\/shefmon.com\/fr\/wp-json\/wp\/v2\/product"}],"about":[{"href":"https:\/\/shefmon.com\/fr\/wp-json\/wp\/v2\/types\/product"}],"version-history":[{"count":0,"href":"https:\/\/shefmon.com\/fr\/wp-json\/wp\/v2\/product\/3028\/revisions"}],"wp:featuredmedia":[{"embeddable":true,"href":"https:\/\/shefmon.com\/fr\/wp-json\/wp\/v2\/media\/3041"}],"wp:attachment":[{"href":"https:\/\/shefmon.com\/fr\/wp-json\/wp\/v2\/media?parent=3028"}],"wp:term":[{"taxonomy":"product_brand","embeddable":true,"href":"https:\/\/shefmon.com\/fr\/wp-json\/wp\/v2\/product_brand?post=3028"},{"taxonomy":"product_cat","embeddable":true,"href":"https:\/\/shefmon.com\/fr\/wp-json\/wp\/v2\/product_cat?post=3028"},{"taxonomy":"product_tag","embeddable":true,"href":"https:\/\/shefmon.com\/fr\/wp-json\/wp\/v2\/product_tag?post=3028"}],"curies":[{"name":"wp","href":"https:\/\/api.w.org\/{rel}","templated":true}]}}