{"id":3025,"date":"2024-05-27T13:49:06","date_gmt":"2024-05-27T05:49:06","guid":{"rendered":"https:\/\/palegoldenrod-manatee-952098.hostingersite.com\/?post_type=product&#038;p=3025"},"modified":"2026-04-02T16:17:37","modified_gmt":"2026-04-02T08:17:37","slug":"a0157-mmrf-deepth-8-microneedling-rf","status":"publish","type":"product","link":"https:\/\/shefmon.com\/fr\/product\/a0157-mmrf-deepth-8-microneedling-rf\/","title":{"rendered":"A0157 MNRF Profondeur 8 Microneedling RF"},"content":{"rendered":"<p><strong>Avantages:<\/strong><br \/>\n1. Offre les traitements fractionn\u00e9s les plus profonds disponibles, chauffant les tissus sous-cutan\u00e9s jusqu&#039;\u00e0 8 mm (profil thermique 7 mm + 1 mm).<br \/>\n2. Les deux pi\u00e8ces \u00e0 main permettent une fonctionnalit\u00e9 de traitement accrue : poign\u00e9e faciale pour les zones de traitement plus petites, poign\u00e9e corporelle pour les traitements des tissus plus larges et plus profonds.<br \/>\n3. Quatre embouts fractionn\u00e9s avec diff\u00e9rentes configurations de micro-aiguilles (12, 24, 40 broches, nano-puce). D\u00e9livrent une \u00e9nergie RF cliniquement prouv\u00e9e \u00e0 plusieurs profondeurs de traitement (0,5 \u00e0 7 mm).<\/p>\n<p><strong>Machine RF MNRF de profondeur 8<\/strong><\/p>\n<p>La machine MNRF Depth 8 se distingue par son approche sp\u00e9cialis\u00e9e visant \u00e0 am\u00e9liorer le r\u00e9seau fibro-septal (FSN) au sein de la matrice peau-graisse, ce qui permet d&#039;obtenir une peau visiblement plus lisse et d&#039;att\u00e9nuer les imperfections sur le visage et le corps.<\/p>\n<p>MNRF Depth 8 offre une p\u00e9n\u00e9tration fractionn\u00e9e profonde, atteignant jusqu&#039;\u00e0 7 mm dans la peau, accompagn\u00e9e d&#039;une induction thermique suppl\u00e9mentaire de 1 mm, garantissant un r\u00e9sultat tr\u00e8s homog\u00e8ne.<\/p>\n<p>Sa conception sophistiqu\u00e9e permet un ciblage s\u00e9quentiel des tissus \u00e0 trois profondeurs distinctes \u00e0 des intervalles rapides de quelques millisecondes, r\u00e9duisant consid\u00e9rablement la dur\u00e9e du traitement, minimisant les risques pour la peau et am\u00e9liorant l&#039;uniformit\u00e9 des r\u00e9sultats du traitement.<\/p>\n<p><strong>Traitement<\/strong><br \/>\nLe MNRF Depth 8 est dot\u00e9 d&#039;un embout applicateur large et innovant qui contient un ensemble de 40 micro-aiguilles fines recouvertes d&#039;or, ainsi que d&#039;une profondeur thermique de 7 mm, compl\u00e9t\u00e9e par une p\u00e9n\u00e9tration de chaleur suppl\u00e9mentaire de 1 m.<br \/>\nIl est capable de cibler rapidement de vastes zones de tissu cutan\u00e9, en utilisant les niveaux d&#039;\u00e9nergie radiofr\u00e9quence (RF) les plus profonds disponibles.<br \/>\nMorpheus8 se distingue comme un excellent choix pour le rajeunissement du visage, offrant l\u2019avantage de traiter plusieurs probl\u00e8mes \u00e0 la fois.<br \/>\nCette approche par radiofr\u00e9quence s\u2019attaque efficacement \u00e0 une gamme de traitements, tels que :<br \/>\n1. Exc\u00e8s de graisse sous le menton<br \/>\n2. Adoucissement et affaissement le long de la m\u00e2choire<br \/>\n3. Dommages caus\u00e9s par l&#039;exposition au soleil<br \/>\n4. Cicatrices dues \u00e0 l&#039;acn\u00e9 et autres causes<br \/>\n5. Vergetures<br \/>\n6. Texture de peau irr\u00e9guli\u00e8re<br \/>\n7. Pores dilat\u00e9s<br \/>\n8. Rides et plis prononc\u00e9s<\/p>","protected":false},"excerpt":{"rendered":"<p><strong>Caract\u00e9ristiques:<\/strong><br \/>\nProfil de profondeur 1 mm - 7 mm<br \/>\nProfil thermique suppl\u00e9mentaire de 1 mm<br \/>\n12 broches principales<br \/>\nResurfa\u00e7age de 24 broches<br \/>\nCorps 40 broches<br \/>\nNano-aiguilles pour peaux sensibles<br \/>\nProfondeur de traitement informatis\u00e9e<br \/>\nIsol\u00e9 avec une pointe conductrice de 0,5 mm<br \/>\nPuissance RF maximale : 300 W<br \/>\nTension 110V\/60Hz, 220V\/50Hz<br \/>\nMat\u00e9riau : ABS et acier inoxydable<br \/>\n\u00c9cran tactile 15 pouces<br \/>\nAiguilles Figure\u00a0: 4\u00a0pi\u00e8ces (12P\\24P\\40P\\T\u00eate nanocristalline)<br \/>\nPoign\u00e9e de travail : Option : (1 RF\/2 RF\/1RF+Marteau de refroidissement\/2 RF+Marteau de refroidissement)<br \/>\nZone cibl\u00e9e Corps, visage, yeux, jambes\/bras, cou\/gorge, autre<br \/>\nTaille 66*53*141cm<\/p>","protected":false},"featured_media":3537,"template":"","meta":[],"product_brand":[],"product_cat":[81,86],"product_tag":[],"class_list":{"0":"post-3025","1":"product","2":"type-product","3":"status-publish","4":"has-post-thumbnail","6":"product_cat-mnrf-microneedling","7":"product_cat-skin-care-and-facial-rejuvenation","9":"first","10":"instock","11":"shipping-taxable","12":"product-type-simple"},"_links":{"self":[{"href":"https:\/\/shefmon.com\/fr\/wp-json\/wp\/v2\/product\/3025","targetHints":{"allow":["GET"]}}],"collection":[{"href":"https:\/\/shefmon.com\/fr\/wp-json\/wp\/v2\/product"}],"about":[{"href":"https:\/\/shefmon.com\/fr\/wp-json\/wp\/v2\/types\/product"}],"version-history":[{"count":2,"href":"https:\/\/shefmon.com\/fr\/wp-json\/wp\/v2\/product\/3025\/revisions"}],"predecessor-version":[{"id":12795,"href":"https:\/\/shefmon.com\/fr\/wp-json\/wp\/v2\/product\/3025\/revisions\/12795"}],"wp:featuredmedia":[{"embeddable":true,"href":"https:\/\/shefmon.com\/fr\/wp-json\/wp\/v2\/media\/3537"}],"wp:attachment":[{"href":"https:\/\/shefmon.com\/fr\/wp-json\/wp\/v2\/media?parent=3025"}],"wp:term":[{"taxonomy":"product_brand","embeddable":true,"href":"https:\/\/shefmon.com\/fr\/wp-json\/wp\/v2\/product_brand?post=3025"},{"taxonomy":"product_cat","embeddable":true,"href":"https:\/\/shefmon.com\/fr\/wp-json\/wp\/v2\/product_cat?post=3025"},{"taxonomy":"product_tag","embeddable":true,"href":"https:\/\/shefmon.com\/fr\/wp-json\/wp\/v2\/product_tag?post=3025"}],"curies":[{"name":"wp","href":"https:\/\/api.w.org\/{rel}","templated":true}]}}