{"id":3012,"date":"2024-05-27T13:16:52","date_gmt":"2024-05-27T05:16:52","guid":{"rendered":"https:\/\/palegoldenrod-manatee-952098.hostingersite.com\/?post_type=product&#038;p=3012"},"modified":"2025-09-17T19:27:44","modified_gmt":"2025-09-17T11:27:44","slug":"a0426-755-1064-810-appareil-de-beaute-pour-lepilation-au-laser-a-diode-940-nm","status":"publish","type":"product","link":"https:\/\/shefmon.com\/fr\/product\/a0426-755-1064-810-940nm-diode-laser-hair-removal-beauty-machine\/","title":{"rendered":"Appareil d&#039;\u00e9pilation laser \u00e0 diode A0426 755\/1064\/810\/940 nm"},"content":{"rendered":"<p><span style=\"color: #ff6600;\"><strong>810 nm combin\u00e9 pour tous les types de peau et toutes les couleurs de cheveux<\/strong><\/span><br \/>\n<strong>Caract\u00e9ristiques de la machine<\/strong><br \/>\n1. Peut fonctionner sans interruption 24 heures sur 24, dur\u00e9e de vie de 20 millions de prises de vue pour une utilisation \u00e0 long terme<\/p>\n<p>2. 810 nm + 755 nm + 1064 nm trois longueurs d&#039;onde laser combin\u00e9es pour le traitement de tous les types de peau 755 nm pour l&#039;\u00e9pilation des peaux blanches 1064 nm pour l&#039;\u00e9pilation des peaux noires ou fonc\u00e9es 810 nm pour l&#039;\u00e9pilation des autres types de couleurs de peau<\/p>\n<p>3. Grande puissance pour une machine permettant d&#039;\u00e9piler rapidement<\/p>\n<p>4. Meilleur syst\u00e8me de refroidissement : refroidissement par air, refroidissement par eau, refroidissement par contact saphir et refroidissement par semi-conducteur, qui garantissent que la machine fonctionne 24 heures sur 24 sans arr\u00eat.<\/p>\n<p>5. 8 types de langues 6. Diff\u00e9rents types de peau homme\/femme Param\u00e8tres<\/p>\n<p><strong>Laser \u00e0 diode 810 nm<\/strong><br \/>\nAvec le laser \u00e0 diode import\u00e9 d&#039;Allemagne ; temps de traitement r\u00e9duit de moiti\u00e9 Effectuez plus de s\u00e9ances de traitement en moins de temps, vous permettant de traiter rapidement des zones plus grandes, tout en offrant \u00e0 vos patients les sensations d&#039;\u00e9pilation les plus rapides et les plus efficaces.<\/p>\n<p><strong>Laser \u00e0 diode 1064 nm<\/strong><br \/>\nNouvelle exp\u00e9rience pour l&#039;\u00e9pilation sp\u00e9cialis\u00e9e des peaux plus fonc\u00e9es. Le laser 1064 nm, le traitement d&#039;\u00e9pilation \u00e0 longueur d&#039;onde 1064 nm sera plus s\u00fbr, en particulier pour les peaux fonc\u00e9es, le rajeunissement de la peau. De bonnes performances et une fonction de refroidissement puissante, un traitement confortable et s\u00fbr.<\/p>\n<p><strong>Laser \u00e0 diode 755 nm<\/strong><br \/>\nLe laser \u00e0 diode 755 nm le plus populaire qui remplace le laser \u00e0 diode alexandrite \u00e0 semi-conducteurs et offre un traitement plus confortable.<br \/>\nL&#039;absorption de la m\u00e9lanine par le laser \u00e0 diode de 755 nm est efficace. Cette caract\u00e9ristique est particuli\u00e8rement efficace pour l&#039;\u00e9pilation des villosit\u00e9s gr\u00e2ce \u00e0 l&#039;utilisation d&#039;un laser \u00e0 diode de 755 nm. De plus, la dur\u00e9e du traitement est de plus en plus courte.<\/p>\n<p><strong>Laser \u00e0 diode 940 nm (en option)<\/strong><br \/>\n940 nm. Cette longueur d&#039;onde offre une meilleure absorption par l&#039;oxyh\u00e9moglobine (coagulation des microvaisseaux qui nourrissent la racine du poil) et une profondeur de p\u00e9n\u00e9tration mod\u00e9r\u00e9e, ce qui la rend adapt\u00e9e au traitement de tous les types de cheveux. L&#039;absorption de m\u00e9lanine est faible, ce qui la rend tr\u00e8s s\u00fbre pour les phototypes fonc\u00e9s.<\/p>","protected":false},"excerpt":{"rendered":"<p><span style=\"color: #000000;\"><strong>Travail continu 24h\/24<\/strong><\/span><br \/>\nPuissance de la poign\u00e9e : 600 W\/1200 W<br \/>\nAlimentation : 3500W<br \/>\nLongueur d&#039;onde : 810 nm\/755 nm 810 nm 940 nm 1064 nm<br \/>\nTaille du spot : 15*15mm\/15*20mm\/15*30mm<br \/>\nFr\u00e9quence de r\u00e9p\u00e9tition : 1-10 Hz<br \/>\nAffichage : \u00e9cran tactile de 12,1 pouces<br \/>\nPuissance maximale : 100 J\/cm<br \/>\nLargeur d&#039;impulsion : 10-200 ns<br \/>\nTension : 100-240 V, 50\/60 Hz<br \/>\nTemp\u00e9rature de la sonde : -15\u2103-5\u2103<br \/>\nD\u00e9bit d&#039;eau : 5 L\/min<br \/>\nr\u00e9servoir d&#039;eau : r\u00e9servoir d&#039;eau int\u00e9gr\u00e9<br \/>\nSyst\u00e8me de refroidissement : r\u00e9frig\u00e9ration \u00e0 semi-conducteurs + eau + refroidissement TEC \u00e0 temp\u00e9rature constante<br \/>\nTaille du colis : 67*54*141cm<br \/>\nPoids brut : 59,2 kg<\/p>","protected":false},"featured_media":2924,"template":"","meta":[],"product_brand":[],"product_cat":[80,84],"product_tag":[],"class_list":{"0":"post-3012","1":"product","2":"type-product","3":"status-publish","4":"has-post-thumbnail","6":"product_cat-laser-ipl","7":"product_cat-hair-removal","9":"first","10":"instock","11":"shipping-taxable","12":"product-type-simple"},"_links":{"self":[{"href":"https:\/\/shefmon.com\/fr\/wp-json\/wp\/v2\/product\/3012","targetHints":{"allow":["GET"]}}],"collection":[{"href":"https:\/\/shefmon.com\/fr\/wp-json\/wp\/v2\/product"}],"about":[{"href":"https:\/\/shefmon.com\/fr\/wp-json\/wp\/v2\/types\/product"}],"version-history":[{"count":0,"href":"https:\/\/shefmon.com\/fr\/wp-json\/wp\/v2\/product\/3012\/revisions"}],"wp:featuredmedia":[{"embeddable":true,"href":"https:\/\/shefmon.com\/fr\/wp-json\/wp\/v2\/media\/2924"}],"wp:attachment":[{"href":"https:\/\/shefmon.com\/fr\/wp-json\/wp\/v2\/media?parent=3012"}],"wp:term":[{"taxonomy":"product_brand","embeddable":true,"href":"https:\/\/shefmon.com\/fr\/wp-json\/wp\/v2\/product_brand?post=3012"},{"taxonomy":"product_cat","embeddable":true,"href":"https:\/\/shefmon.com\/fr\/wp-json\/wp\/v2\/product_cat?post=3012"},{"taxonomy":"product_tag","embeddable":true,"href":"https:\/\/shefmon.com\/fr\/wp-json\/wp\/v2\/product_tag?post=3012"}],"curies":[{"name":"wp","href":"https:\/\/api.w.org\/{rel}","templated":true}]}}