{"id":3006,"date":"2024-05-27T13:11:35","date_gmt":"2024-05-27T05:11:35","guid":{"rendered":"https:\/\/palegoldenrod-manatee-952098.hostingersite.com\/?post_type=product&#038;p=3006"},"modified":"2025-12-27T16:53:27","modified_gmt":"2025-12-27T08:53:27","slug":"b0155-endos-de-bureau-velapro","status":"publish","type":"product","link":"https:\/\/shefmon.com\/fr\/product\/b0155-desktop-endos-velapro\/","title":{"rendered":"B0155 Endos de bureau Velapro"},"content":{"rendered":"<p><strong>Caract\u00e9ristiques :<\/strong><\/p>\n<p>1) R\u00e9duction de la graisse et modelage du corps<br \/>\nMassage par p\u00e9trissage des graisses par roulement et rotation + pression n\u00e9gative + radiofr\u00e9quence + 80K de force<br \/>\nondes sonores + laser proche infrarouge cinq plus une technologie pour stimuler la d\u00e9composition des cellules graisseuses, pour obtenir l&#039;effet de<br \/>\nr\u00e9duction et mise en forme des graisses.<\/p>\n<p>2) Anti-poches, lifting du visage et \u00e9limination du double menton<br \/>\nPression sous vide, radiofr\u00e9quence et lumi\u00e8re infrarouge pour am\u00e9liorer les probl\u00e8mes de vieillissement tels que l&#039;affaissement et la perte \u00e9lev\u00e9e de collag\u00e8ne du visage,<br \/>\net la graisse du menton.<\/p>\n<p>3) Soulagement de la douleur et drainage lymphatique<br \/>\nMassage roulant + pression n\u00e9gative + radiofr\u00e9quence + stimulation laser proche infrarouge des fascias et des muscles, peut am\u00e9liorer la<br \/>\ndouleur et \u00e9tat de sant\u00e9 m\u00e9diocre du corps.<\/p>\n<p>4) \u00c9limination des rides et modelage du corps, r\u00e9duction des vergetures<br \/>\nMassage au rouleau + aspirateur + radiofr\u00e9quence + cavitation 80K + lumi\u00e8re proche infrarouge Technologie 5 en 1 pour stimuler le tissu conjonctif<br \/>\ntissu, applicable \u00e0 toutes les parties du corps humain modelant les plis vergetures, cellulite.<\/p>\n<p><strong>Principe:<\/strong><br \/>\nL&#039;appareil int\u00e9gr\u00e9 V-20 Super Vela utilise une rotation tridimensionnelle du rouleau \u00e0 vide pour masser les tissus cutan\u00e9s profonds, un m\u00e9canisme brevet\u00e9<br \/>\nconception de rouleau avec mode de roulement unique, massage par rouleau r\u00e9gl\u00e9 + vide + radiofr\u00e9quence + cavitation 80K + lumi\u00e8re infrarouge cinq<br \/>\ntechnologies r\u00e9unies, peuvent rapidement et efficacement am\u00e9liorer les quatre probl\u00e8mes majeurs de mani\u00e8re naturelle et sans douleur.<\/p>\n<p>a) Le roulement et la rotation du p\u00e9trissage des graisses de mani\u00e8re purement physique avec diff\u00e9rentes fr\u00e9quences de vibration peuvent \u00eatre appliqu\u00e9s au derme, \u00e0 la couche de graisse, \u00e0 la couche de fascia et \u00e0 d&#039;autres endroits diff\u00e9rents pour obtenir l&#039;effet d&#039;amincissement et de remodelage, de soulagement des courbatures et des douleurs, etc.<\/p>\n<p>b) En m\u00eame temps, l&#039;utilisation de la pression n\u00e9gative dans la technologie de pliage de la peau, de sorte que l&#039;\u00e9nergie de radiofr\u00e9quence traverse directement les deux couches de peau pli\u00e9es ensemble, am\u00e9liorant consid\u00e9rablement l&#039;effet et la s\u00e9curit\u00e9, caus\u00e9s par le mouvement m\u00e9canique de la radiofr\u00e9quence<br \/>\nProfondeur de p\u00e9n\u00e9tration de 5 \u00e0 15 mm, utilisation de rouleaux rotatifs qui pincent et \u00e9tirent les fibres conjonctives des diff\u00e9rentes couches cutan\u00e9es, d\u00e9composant efficacement la graisse sous-cutan\u00e9e et expulsant les capillaires et les vaisseaux lymphatiques, favorisant ainsi le m\u00e9tabolisme et am\u00e9liorant consid\u00e9rablement la silhouette\u00a0! L&#039;effet est nettement am\u00e9lior\u00e9.<\/p>\n<p>c) Combinaison de deux cavitations 80K, vide<br \/>\n+ 940 lumi\u00e8re infrarouge, la premi\u00e8re utilisation de la cavitation 80K, vibration \u00e0 grande vitesse des cellules graisseuses, \u00e0 l&#039;int\u00e9rieur et \u00e0 l&#039;ext\u00e9rieur des cellules graisseuses pour<br \/>\nproduire d&#039;innombrables poches d&#039;air r\u00e9elles, un fort impact sur les cellules graisseuses, de sorte que les membranes des cellules graisseuses produisent une explosion vers l&#039;int\u00e9rieur, de sorte que la d\u00e9composition des triglyc\u00e9rides du glyc\u00e9rol et des acides gras libres, afin d&#039;obtenir l&#039;effet de perte de poids et du corps<br \/>\nembellissement.<\/p>\n<p>d) Ajustement de l&#039;imp\u00e9dance dans le corps \u00e0 l&#039;aide du laser NIR : R\u00e9duit l&#039;imp\u00e9dance de l&#039;\u00e9piderme \u00e0 la radiofr\u00e9quence<br \/>\n\u00e9nergie en augmentant la temp\u00e9rature de l&#039;\u00e9piderme, dirigeant l&#039;\u00e9nergie RF (radiofr\u00e9quence) pour se concentrer plus profond\u00e9ment dans le tissu conjonctif ;<\/p>\n<p><strong>Fonctions:<\/strong><br \/>\n1. Amincissement, remodelage et modelage du corps<br \/>\n2. R\u00e9duction de la graisse et de la cellulite<br \/>\n3. Raffermissement de la peau<br \/>\n4. \u00c9limination des rides<br \/>\n5. Massage anti-cellulite par aspirateur chaud<br \/>\n6. Soins du contour des yeux<br \/>\n7. \u00c9limination et lifting des rides du visage<br \/>\n8. Favorise le m\u00e9tabolisme cellulaire, am\u00e9liore la circulation sanguine<br \/>\n9. Augmente l&#039;\u00e9lasticit\u00e9 de la peau<br \/>\n10. Lifting de la peau<\/p>","protected":false},"excerpt":{"rendered":"<p><strong>Endos Velapro 5 en 1, peut \u00e9galement combiner diff\u00e9rentes poign\u00e9es<\/strong><br \/>\n<strong>Rouleau \u00e0 vide (corps) :<\/strong><br \/>\n1. Taille de traitement 40 mm*60 mm.<br \/>\n2. Puissance RF jusqu&#039;\u00e0 50 W.<br \/>\n3. La plus grande taille pour le traitement de la cellulite.<br \/>\n4. Manipulation m\u00e9canique automatique.<br \/>\n5. Vide + RF + laser lumineux 3 couleurs + rouleau<br \/>\n6. Traitement s\u00fbr et efficace.<br \/>\n<strong>Rouleau \u00e0 vide (visage\/bras\/cou) :<\/strong><br \/>\n1. Taille de traitement 30 mm * 50 mm.<br \/>\n2. Puissance RF jusqu&#039;\u00e0 50 W.<br \/>\n3. Taille adapt\u00e9e pour un traitement cibl\u00e9.<br \/>\n4. Distribution pr\u00e9cise de l\u2019\u00e9nergie.<br \/>\n5. Vide + RF + Lumi\u00e8re rouge + Rouleau<br \/>\n<strong>90 Poign\u00e9e rotative Fat (corps) :<\/strong><br \/>\n90 Fat moissonneuse-batteuse rotative 40,68M multipolaire RF,<br \/>\naspirateur et photon pour \u00e9liminer les graisses.<br \/>\n<strong>90 Poign\u00e9e rotative Fat (face) :<\/strong><br \/>\n90 Fat moissonneuse-batteuse rotative 40,68M multipolaire RF,<br \/>\nvide et photons pour raffermir la peau et<br \/>\n\u00e9limination des rides.<br \/>\n<strong>Focus Double Cavitation 80K :<\/strong><br \/>\nAvec son design revisit\u00e9 et son \u00e9cran tactile de 3,5 pouces, il agit sur les tissus adipeux aspir\u00e9s. Plus s\u00fbr et plus efficace.<br \/>\n<strong>Emballer<\/strong>:66*54*44cm+78*40*28cm<\/p>","protected":false},"featured_media":2919,"template":"","meta":[],"product_brand":[],"product_cat":[77,90],"product_tag":[],"class_list":{"0":"post-3006","1":"product","2":"type-product","3":"status-publish","4":"has-post-thumbnail","6":"product_cat-endos-velapro","7":"product_cat-lose-fat-and-body-firming","9":"first","10":"instock","11":"shipping-taxable","12":"product-type-simple"},"_links":{"self":[{"href":"https:\/\/shefmon.com\/fr\/wp-json\/wp\/v2\/product\/3006","targetHints":{"allow":["GET"]}}],"collection":[{"href":"https:\/\/shefmon.com\/fr\/wp-json\/wp\/v2\/product"}],"about":[{"href":"https:\/\/shefmon.com\/fr\/wp-json\/wp\/v2\/types\/product"}],"version-history":[{"count":0,"href":"https:\/\/shefmon.com\/fr\/wp-json\/wp\/v2\/product\/3006\/revisions"}],"wp:featuredmedia":[{"embeddable":true,"href":"https:\/\/shefmon.com\/fr\/wp-json\/wp\/v2\/media\/2919"}],"wp:attachment":[{"href":"https:\/\/shefmon.com\/fr\/wp-json\/wp\/v2\/media?parent=3006"}],"wp:term":[{"taxonomy":"product_brand","embeddable":true,"href":"https:\/\/shefmon.com\/fr\/wp-json\/wp\/v2\/product_brand?post=3006"},{"taxonomy":"product_cat","embeddable":true,"href":"https:\/\/shefmon.com\/fr\/wp-json\/wp\/v2\/product_cat?post=3006"},{"taxonomy":"product_tag","embeddable":true,"href":"https:\/\/shefmon.com\/fr\/wp-json\/wp\/v2\/product_tag?post=3006"}],"curies":[{"name":"wp","href":"https:\/\/api.w.org\/{rel}","templated":true}]}}