{"id":12230,"date":"2026-03-10T10:35:03","date_gmt":"2026-03-10T02:35:03","guid":{"rendered":"https:\/\/shefmon.com\/?post_type=product&#038;p=12230"},"modified":"2026-03-10T11:08:36","modified_gmt":"2026-03-10T03:08:36","slug":"machine-hifu-verticale-7d-a-double-poignee-a0203","status":"publish","type":"product","link":"https:\/\/shefmon.com\/fr\/product\/a0203-vertical-7d-dual-handle-hifu-machine\/","title":{"rendered":"Machine HIFU verticale 7D \u00e0 double poign\u00e9e A0203"},"content":{"rendered":"<h1>Machine HIFU verticale 7D \u00e0 double poign\u00e9e A0203<\/h1>\n<p class=\"ds-markdown-paragraph\">Technologie MMFU de troisi\u00e8me g\u00e9n\u00e9ration | Syst\u00e8me de traitement multi-profondeur 7 en 1 | Conception \u00e0 double poign\u00e9e pour une efficacit\u00e9 accrue<\/p>\n<h2>Pr\u00e9sentation du produit<\/h2>\n<p class=\"ds-markdown-paragraph\">L&#039;appareil HIFU vertical 7D \u00e0 double poign\u00e9e A0203 repr\u00e9sente le summum de la technologie esth\u00e9tique non invasive, gr\u00e2ce \u00e0 son syst\u00e8me MMFU (ultrasons macro et micro-focalis\u00e9s) de pointe. Cet appareil de troisi\u00e8me g\u00e9n\u00e9ration d\u00e9livre une \u00e9nergie ultrasonique pr\u00e9cise \u00e0 de multiples couches tissulaires \u2013 de l&#039;\u00e9piderme superficiel au fascia SMAS profond et aux compartiments adipeux \u2013 cr\u00e9ant des zones de coagulation thermique qui stimulent la r\u00e9g\u00e9n\u00e9ration du collag\u00e8ne tout en d\u00e9truisant s\u00e9lectivement les cellules graisseuses, sans endommager les tissus environnants.<\/p>\n<p class=\"ds-markdown-paragraph\">La conception verticale innovante avec\u00a0<strong>capacit\u00e9 \u00e0 double poign\u00e9e<\/strong>\u00a0permet aux praticiens d&#039;effectuer simultan\u00e9ment des traitements \u00e0 plusieurs profondeurs ou de passer d&#039;une sonde \u00e0 l&#039;autre en toute fluidit\u00e9, r\u00e9duisant ainsi consid\u00e9rablement le temps de traitement et am\u00e9liorant les r\u00e9sultats cliniques.<\/p>\n<h2>Principaux avantages<\/h2>\n<ol start=\"1\">\n<li>\n<p class=\"ds-markdown-paragraph\"><strong>Conception \u00e0 double poign\u00e9e<\/strong>\u00a0\u2013 Connectez simultan\u00e9ment deux sondes pour un traitement multi-profondeur efficace\u00a0; r\u00e9duit la dur\u00e9e de l\u2019intervention jusqu\u2019\u00e0 40%<\/p>\n<\/li>\n<li>\n<p class=\"ds-markdown-paragraph\"><strong>Technologie \u00e0 double focalisation MMFU<\/strong>\u00a0\u2013 Combine les ultrasons macrofocalis\u00e9s (point de focalisation 8 fois plus large que les ultrasons focalis\u00e9s de haute intensit\u00e9 classiques) pour une destruction s\u00fbre des cellules graisseuses avec les ultrasons microfocalis\u00e9s pour une stimulation pr\u00e9cise du collag\u00e8ne<\/p>\n<\/li>\n<li>\n<p class=\"ds-markdown-paragraph\"><strong>7 sondes interchangeables<\/strong>\u00a0\u2013 Couverture compl\u00e8te en profondeur\u00a0: 1,5\u00a0mm, 2,0\u00a0mm, 3,0\u00a0mm, 4,5\u00a0mm, 6,0\u00a0mm, 9,0\u00a0mm, 13,0\u00a0mm<\/p>\n<\/li>\n<li>\n<p class=\"ds-markdown-paragraph\"><strong>Sonde oculaire brevet\u00e9e de 2,0 mm<\/strong>\u00a0\u2013 Premi\u00e8re mondiale : sonde ultra-mince \u00e0 fr\u00e9quence de 5,5 MHz (technologie brevet\u00e9e Clexis) pour un traitement p\u00e9riorbitaire s\u00fbr et efficace<\/p>\n<\/li>\n<li>\n<p class=\"ds-markdown-paragraph\"><strong>Technologie \u00e0 double temp\u00e9rature<\/strong>\u00a0\u2013 Destruction s\u00e9lective des graisses \u00e0 environ 50 \u00b0C + coagulation thermique du collag\u00e8ne \u00e0 65-75 \u00b0C<\/p>\n<\/li>\n<li>\n<p class=\"ds-markdown-paragraph\"><strong>Conception verticale permettant de gagner de l&#039;espace<\/strong>\u00a0\u2013 Format compact (500 x 515 x 1310 mm), id\u00e9al pour les cliniques disposant d&#039;un espace limit\u00e9.<\/p>\n<\/li>\n<li>\n<p class=\"ds-markdown-paragraph\"><strong>Protocole de traitement \u00e0 plusieurs niveaux<\/strong>\u00a0\u2013 Approche syst\u00e9matique, de la surface vers la profondeur ou inversement, selon la zone trait\u00e9e.<\/p>\n<\/li>\n<li>\n<p class=\"ds-markdown-paragraph\"><strong>Couverture compl\u00e8te<\/strong>\u00a0\u2013 Du contour d\u00e9licat des yeux au remodelage corporel profond<\/p>\n<\/li>\n<\/ol>\n<h2>Sp\u00e9cifications techniques<\/h2>\n<div class=\"ds-scroll-area _1210dd7 c03cafe9\">\n<table>\n<thead>\n<tr>\n<th>Param\u00e8tre<\/th>\n<th>D\u00e9tails<\/th>\n<\/tr>\n<\/thead>\n<tbody>\n<tr>\n<td>Mod\u00e8le<\/td>\n<td>A0203 Vertical 7D<\/td>\n<\/tr>\n<tr>\n<td>Type d&#039;\u00e9nergie<\/td>\n<td>Ultrasons focalis\u00e9s de haute intensit\u00e9 (MMFU)<\/td>\n<\/tr>\n<tr>\n<td>\u00c9nergie de sortie<\/td>\n<td>0,1~0,3J (r\u00e9glable par incr\u00e9ments de 0,1J)<\/td>\n<\/tr>\n<tr>\n<td>Distance entre les points<\/td>\n<td>1 \u00e0 2 mm (r\u00e9glable par 0,1 mm)<\/td>\n<\/tr>\n<tr>\n<td>Longueur de sortie<\/td>\n<td>5,0~25 mm (r\u00e9glable sur 5 mm)<\/td>\n<\/tr>\n<tr>\n<td>Alimentation \u00e9lectrique<\/td>\n<td>100-240 V 50 Hz\/60 Hz<\/td>\n<\/tr>\n<tr>\n<td>Poids du produit<\/td>\n<td>35 kg<\/td>\n<\/tr>\n<tr>\n<td>Dimensions<\/td>\n<td>500*515*1310 mm (Conception verticale)<\/td>\n<\/tr>\n<tr>\n<td>Configuration du gestionnaire<\/td>\n<td>Syst\u00e8me \u00e0 double poign\u00e9e (2 sondes peuvent \u00eatre connect\u00e9es simultan\u00e9ment)<\/td>\n<\/tr>\n<tr>\n<td>Profondeurs de la sonde<\/td>\n<td>1,5 mm, 2,0 mm, 3,0 mm, 4,5 mm, 6,0 mm, 9,0 mm, 13,0 mm<\/td>\n<\/tr>\n<tr>\n<td>Tirs de sonde<\/td>\n<td>99\u00a0999 coups par cartouche<\/td>\n<\/tr>\n<tr>\n<td>Assistance linguistique<\/td>\n<td>Chinois\/Anglais\/Russe\/Portugais\/Espagnol\/Fran\u00e7ais\/Allemand\/Cor\u00e9en\/Japonais\/Italien<\/td>\n<\/tr>\n<\/tbody>\n<\/table>\n<\/div>\n<h2>Applications et sp\u00e9cifications des sondes<\/h2>\n<div class=\"ds-scroll-area _1210dd7 c03cafe9\">\n<table>\n<thead>\n<tr>\n<th>Profondeur<\/th>\n<th>Fr\u00e9quence<\/th>\n<th>Couche cible<\/th>\n<th>Applications de traitement<\/th>\n<\/tr>\n<\/thead>\n<tbody>\n<tr>\n<td><strong>1,5 mm<\/strong><\/td>\n<td>5,5 MHz<\/td>\n<td>\u00c9piderme<\/td>\n<td>Am\u00e9lioration des ridules, des rides superficielles et du grain de peau<\/td>\n<\/tr>\n<tr>\n<td><strong>2,0 mm<\/strong><\/td>\n<td>5,5 MHz<\/td>\n<td>Zone p\u00e9riorbitaire<\/td>\n<td>Lifting des sourcils, poches sous les yeux, pattes d&#039;oie, rides profondes (Brevet\u00e9)<\/td>\n<\/tr>\n<tr>\n<td><strong>3,0 mm<\/strong><\/td>\n<td>5,0 MHz<\/td>\n<td>Derme<\/td>\n<td>Joues, zones d&#039;\u00e9paisseur moyenne, stimulation du collag\u00e8ne<\/td>\n<\/tr>\n<tr>\n<td><strong>4,5 mm<\/strong><\/td>\n<td>4,5 MHz<\/td>\n<td>couche SMAS<\/td>\n<td>Lifting du visage, red\u00e9finition de l&#039;ovale du visage, raffermissement du cou<\/td>\n<\/tr>\n<tr>\n<td><strong>6,0 mm<\/strong><\/td>\n<td>4,0 MHz<\/td>\n<td>graisse sous-cutan\u00e9e<\/td>\n<td>Double menton, graisse localis\u00e9e, remodelage corporel<\/td>\n<\/tr>\n<tr>\n<td><strong>9,0 mm<\/strong><\/td>\n<td>3,5 MHz<\/td>\n<td>Graisse profonde<\/td>\n<td>Fesses, cuisses, bras (manches papillon, jambes d&#039;\u00e9l\u00e9phant)<\/td>\n<\/tr>\n<tr>\n<td><strong>13,0 mm<\/strong><\/td>\n<td>3,0 MHz<\/td>\n<td>Compartiments profonds<\/td>\n<td>Taille, abdomen, contour du corps plus profond<\/td>\n<\/tr>\n<\/tbody>\n<\/table>\n<\/div>\n<h2>Zones de traitement<\/h2>\n<p class=\"ds-markdown-paragraph\"><strong>Visage et cou :<\/strong><\/p>\n<ul>\n<li>\n<p class=\"ds-markdown-paragraph\">Front<\/p>\n<\/li>\n<li>\n<p class=\"ds-markdown-paragraph\">Zone p\u00e9riorbitaire (sourcils, poches sous les yeux, pattes d&#039;oie)<\/p>\n<\/li>\n<li>\n<p class=\"ds-markdown-paragraph\">Joues<\/p>\n<\/li>\n<li>\n<p class=\"ds-markdown-paragraph\">plis nasog\u00e9niens<\/p>\n<\/li>\n<li>\n<p class=\"ds-markdown-paragraph\">Ligne de la m\u00e2choire<\/p>\n<\/li>\n<li>\n<p class=\"ds-markdown-paragraph\">Zone buccale<\/p>\n<\/li>\n<li>\n<p class=\"ds-markdown-paragraph\">Cou\/gorge<\/p>\n<\/li>\n<\/ul>\n<p class=\"ds-markdown-paragraph\"><strong>Corps:<\/strong><\/p>\n<ul>\n<li>\n<p class=\"ds-markdown-paragraph\">Haut des bras (manches papillon)<\/p>\n<\/li>\n<li>\n<p class=\"ds-markdown-paragraph\">Taille\/Abdomen<\/p>\n<\/li>\n<li>\n<p class=\"ds-markdown-paragraph\">Fesses (fesses de m\u00e8re)<\/p>\n<\/li>\n<li>\n<p class=\"ds-markdown-paragraph\">Cuisses (pattes d&#039;\u00e9l\u00e9phant)<\/p>\n<\/li>\n<li>\n<p class=\"ds-markdown-paragraph\">Aisselles<\/p>\n<\/li>\n<li>\n<p class=\"ds-markdown-paragraph\">Poitrine\/\u00c9paules<\/p>\n<\/li>\n<li>\n<p class=\"ds-markdown-paragraph\">Double menton<\/p>\n<\/li>\n<li>\n<p class=\"ds-markdown-paragraph\">Jambes\/Bras<\/p>\n<\/li>\n<\/ul>\n<h2>Principe de fonctionnement<\/h2>\n<p class=\"ds-markdown-paragraph\">L&#039;A0203 Vertical 7D utilise la technologie MMFU (Macro &amp; Micro Focused Ultrasound) de troisi\u00e8me g\u00e9n\u00e9ration, qui repr\u00e9sente une \u00e9volution de la technologie des ultrasons m\u00e9dicaux initialement d\u00e9velopp\u00e9e pour le traitement du cancer.<\/p>\n<p class=\"ds-markdown-paragraph\"><strong>Comment \u00e7a marche\u00a0:<\/strong><br \/>\nLe transducteur g\u00e9n\u00e8re des ondes ultrasonores de haute \u00e9nergie qui p\u00e9n\u00e8trent la peau et convergent en des points focaux pr\u00e9cis au sein des couches tissulaires cibl\u00e9es. En ces points focaux, l&#039;\u00e9nergie concentr\u00e9e produit des effets thermiques\u00a0:<\/p>\n<ul>\n<li>\n<p class=\"ds-markdown-paragraph\"><strong>\u00c9chographie macrofocale<\/strong>\u00a0Cr\u00e9e des points de focalisation 8 fois plus grands que la HIFU ordinaire, d\u00e9truisant en toute s\u00e9curit\u00e9 les cellules graisseuses \u00e0 environ 50 \u00b0C sans endommager les tissus environnants.<\/p>\n<\/li>\n<li>\n<p class=\"ds-markdown-paragraph\"><strong>Ultrasons microfocalis\u00e9s<\/strong>\u00a0D\u00e9livre une \u00e9nergie pr\u00e9cise \u00e0 65-75 \u00b0C aux couches cibles (derme, SMAS) cr\u00e9ant des zones de coagulation thermique<\/p>\n<\/li>\n<li>\n<p class=\"ds-markdown-paragraph\">Ces zones de coagulation d\u00e9clenchent une contraction tissulaire imm\u00e9diate et stimulent la n\u00e9ocollag\u00e9n\u00e8se et la production d&#039;\u00e9lastine \u00e0 long terme.<\/p>\n<\/li>\n<li>\n<p class=\"ds-markdown-paragraph\">Les r\u00e9sultats continuent de s&#039;am\u00e9liorer sur une p\u00e9riode de 3 \u00e0 6 mois \u00e0 mesure que du nouveau collag\u00e8ne se forme.<\/p>\n<\/li>\n<\/ul>\n<p class=\"ds-markdown-paragraph\">Le\u00a0<strong>conception \u00e0 double poign\u00e9e<\/strong>\u00a0permet aux praticiens de\u00a0:<\/p>\n<ul>\n<li>\n<p class=\"ds-markdown-paragraph\">Traiter simultan\u00e9ment plusieurs profondeurs (par exemple, 4,5 mm pour le SMAS + 3,0 mm pour le derme).<\/p>\n<\/li>\n<li>\n<p class=\"ds-markdown-paragraph\">Passez d&#039;une sonde faciale \u00e0 une sonde corporelle sans interruption.<\/p>\n<\/li>\n<li>\n<p class=\"ds-markdown-paragraph\">R\u00e9duisez la dur\u00e9e totale du traitement de 30 \u00e0 40 %.<\/p>\n<\/li>\n<\/ul>\n<h2>Protocoles de traitement par zone<\/h2>\n<h3>Protocole de lifting facial<\/h3>\n<div class=\"ds-scroll-area _1210dd7 c03cafe9\">\n<div class=\"ds-scroll-area__gutters\">\n<div class=\"ds-scroll-area__vertical-gutter\"><\/div>\n<\/div>\n<table>\n<thead>\n<tr>\n<th>Profondeur<\/th>\n<th>\u00c9nergie<\/th>\n<th>Espacement des points<\/th>\n<th>Lignes<\/th>\n<th>S\u00e9quence<\/th>\n<\/tr>\n<\/thead>\n<tbody>\n<tr>\n<td>4,5 mm<\/td>\n<td>0,5-0,8J<\/td>\n<td>1,0-1,5 mm<\/td>\n<td>1100-1300<\/td>\n<td>De profond \u00e0 peu profond<\/td>\n<\/tr>\n<tr>\n<td>3,0 mm<\/td>\n<td>0,3-0,5J<\/td>\n<td>1,0-1,5 mm<\/td>\n<td>1100-1300<\/td>\n<td>(4,5 mm \u2192 3,0 mm \u2192 1,5 mm)<\/td>\n<\/tr>\n<tr>\n<td>1,5 mm<\/td>\n<td>0,1-0,2J<\/td>\n<td>1,0-1,5 mm<\/td>\n<td>1000-1200<\/td>\n<td><\/td>\n<\/tr>\n<\/tbody>\n<\/table>\n<\/div>\n<h3>Protocole de zone oculaire (sonde brevet\u00e9e de 2,0 mm)<\/h3>\n<div class=\"ds-scroll-area _1210dd7 c03cafe9\">\n<table>\n<thead>\n<tr>\n<th>Param\u00e8tre<\/th>\n<th>Param\u00e8tre<\/th>\n<\/tr>\n<\/thead>\n<tbody>\n<tr>\n<td>\u00c9nergie<\/td>\n<td>0,1-0,2J<\/td>\n<\/tr>\n<tr>\n<td>Espacement des points<\/td>\n<td>1,4-1,5 mm<\/td>\n<\/tr>\n<tr>\n<td>Lignes<\/td>\n<td>1000-1200<\/td>\n<\/tr>\n<tr>\n<td>Fr\u00e9quence<\/td>\n<td>5,5 MHz<\/td>\n<\/tr>\n<\/tbody>\n<\/table>\n<\/div>\n<p class=\"ds-markdown-paragraph\"><em>Pr\u00e9cautions particuli\u00e8res\u00a0: Le patient doit garder les yeux ferm\u00e9s pendant le traitement. Tirer fermement l\u2019extr\u00e9mit\u00e9 de la sonde vers le front pour minimiser l\u2019inconfort.<\/em><\/p>\n<h3>Contourage du haut du bras<\/h3>\n<div class=\"ds-scroll-area _1210dd7 c03cafe9\">\n<div class=\"ds-scroll-area__gutters\">\n<div class=\"ds-scroll-area__vertical-gutter\"><\/div>\n<\/div>\n<table>\n<thead>\n<tr>\n<th>Profondeur<\/th>\n<th>\u00c9nergie<\/th>\n<th>Espacement des points<\/th>\n<th>Lignes\/Tirs<\/th>\n<\/tr>\n<\/thead>\n<tbody>\n<tr>\n<td>6,0 mm<\/td>\n<td>0,8-1,5J<\/td>\n<td>1,0-1,5 mm<\/td>\n<td>250-300\/70-80<\/td>\n<\/tr>\n<tr>\n<td>4,5 mm<\/td>\n<td>0,6-1,0J<\/td>\n<td>1,0-1,5 mm<\/td>\n<td>250-300\/70-80<\/td>\n<\/tr>\n<tr>\n<td>3,0 mm<\/td>\n<td>0,6-0,9J<\/td>\n<td>1,0-1,5 mm<\/td>\n<td>250-300\/70-80<\/td>\n<\/tr>\n<\/tbody>\n<\/table>\n<\/div>\n<p class=\"ds-markdown-paragraph\"><em>Protocole\u00a0: Traitement multiniveau, de superficiel \u00e0 profond. Pour les traitements r\u00e9p\u00e9t\u00e9s, utiliser une m\u00e9thode composite horizontale et verticale.<\/em><\/p>\n<h3>Contour de la taille et de l&#039;abdomen<\/h3>\n<div class=\"ds-scroll-area _1210dd7 c03cafe9\">\n<table>\n<thead>\n<tr>\n<th>Profondeur<\/th>\n<th>\u00c9nergie<\/th>\n<th>Espacement des points<\/th>\n<th>Lignes\/Tirs<\/th>\n<\/tr>\n<\/thead>\n<tbody>\n<tr>\n<td>13,0 mm<\/td>\n<td>0,8-1,3J<\/td>\n<td>1,0-1,5 mm<\/td>\n<td>3000-3500\/250-350<\/td>\n<\/tr>\n<tr>\n<td>9,0 mm<\/td>\n<td>0,8-1,5J<\/td>\n<td>1,0-1,5 mm<\/td>\n<td>3000-3500\/250-350<\/td>\n<\/tr>\n<tr>\n<td>6,0 mm<\/td>\n<td>0,6-1,2J<\/td>\n<td>1,0-1,5 mm<\/td>\n<td>3000-3500\/250-350<\/td>\n<\/tr>\n<\/tbody>\n<\/table>\n<\/div>\n<p class=\"ds-markdown-paragraph\">*Protocole\u00a0: Traitement multiniveaux, de profond \u00e0 superficiel (13,0\u00a0mm \u2192 9,0\u00a0mm \u2192 6,0\u00a0mm). Pour 3\u00a0s\u00e9ances de traitement, utiliser la m\u00e9thode compos\u00e9e horizontale et verticale.*<\/p>\n<h3>Protocole m\u00e2choire et cou<\/h3>\n<div class=\"ds-scroll-area _1210dd7 c03cafe9\">\n<table>\n<thead>\n<tr>\n<th>Profondeur<\/th>\n<th>\u00c9nergie<\/th>\n<th>Espacement des points<\/th>\n<th>Lignes<\/th>\n<th>Pr\u00e9cautions<\/th>\n<\/tr>\n<\/thead>\n<tbody>\n<tr>\n<td>4,5 mm<\/td>\n<td>0,5-0,8J<\/td>\n<td>1,0-1,5 mm<\/td>\n<td>1000-1200<\/td>\n<td>\u00c9viter le nerf marginal mandibulaire<\/td>\n<\/tr>\n<tr>\n<td>3,0 mm<\/td>\n<td>0,3-0,5J<\/td>\n<td>1,0-1,5 mm<\/td>\n<td>1000-1200<\/td>\n<td>\u00c9vitez toute pression excessive sur le cou<\/td>\n<\/tr>\n<tr>\n<td>1,5 mm<\/td>\n<td>0,1-0,2J<\/td>\n<td>1,0-1,5 mm<\/td>\n<td>150-180<\/td>\n<td>Plusieurs niveaux, des profondeurs aux eaux peu profondes<\/td>\n<\/tr>\n<\/tbody>\n<\/table>\n<\/div>\n<h2>Dispositifs de s\u00e9curit\u00e9 et pr\u00e9cautions<\/h2>\n<h3>Contre-indications :<\/h3>\n<ul>\n<li>\n<p class=\"ds-markdown-paragraph\">Grossesse<\/p>\n<\/li>\n<li>\n<p class=\"ds-markdown-paragraph\">Infections ou maladies cutan\u00e9es actives dans la zone \u00e0 traiter<\/p>\n<\/li>\n<li>\n<p class=\"ds-markdown-paragraph\">Diab\u00e8te s\u00e9v\u00e8re ou maladies auto-immunes<\/p>\n<\/li>\n<li>\n<p class=\"ds-markdown-paragraph\">Stimulateurs cardiaques ou implants m\u00e9talliques dans la zone de traitement<\/p>\n<\/li>\n<li>\n<p class=\"ds-markdown-paragraph\">patients atteints de cancer<\/p>\n<\/li>\n<li>\n<p class=\"ds-markdown-paragraph\">Intervention chirurgicale esth\u00e9tique r\u00e9cente dans la zone trait\u00e9e<\/p>\n<\/li>\n<\/ul>\n<h3>Pr\u00e9cautions de traitement\u00a0:<\/h3>\n<ul>\n<li>\n<p class=\"ds-markdown-paragraph\">\u00c9viter tout traitement direct des nerfs (supra-orbitaire, cervical, marginal mandibulaire, ulnaire).<\/p>\n<\/li>\n<li>\n<p class=\"ds-markdown-paragraph\">\u00c9vitez les tissus mammaires, la clavicule et la zone des implants.<\/p>\n<\/li>\n<li>\n<p class=\"ds-markdown-paragraph\">Ajustez l&#039;espacement des points \u00e0 10-15 mm avant le d\u00e9but du traitement.<\/p>\n<\/li>\n<li>\n<p class=\"ds-markdown-paragraph\">Pour les soins infirmiers \u00e0 plusieurs niveaux, suivez la s\u00e9quence appropri\u00e9e (superficiel\u2194profond selon la zone).<\/p>\n<\/li>\n<li>\n<p class=\"ds-markdown-paragraph\">Les patients doivent fermer les yeux pendant le traitement p\u00e9riorbitaire<\/p>\n<\/li>\n<li>\n<p class=\"ds-markdown-paragraph\">N\u2019exercez pas de pression excessive sur les zones sensibles (cou, yeux).<\/p>\n<\/li>\n<li>\n<p class=\"ds-markdown-paragraph\">Toujours effectuer un test \u00e9picutan\u00e9 sur les nouveaux patients<\/p>\n<\/li>\n<\/ul>\n<h3>Protocole de traitement recommand\u00e9\u00a0:<\/h3>\n<ol start=\"1\">\n<li>\n<p class=\"ds-markdown-paragraph\">Nettoyer soigneusement la zone \u00e0 traiter<\/p>\n<\/li>\n<li>\n<p class=\"ds-markdown-paragraph\">Appliquer le gel \u00e0 ultrasons<\/p>\n<\/li>\n<li>\n<p class=\"ds-markdown-paragraph\">S\u00e9lectionnez la sonde et les param\u00e8tres appropri\u00e9s en fonction de la zone \u00e0 traiter.<\/p>\n<\/li>\n<li>\n<p class=\"ds-markdown-paragraph\">D\u00e9buter le traitement en suivant la s\u00e9quence de profondeur recommand\u00e9e<\/p>\n<\/li>\n<li>\n<p class=\"ds-markdown-paragraph\">Apr\u00e8s le traitement\u00a0: appliquer une cr\u00e8me apaisante, \u00e9viter les temp\u00e9ratures extr\u00eames pendant 24 \u00e0 48\u00a0heures.<\/p>\n<\/li>\n<li>\n<p class=\"ds-markdown-paragraph\">Planifiez des traitements de suivi toutes les 4 \u00e0 6 semaines pour des r\u00e9sultats optimaux.<\/p>\n<\/li>\n<\/ol>\n<h2>Le forfait comprend<\/h2>\n<ul>\n<li>\n<p class=\"ds-markdown-paragraph\">Unit\u00e9 de commande principale (conception verticale)<\/p>\n<\/li>\n<li>\n<p class=\"ds-markdown-paragraph\">2 pi\u00e8ces \u00e0 main (syst\u00e8me \u00e0 double poign\u00e9e)<\/p>\n<\/li>\n<li>\n<p class=\"ds-markdown-paragraph\">Jeu de sondes standard (configuration disponible sur demande)<\/p>\n<\/li>\n<li>\n<p class=\"ds-markdown-paragraph\">P\u00e9dale de commande<\/p>\n<\/li>\n<li>\n<p class=\"ds-markdown-paragraph\">Manuel d&#039;utilisation contenant des protocoles d\u00e9taill\u00e9s<\/p>\n<\/li>\n<li>\n<p class=\"ds-markdown-paragraph\">Interface multilingue<\/p>\n<\/li>\n<li>\n<p class=\"ds-markdown-paragraph\">Garantie d&#039;un an<\/p>\n<\/li>\n<\/ul>\n<h2>Accessoires en option<\/h2>\n<ul>\n<li>\n<p class=\"ds-markdown-paragraph\">Cartouches de sonde suppl\u00e9mentaires (toutes profondeurs disponibles)<\/p>\n<\/li>\n<li>\n<p class=\"ds-markdown-paragraph\">Conteneur de st\u00e9rilisation de la sonde<\/p>\n<\/li>\n<li>\n<p class=\"ds-markdown-paragraph\">gel de traitement (option en vrac)<\/p>\n<\/li>\n<li>\n<p class=\"ds-markdown-paragraph\">Chariot portable (en cas de besoin de mobilit\u00e9)<\/p>\n<\/li>\n<\/ul>\n<h2>Langues prises en charge<\/h2>\n<p class=\"ds-markdown-paragraph\">Chinois \/ Anglais \/ Russe \/ Portugais \/ Espagnol \/ Fran\u00e7ais \/ Allemand \/ Cor\u00e9en \/ Japonais \/ Italien<\/p>\n<h2>R\u00e9sultats cliniques<\/h2>\n<p class=\"ds-markdown-paragraph\"><strong>Effets imm\u00e9diats :<\/strong><\/p>\n<ul>\n<li>\n<p class=\"ds-markdown-paragraph\">Raffermissement visible de la peau (am\u00e9lioration 10-20%)<\/p>\n<\/li>\n<li>\n<p class=\"ds-markdown-paragraph\">Sourcils et m\u00e2choire rehauss\u00e9s<\/p>\n<\/li>\n<li>\n<p class=\"ds-markdown-paragraph\">Att\u00e9nuation de l&#039;apparence des ridules<\/p>\n<\/li>\n<\/ul>\n<p class=\"ds-markdown-paragraph\"><strong>R\u00e9sultats \u00e0 long terme (3 \u00e0 6 mois)\u00a0:<\/strong><\/p>\n<ul>\n<li>\n<p class=\"ds-markdown-paragraph\">R\u00e9g\u00e9n\u00e9ration progressive du collag\u00e8ne<\/p>\n<\/li>\n<li>\n<p class=\"ds-markdown-paragraph\">Am\u00e9lioration continue de l&#039;\u00e9lasticit\u00e9 de la peau<\/p>\n<\/li>\n<li>\n<p class=\"ds-markdown-paragraph\">Effet liftant et remodelant maximal<\/p>\n<\/li>\n<li>\n<p class=\"ds-markdown-paragraph\">R\u00e9duction des d\u00e9p\u00f4ts graisseux dans les zones trait\u00e9es<\/p>\n<\/li>\n<\/ul>\n<p class=\"ds-markdown-paragraph\"><strong>Programme de traitement type\u00a0:<\/strong><\/p>\n<ul>\n<li>\n<p class=\"ds-markdown-paragraph\">Cours initial\u00a0: 2 \u00e0 3 s\u00e9ances, espac\u00e9es de 4 \u00e0 6 semaines.<\/p>\n<\/li>\n<li>\n<p class=\"ds-markdown-paragraph\">Entretien : 1 \u00e0 2 s\u00e9ances par an<\/p>\n<\/li>\n<li>\n<p class=\"ds-markdown-paragraph\">Dur\u00e9e de la s\u00e9ance\u00a0: 30 \u00e0 60 minutes selon la zone trait\u00e9e<\/p>\n<\/li>\n<\/ul>","protected":false},"excerpt":{"rendered":"<p><strong>Nom du produit :<\/strong>\u00a0Machine HIFU verticale 7D \u00e0 double poign\u00e9e A0203<br \/>\n<strong>Type d&#039;\u00e9nergie :<\/strong>\u00a0Ultrasons focalis\u00e9s de haute intensit\u00e9 (MMFU \u2013 Macro et micro-ultrasons focalis\u00e9s)<br \/>\n<strong>\u00c9nergie de sortie :<\/strong>\u00a00,1~0,3J (r\u00e9glable par incr\u00e9ments de 0,1J)<br \/>\n<strong>Espacement des points\u00a0:<\/strong>\u00a01 \u00e0 2 mm (r\u00e9glable par 0,1 mm)<br \/>\n<strong>Longueur de sortie\u00a0:<\/strong>\u00a05,0~25 mm (r\u00e9glable sur 5 mm)<br \/>\n<strong>Alimentation:<\/strong>\u00a0100-240 V 50 Hz\/60 Hz<br \/>\n<strong>Poids du produit\u00a0:<\/strong>\u00a035 kg<br \/>\n<strong>Dimensions du produit\u00a0:<\/strong>\u00a0500*515*1310 mm<br \/>\n<strong>Configuration de la sonde\u00a0:<\/strong>\u00a01,5 mm \/ 2,0 mm \/ 3,0 mm \/ 4,5 mm \/ 6,0 mm \/ 9,0 mm \/ 13,0 mm<br \/>\n<strong>Configuration de la poign\u00e9e\u00a0:<\/strong>\u00a0Conception \u00e0 double poign\u00e9e (deux sondes peuvent \u00eatre connect\u00e9es simultan\u00e9ment)<br \/>\n<strong>Technologie brevet\u00e9e :<\/strong>\u00a0Sonde oculaire ultra-mince de 2,0 mm (technologie brevet\u00e9e Clexis) \/ 5,5 MHz<br \/>\n<strong>Contr\u00f4le de la temp\u00e9rature\u00a0:<\/strong>\u00a0Destruction des cellules graisseuses \u00e0 environ 50 \u00b0C \/ Effet de coagulation thermique entre 65 et 75 \u00b0C<br \/>\n<strong>Assistance linguistique\u00a0:<\/strong>\u00a0Chinois\/Anglais\/Russe\/Portugais\/Espagnol\/Fran\u00e7ais\/Allemand\/Cor\u00e9en\/Japonais\/Italien<\/p>","protected":false},"featured_media":12228,"template":"","meta":[],"product_brand":[],"product_cat":[78],"product_tag":[],"class_list":{"0":"post-12230","1":"product","2":"type-product","3":"status-publish","4":"has-post-thumbnail","6":"product_cat-hifu","8":"first","9":"instock","10":"shipping-taxable","11":"product-type-simple"},"_links":{"self":[{"href":"https:\/\/shefmon.com\/fr\/wp-json\/wp\/v2\/product\/12230","targetHints":{"allow":["GET"]}}],"collection":[{"href":"https:\/\/shefmon.com\/fr\/wp-json\/wp\/v2\/product"}],"about":[{"href":"https:\/\/shefmon.com\/fr\/wp-json\/wp\/v2\/types\/product"}],"version-history":[{"count":0,"href":"https:\/\/shefmon.com\/fr\/wp-json\/wp\/v2\/product\/12230\/revisions"}],"wp:featuredmedia":[{"embeddable":true,"href":"https:\/\/shefmon.com\/fr\/wp-json\/wp\/v2\/media\/12228"}],"wp:attachment":[{"href":"https:\/\/shefmon.com\/fr\/wp-json\/wp\/v2\/media?parent=12230"}],"wp:term":[{"taxonomy":"product_brand","embeddable":true,"href":"https:\/\/shefmon.com\/fr\/wp-json\/wp\/v2\/product_brand?post=12230"},{"taxonomy":"product_cat","embeddable":true,"href":"https:\/\/shefmon.com\/fr\/wp-json\/wp\/v2\/product_cat?post=12230"},{"taxonomy":"product_tag","embeddable":true,"href":"https:\/\/shefmon.com\/fr\/wp-json\/wp\/v2\/product_tag?post=12230"}],"curies":[{"name":"wp","href":"https:\/\/api.w.org\/{rel}","templated":true}]}}