{"id":793,"date":"2024-04-28T08:49:31","date_gmt":"2024-04-28T08:49:31","guid":{"rendered":"https:\/\/palegoldenrod-manatee-952098.hostingersite.com\/?post_type=product&#038;p=793"},"modified":"2025-09-17T19:30:36","modified_gmt":"2025-09-17T11:30:36","slug":"moldeador-endos-velapro-b0156","status":"publish","type":"product","link":"https:\/\/shefmon.com\/es\/product\/b0156-endos-velapro-shaper\/","title":{"rendered":"B0156 Moldeador Endos Velapro 5 en 1"},"content":{"rendered":"<p><strong>Caracter\u00edsticas :<\/strong><\/p>\n<p>1) Reducci\u00f3n de grasa y modelado corporal<br \/>\nMasaje de amasamiento de grasa con rodillos y rotaci\u00f3n + presi\u00f3n negativa + radiofrecuencia + 80K fuerte<br \/>\nOndas de sonido + l\u00e1ser infrarrojo cercano cinco m\u00e1s una tecnolog\u00eda para estimular la descomposici\u00f3n de las c\u00e9lulas grasas, para lograr el efecto de<br \/>\nReducci\u00f3n y modelado de grasa.<\/p>\n<p>2) Antihinchaz\u00f3n, lifting facial y eliminaci\u00f3n de papada<br \/>\nPresi\u00f3n de vac\u00edo, radiofrecuencia y luz infrarroja para mejorar problemas de envejecimiento como la flacidez y la alta p\u00e9rdida de col\u00e1geno en el rostro.<br \/>\ny grasa en el ment\u00f3n.<\/p>\n<p>3) Alivio del dolor y drenaje linf\u00e1tico<br \/>\nMasaje con rodillos + presi\u00f3n negativa + radiofrecuencia + estimulaci\u00f3n l\u00e1ser infrarroja cercana de la fascia y el m\u00fasculo, puede mejorar la<br \/>\nDolor del cuerpo y condici\u00f3n de subsalud.<\/p>\n<p>4) Eliminaci\u00f3n de arrugas y modelado corporal, reducci\u00f3n de estr\u00edas.<br \/>\nMasaje con rodillos + Vacuum + radiofrecuencia + cavitaci\u00f3n 80K + luz infrarroja cercana Tecnolog\u00eda 5 en 1 para estimular el tejido conectivo<br \/>\nTejido, aplicable a todas las partes del cuerpo humano moldeando arrugas estr\u00edas, celulitis.<\/p>\n<p><strong>Principio:<\/strong><br \/>\nEl dispositivo integrado V-20 Super Vela utiliza una rotaci\u00f3n de rodillos de vac\u00edo tridimensional para masajear el tejido profundo de la piel, con un mecanismo patentado.<br \/>\nDise\u00f1o de rodillos con modo de rodamiento \u00fanico, masaje de rodillos + vac\u00edo + radiofrecuencia + cavitaci\u00f3n 80K + luz infrarroja cinco<br \/>\ntecnolog\u00edas en una, pueden mejorar de forma r\u00e1pida y efectiva los cuatro problemas principales de forma natural y sin dolor.<\/p>\n<p>a) El amasado de grasa mediante rodillos y rotaci\u00f3n de una manera puramente f\u00edsica con diferentes frecuencias de vibraci\u00f3n se puede aplicar a la dermis, la capa de grasa, la capa de fascia y otras ubicaciones diferentes para lograr el efecto de adelgazamiento y contorno, alivio de dolores y molestias, etc.<\/p>\n<p>b) Al mismo tiempo, el uso de presi\u00f3n negativa en la tecnolog\u00eda de plegado de la piel, de modo que la energ\u00eda de radiofrecuencia pasa directamente a trav\u00e9s de las dos capas de piel plegadas juntas, mejorando en gran medida el efecto y la seguridad, causados por el movimiento mec\u00e1nico de la radiofrecuencia.<br \/>\nProfundidad de penetraci\u00f3n de 5-15 mm. El uso de rodillos giratorios que sujetan y estiran las fibras conectivas de las diferentes capas de la piel, permite la descomposici\u00f3n efectiva de la grasa subcut\u00e1nea y la extrusi\u00f3n de capilares y vasos linf\u00e1ticos. Adem\u00e1s, promueve el metabolismo y mejora considerablemente la forma del cuerpo. El efecto se mejora notablemente.<\/p>\n<p>c) Combinando dos cavitaciones de 80K, vac\u00edo<br \/>\n+ 940 luz infrarroja, el primer uso de cavitaci\u00f3n de 80K, vibraci\u00f3n de alta velocidad de las c\u00e9lulas grasas, dentro y fuera de las c\u00e9lulas grasas para<br \/>\nproduce innumerables bolsas de aire reales, un fuerte impacto en las c\u00e9lulas grasas, de modo que las membranas de las c\u00e9lulas grasas producen una ruptura hacia adentro, de modo que la descomposici\u00f3n de los triglic\u00e9ridos del glicerol y los \u00e1cidos grasos libres, a fin de lograr el efecto de p\u00e9rdida de peso y cuerpo<br \/>\nembellecimiento.<\/p>\n<p>d) Ajuste de impedancia en el cuerpo mediante l\u00e1ser NIR: Reduce la impedancia de la epidermis a la radiofrecuencia.<br \/>\nenerg\u00eda aumentando la temperatura de la epidermis, dirigiendo la energ\u00eda de RF (radiofrecuencia) para que se concentre m\u00e1s profundamente en el tejido conectivo;<\/p>\n<p><strong>Funciones:<\/strong><br \/>\n1. Adelgazamiento, contorno y modelado corporal<br \/>\n2. Reducci\u00f3n de grasa y celulitis<br \/>\n3. Estiramiento de la piel<br \/>\n4. Eliminaci\u00f3n de arrugas<br \/>\n5. Masaje anticelul\u00edtico con vac\u00edo tibio<br \/>\n6. Tratamientos para el \u00e1rea de los ojos<br \/>\n7. Eliminaci\u00f3n y lifting de arrugas faciales<br \/>\n8. Promueve el metabolismo celular, mejora la circulaci\u00f3n sangu\u00ednea.<br \/>\n9. Aumenta la elasticidad de la piel.<br \/>\n10. Lifting de la piel<\/p>","protected":false},"excerpt":{"rendered":"<p><strong><span style=\"color: #000000;\">5 EN 1 Endos Velapro, tambi\u00e9n puede combinar diferentes mangos<\/span><\/strong><br \/>\n<strong>Rodillo de vac\u00edo (Cuerpo):<\/strong><br \/>\n1. Tama\u00f1o de tratamiento de 40 mm x 60 mm.<br \/>\n2. Potencia RF hasta 50 w.<br \/>\n3. Tama\u00f1o m\u00e1s grande para el tratamiento de la celulitis.<br \/>\n4. Manipulaci\u00f3n mec\u00e1nica automotriz.<br \/>\n5. Vac\u00edo + RF + l\u00e1ser de luz de 3 colores + Rodillo<br \/>\n6. Tratamiento seguro y eficaz.<br \/>\n<strong>Rodillo de vac\u00edo (cara\/brazo\/cuello):<\/strong><br \/>\n1. Tama\u00f1o de tratamiento de 30 mm * 50 mm.<br \/>\n2. Potencia RF hasta 50w.<br \/>\n3. Tama\u00f1o adecuado para el tratamiento espec\u00edfico.<br \/>\n4. Entrega precisa de energ\u00eda.<br \/>\n5. Vac\u00edo + RF + Luz roja + Rodillo<br \/>\n<strong>Mango giratorio de 90 g (cuerpo):<\/strong><br \/>\nCosechadora rotativa Fat 90 40,68M multipolar RF,<br \/>\nVac\u00edo y fot\u00f3n para eliminar grasa.<br \/>\n<strong>Mango giratorio de 90 grados (cara):<\/strong><br \/>\nCosechadora rotativa Fat 90 40,68M multipolar RF,<br \/>\nVac\u00edo y fot\u00f3n para tensar la piel y<br \/>\neliminaci\u00f3n de arrugas.<br \/>\n<strong>Foco de cavitaci\u00f3n dual 80K:<\/strong><br \/>\nCon su dise\u00f1o renovado y pantalla t\u00e1ctil de 3.5&quot;, trabaja sobre el tejido adiposo succionado. M\u00e1s seguro y eficaz.<br \/>\n<strong>Paquete<\/strong>:67*54*141cm 59,2kg\/75*49*29cm,17,2kg<\/p>","protected":false},"featured_media":2422,"template":"","meta":[],"product_brand":[],"product_cat":[77,90],"product_tag":[],"class_list":{"0":"post-793","1":"product","2":"type-product","3":"status-publish","4":"has-post-thumbnail","6":"product_cat-endos-velapro","7":"product_cat-lose-fat-and-body-firming","9":"first","10":"instock","11":"shipping-taxable","12":"product-type-simple"},"_links":{"self":[{"href":"https:\/\/shefmon.com\/es\/wp-json\/wp\/v2\/product\/793","targetHints":{"allow":["GET"]}}],"collection":[{"href":"https:\/\/shefmon.com\/es\/wp-json\/wp\/v2\/product"}],"about":[{"href":"https:\/\/shefmon.com\/es\/wp-json\/wp\/v2\/types\/product"}],"version-history":[{"count":0,"href":"https:\/\/shefmon.com\/es\/wp-json\/wp\/v2\/product\/793\/revisions"}],"wp:featuredmedia":[{"embeddable":true,"href":"https:\/\/shefmon.com\/es\/wp-json\/wp\/v2\/media\/2422"}],"wp:attachment":[{"href":"https:\/\/shefmon.com\/es\/wp-json\/wp\/v2\/media?parent=793"}],"wp:term":[{"taxonomy":"product_brand","embeddable":true,"href":"https:\/\/shefmon.com\/es\/wp-json\/wp\/v2\/product_brand?post=793"},{"taxonomy":"product_cat","embeddable":true,"href":"https:\/\/shefmon.com\/es\/wp-json\/wp\/v2\/product_cat?post=793"},{"taxonomy":"product_tag","embeddable":true,"href":"https:\/\/shefmon.com\/es\/wp-json\/wp\/v2\/product_tag?post=793"}],"curies":[{"name":"wp","href":"https:\/\/api.w.org\/{rel}","templated":true}]}}