{"id":791,"date":"2024-04-28T08:49:17","date_gmt":"2024-04-28T08:49:17","guid":{"rendered":"https:\/\/palegoldenrod-manatee-952098.hostingersite.com\/?post_type=product&#038;p=791"},"modified":"2025-09-17T19:31:14","modified_gmt":"2025-09-17T11:31:14","slug":"laser-a0423","status":"publish","type":"product","link":"https:\/\/shefmon.com\/es\/product\/a0423-laser\/","title":{"rendered":"M\u00e1quina de depilaci\u00f3n l\u00e1ser de diodo A0423 de 755\/1064\/810\/940 nm"},"content":{"rendered":"<p><span style=\"color: #ff6600;\"><strong>810 nm combinados para todo tipo de piel y todos los colores de cabello<\/strong><\/span><br \/>\n<strong>Caracter\u00edstica de la m\u00e1quina<\/strong><br \/>\n1. Puede funcionar sin parar las 24 horas, con una vida \u00fatil de 20 millones de disparos para un uso prolongado.<\/p>\n<p>2. 810 nm + 755 nm + 1064 nm tres longitudes de onda l\u00e1ser combinadas para el tratamiento de todo tipo de piel 755 nm para la depilaci\u00f3n de piel blanca 1064 nm para la depilaci\u00f3n de piel negra u oscura 810 nm para la depilaci\u00f3n de otro tipo de color de piel<\/p>\n<p>3. Gran potencia para que la m\u00e1quina elimine el vello r\u00e1pidamente.<\/p>\n<p>4. Mejor sistema de enfriamiento: enfriamiento por aire, enfriamiento por agua, enfriamiento por contacto de zafiro y enfriamiento por semiconductor, que garantizan que la m\u00e1quina funcione las 24 horas sin interrupciones.<\/p>\n<p>5. 8 tipos de idiomas 6. Hombre\/Mujer Diferentes tipos de piel Configuraci\u00f3n de par\u00e1metros<\/p>\n<p><strong>L\u00e1ser de diodo de 810 nm<\/strong><br \/>\nCon l\u00e1ser de diodo importado de Alemania; mitad del tiempo de tratamiento Realice m\u00e1s sesiones de tratamiento en menos tiempo, lo que le permite tratar r\u00e1pidamente \u00e1reas m\u00e1s grandes y, al mismo tiempo, ofrece a sus pacientes la sensaci\u00f3n de depilaci\u00f3n m\u00e1s r\u00e1pida y efectiva.<\/p>\n<p><strong>L\u00e1ser de diodo de 1064 nm<\/strong><br \/>\nNueva experiencia para la depilaci\u00f3n especializada de pieles m\u00e1s oscuras con l\u00e1ser de 1064 nm, el tratamiento de depilaci\u00f3n con longitud de onda de 1064 nm ser\u00e1 m\u00e1s seguro, especialmente para pieles oscuras, rejuvenecimiento de la piel. Buen rendimiento y potente funci\u00f3n de enfriamiento, tratamiento c\u00f3modo y seguro.<\/p>\n<p><strong>L\u00e1ser de diodo de 755 nm<\/strong><br \/>\nEl l\u00e1ser de diodo de 755 nm m\u00e1s popular que reemplaza al l\u00e1ser de diodo de alejandrita de estado s\u00f3lido y tiene un tratamiento m\u00e1s c\u00f3modo.<br \/>\nEl l\u00e1ser de diodo de 755 nm absorbe eficazmente la melanina. Esta caracter\u00edstica es beneficiosa para la depilaci\u00f3n de vellosidades cuando se utiliza el l\u00e1ser de diodo de 755 nm. Adem\u00e1s, la duraci\u00f3n del tratamiento es cada vez menor.<\/p>\n<p><strong>L\u00e1ser de diodo de 940 nm (opcional)<\/strong><br \/>\n940 nm. Esta longitud de onda proporciona una mejor absorci\u00f3n por la oxihemoglobina (coagulaci\u00f3n de los microvasos que nutren la ra\u00edz del cabello) y una profundidad de penetraci\u00f3n moderada, lo que la hace adecuada para tratar todo tipo de cabello. La baja absorci\u00f3n de melanina la hace muy segura para trabajar con fototipos oscuros.<\/p>","protected":false},"excerpt":{"rendered":"<p><strong>Trabajo continuo 24 horas<\/strong><br \/>\nPotencia del mango: 600W\/1200W<br \/>\nFuente de alimentaci\u00f3n: 3500W<br \/>\nLongitud de onda: 810 nm\/755 nm 810 nm 940 nm 1064 nm<br \/>\nTama\u00f1o del punto: 15*15 mm\/15*20 mm\/15*30 mm<br \/>\nFrecuencia de repetici\u00f3n: 1-10 Hz<br \/>\nPantalla: Pantalla t\u00e1ctil de 12,1 pulgadas<br \/>\nPotencia m\u00e1xima: 100 J\/cm<br \/>\nAncho de pulso: 10-200 ns<br \/>\nVoltaje: 100-240 V, 50\/60 Hz<br \/>\nTemperatura de la sonda: -15\u2103-5\u2103<br \/>\nCaudal de agua: 5 l\/min<br \/>\nTanque de agua: Tanque de agua incorporado<br \/>\nSistema de refrigeraci\u00f3n: refrigeraci\u00f3n de semiconductores + agua + refrigeraci\u00f3n TEC a temperatura constante.<br \/>\nTama\u00f1o del paquete: 63 x 47 x 61 cm<br \/>\nPeso bruto: 34,5 kg<\/p>","protected":false},"featured_media":2858,"template":"","meta":[],"product_brand":[],"product_cat":[84,80],"product_tag":[],"class_list":{"0":"post-791","1":"product","2":"type-product","3":"status-publish","4":"has-post-thumbnail","6":"product_cat-hair-removal","7":"product_cat-laser-ipl","9":"first","10":"instock","11":"shipping-taxable","12":"product-type-simple"},"_links":{"self":[{"href":"https:\/\/shefmon.com\/es\/wp-json\/wp\/v2\/product\/791","targetHints":{"allow":["GET"]}}],"collection":[{"href":"https:\/\/shefmon.com\/es\/wp-json\/wp\/v2\/product"}],"about":[{"href":"https:\/\/shefmon.com\/es\/wp-json\/wp\/v2\/types\/product"}],"version-history":[{"count":0,"href":"https:\/\/shefmon.com\/es\/wp-json\/wp\/v2\/product\/791\/revisions"}],"wp:featuredmedia":[{"embeddable":true,"href":"https:\/\/shefmon.com\/es\/wp-json\/wp\/v2\/media\/2858"}],"wp:attachment":[{"href":"https:\/\/shefmon.com\/es\/wp-json\/wp\/v2\/media?parent=791"}],"wp:term":[{"taxonomy":"product_brand","embeddable":true,"href":"https:\/\/shefmon.com\/es\/wp-json\/wp\/v2\/product_brand?post=791"},{"taxonomy":"product_cat","embeddable":true,"href":"https:\/\/shefmon.com\/es\/wp-json\/wp\/v2\/product_cat?post=791"},{"taxonomy":"product_tag","embeddable":true,"href":"https:\/\/shefmon.com\/es\/wp-json\/wp\/v2\/product_tag?post=791"}],"curies":[{"name":"wp","href":"https:\/\/api.w.org\/{rel}","templated":true}]}}