{"id":6096,"date":"2025-07-16T14:29:22","date_gmt":"2025-07-16T06:29:22","guid":{"rendered":"https:\/\/shefmon.com\/?post_type=product&#038;p=6096"},"modified":"2025-09-17T17:36:54","modified_gmt":"2025-09-17T09:36:54","slug":"e0436-electromagnetic-stimulation-pelvic-floor-muscle-rehabilitation-ems-chair-2","status":"publish","type":"product","link":"https:\/\/shefmon.com\/es\/product\/e0436-electromagnetic-stimulation-pelvic-floor-muscle-rehabilitation-ems-chair-2\/","title":{"rendered":"E0436 Silla de rehabilitaci\u00f3n muscular del suelo p\u00e9lvico con estimulaci\u00f3n electromagn\u00e9tica EMS"},"content":{"rendered":"<p><strong>Teor\u00eda del trabajo<\/strong><br \/>\nLa silla de suelo p\u00e9lvico alivia la incontinencia estimulando y fortaleciendo los m\u00fasculos subyacentes del suelo p\u00e9lvico. Durante el tratamiento, usted se sienta en una silla especialmente dise\u00f1ada que utiliza pulsos electromagn\u00e9ticos para provocar contracciones musculares supram\u00e1ximas del suelo p\u00e9lvico. Esto significa que estimula la tensi\u00f3n muscular, incluso mayor que con los ejercicios de Kegel.<\/p>\n<p><strong>Solicitud<\/strong><br \/>\nEste tratamiento funciona muy r\u00e1pidamente y deber\u00eda notar una mejora en el control de su vejiga despu\u00e9s de la primera sesi\u00f3n. A medida que contin\u00fae con las sesiones adicionales, las p\u00e9rdidas, los accidentes y otros problemas urinarios deber\u00edan disminuir gradualmente.<\/p>\n<p><strong>Ventaja<\/strong><br \/>\nSe trata de una silla en la que te sientas durante 30 minutos (con la ropa puesta) que simula m\u00e1s de 10.000 ejercicios de Kegel para tonificar la vejiga y los m\u00fasculos del suelo p\u00e9lvico. Y es: sin cirug\u00eda, sin medicamentos y completamente no invasivo.<\/p>","protected":false},"excerpt":{"rendered":"<div data-slate-node=\"element\"><span style=\"color: #000000;\"><strong>Ventajas de la silla Emslim:<\/strong><\/span><\/div>\n<div data-slate-node=\"element\"><span data-slate-node=\"text\">1. Fortalecer el m\u00fasculo pubococcidial (m\u00fasculo PC). <\/span><\/div>\n<div data-slate-node=\"element\"><span data-slate-node=\"text\">2. Prevenci\u00f3n y tratamiento de la incontinencia urinaria de esfuerzo.<\/span><\/div>\n<div data-slate-node=\"element\"><span data-slate-node=\"text\">3. mejorar la sensibilidad y la funci\u00f3n de .<\/span><\/div>\n<div data-slate-node=\"element\"><span data-slate-node=\"text\">4. Restaurar la tensi\u00f3n muscular vaginal y mejorar la salud vaginal.<\/span><\/div>\n<div data-slate-node=\"element\"><span data-slate-node=\"text\">5. promover la recuperaci\u00f3n posparto.<\/span><\/div>\n<div data-slate-node=\"element\" data-slate-fragment=\"JTVCJTdCJTIydHlwZSUyMiUzQSUyMnBhcmFncmFwaCUyMiUyQyUyMmNoaWxkcmVuJTIyJTNBJTVCJTdCJTIyaWQlMjIlM0ElMjJwa0FFbDJHN3EyJTIyJTJDJTIycGFyYUlkeCUyMiUzQTAlMkMlMjJzcmMlMjIlM0ElMjJFbXNsaW0lMjBjaGFpciUyMGFkdmFudGFnZXMlRUYlQkMlOUElMjIlMkMlMjJkc3QlMjIlM0ElMjJFbXNsaW0lRTYlQTQlODUlRTUlQUQlOTAlRTclOUElODQlRTQlQkMlOTglRTclODIlQjklRUYlQkMlOUElMjIlMkMlMjJtZXRhZGF0YSUyMiUzQSUyMiUyMiUyQyUyMm1ldGFEYXRhJTIyJTNBJTVCJTVEJTJDJTIydGV4dCUyMiUzQSUyMkVtc2xpbSUyMGNoYWlyJTIwYWR2YW50YWdlcyVFRiVCQyU5QSUyMiU3RCU1RCU3RCUyQyU3QiUyMnR5cGUlMjIlM0ElMjJwYXJhZ3JhcGglMjIlMkMlMjJjaGlsZHJlbiUyMiUzQSU1QiU3QiUyMmlkJTIyJTNBJTIyelo1ZTB4VjRBTiUyMiUyQyUyMnBhcmFJZHglMjIlM0ExJTJDJTIyc3JjJTIyJTNBJTIyMS4lMjBzdHJlbmd0aGVuJTIwcHVib2NvY2NpZGlhbCUyMG11c2NsZSUyMChQQyUyMG11c2NsZSkuJTIwJTIyJTJDJTIyZHN0JTIyJTNBJTIyMSVFMyU4MCU4MSVFNSVBMiU5RSVFNSVCQyVCQSVFOCU4MCVCQiVFOSVBQSVBOCVFNSU4RiU4QyVFNyU5MCU4MyVFOCU4RiU4QyVFOCU4MiU4QyVFRiVCQyU4OFBDJUU4JTgyJThDJUVGJUJDJTg5JUUzJTgwJTgyJTIyJTJDJTIybWV0YWRhdGElMjIlM0ElMjIlMjIlMkMlMjJtZXRhRGF0YSUyMiUzQSU1QiU1RCUyQyUyMnRleHQlMjIlM0ElMjIxLiUyMHN0cmVuZ3RoZW4lMjBwdWJvY29jY2lkaWFsJTIwbXVzY2xlJTIwKFBDJTIwbXVzY2xlKS4lMjAlMjIlN0QlNUQlN0QlMkMlN0IlMjJ0eXBlJTIyJTNBJTIycGFyYWdyYXBoJTIyJTJDJTIyY2hpbGRyZW4lMjIlM0ElNUIlN0IlMjJpZCUyMiUzQSUyMnhNNWxLbXBXQUclMjIlMkMlMjJwYXJhSWR4JTIyJTNBMiUyQyUyMnNyYyUyMiUzQSUyMjIuJTIwcHJldmVudGlvbiUyMGFuZCUyMHRyZWF0bWVudCUyMG9mJTIwc3RyZXNzJTIwdXJpbmFyeSUyMGluY29udGluZW5jZSUyMC4lMjIlMkMlMjJkc3QlMjIlM0ElMjIyLiVFNSU4RSU4QiVFNSU4QSU5QiVFNiU4MCVBNyVFNSVCMCVCRiVFNSVBNCVCMSVFNyVBNiU4MSVFNyU5QSU4NCVFOSU5OCVCMiVFNiVCMiVCQiVFMyU4MCU4MiUyMiUyQyUyMm1ldGFkYXRhJTIyJTNBJTIyJTIyJTJDJTIybWV0YURhdGElMjIlM0ElNUIlNUQlMkMlMjJ0ZXh0JTIyJTNBJTIyMi4lMjBwcmV2ZW50aW9uJTIwYW5kJTIwdHJlYXRtZW50JTIwb2YlMjBzdHJlc3MlMjB1cmluYXJ5JTIwaW5jb250aW5lbmNlJTIwLiUyMiU3RCU1RCU3RCUyQyU3QiUyMnR5cGUlMjIlM0ElMjJwYXJhZ3JhcGglMjIlMkMlMjJjaGlsZHJlbiUyMiUzQSU1QiU3QiUyMmlkJTIyJTNBJTIyMDRBSlh2cFp3cCUyMiUyQyUyMnBhcmFJZHglMjIlM0EzJTJDJTIyc3JjJTIyJTNBJTIyMy4lMjBpbXByb3ZlJTIwdGhlJTIwc2Vuc2l0aXZpdHklMjBhbmQlMjBmdW5jdGlvbiUyMG9mJTIwLiUyMiUyQyUyMmRzdCUyMiUzQSUyMjMuJUU2JThGJTkwJUU5JUFCJTk4JUU3JTlBJTg0JUU3JTgxJUI1JUU2JTk1JThGJUU1JUJBJUE2JUU1JTkyJThDJUU1JThBJTlGJUU4JTgzJUJEJUUzJTgwJTgyJTIyJTJDJTIybWV0YWRhdGElMjIlM0ElMjIlMjIlMkMlMjJtZXRhRGF0YSUyMiUzQSU1QiU1RCUyQyUyMnRleHQlMjIlM0ElMjIzLiUyMGltcHJvdmUlMjB0aGUlMjBzZW5zaXRpdml0eSUyMGFuZCUyMGZ1bmN0aW9uJTIwb2YlMjAuJTIyJTdEJTVEJTdEJTJDJTdCJTIydHlwZSUyMiUzQSUyMnBhcmFncmFwaCUyMiUyQyUyMmNoaWxkcmVuJTIyJTNBJTVCJTdCJTIyaWQlMjIlM0ElMjIwajVyRFc0a3F2JTIyJTJDJTIycGFyYUlkeCUyMiUzQTQlMkMlMjJzcmMlMjIlM0ElMjI0LiUyMHJlc3RvcmUlMjB2YWdpbmFsJTIwbXVzY2xlJTIwdGVuc2lvbiUyMGFuZCUyMGltcHJvdmUlMjB2YWdpbmFsJTIwaGVhbHRoJTIwLiUyMiUyQyUyMmRzdCUyMiUzQSUyMjQuJUU2JTgxJUEyJUU1JUE0JThEJUU5JTk4JUI0JUU5JTgxJTkzJUU4JTgyJThDJUU4JTgyJTg5JUU1JUJDJUEwJUU1JThBJTlCJUVGJUJDJThDJUU2JTk0JUI5JUU1JTk2JTg0JUU5JTk4JUI0JUU5JTgxJTkzJUU1JTgxJUE1JUU1JUJBJUI3JUUzJTgwJTgyJTIyJTJDJTIybWV0YWRhdGElMjIlM0ElMjIlMjIlMkMlMjJtZXRhRGF0YSUyMiUzQSU1QiU1RCUyQyUyMnRleHQlMjIlM0ElMjI0LiUyMHJlc3RvcmUlMjB2YWdpbmFsJTIwbXVzY2xlJTIwdGVuc2lvbiUyMGFuZCUyMGltcHJvdmUlMjB2YWdpbmFsJTIwaGVhbHRoJTIwLiUyMiU3RCU1RCU3RCUyQyU3QiUyMnR5cGUlMjIlM0ElMjJwYXJhZ3JhcGglMjIlMkMlMjJjaGlsZHJlbiUyMiUzQSU1QiU3QiUyMmlkJTIyJTNBJTIyajB3WmUza241ZSUyMiUyQyUyMnBhcmFJZHglMjIlM0E1JTJDJTIyc3JjJTIyJTNBJTIyNS4lMjBwcm9tb3RlJTIwcG9zdHBhcnR1bSUyMHJlY292ZXJ5LiUyMiUyQyUyMmRzdCUyMiUzQSUyMjUlRTMlODAlODElRTQlQkYlODMlRTglQkYlOUIlRTQlQkElQTclRTUlOTAlOEUlRTYlODElQTIlRTUlQTQlOEQlRTMlODAlODIlMjIlMkMlMjJtZXRhZGF0YSUyMiUzQSUyMiUyMiUyQyUyMm1ldGFEYXRhJTIyJTNBJTVCJTVEJTJDJTIydGV4dCUyMiUzQSUyMjUuJTIwcHJvbW90ZSUyMHBvc3RwYXJ0dW0lMjByZWNvdmVyeS4lMjIlN0QlNUQlN0QlMkMlN0IlMjJ0eXBlJTIyJTNBJTIycGFyYWdyYXBoJTIyJTJDJTIyY2hpbGRyZW4lMjIlM0ElNUIlN0IlMjJpZCUyMiUzQSUyMlk5NWRWNEwycWslMjIlMkMlMjJwYXJhSWR4JTIyJTNBNiUyQyUyMnNyYyUyMiUzQSUyMjYuaW5jcmVhc2UlMjB2YWdpbmFsJTIwd2FsbCUyMHRoaWNrbmVzcyUyMGFuZCUyMGx1YnJpY2F0aW9uJTIwYWZ0ZXIlMjBtZW5vcGF1c2UlMjA3LiUyMGluY3JlYXNlJTIwdGhlJTIwYmxvb2QlMjBmbG93JTIwYW5kJTIwbmVydmUlMjBmdW5jdGlvbiUyMG9mJTIwdGhlJTIwYmFzaW4uJTIyJTJDJTIyZHN0JTIyJTNBJTIyNi4lRTclQkIlOUQlRTclQkIlOEYlRTUlOTAlOEUlRTUlQTIlOUUlRTUlOEElQTAlRTklOTglQjQlRTklODElOTMlRTUlQTMlODElRTUlOEUlOUElRTUlQkElQTYlRTUlOTIlOEMlRTYlQjYlQTYlRTYlQkIlOTE3JUUzJTgwJTgyJUU1JUEyJTlFJUU1JThBJUEwJUU3JTlCJTg2JUU3JTlBJTg0JUU4JUExJTgwJUU2JUI1JTgxJUU5JTg3JThGJUU1JTkyJThDJUU3JUE1JTlFJUU3JUJCJThGJUU1JThBJTlGJUU4JTgzJUJEJUUzJTgwJTgyJTIyJTJDJTIybWV0YWRhdGElMjIlM0ElMjIlMjIlMkMlMjJtZXRhRGF0YSUyMiUzQSU1QiU1RCUyQyUyMnRleHQlMjIlM0ElMjI2LmluY3JlYXNlJTIwdmFnaW5hbCUyMHdhbGwlMjB0aGlja25lc3MlMjBhbmQlMjBsdWJyaWNhdGlvbiUyMGFmdGVyJTIwbWVub3BhdXNlJTIwNy4lMjBpbmNyZWFzZSUyMHRoZSUyMGJsb29kJTIwZmxvdyUyMGFuZCUyMG5lcnZlJTIwZnVuY3Rpb24lMjBvZiUyMHRoZSUyMGJhc2luLiUyMiU3RCU1RCU3RCU1RA==\"><span data-slate-node=\"text\">6. Aumenta el grosor de la pared vaginal y la lubricaci\u00f3n despu\u00e9s de la menopausia. 7. Aumenta el flujo sangu\u00edneo y la funci\u00f3n nerviosa de la cuenca.<\/span><\/div>","protected":false},"featured_media":3921,"template":"","meta":[],"product_brand":[],"product_cat":[76],"product_tag":[],"class_list":{"0":"post-6096","1":"product","2":"type-product","3":"status-publish","4":"has-post-thumbnail","6":"product_cat-landing-page-emslim","8":"first","9":"instock","10":"shipping-taxable","11":"product-type-simple"},"_links":{"self":[{"href":"https:\/\/shefmon.com\/es\/wp-json\/wp\/v2\/product\/6096","targetHints":{"allow":["GET"]}}],"collection":[{"href":"https:\/\/shefmon.com\/es\/wp-json\/wp\/v2\/product"}],"about":[{"href":"https:\/\/shefmon.com\/es\/wp-json\/wp\/v2\/types\/product"}],"version-history":[{"count":0,"href":"https:\/\/shefmon.com\/es\/wp-json\/wp\/v2\/product\/6096\/revisions"}],"wp:featuredmedia":[{"embeddable":true,"href":"https:\/\/shefmon.com\/es\/wp-json\/wp\/v2\/media\/3921"}],"wp:attachment":[{"href":"https:\/\/shefmon.com\/es\/wp-json\/wp\/v2\/media?parent=6096"}],"wp:term":[{"taxonomy":"product_brand","embeddable":true,"href":"https:\/\/shefmon.com\/es\/wp-json\/wp\/v2\/product_brand?post=6096"},{"taxonomy":"product_cat","embeddable":true,"href":"https:\/\/shefmon.com\/es\/wp-json\/wp\/v2\/product_cat?post=6096"},{"taxonomy":"product_tag","embeddable":true,"href":"https:\/\/shefmon.com\/es\/wp-json\/wp\/v2\/product_tag?post=6096"}],"curies":[{"name":"wp","href":"https:\/\/api.w.org\/{rel}","templated":true}]}}