{"id":5328,"date":"2025-07-02T16:21:39","date_gmt":"2025-07-02T08:21:39","guid":{"rendered":"https:\/\/shefmon.com\/?post_type=product&#038;p=5328"},"modified":"2025-09-20T14:51:20","modified_gmt":"2025-09-20T06:51:20","slug":"maquina-de-adelgazamiento-portatil-de-criolipolisis-s10-maquina-de-criolipolisis-con-dos-asas","status":"publish","type":"product","link":"https:\/\/shefmon.com\/es\/product\/s10-criolipolisis-portatil-slimming-machine-cryotherapy-criolipolisis-machine-with-two-handles\/","title":{"rendered":"M\u00e1quina de criolip\u00f3lisis port\u00e1til S10 para adelgazamiento, m\u00e1quina de criolip\u00f3lisis con dos asas"},"content":{"rendered":"<p><strong>Par\u00e1metros:<\/strong><\/p>\n<p><strong>Nombre del producto:<\/strong>\u00a0M\u00e1quina de adelgazamiento por crioterapia 360<br \/>\n<strong>Tecnolog\u00eda:<\/strong>\u00a0Tecnolog\u00eda de refrigeraci\u00f3n integral de 360\u00b0<br \/>\n<strong>Voltaje:<\/strong>\u00a0CA 110 V\/220 V 50-60 Hz<br \/>\n<strong>Pantalla:<\/strong>\u00a0Pantalla resistente de 10,4 pulgadas<br \/>\n<strong>Consejos:<\/strong>\u00a0est\u00e1ndar 5, m\u00e1ximo 7<br \/>\n<strong>Temperatura de enfriamiento:<\/strong>\u00a01-5 marchas (temperatura de enfriamiento de 1 a -15 \u2103)<br \/>\n<strong>Temperatura de calentamiento:<\/strong>\u00a00-4 marchas (precalentamiento durante 3 minutos, temperatura de calentamiento de 37 a 45 \u2103)<br \/>\n<strong>Succi\u00f3n al vac\u00edo:<\/strong>\u00a01-5 marchas (10-80 kPa)<br \/>\n<strong>Potencia de salida:<\/strong>\u00a01000W<br \/>\n<strong>Tiempo de fraguado:<\/strong>\u00a01-99 min (predeterminado 60 min)<\/p>","protected":false},"excerpt":{"rendered":"<p><strong>Par\u00e1metros:<\/strong><br \/>\n<strong>Nombre del producto:<\/strong>\u00a0M\u00e1quina de adelgazamiento por crioterapia 360<br \/>\n<strong>Tecnolog\u00eda:<\/strong>\u00a0Tecnolog\u00eda de refrigeraci\u00f3n integral de 360\u00b0<br \/>\n<strong>Voltaje:<\/strong>\u00a0CA 110 V\/220 V 50-60 Hz<br \/>\n<strong>Pantalla:<\/strong>\u00a0Pantalla resistente de 10,4 pulgadas<br \/>\n<strong>Consejos:<\/strong>\u00a0est\u00e1ndar 5, m\u00e1ximo 7<br \/>\n<strong>Temperatura de enfriamiento:<\/strong>\u00a01-5 marchas (temperatura de enfriamiento de 1 a -15 \u2103)<br \/>\n<strong>Temperatura de calentamiento:<\/strong>\u00a00-4 marchas (precalentamiento durante 3 minutos, temperatura de calentamiento de 37 a 45 \u2103)<br \/>\n<strong>Succi\u00f3n al vac\u00edo:<\/strong>\u00a01-5 marchas (10-80 kPa)<br \/>\n<strong>Potencia de salida:<\/strong>\u00a01000W<br \/>\n<strong>Tiempo de fraguado:<\/strong>\u00a01-99 min (predeterminado 60 min)<\/p>","protected":false},"featured_media":5330,"template":"","meta":[],"product_brand":[],"product_cat":[73,90],"product_tag":[],"class_list":{"0":"post-5328","1":"product","2":"type-product","3":"status-publish","4":"has-post-thumbnail","6":"product_cat-cryolipolysis","7":"product_cat-lose-fat-and-body-firming","9":"first","10":"instock","11":"shipping-taxable","12":"product-type-simple"},"_links":{"self":[{"href":"https:\/\/shefmon.com\/es\/wp-json\/wp\/v2\/product\/5328","targetHints":{"allow":["GET"]}}],"collection":[{"href":"https:\/\/shefmon.com\/es\/wp-json\/wp\/v2\/product"}],"about":[{"href":"https:\/\/shefmon.com\/es\/wp-json\/wp\/v2\/types\/product"}],"version-history":[{"count":0,"href":"https:\/\/shefmon.com\/es\/wp-json\/wp\/v2\/product\/5328\/revisions"}],"wp:featuredmedia":[{"embeddable":true,"href":"https:\/\/shefmon.com\/es\/wp-json\/wp\/v2\/media\/5330"}],"wp:attachment":[{"href":"https:\/\/shefmon.com\/es\/wp-json\/wp\/v2\/media?parent=5328"}],"wp:term":[{"taxonomy":"product_brand","embeddable":true,"href":"https:\/\/shefmon.com\/es\/wp-json\/wp\/v2\/product_brand?post=5328"},{"taxonomy":"product_cat","embeddable":true,"href":"https:\/\/shefmon.com\/es\/wp-json\/wp\/v2\/product_cat?post=5328"},{"taxonomy":"product_tag","embeddable":true,"href":"https:\/\/shefmon.com\/es\/wp-json\/wp\/v2\/product_tag?post=5328"}],"curies":[{"name":"wp","href":"https:\/\/api.w.org\/{rel}","templated":true}]}}