{"id":4969,"date":"2025-05-27T15:01:01","date_gmt":"2025-05-27T07:01:01","guid":{"rendered":"https:\/\/palegoldenrod-manatee-952098.hostingersite.com\/?post_type=product&#038;p=4969"},"modified":"2025-09-17T18:13:41","modified_gmt":"2025-09-17T10:13:41","slug":"dispositivo-de-belleza-para-el-tratamiento-facial-con-plasma-de-fusion-fria-shefmon-coolplasma-a0145","status":"publish","type":"product","link":"https:\/\/shefmon.com\/es\/product\/shefmon-coolplasma-cold-fusion-plasma-facial-skin-treatment-beauty-device-a0145\/","title":{"rendered":"Dispositivo de belleza para el tratamiento facial con plasma de fusi\u00f3n fr\u00eda SHEFMON Coolplasma A0145"},"content":{"rendered":"<h2>\u00bfQu\u00e9 es el tratamiento facial con plasma de fusi\u00f3n fr\u00eda?<\/h2>\n<p>El plasma de fusi\u00f3n es un tipo de plasma generado mediante gases conductores (como helio, arg\u00f3n, ne\u00f3n, hidr\u00f3geno, etc.), que se siente fr\u00edo al tacto. El plasma fr\u00edo no debe confundirse con el plasma caliente. El plasma caliente se puede generar sin gas y se siente muy caliente. El plasma de fusi\u00f3n se diferencia de muchos dispositivos del mercado que se autoproclaman &quot;plasma fr\u00edo&quot;. El plasma de fusi\u00f3n combina las tecnolog\u00edas de plasma fr\u00edo y plasma caliente en un solo sistema. Gracias a su exclusiva tecnolog\u00eda de ionizaci\u00f3n, el arg\u00f3n o el helio pueden generar diferentes plasmas.<\/p>\n<p>El instrumento utiliza una tecnolog\u00eda espec\u00edfica y un campo el\u00e9ctrico de alta frecuencia u otra fuente de energ\u00eda en un entorno de gas espec\u00edfico (como nitr\u00f3geno, arg\u00f3n en el aire) para ionizar las mol\u00e9culas de gas y formar plasma.<br \/>\nEste plasma est\u00e1 compuesto de electrones, iones, part\u00edculas neutras y fotones, y es una sustancia en estado altamente activado.<br \/>\nPuede promover la producci\u00f3n de col\u00e1geno, matar bacterias y reducir la inflamaci\u00f3n, blanquear la piel, etc.<\/p>\n<h2>\u00bfCu\u00e1les son los beneficios del plasma de fusi\u00f3n?<\/h2>\n<p>Trata eficazmente el acn\u00e9, la psoriasis, la ros\u00e1cea, la hiperpigmentaci\u00f3n, estimula el crecimiento del cabello, reduce la inflamaci\u00f3n, acelera la cicatrizaci\u00f3n de heridas y mejora la absorci\u00f3n de los productos para el cuidado de la piel.<\/p>\n<h2>Mangos de plasma de fusi\u00f3n<\/h2>\n<p><strong>1. Mango de plasma de fusi\u00f3n<\/strong><br \/>\n\u2014\u2014Rejuvenecimiento, reparaci\u00f3n y regeneraci\u00f3n de la piel.<\/p>\n<p><img decoding=\"async\" class=\"alignnone wp-image-4955 size-thumbnail lazyload\" data-src=\"https:\/\/shefmon.com\/wp-content\/uploads\/2025\/05\/A0145-cold-plasma-2.1-150x150.webp\" alt=\"Dispositivo de plasma fr\u00edo 10 en 1, antienvejecimiento, lifting de piel, m\u00e1quina de plasma caliente y fr\u00edo.\" width=\"150\" height=\"150\" data-srcset=\"https:\/\/shefmon.com\/wp-content\/uploads\/2025\/05\/A0145-cold-plasma-2.1-150x150.webp 150w, https:\/\/shefmon.com\/wp-content\/uploads\/2025\/05\/A0145-cold-plasma-2.1-300x300.webp 300w\" data-sizes=\"(max-width: 150px) 100vw, 150px\" src=\"data:image\/gif;base64,R0lGODlhAQABAAAAACH5BAEKAAEALAAAAAABAAEAAAICTAEAOw==\" style=\"--smush-placeholder-width: 150px; --smush-placeholder-aspect-ratio: 150\/150;\" \/><br \/>\nElimina con precisi\u00f3n las c\u00e9lulas muertas de la piel de la epidermis sin causar piel sensible en modo rejuvenecimiento, haciendo que la piel est\u00e9 m\u00e1s saludable y radiante.<br \/>\nAl mismo tiempo, promueve la dilataci\u00f3n de los vasos sangu\u00edneos de la piel, aumenta el flujo sangu\u00edneo y mejora la microcirculaci\u00f3n cut\u00e1nea. Una buena microcirculaci\u00f3n proporciona m\u00e1s nutrientes y ox\u00edgeno a las c\u00e9lulas cut\u00e1neas.<br \/>\nDurante la operaci\u00f3n de plasma se formar\u00e1n microheridas que promover\u00e1n la reparaci\u00f3n de la funci\u00f3n de barrera de la piel y estimular\u00e1n la regeneraci\u00f3n del col\u00e1geno de la piel.<br \/>\n2. Mango de plasma en escamas<br \/>\n\u2014\u2014Mejorar el microambiente del cuero cabelludo<\/p>\n<p><img decoding=\"async\" class=\"alignnone wp-image-4953 size-thumbnail lazyload\" data-src=\"https:\/\/shefmon.com\/wp-content\/uploads\/2025\/05\/A0145-cold-plasma-1.1-150x150.webp\" alt=\"Dispositivo de plasma fr\u00edo 10 en 1, antienvejecimiento, lifting de piel, m\u00e1quina de plasma caliente y fr\u00edo.\" width=\"150\" height=\"150\" data-srcset=\"https:\/\/shefmon.com\/wp-content\/uploads\/2025\/05\/A0145-cold-plasma-1.1-150x150.webp 150w, https:\/\/shefmon.com\/wp-content\/uploads\/2025\/05\/A0145-cold-plasma-1.1-300x300.webp 300w\" data-sizes=\"(max-width: 150px) 100vw, 150px\" src=\"data:image\/gif;base64,R0lGODlhAQABAAAAACH5BAEKAAEALAAAAAABAAEAAAICTAEAOw==\" style=\"--smush-placeholder-width: 150px; --smush-placeholder-aspect-ratio: 150\/150;\" \/><br \/>\nPara las personas con inflamaci\u00f3n del cuero cabelludo, como dermatitis seborreica, foliculitis, etc., el efecto antiinflamatorio de los equipos de belleza de plasma puede reducir la respuesta inflamatoria e inhibir eficazmente el crecimiento y la reproducci\u00f3n de microorganismos como bacterias y hongos en el cuero cabelludo.<br \/>\nPuede aliviar el enrojecimiento, la hinchaz\u00f3n, la picaz\u00f3n, el dolor y otros s\u00edntomas de malestar del cuero cabelludo y crear un buen ambiente en el cuero cabelludo para el crecimiento del cabello.<br \/>\n3. Mango de plasma de diamante<br \/>\n\u2014\u2014Antienvejecimiento preciso<\/p>\n<p><img decoding=\"async\" class=\"alignnone wp-image-4957 size-thumbnail lazyload\" data-src=\"https:\/\/shefmon.com\/wp-content\/uploads\/2025\/05\/A0145-cold-plasma-3.1-150x150.webp\" alt=\"Dispositivo de plasma fr\u00edo 10 en 1, antienvejecimiento, lifting de piel, m\u00e1quina de plasma caliente y fr\u00edo.\" width=\"150\" height=\"150\" data-srcset=\"https:\/\/shefmon.com\/wp-content\/uploads\/2025\/05\/A0145-cold-plasma-3.1-150x150.webp 150w, https:\/\/shefmon.com\/wp-content\/uploads\/2025\/05\/A0145-cold-plasma-3.1-300x300.webp 300w\" data-sizes=\"(max-width: 150px) 100vw, 150px\" src=\"data:image\/gif;base64,R0lGODlhAQABAAAAACH5BAEKAAEALAAAAAABAAEAAAICTAEAOw==\" style=\"--smush-placeholder-width: 150px; --smush-placeholder-aspect-ratio: 150\/150;\" \/><br \/>\nLa energ\u00eda plasm\u00e1tica puede actuar directamente sobre los fibroblastos de la piel. Los fibroblastos son las principales c\u00e9lulas que sintetizan col\u00e1geno y fibras el\u00e1sticas. La energ\u00eda plasm\u00e1tica puede activar la actividad de estas c\u00e9lulas e incitarlas a aumentar la secreci\u00f3n y s\u00edntesis de col\u00e1geno y fibras el\u00e1sticas.<br \/>\nLa energ\u00eda plasm\u00e1tica puede dilatar los vasos sangu\u00edneos de la piel y aumentar el flujo sangu\u00edneo. Una buena circulaci\u00f3n sangu\u00ednea es esencial para la salud de la piel. Permite aportar suficiente ox\u00edgeno y nutrientes a las c\u00e9lulas cut\u00e1neas, como vitamina C, vitamina E, amino\u00e1cidos, etc. Estos nutrientes son fundamentales para mantener la funci\u00f3n normal y la capacidad antioxidante de las c\u00e9lulas cut\u00e1neas.<br \/>\n4. Mango de plasma de aguja recta<br \/>\n\u2014\u2014Metabolismo de los pigmentos<\/p>\n<p><img decoding=\"async\" class=\"alignnone wp-image-4958 size-thumbnail lazyload\" data-src=\"https:\/\/shefmon.com\/wp-content\/uploads\/2025\/05\/A0145-cold-plasma-4.1-150x150.webp\" alt=\"Dispositivo de plasma fr\u00edo 10 en 1, antienvejecimiento, lifting de piel, m\u00e1quina de plasma caliente y fr\u00edo.\" width=\"150\" height=\"150\" data-srcset=\"https:\/\/shefmon.com\/wp-content\/uploads\/2025\/05\/A0145-cold-plasma-4.1-150x150.webp 150w, https:\/\/shefmon.com\/wp-content\/uploads\/2025\/05\/A0145-cold-plasma-4.1-300x300.webp 300w\" data-sizes=\"(max-width: 150px) 100vw, 150px\" src=\"data:image\/gif;base64,R0lGODlhAQABAAAAACH5BAEKAAEALAAAAAABAAEAAAICTAEAOw==\" style=\"--smush-placeholder-width: 150px; --smush-placeholder-aspect-ratio: 150\/150;\" \/><br \/>\nDespu\u00e9s de que el plasma de alta energ\u00eda entra en contacto con la piel, se puede transferir a la superficie de la piel, formando una exfoliaci\u00f3n controlable sin gasificaci\u00f3n con una profundidad de 100-150 um en la epidermis y la dermis superficial de la piel, es decir, la &quot;zona de microexfoliaci\u00f3n&quot;, que puede eliminar la piel muerta pigmentada y al mismo tiempo producir un efecto t\u00e9rmico para estimular la dermis de la piel y promover la reparaci\u00f3n y reordenamiento de las fibras de col\u00e1geno y las fibras el\u00e1sticas en la dermis.<br \/>\n5. Mango de plasma cer\u00e1mico<br \/>\n\u2014\u2014Eliminaci\u00f3n y esterilizaci\u00f3n del acn\u00e9<\/p>\n<p><img decoding=\"async\" class=\"alignnone wp-image-4960 size-thumbnail lazyload\" data-src=\"https:\/\/shefmon.com\/wp-content\/uploads\/2025\/05\/A0145-cold-plasma-5.1-150x150.webp\" alt=\"\" width=\"150\" height=\"150\" data-srcset=\"https:\/\/shefmon.com\/wp-content\/uploads\/2025\/05\/A0145-cold-plasma-5.1-150x150.webp 150w, https:\/\/shefmon.com\/wp-content\/uploads\/2025\/05\/A0145-cold-plasma-5.1-300x300.webp 300w\" data-sizes=\"(max-width: 150px) 100vw, 150px\" src=\"data:image\/gif;base64,R0lGODlhAQABAAAAACH5BAEKAAEALAAAAAABAAEAAAICTAEAOw==\" style=\"--smush-placeholder-width: 150px; --smush-placeholder-aspect-ratio: 150\/150;\" \/><br \/>\nEl plasma contiene diversas part\u00edculas activas, como electrones, iones, radicales libres, etc. Estas part\u00edculas poseen alta energ\u00eda y pueden destruir las paredes y membranas celulares de las bacterias. Al entrar en contacto con ellas, las part\u00edculas activas impactan su superficie, destruyendo la estructura de las paredes y membranas celulares y provocando la filtraci\u00f3n de sustancias intracelulares, logrando as\u00ed la esterilizaci\u00f3n.<br \/>\nPor ejemplo, el plasma puede matar eficazmente Propionibacterium acnes, que causa el acn\u00e9, reducir la cantidad de bacterias en la superficie de la piel y reducir la posibilidad de una respuesta inflamatoria.<br \/>\n6. Mango de plasma con aguja de rodillo grande<br \/>\n\u2014\u2014Permeaci\u00f3n de iones<\/p>\n<p><img decoding=\"async\" class=\"alignnone wp-image-4965 size-thumbnail lazyload\" data-src=\"https:\/\/shefmon.com\/wp-content\/uploads\/2025\/05\/A0145-cold-plasma-8-150x150.webp\" alt=\"Dispositivo de plasma fr\u00edo 10 en 1, antienvejecimiento, lifting de piel, m\u00e1quina de plasma caliente y fr\u00edo.\" width=\"150\" height=\"150\" data-srcset=\"https:\/\/shefmon.com\/wp-content\/uploads\/2025\/05\/A0145-cold-plasma-8-150x150.webp 150w, https:\/\/shefmon.com\/wp-content\/uploads\/2025\/05\/A0145-cold-plasma-8-300x300.webp 300w\" data-sizes=\"(max-width: 150px) 100vw, 150px\" src=\"data:image\/gif;base64,R0lGODlhAQABAAAAACH5BAEKAAEALAAAAAABAAEAAAICTAEAOw==\" style=\"--smush-placeholder-width: 150px; --smush-placeholder-aspect-ratio: 150\/150;\" \/><br \/>\nMediante la tecnolog\u00eda de rotura de agujas con plasma rodante, las part\u00edculas activas act\u00faan sobre las c\u00e9lulas del estrato c\u00f3rneo de la piel, aflojando la conexi\u00f3n entre ellas y formando peque\u00f1os canales. Estos canales facilitan la penetraci\u00f3n de nutrientes en los productos para el cuidado de la piel, como vitaminas, minerales y extractos de plantas, en el estrato c\u00f3rneo y en las capas m\u00e1s profundas de la piel.<br \/>\nLa energ\u00eda del plasma puede activar diversas actividades enzim\u00e1ticas en las c\u00e9lulas de la piel, que desempe\u00f1an un papel clave en el metabolismo material de la c\u00e9lula y la absorci\u00f3n de nutrientes.<br \/>\n7. Mango de plasma con aguja de rodillo peque\u00f1a<br \/>\n\u2014\u2014Regeneraci\u00f3n de cicatrices<\/p>\n<p><img decoding=\"async\" class=\"alignnone wp-image-4962 size-thumbnail lazyload\" data-src=\"https:\/\/shefmon.com\/wp-content\/uploads\/2025\/05\/A0145-cold-plasma-6.1-150x150.webp\" alt=\"Dispositivo de plasma fr\u00edo 10 en 1, antienvejecimiento, lifting de piel, m\u00e1quina de plasma caliente y fr\u00edo.\" width=\"150\" height=\"150\" data-srcset=\"https:\/\/shefmon.com\/wp-content\/uploads\/2025\/05\/A0145-cold-plasma-6.1-150x150.webp 150w, https:\/\/shefmon.com\/wp-content\/uploads\/2025\/05\/A0145-cold-plasma-6.1-300x300.webp 300w\" data-sizes=\"(max-width: 150px) 100vw, 150px\" src=\"data:image\/gif;base64,R0lGODlhAQABAAAAACH5BAEKAAEALAAAAAABAAEAAAICTAEAOw==\" style=\"--smush-placeholder-width: 150px; --smush-placeholder-aspect-ratio: 150\/150;\" \/><br \/>\nLas part\u00edculas activas del plasma pueden descomponer algunas de las estructuras reticuladas de fibronectina y col\u00e1geno en el tejido cicatricial. Estas estructuras reticuladas endurecen el tejido cicatricial y, al descomponerlas, se puede reducir su dureza, abland\u00e1ndolo gradualmente.<br \/>\nAdem\u00e1s, el plasma estimula a los fibroblastos a sintetizar y secretar algunas metaloproteinasas de matriz, que pueden degradar los componentes anormales de la matriz extracelular en el tejido cicatricial, promover a\u00fan m\u00e1s el ablandamiento y la remodelaci\u00f3n del tejido cicatricial y mejorar la flexibilidad y elasticidad de las cicatrices.<br \/>\n8. Mango de plasma para estampar<br \/>\n\u2014\u2014Microdermoabrasi\u00f3n local de cicatrices de acn\u00e9<\/p>\n<p><img decoding=\"async\" class=\"alignnone wp-image-4963 size-thumbnail lazyload\" data-src=\"https:\/\/shefmon.com\/wp-content\/uploads\/2025\/05\/A0145-cold-plasma-7.1-150x150.webp\" alt=\"\" width=\"150\" height=\"150\" data-srcset=\"https:\/\/shefmon.com\/wp-content\/uploads\/2025\/05\/A0145-cold-plasma-7.1-150x150.webp 150w, https:\/\/shefmon.com\/wp-content\/uploads\/2025\/05\/A0145-cold-plasma-7.1-300x300.webp 300w\" data-sizes=\"(max-width: 150px) 100vw, 150px\" src=\"data:image\/gif;base64,R0lGODlhAQABAAAAACH5BAEKAAEALAAAAAABAAEAAAICTAEAOw==\" style=\"--smush-placeholder-width: 150px; --smush-placeholder-aspect-ratio: 150\/150;\" \/><br \/>\nLa energ\u00eda del plasma puede estimular la divisi\u00f3n y proliferaci\u00f3n de las c\u00e9lulas basales de la piel y acelerar el metabolismo de las c\u00e9lulas de la piel.<br \/>\nEsto permite que las c\u00e9lulas viejas y da\u00f1adas en las cicatrices del acn\u00e9 sean reemplazadas por c\u00e9lulas nuevas m\u00e1s r\u00e1pidamente, lo que ayuda a mejorar la textura y el color de la piel en las cicatrices del acn\u00e9 y volver gradualmente a la normalidad.<\/p>\n<h3>Enfoque de terapia combinada de plasma de fusi\u00f3n<\/h3>\n<p>1. Productos + M\u00e1quina de plasma de fusi\u00f3n<br \/>\nUtilice los productos adecuados seg\u00fan las necesidades de la piel del cliente, como blanqueadores, antiacn\u00e9 e hidratantes, y comb\u00ednelos con el modo de plasma correspondiente. El efecto de superposici\u00f3n es 1+1&gt;2. Por ejemplo, el mango de plasma de fusi\u00f3n se combina con productos de rejuvenecimiento, hidrataci\u00f3n y reparaci\u00f3n de la piel.<br \/>\n2. M\u00e1quina de plasma fotoel\u00e9ctrica + fusi\u00f3n<br \/>\nPara afecciones de la piel como marcas de acn\u00e9 y cicatrices de acn\u00e9, se pueden usar picosegundos o fotones para extraer pigmentos en el \u00e1rea de la cicatriz del acn\u00e9 y usar el mango de plasma de sello para estimular la regeneraci\u00f3n en el \u00e1rea de las marcas de acn\u00e9.<\/p>\n<p><img decoding=\"async\" class=\"alignnone wp-image-4968 lazyload\" data-src=\"https:\/\/shefmon.com\/wp-content\/uploads\/2025\/05\/A0145-acne-removal-before-after-300x300.webp\" alt=\"Eliminaci\u00f3n del acn\u00e9 en Shefmon antes y despu\u00e9s\" width=\"500\" height=\"500\" data-srcset=\"https:\/\/shefmon.com\/wp-content\/uploads\/2025\/05\/A0145-acne-removal-before-after-300x300.webp 300w, https:\/\/shefmon.com\/wp-content\/uploads\/2025\/05\/A0145-acne-removal-before-after-150x150.webp 150w, https:\/\/shefmon.com\/wp-content\/uploads\/2025\/05\/A0145-acne-removal-before-after-600x600.webp 600w, https:\/\/shefmon.com\/wp-content\/uploads\/2025\/05\/A0145-acne-removal-before-after-768x768.webp 768w, https:\/\/shefmon.com\/wp-content\/uploads\/2025\/05\/A0145-acne-removal-before-after.webp 1000w\" data-sizes=\"(max-width: 500px) 100vw, 500px\" src=\"data:image\/gif;base64,R0lGODlhAQABAAAAACH5BAEKAAEALAAAAAABAAEAAAICTAEAOw==\" style=\"--smush-placeholder-width: 500px; --smush-placeholder-aspect-ratio: 500\/500;\" \/><\/p>","protected":false},"excerpt":{"rendered":"<p><strong>Funciones:<\/strong><br \/>\n<strong>1. Esterilizaci\u00f3n y desinfecci\u00f3n:<\/strong> El plasma fr\u00edo puede matar eficazmente bacterias, hongos y virus, y es adecuado para el tratamiento del acn\u00e9 y las infecciones de la piel.<br \/>\n<strong>2. Promover la curaci\u00f3n:<\/strong> Al estimular la regeneraci\u00f3n celular y la producci\u00f3n de col\u00e1geno, acelera la cicatrizaci\u00f3n de heridas y reduce las cicatrices.<br \/>\n<strong>3. Antienvejecimiento:<\/strong> Promueve la producci\u00f3n de col\u00e1geno y elastina, reduce las l\u00edneas finas y arrugas y mejora la elasticidad de la piel.<br \/>\n<strong>4. Mejorar la calidad de la piel:<\/strong> Ayuda a eliminar las c\u00e9lulas muertas de la piel, promueve el metabolismo y hace que la piel sea m\u00e1s suave y delicada.<br \/>\n<strong>5. Antiinflamatorio:<\/strong> Alivia la inflamaci\u00f3n de la piel y es adecuado para el tratamiento de enfermedades inflamatorias de la piel como el eczema y la dermatitis.<\/p>\n<p><strong>Par\u00e1metros:<\/strong><br \/>\nNombre del producto: Dispositivo de belleza de plasma fr\u00edo Coolplasma<br \/>\nPantalla t\u00e1ctil capacitiva de vidrio templado: 15 pulgadas<br \/>\nPantalla t\u00e1ctil: CA 100 V ~ 240 V, 50 Hz-60 Hz<br \/>\nPotencia: 10-200W<br \/>\nTama\u00f1o de la m\u00e1quina: 48,5\u271840\u271847cm<br \/>\nPeso bruto: 23 kg<\/p>\n<p><strong>El paquete incluye:<\/strong><br \/>\n1 dispositivo de belleza de plasma fr\u00edo<br \/>\n1 x 2 manijas<br \/>\n8 cabezales de repuesto<\/p>","protected":false},"featured_media":4954,"template":"","meta":[],"product_brand":[],"product_cat":[86,81],"product_tag":[],"class_list":{"0":"post-4969","1":"product","2":"type-product","3":"status-publish","4":"has-post-thumbnail","6":"product_cat-skin-care-and-facial-rejuvenation","7":"product_cat-mnrf-microneedling","9":"first","10":"instock","11":"shipping-taxable","12":"product-type-simple"},"_links":{"self":[{"href":"https:\/\/shefmon.com\/es\/wp-json\/wp\/v2\/product\/4969","targetHints":{"allow":["GET"]}}],"collection":[{"href":"https:\/\/shefmon.com\/es\/wp-json\/wp\/v2\/product"}],"about":[{"href":"https:\/\/shefmon.com\/es\/wp-json\/wp\/v2\/types\/product"}],"version-history":[{"count":0,"href":"https:\/\/shefmon.com\/es\/wp-json\/wp\/v2\/product\/4969\/revisions"}],"wp:featuredmedia":[{"embeddable":true,"href":"https:\/\/shefmon.com\/es\/wp-json\/wp\/v2\/media\/4954"}],"wp:attachment":[{"href":"https:\/\/shefmon.com\/es\/wp-json\/wp\/v2\/media?parent=4969"}],"wp:term":[{"taxonomy":"product_brand","embeddable":true,"href":"https:\/\/shefmon.com\/es\/wp-json\/wp\/v2\/product_brand?post=4969"},{"taxonomy":"product_cat","embeddable":true,"href":"https:\/\/shefmon.com\/es\/wp-json\/wp\/v2\/product_cat?post=4969"},{"taxonomy":"product_tag","embeddable":true,"href":"https:\/\/shefmon.com\/es\/wp-json\/wp\/v2\/product_tag?post=4969"}],"curies":[{"name":"wp","href":"https:\/\/api.w.org\/{rel}","templated":true}]}}