{"id":4730,"date":"2024-12-27T15:05:51","date_gmt":"2024-12-27T07:05:51","guid":{"rendered":"https:\/\/palegoldenrod-manatee-952098.hostingersite.com\/?post_type=product&#038;p=4730"},"modified":"2025-09-17T18:15:05","modified_gmt":"2025-09-17T10:15:05","slug":"inner-ball-rollerzero-endolift-therapy-machine-for-body-shaping","status":"publish","type":"product","link":"https:\/\/shefmon.com\/es\/product\/inner-ball-rollerzero-endolift-therapy-machine-for-body-shaping\/","title":{"rendered":"M\u00e1quina de terapia EndoLift XC102 con rodillo de bolas interno para remodelaci\u00f3n corporal"},"content":{"rendered":"<h2><strong>\u00bfQu\u00e9 es RollerZERO y c\u00f3mo funciona?<\/strong><\/h2>\n<p><a href=\"https:\/\/palegoldenrod-manatee-952098.hostingersite.com\/what-is-endospheres-and-rollerzero\/\">RollerZERO<\/a> Es un dispositivo de vanguardia para uso personal, dise\u00f1ado para brindar terapia de calidad profesional a su hogar. Sus avanzadas funciones lo hacen vers\u00e1til, f\u00e1cil de usar y eficaz para diversas necesidades, como modelar el cuerpo, mejorar la textura de la piel y promover la relajaci\u00f3n.<\/p>\n<p><img fetchpriority=\"high\" decoding=\"async\" class=\"alignnone size-full wp-image-4725\" src=\"https:\/\/shefmon.com\/wp-content\/uploads\/2024\/12\/rollerzero-shefmon.jpg\" alt=\"\u00bfQu\u00e9 es la terapia de end\u00f3sferas?\" width=\"750\" height=\"750\" srcset=\"https:\/\/shefmon.com\/wp-content\/uploads\/2024\/12\/rollerzero-shefmon.jpg 750w, https:\/\/shefmon.com\/wp-content\/uploads\/2024\/12\/rollerzero-shefmon-300x300.jpg 300w, https:\/\/shefmon.com\/wp-content\/uploads\/2024\/12\/rollerzero-shefmon-150x150.jpg 150w, https:\/\/shefmon.com\/wp-content\/uploads\/2024\/12\/rollerzero-shefmon-600x600.jpg 600w\" sizes=\"(max-width: 750px) 100vw, 750px\" \/><\/p>\n<h3><strong>Caracter\u00edsticas principales de RollerZERO<\/strong><\/h3>\n<ol>\n<li><strong>Dise\u00f1o innovador de pantalla t\u00e1ctil<\/strong>\n<ul>\n<li>Equipado con una pantalla t\u00e1ctil capacitiva de vista completa IPS de 4,3 pulgadas.<\/li>\n<li>Interfaz intuitiva para una operaci\u00f3n sin esfuerzo.<\/li>\n<\/ul>\n<\/li>\n<li><strong>Motor de alto rendimiento<\/strong>\n<ul>\n<li>Motor sin escobillas de 6 ranuras y 4 polos con una velocidad sin carga de 7.900 RPM y una velocidad con carga de 6.000 RPM.<\/li>\n<li>Ofrece un torque de 500 g*cm para un rendimiento constante.<\/li>\n<\/ul>\n<\/li>\n<li><strong>Velocidad y rotaci\u00f3n personalizables<\/strong>\n<ul>\n<li>10 niveles de velocidad ajustables para adaptarse a sus preferencias.<\/li>\n<li>Cambio de rotaci\u00f3n hacia adelante y hacia atr\u00e1s con un solo toque para mayor flexibilidad.<\/li>\n<\/ul>\n<\/li>\n<li><strong>Modos de luz LED din\u00e1micos<\/strong>\n<ul>\n<li>Siete colores LED vibrantes (rojo, naranja, amarillo, verde, cian, azul, violeta) con brillo ajustable en 10 niveles.<\/li>\n<li>Cuatro modos de LED para adaptarse a diferentes necesidades terap\u00e9uticas.<\/li>\n<\/ul>\n<\/li>\n<li><strong>Dise\u00f1o elegante y duradero<\/strong>\n<ul>\n<li>Embalaje de l\u00e1mina de oro UV e interior de espuma EVA de alta densidad para una protecci\u00f3n superior.<\/li>\n<li>La carcasa magn\u00e9tica de pl\u00e1stico ABS permite reemplazar f\u00e1cilmente el cabezal.<\/li>\n<\/ul>\n<\/li>\n<li><strong>Compatibilidad global<\/strong>\n<ul>\n<li>Adaptador de corriente de 24 V con m\u00faltiples opciones de enchufe: est\u00e1ndares de EE. UU., UE, Reino Unido, Brasil y China.<\/li>\n<li>Perfecto para uso internacional.<\/li>\n<\/ul>\n<\/li>\n<li><strong>Accesorios completos<\/strong>\n<ul>\n<li>Incluye un dispositivo principal, un cabezal s\u00f3lido de POM, un cabezal combinado de silicona, un adaptador de corriente y un manual de usuario multiling\u00fce (traducido a ocho idiomas: ingl\u00e9s, chino, ruso, franc\u00e9s, alem\u00e1n, italiano, espa\u00f1ol y portugu\u00e9s).<\/li>\n<\/ul>\n<\/li>\n<\/ol>\n<p><img decoding=\"async\" class=\"alignnone size-full wp-image-4723 lazyload\" data-src=\"https:\/\/shefmon.com\/wp-content\/uploads\/2024\/12\/rollerzero-from-shefmon-3-1.webp\" alt=\"Dispositivo de adelgazamiento con rodillo de bola interior y terapia de endosferas\" width=\"750\" height=\"508\" data-srcset=\"https:\/\/shefmon.com\/wp-content\/uploads\/2024\/12\/rollerzero-from-shefmon-3-1.webp 750w, https:\/\/shefmon.com\/wp-content\/uploads\/2024\/12\/rollerzero-from-shefmon-3-1-150x102.webp 150w, https:\/\/shefmon.com\/wp-content\/uploads\/2024\/12\/rollerzero-from-shefmon-3-1-600x406.webp 600w, https:\/\/shefmon.com\/wp-content\/uploads\/2024\/12\/rollerzero-from-shefmon-3-1-300x203.webp 300w\" data-sizes=\"(max-width: 750px) 100vw, 750px\" src=\"data:image\/gif;base64,R0lGODlhAQABAAAAACH5BAEKAAEALAAAAAABAAEAAAICTAEAOw==\" style=\"--smush-placeholder-width: 750px; --smush-placeholder-aspect-ratio: 750\/508;\" \/><\/p>\n<h3><strong>\u00bfPor qu\u00e9 elegir RollerZERO?<\/strong><\/h3>\n<ul>\n<li><strong>Facilidad de uso:<\/strong> Dise\u00f1ado para uso personal sin necesidad de un operador profesional.<\/li>\n<li><strong>Conveniencia:<\/strong> Compacto y port\u00e1til, lo que lo hace perfecto para uso dom\u00e9stico.<\/li>\n<li><strong>Versatilidad:<\/strong> Combina m\u00faltiples funciones como alivio muscular, rejuvenecimiento de la piel y terapia de relajaci\u00f3n.<\/li>\n<li><strong>Embalaje ecol\u00f3gico:<\/strong> Materiales duraderos y reutilizables para uso a largo plazo.<\/li>\n<\/ul>\n<h3><strong>C\u00f3mo utilizar RollerZERO<\/strong><\/h3>\n<ol>\n<li>Seleccione el cabezal adecuado para su zona de tratamiento.<\/li>\n<li>Ajuste la velocidad y la configuraci\u00f3n del LED para que coincidan con la intensidad y el prop\u00f3sito deseados.<\/li>\n<li>Comience su sesi\u00f3n moviendo el dispositivo suavemente sobre el \u00e1rea objetivo.<\/li>\n<\/ol>\n<h3><strong>\u00bfQui\u00e9n puede beneficiarse?<\/strong><\/h3>\n<p>RollerZERO es ideal para quienes buscan mejorar la salud de su cuerpo y piel sin necesidad de ir frecuentemente al spa. Su combinaci\u00f3n de tecnolog\u00eda de punta y facilidad de uso lo hace accesible para todos los niveles.<\/p>\n<h3><strong>Consigue RollerZERO hoy<\/strong><\/h3>\n<p>Lleva la terapia profesional a tu hogar con RollerZERO. Ya sea que quieras combatir la celulitis, mejorar la circulaci\u00f3n o simplemente disfrutar de un masaje relajante, este dispositivo es la soluci\u00f3n perfecta. \u00a1P\u00eddelo ahora y da el primer paso hacia una vida m\u00e1s sana y radiante!<\/p>\n<p><img decoding=\"async\" class=\"alignnone size-full wp-image-4721 lazyload\" data-src=\"https:\/\/shefmon.com\/wp-content\/uploads\/2024\/12\/rollerzero-from-shefmon-1-1.webp\" alt=\"Dispositivo de adelgazamiento con rodillo de bola interior y terapia de endosferas\" width=\"750\" height=\"485\" data-srcset=\"https:\/\/shefmon.com\/wp-content\/uploads\/2024\/12\/rollerzero-from-shefmon-1-1.webp 750w, https:\/\/shefmon.com\/wp-content\/uploads\/2024\/12\/rollerzero-from-shefmon-1-1-150x97.webp 150w, https:\/\/shefmon.com\/wp-content\/uploads\/2024\/12\/rollerzero-from-shefmon-1-1-600x388.webp 600w, https:\/\/shefmon.com\/wp-content\/uploads\/2024\/12\/rollerzero-from-shefmon-1-1-300x194.webp 300w\" data-sizes=\"(max-width: 750px) 100vw, 750px\" src=\"data:image\/gif;base64,R0lGODlhAQABAAAAACH5BAEKAAEALAAAAAABAAEAAAICTAEAOw==\" style=\"--smush-placeholder-width: 750px; --smush-placeholder-aspect-ratio: 750\/485;\" \/><\/p>","protected":false},"excerpt":{"rendered":"<p><strong>Descubre RollerZERO<\/strong><br \/>\nLleve terapia de calidad profesional a su hogar con <strong>RollerZERO<\/strong>El dispositivo definitivo para el cuidado personal. Dise\u00f1ado para la comodidad y la eficacia, es perfecto para el rejuvenecimiento de la piel, la reducci\u00f3n de la celulitis y la relajaci\u00f3n muscular.<br \/>\n<strong>Tecnolog\u00eda avanzada<\/strong><br \/>\nRollerZERO cuenta con un potente motor sin escobillas, 10 niveles de velocidad ajustables y modos de luz LED din\u00e1micos para adaptarse a todas tus necesidades. Su pantalla t\u00e1ctil de 4.3 pulgadas y cabezales magn\u00e9ticos de repuesto lo hacen incre\u00edblemente f\u00e1cil de usar.<\/p>","protected":false},"featured_media":4722,"template":"","meta":[],"product_brand":[],"product_cat":[77,90],"product_tag":[],"class_list":{"0":"post-4730","1":"product","2":"type-product","3":"status-publish","4":"has-post-thumbnail","6":"product_cat-endos-velapro","7":"product_cat-lose-fat-and-body-firming","9":"first","10":"instock","11":"shipping-taxable","12":"product-type-simple"},"_links":{"self":[{"href":"https:\/\/shefmon.com\/es\/wp-json\/wp\/v2\/product\/4730","targetHints":{"allow":["GET"]}}],"collection":[{"href":"https:\/\/shefmon.com\/es\/wp-json\/wp\/v2\/product"}],"about":[{"href":"https:\/\/shefmon.com\/es\/wp-json\/wp\/v2\/types\/product"}],"version-history":[{"count":0,"href":"https:\/\/shefmon.com\/es\/wp-json\/wp\/v2\/product\/4730\/revisions"}],"wp:featuredmedia":[{"embeddable":true,"href":"https:\/\/shefmon.com\/es\/wp-json\/wp\/v2\/media\/4722"}],"wp:attachment":[{"href":"https:\/\/shefmon.com\/es\/wp-json\/wp\/v2\/media?parent=4730"}],"wp:term":[{"taxonomy":"product_brand","embeddable":true,"href":"https:\/\/shefmon.com\/es\/wp-json\/wp\/v2\/product_brand?post=4730"},{"taxonomy":"product_cat","embeddable":true,"href":"https:\/\/shefmon.com\/es\/wp-json\/wp\/v2\/product_cat?post=4730"},{"taxonomy":"product_tag","embeddable":true,"href":"https:\/\/shefmon.com\/es\/wp-json\/wp\/v2\/product_tag?post=4730"}],"curies":[{"name":"wp","href":"https:\/\/api.w.org\/{rel}","templated":true}]}}