{"id":4674,"date":"2024-11-27T21:54:25","date_gmt":"2024-11-27T13:54:25","guid":{"rendered":"https:\/\/palegoldenrod-manatee-952098.hostingersite.com\/?post_type=product&#038;p=4674"},"modified":"2025-09-17T18:34:07","modified_gmt":"2025-09-17T10:34:07","slug":"estimuladores-musculares-magface-y-emface-en-venta","status":"publish","type":"product","link":"https:\/\/shefmon.com\/es\/product\/magface-emface-muscle-stimulators-machine-for-sale\/","title":{"rendered":"M\u00e1quina de estimulaci\u00f3n muscular EmFace A0271-F MAGFACE en venta"},"content":{"rendered":"<h2><strong>Esculpe y remodela tu rostro con MAGFACE\u2122 <a href=\"https:\/\/shefmon.com\/beauty-machines\/emslim\/\">EMFACE<\/a> en Dallas<\/strong><\/h2>\n<p>SHEFMON Aesthetics presenta <a href=\"https:\/\/shefmon.com\/beauty-machines\/emslim\/\"><strong>MAGFACE\u2122 EMFACE<\/strong>,<\/a> Un innovador tratamiento no invasivo que esculpe tu rostro como EmsculptNeo esculpe tu cuerpo. MAGFACE\u2122 utiliza tecnolog\u00eda de vanguardia para trabajar simult\u00e1neamente tanto el m\u00fasculo como la grasa, brindando una experiencia transformadora de contorno facial en una sola sesi\u00f3n. <strong>Consultorio de Dermatolog\u00eda<\/strong> en Dallas es el primero en ofrecer este tratamiento innovador, con <strong>Dra. Ellen Turner<\/strong>, una luminaria MAGFACE\u2122, que lidera la educaci\u00f3n de los proveedores de atenci\u00f3n m\u00e9dica de todo el pa\u00eds sobre los beneficios del dispositivo.<\/p>\n<p><img fetchpriority=\"high\" decoding=\"async\" class=\"alignnone wp-image-4374\" src=\"https:\/\/shefmon.com\/wp-content\/uploads\/2024\/08\/A0272-emface-7.webp\" alt=\"M\u00e1quina de belleza para lifting facial con estimulaci\u00f3n muscular por radiofrecuencia Ems y escultura facial.\" width=\"701\" height=\"550\" \/><\/p>\n<h2><strong>Por qu\u00e9 funciona MAGFACE\u2122 EMFACE<\/strong><\/h2>\n<p>MAGFACE\u2122 eleva las cejas, suaviza las l\u00edneas de la frente, define la l\u00ednea de la mand\u00edbula y tensa la piel fl\u00e1cida, todo sin cirug\u00eda, inyecciones ni puntos de sutura. Estudios cl\u00ednicos demuestran que los pacientes pueden experimentar:<\/p>\n<ul>\n<li><strong>30% mejora el tono muscular<\/strong><\/li>\n<li><strong>Mejora del 23% en el lifting de la piel<\/strong><\/li>\n<li><strong>37% reducci\u00f3n de arrugas<\/strong><\/li>\n<\/ul>\n<p><img decoding=\"async\" class=\"alignnone wp-image-4388 size-full lazyload\" data-src=\"https:\/\/shefmon.com\/wp-content\/uploads\/2024\/08\/emsface-shefmon.webp\" alt=\"\" width=\"800\" height=\"352\" data-srcset=\"https:\/\/shefmon.com\/wp-content\/uploads\/2024\/08\/emsface-shefmon.webp 800w, https:\/\/shefmon.com\/wp-content\/uploads\/2024\/08\/emsface-shefmon-150x66.webp 150w, https:\/\/shefmon.com\/wp-content\/uploads\/2024\/08\/emsface-shefmon-600x264.webp 600w, https:\/\/shefmon.com\/wp-content\/uploads\/2024\/08\/emsface-shefmon-300x132.webp 300w, https:\/\/shefmon.com\/wp-content\/uploads\/2024\/08\/emsface-shefmon-768x338.webp 768w\" data-sizes=\"(max-width: 800px) 100vw, 800px\" src=\"data:image\/gif;base64,R0lGODlhAQABAAAAACH5BAEKAAEALAAAAAABAAEAAAICTAEAOw==\" style=\"--smush-placeholder-width: 800px; --smush-placeholder-aspect-ratio: 800\/352;\" \/><\/p>\n<p>&nbsp;<\/p>\n<h2><strong>C\u00f3mo afecta el envejecimiento a tu rostro<\/strong><\/h2>\n<p>A medida que envejecemos, nuestro rostro experimenta muchos cambios. Los huesos, los m\u00fasculos y la grasa pierden densidad, lo que provoca que la piel se vuelva m\u00e1s delgada y d\u00e9bil debido a la p\u00e9rdida de col\u00e1geno. Estos cambios pueden provocar flacidez alrededor de la mand\u00edbula y l\u00edneas de expresi\u00f3n m\u00e1s profundas. <strong>Capa SMAS<\/strong> (el tejido que conecta los m\u00fasculos de la cara y el cuello con la piel) tambi\u00e9n pierde elasticidad, lo que provoca a\u00fan m\u00e1s flacidez.<\/p>\n<h2><strong>C\u00f3mo MAGFACE\u2122 EMFACE revierte estos efectos<\/strong><\/h2>\n<p>MAGFACE\u2122 combina dos potentes tratamientos en una sola sesi\u00f3n:<\/p>\n<ul>\n<li><strong>HIFEM\u2122 (Tecnolog\u00eda electromagn\u00e9tica enfocada de alta intensidad)<\/strong> Ayuda a desarrollar y tonificar los m\u00fasculos al activar contracciones supram\u00e1ximas, equivalentes a un entrenamiento intenso para los m\u00fasculos faciales. Este proceso no solo fortalece los m\u00fasculos, sino que tambi\u00e9n estimula el metabolismo de las grasas.<\/li>\n<li><strong>Energ\u00eda de radiofrecuencia (RF)<\/strong> Ayuda a tensar la piel, reducir la grasa y estimular la producci\u00f3n de col\u00e1geno, proporcion\u00e1ndole una piel m\u00e1s suave, firme y joven.<\/li>\n<\/ul>\n<p>Este proceso de doble acci\u00f3n hace de MAGFACE\u2122 una alternativa poderosa y no invasiva a las inyecciones, estiramientos faciales y otros tratamientos m\u00ednimamente invasivos.<\/p>\n<h2><strong>\u00bfEs MAGFACE\u2122 EMFACE adecuado para usted?<\/strong><\/h2>\n<p>MAGFACE\u2122 EMFACE es seguro para todo tipo de cuerpo, tipo y tono de piel. No existe una edad ideal para comenzar el tratamiento, pero los pacientes sanos, bien hidratados y con un peso estable suelen obtener los mejores resultados. Si tiene un marcapasos o implantes met\u00e1licos, MAGFACE\u2122 podr\u00eda no ser adecuado para usted.<\/p>\n<h2><strong>\u00bfQu\u00e9 sucede durante el tratamiento MAGFACE\u2122 EMFACE?<\/strong><\/h2>\n<p>El procedimiento MAGFACE\u2122 EMFACE es r\u00e1pido, c\u00f3modo e indoloro. Las sesiones duran solo 20 minutos. Se recostar\u00e1 mientras se coloca una almohadilla conductora sobre la piel y se aplican las almohadillas de gel MAGFACE\u2122 en zonas como la frente y las mejillas. El dispositivo emite energ\u00eda que provoca contracciones musculares y calienta los tejidos, brind\u00e1ndole una sensaci\u00f3n relajante similar a la de una piedra caliente, con ligeras vibraciones. Su funci\u00f3n de apagado autom\u00e1tico garantiza que el tratamiento nunca se caliente demasiado ni resulte inc\u00f3modo. Un profesional le acompa\u00f1ar\u00e1 durante toda la sesi\u00f3n.<\/p>\n<h2><strong>Resultados que puede esperar de MAGFACE\u2122EMFACE<\/strong><\/h2>\n<p>Si bien puede notar algunas mejoras iniciales despu\u00e9s de una sola sesi\u00f3n, los mejores resultados se obtienen despu\u00e9s de una serie de tratamientos. La mayor\u00eda de los pacientes experimentan los beneficios completos dentro de los 3 meses posteriores a la finalizaci\u00f3n de hasta <strong>4 sesiones<\/strong>El procedimiento proporciona resultados sutiles y de aspecto natural que levantan y contornean el rostro sin el aspecto exagerado o r\u00edgido que pueden crear otros tratamientos.<\/p>\n<p>MAGFACE\u2122 EMFACE es una forma segura, eficaz y no invasiva de rejuvenecer tu rostro, restaurar el volumen y lograr el aspecto esculpido que siempre has so\u00f1ado. \u00bfListo para transformar tu contorno facial? <strong>Reserve una consulta hoy<\/strong>!<\/p>\n<p><img decoding=\"async\" class=\"alignnone size-full wp-image-4681 lazyload\" data-src=\"https:\/\/shefmon.com\/wp-content\/uploads\/2024\/11\/A0271-F.4-1.jpg\" alt=\"M\u00e1quina EMface para lifting facial, reafirmaci\u00f3n de la piel y eliminaci\u00f3n de arrugas en venta\" width=\"750\" height=\"750\" data-srcset=\"https:\/\/shefmon.com\/wp-content\/uploads\/2024\/11\/A0271-F.4-1.jpg 750w, https:\/\/shefmon.com\/wp-content\/uploads\/2024\/11\/A0271-F.4-1-300x300.jpg 300w, https:\/\/shefmon.com\/wp-content\/uploads\/2024\/11\/A0271-F.4-1-150x150.jpg 150w, https:\/\/shefmon.com\/wp-content\/uploads\/2024\/11\/A0271-F.4-1-600x600.jpg 600w\" data-sizes=\"(max-width: 750px) 100vw, 750px\" src=\"data:image\/gif;base64,R0lGODlhAQABAAAAACH5BAEKAAEALAAAAAABAAEAAAICTAEAOw==\" style=\"--smush-placeholder-width: 750px; --smush-placeholder-aspect-ratio: 750\/750;\" \/><\/p>","protected":false},"excerpt":{"rendered":"<p>Dispositivo de microcorriente para esculpir y reafirmar el rostro MAGFACE Emface EMS<br \/>\n<strong>Funciones:<\/strong><br \/>\nTensado de la piel, lifting facial y reducci\u00f3n de arrugas.<br \/>\nMejora el tono muscular<br \/>\nAumenta la producci\u00f3n de col\u00e1geno y elastina.<br \/>\n<strong>Caracter\u00edsticas:<\/strong><br \/>\nAlmohadillas magn\u00e9ticas faciales y almohadillas de tratamiento EMS + RF<br \/>\nSe enfoca en cinco \u00e1reas clave: frente, ojos, rostro, ment\u00f3n y cuello.<br \/>\nAlta potencia de salida de energ\u00eda para mejores resultados<br \/>\nSoporte de fabricaci\u00f3n OEM y ODM disponible<br \/>\n<span style=\"color: #000000;\"><strong>Par\u00e1metros:<\/strong><\/span><br \/>\nPotencia: 800W<br \/>\nTama\u00f1o de pantalla: 12,1 pulgadas<br \/>\nFormas de parches: 5 tipos<br \/>\nCanales: 5 simult\u00e1neos<br \/>\nPotencia de RF: 300 W<br \/>\nVoltaje: CA 220 V \u00b1 101 TP3T 50 Hz, 110 V \u00b1 101 TP3T 60 Hz<\/p>","protected":false},"featured_media":4678,"template":"","meta":[],"product_brand":[],"product_cat":[75,85,86,91],"product_tag":[],"class_list":{"0":"post-4674","1":"product","2":"type-product","3":"status-publish","4":"has-post-thumbnail","6":"product_cat-emslim","7":"product_cat-gain-muscle-and-body-shaping","8":"product_cat-skin-care-and-facial-rejuvenation","9":"product_cat-wrinkle-removal-and-skin-tightening","11":"first","12":"instock","13":"shipping-taxable","14":"product-type-simple"},"_links":{"self":[{"href":"https:\/\/shefmon.com\/es\/wp-json\/wp\/v2\/product\/4674","targetHints":{"allow":["GET"]}}],"collection":[{"href":"https:\/\/shefmon.com\/es\/wp-json\/wp\/v2\/product"}],"about":[{"href":"https:\/\/shefmon.com\/es\/wp-json\/wp\/v2\/types\/product"}],"version-history":[{"count":0,"href":"https:\/\/shefmon.com\/es\/wp-json\/wp\/v2\/product\/4674\/revisions"}],"wp:featuredmedia":[{"embeddable":true,"href":"https:\/\/shefmon.com\/es\/wp-json\/wp\/v2\/media\/4678"}],"wp:attachment":[{"href":"https:\/\/shefmon.com\/es\/wp-json\/wp\/v2\/media?parent=4674"}],"wp:term":[{"taxonomy":"product_brand","embeddable":true,"href":"https:\/\/shefmon.com\/es\/wp-json\/wp\/v2\/product_brand?post=4674"},{"taxonomy":"product_cat","embeddable":true,"href":"https:\/\/shefmon.com\/es\/wp-json\/wp\/v2\/product_cat?post=4674"},{"taxonomy":"product_tag","embeddable":true,"href":"https:\/\/shefmon.com\/es\/wp-json\/wp\/v2\/product_tag?post=4674"}],"curies":[{"name":"wp","href":"https:\/\/api.w.org\/{rel}","templated":true}]}}