{"id":4656,"date":"2024-11-26T20:08:51","date_gmt":"2024-11-26T12:08:51","guid":{"rendered":"https:\/\/palegoldenrod-manatee-952098.hostingersite.com\/?post_type=product&#038;p=4656"},"modified":"2026-04-29T16:53:21","modified_gmt":"2026-04-29T08:53:21","slug":"new-cryo-ems-coolsculpting-cryolipolysis-cryoems-weight-loss-body-shaping-machine","status":"publish","type":"product","link":"https:\/\/shefmon.com\/es\/product\/new-cryo-ems-coolsculpting-cryolipolysis-cryoems-weight-loss-body-shaping-machine\/","title":{"rendered":"S26-CryoEMS Nueva m\u00e1quina Cryo EMS Coolsculpting Criolip\u00f3lisis Cryoems para p\u00e9rdida de peso y modelado corporal"},"content":{"rendered":"<h2>\u00bfQu\u00e9 es CryoEMS?<\/h2>\n<p>CRYOEMS es un dispositivo cosm\u00e9tico avanzado que combina la terapia de fr\u00edo y la estimulaci\u00f3n muscular electr\u00f3nica (EMS) para reducir la grasa localizada, reafirmar la piel y esculpir el cuerpo. El sistema incluye un cuerpo principal, dos piezas de mano de enfriamiento de diferentes tama\u00f1os y seis placas de enfriamiento con superficies curvas o planas, todas conectadas mediante mangueras.<br \/>\nEl dispositivo funciona con un software inteligente controlado mediante una pantalla t\u00e1ctil. Las piezas de mano de enfriamiento cuentan con placas que pueden calentarse hasta 36 \u00b0C o enfriarse hasta -4 \u00b0C para ofrecer opciones de tratamiento vers\u00e1tiles. Cada una de las seis placas de enfriamiento est\u00e1 equipada con puntos de contacto de electrodos adhesivos EMS para mayor funcionalidad.<br \/>\nCuando no se utilicen, las placas de enfriamiento y las piezas de mano deben colocarse de forma segura en los soportes designados en la parte posterior del dispositivo, garantizando as\u00ed un cuidado y una organizaci\u00f3n adecuados. CryoEMS ofrece una soluci\u00f3n de vanguardia para la reducci\u00f3n de grasa y el reafirmado de la piel de forma eficaz.<\/p>\n<p>&nbsp;<\/p>\n<p><img fetchpriority=\"high\" decoding=\"async\" class=\"alignnone wp-image-4647 size-full\" src=\"https:\/\/shefmon.com\/wp-content\/uploads\/2024\/11\/S23-CRYOEMS-1-e1732620402397.webp\" alt=\"M\u00e1quina de adelgazamiento crio EMS CoolSculpting para moldear el cuerpo\" width=\"750\" height=\"537\" srcset=\"https:\/\/shefmon.com\/wp-content\/uploads\/2024\/11\/S23-CRYOEMS-1-e1732620402397.webp 750w, https:\/\/shefmon.com\/wp-content\/uploads\/2024\/11\/S23-CRYOEMS-1-e1732620402397-150x107.webp 150w, https:\/\/shefmon.com\/wp-content\/uploads\/2024\/11\/S23-CRYOEMS-1-e1732620402397-600x430.webp 600w, https:\/\/shefmon.com\/wp-content\/uploads\/2024\/11\/S23-CRYOEMS-1-e1732620402397-300x215.webp 300w\" sizes=\"(max-width: 750px) 100vw, 750px\" \/><\/p>\n<h2>\u00a1Consigue una de las m\u00e1quinas de criolip\u00f3lisis CryoEMS m\u00e1s avanzadas!<\/h2>\n<p>CryoEMS combina la tecnolog\u00eda CRYO y la estimulaci\u00f3n muscular EMS para una reducci\u00f3n de grasa y tonificaci\u00f3n muscular efectiva.<br \/>\nCon hasta 8 piezas de mano trabajando simult\u00e1neamente, ofrece resultados potentes.<br \/>\n<span style=\"color: #ff6600;\">\u201cConstruido con piezas importadas de primera calidad de Italia\u201d.<\/span><\/p>\n<p><img decoding=\"async\" class=\"alignnone wp-image-4653 size-full lazyload\" data-src=\"https:\/\/shefmon.com\/wp-content\/uploads\/2024\/11\/S23-CRYOEMS-7.webp\" alt=\"\" width=\"750\" height=\"750\" data-srcset=\"https:\/\/shefmon.com\/wp-content\/uploads\/2024\/11\/S23-CRYOEMS-7.webp 750w, https:\/\/shefmon.com\/wp-content\/uploads\/2024\/11\/S23-CRYOEMS-7-300x300.webp 300w, https:\/\/shefmon.com\/wp-content\/uploads\/2024\/11\/S23-CRYOEMS-7-150x150.webp 150w, https:\/\/shefmon.com\/wp-content\/uploads\/2024\/11\/S23-CRYOEMS-7-600x600.webp 600w, https:\/\/shefmon.com\/wp-content\/uploads\/2024\/11\/S23-CRYOEMS-7-500x500.webp 500w\" data-sizes=\"(max-width: 750px) 100vw, 750px\" src=\"data:image\/gif;base64,R0lGODlhAQABAAAAACH5BAEKAAEALAAAAAABAAEAAAICTAEAOw==\" style=\"--smush-placeholder-width: 750px; --smush-placeholder-aspect-ratio: 750\/750;\" \/><\/p>\n<h2>Comprar CryoEMS: criolip\u00f3lisis y EMS en un solo dispositivo<\/h2>\n<p>CryoEMS combina criolip\u00f3lisis (congelaci\u00f3n de grasa) y EMS (estimulaci\u00f3n muscular) en cada placa de enfriamiento, lo que permite que ambas tecnolog\u00edas trabajen juntas para adelgazar y tonificar el cuerpo. Lo mejor es que CryoEMS es vers\u00e1til, con mangos faciales y corporales \u00fanicos que permiten tratar pr\u00e1cticamente cualquier zona.<\/p>\n<p>La pantalla t\u00e1ctil de 15.6&quot; le permite configurar f\u00e1cilmente el tiempo y la intensidad del tratamiento. Una vez configurado todo y aplicados los mangos, no necesitar\u00e1 supervisi\u00f3n constante. Puede aprovechar ese tiempo para ayudar a otros clientes o realizar tratamientos adicionales.<\/p>\n<p>El procedimiento es suave, indoloro y f\u00e1cil de aprender. Colocar y retirar los mangos solo toma unos minutos. Mientras el tratamiento est\u00e1 en curso, sus clientes pueden relajarse y usted puede concentrarse en otras tareas.<\/p>\n<p><img decoding=\"async\" class=\"alignnone wp-image-4655 size-full lazyload\" data-src=\"https:\/\/shefmon.com\/wp-content\/uploads\/2024\/11\/S23-CRYOEMS-9.webp\" alt=\"M\u00e1quina de adelgazamiento crio EMS CoolSculpting para moldear el cuerpo\" width=\"750\" height=\"750\" data-srcset=\"https:\/\/shefmon.com\/wp-content\/uploads\/2024\/11\/S23-CRYOEMS-9.webp 750w, https:\/\/shefmon.com\/wp-content\/uploads\/2024\/11\/S23-CRYOEMS-9-300x300.webp 300w, https:\/\/shefmon.com\/wp-content\/uploads\/2024\/11\/S23-CRYOEMS-9-150x150.webp 150w, https:\/\/shefmon.com\/wp-content\/uploads\/2024\/11\/S23-CRYOEMS-9-600x600.webp 600w\" data-sizes=\"(max-width: 750px) 100vw, 750px\" src=\"data:image\/gif;base64,R0lGODlhAQABAAAAACH5BAEKAAEALAAAAAABAAEAAAICTAEAOw==\" style=\"--smush-placeholder-width: 750px; --smush-placeholder-aspect-ratio: 750\/750;\" \/><\/p>\n<p>&nbsp;<\/p>\n<h2>\u00bfPara qu\u00e9 se utiliza CryoEMS?<\/h2>\n<p>La criolip\u00f3lisis congela la grasa mediante bajas temperaturas constantes, mientras que las luces LED azules mejoran la piel y la funci\u00f3n EMS integrada reafirma el cuerpo, todo en un solo tratamiento. Lo mejor de todo es que es completamente indoloro, no invasivo y respetuoso con la piel.<\/p>\n<p>Con CryoEMS, puede tratar una amplia gama de zonas corporales y faciales, o crear sesiones personalizadas seg\u00fan las necesidades de su cliente. Sin importar d\u00f3nde se encuentren las zonas problem\u00e1ticas, CryoEMS ofrece la soluci\u00f3n perfecta para cada una.<\/p>\n<p><strong>Beneficios para el cuerpo:<\/strong><br \/>\n\u2013 Eliminaci\u00f3n de grasa<br \/>\n\u2013 Reafirmante<br \/>\n\u2013 Relajaci\u00f3n muscular<br \/>\n\u2013 Drenaje<br \/>\n\u2013 Reducci\u00f3n de la celulitis<br \/>\n\u2013 Dar forma<\/p>\n<p><strong>Beneficios para el rostro:<\/strong><br \/>\n\u2013 Antienvejecimiento<br \/>\n\u2013 Suavizado de arrugas<br \/>\n\u2013 Levantamiento<br \/>\n\u2013 Limpieza de la piel<br \/>\n\u2013 Tratamiento de la cuperosis<br \/>\n\u2013 Reducci\u00f3n de papada<\/p>\n<p><img decoding=\"async\" class=\"alignnone wp-image-4649 size-full lazyload\" data-src=\"https:\/\/shefmon.com\/wp-content\/uploads\/2024\/11\/S23-CRYOEMS-3.webp\" alt=\"M\u00e1quina de adelgazamiento crio EMS CoolSculpting para moldear el cuerpo\" width=\"750\" height=\"750\" data-srcset=\"https:\/\/shefmon.com\/wp-content\/uploads\/2024\/11\/S23-CRYOEMS-3.webp 750w, https:\/\/shefmon.com\/wp-content\/uploads\/2024\/11\/S23-CRYOEMS-3-300x300.webp 300w, https:\/\/shefmon.com\/wp-content\/uploads\/2024\/11\/S23-CRYOEMS-3-150x150.webp 150w, https:\/\/shefmon.com\/wp-content\/uploads\/2024\/11\/S23-CRYOEMS-3-600x600.webp 600w\" data-sizes=\"(max-width: 750px) 100vw, 750px\" src=\"data:image\/gif;base64,R0lGODlhAQABAAAAACH5BAEKAAEALAAAAAABAAEAAAICTAEAOw==\" style=\"--smush-placeholder-width: 750px; --smush-placeholder-aspect-ratio: 750\/750;\" \/><\/p>\n<h2>Preguntas frecuentes sobre CryoEMS<\/h2>\n<p><strong>\u00bfQu\u00e9 tan seguro es este tratamiento?<\/strong><br \/>\n\u00a1Muy seguro! Este proceso no invasivo de remodelaci\u00f3n corporal induce la lip\u00f3lisis (descomposici\u00f3n de las c\u00e9lulas grasas) y reduce la grasa sin da\u00f1ar otros tejidos. No requiere tiempo de recuperaci\u00f3n, lo que lo convierte en una opci\u00f3n conveniente.<\/p>\n<p><strong>\u00bfC\u00f3mo puedo lograr los mejores resultados?<\/strong><br \/>\nCombine el tratamiento con una dieta saludable y ejercicio regular. La criolip\u00f3lisis se centra en la reducci\u00f3n de grasa localizada y no es una soluci\u00f3n para bajar de peso. Mant\u00e9ngase hidratado bebiendo abundante agua antes y despu\u00e9s de la sesi\u00f3n para facilitar la eliminaci\u00f3n de desechos a trav\u00e9s del sistema linf\u00e1tico. Hacer ejercicio mejora los resultados, mientras que una mala alimentaci\u00f3n y la falta de actividad pueden perjudicarlos.<\/p>\n<p><strong>\u00bfCon qu\u00e9 frecuencia debo hacerlo?<\/strong><br \/>\nPara tratamientos de reducci\u00f3n de grasa, se recomienda una sesi\u00f3n cada 12 d\u00edas. Este programa permite que el cuerpo procese y elimine de forma natural los desechos de la apoptosis de las c\u00e9lulas grasas. Para tratamientos de tonificaci\u00f3n y adelgazamiento, las sesiones pueden realizarse semanalmente.<\/p>\n<p><strong>\u00bfQu\u00e9 zonas se pueden tratar?<\/strong><br \/>\nSe puede tratar el abdomen, la cara interna o externa de los muslos, los michelines, los brazos, la l\u00ednea del sost\u00e9n, los gl\u00fateos y las piernas. Para obtener resultados \u00f3ptimos, se suelen recomendar de 3 a 5 tratamientos por zona.<\/p>\n<p><strong>\u00bfQu\u00e9 tan r\u00e1pido ver\u00e9 resultados?<\/strong><br \/>\nLos resultados iniciales suelen ser visibles tras la primera sesi\u00f3n y pueden ser muy alentadores. Sin embargo, los resultados \u00f3ptimos suelen aparecer entre 15 d\u00edas y 3 semanas despu\u00e9s de iniciar el tratamiento y contin\u00faan mejorando durante meses.<\/p>\n<p><strong>\u00bfC\u00f3mo se siente?<\/strong><br \/>\nLa experiencia es placentera, comenzando con una breve fase de calentamiento seguida de un enfriamiento gradual pero r\u00e1pido. Al final de la sesi\u00f3n, el choque t\u00e9rmico crea una sensaci\u00f3n de calor y ligereza que te deja con una sensaci\u00f3n de frescor.<\/p>\n<h2>Par\u00e1metros de CryoEMS<\/h2>\n<table style=\"height: 529px;\" width=\"947\">\n<tbody>\n<tr>\n<td width=\"198\">Nombre<\/td>\n<td colspan=\"3\" width=\"618\">Criolip\u00f3lisis Cryoems 8 mangos<\/td>\n<\/tr>\n<tr>\n<td>Tama\u00f1o de la pantalla<\/td>\n<td>15,6 pulgadas<\/td>\n<td>Manijas<\/td>\n<td>8 piezas<\/td>\n<\/tr>\n<tr>\n<td>Temperatura<\/td>\n<td>-10\uff5e0\u00b0,37\uff5e45\u00b0<\/td>\n<td>Voltaje<\/td>\n<td>110~220 V<\/td>\n<\/tr>\n<tr>\n<td>Modo EMS<\/td>\n<td width=\"224\">Salida continua, salida de onda sinusoidal, salida de onda cuadrada<\/td>\n<td>Energ\u00eda EMS<\/td>\n<td>0-30 J<\/td>\n<\/tr>\n<tr>\n<td>corriente pico<\/td>\n<td>Refrigeraci\u00f3n 6,7 A\/Calor 6,8 A<\/td>\n<td>Corriente de encendido<\/td>\n<td>0,38 A<\/td>\n<\/tr>\n<tr>\n<td>potencia m\u00e1xima<\/td>\n<td>Refrigeraci\u00f3n 920w\/Calor 930w<\/td>\n<td>Encender<\/td>\n<td>40 vatios<\/td>\n<\/tr>\n<tr>\n<td>Modo de operaci\u00f3n<\/td>\n<td colspan=\"3\">Modo de ajuste manual\/modo de ciclo autom\u00e1tico<\/td>\n<\/tr>\n<tr>\n<td>Manejar la corriente<\/td>\n<td>2,5-3,5 A<\/td>\n<td>Manejar la potencia<\/td>\n<td>60-84 W<\/td>\n<\/tr>\n<tr>\n<td colspan=\"4\" width=\"816\">\u00a0Paquete: Asas: 17,2 kg, 75 x 49 x 29 cm<br \/>\nM\u00e1quina: 59,2 kg, 67 x 54 x 141 cm<\/td>\n<\/tr>\n<\/tbody>\n<\/table>\n<p>&nbsp;<\/p>","protected":false},"excerpt":{"rendered":"<p><strong>CryoEMS es el \u00fanico dispositivo en el mercado que le ofrece tres oportunidades de negocio en un solo dispositivo.<\/strong><br \/>\n1. Llegar a un grupo objetivo m\u00e1s amplio y generar m\u00e1s ventas.<br \/>\n2. Combinaci\u00f3n \u00fanica: tres tecnolog\u00edas en un solo dispositivo: criolip\u00f3lisis, EMS para desarrollo muscular y reducci\u00f3n de grasa.<br \/>\n3.Tratamiento simult\u00e1neo de un m\u00e1ximo de 8 zonas corporales<br \/>\n4. Perfecto como base para electrodom\u00e9sticos en tu estudio.<br \/>\n5. Conveniente tanto para el usuario como para el cliente.<br \/>\n6. Una inversi\u00f3n que vale la pena a largo plazo<br \/>\n7.Amortizaci\u00f3n r\u00e1pida<\/p>","protected":false},"featured_media":9588,"template":"","meta":[],"product_brand":[],"product_cat":[73,90],"product_tag":[],"class_list":{"0":"post-4656","1":"product","2":"type-product","3":"status-publish","4":"has-post-thumbnail","6":"product_cat-cryolipolysis","7":"product_cat-lose-fat-and-body-firming","9":"first","10":"instock","11":"shipping-taxable","12":"product-type-simple"},"_links":{"self":[{"href":"https:\/\/shefmon.com\/es\/wp-json\/wp\/v2\/product\/4656","targetHints":{"allow":["GET"]}}],"collection":[{"href":"https:\/\/shefmon.com\/es\/wp-json\/wp\/v2\/product"}],"about":[{"href":"https:\/\/shefmon.com\/es\/wp-json\/wp\/v2\/types\/product"}],"version-history":[{"count":1,"href":"https:\/\/shefmon.com\/es\/wp-json\/wp\/v2\/product\/4656\/revisions"}],"predecessor-version":[{"id":13827,"href":"https:\/\/shefmon.com\/es\/wp-json\/wp\/v2\/product\/4656\/revisions\/13827"}],"wp:featuredmedia":[{"embeddable":true,"href":"https:\/\/shefmon.com\/es\/wp-json\/wp\/v2\/media\/9588"}],"wp:attachment":[{"href":"https:\/\/shefmon.com\/es\/wp-json\/wp\/v2\/media?parent=4656"}],"wp:term":[{"taxonomy":"product_brand","embeddable":true,"href":"https:\/\/shefmon.com\/es\/wp-json\/wp\/v2\/product_brand?post=4656"},{"taxonomy":"product_cat","embeddable":true,"href":"https:\/\/shefmon.com\/es\/wp-json\/wp\/v2\/product_cat?post=4656"},{"taxonomy":"product_tag","embeddable":true,"href":"https:\/\/shefmon.com\/es\/wp-json\/wp\/v2\/product_tag?post=4656"}],"curies":[{"name":"wp","href":"https:\/\/api.w.org\/{rel}","templated":true}]}}