{"id":4355,"date":"2024-08-22T17:16:47","date_gmt":"2024-08-22T09:16:47","guid":{"rendered":"https:\/\/palegoldenrod-manatee-952098.hostingersite.com\/?post_type=product&#038;p=4355"},"modified":"2025-09-17T18:58:35","modified_gmt":"2025-09-17T10:58:35","slug":"dispositivo-de-microcorrientes-para-lifting-facial-shefmon-emface-ems","status":"publish","type":"product","link":"https:\/\/shefmon.com\/es\/product\/shefmon-emface-ems-face-sculpting-lifting-microcurrent-device\/","title":{"rendered":"A0272-F SHEFMON Emface Ems Dispositivo de microcorriente para lifting facial y esculpido"},"content":{"rendered":"<h2>Emface: Un avance en el rejuvenecimiento facial no invasivo<\/h2>\n<h3><strong>\u00bfQu\u00e9 es Emface?<\/strong><\/h3>\n<p><strong>Emface<\/strong> Es un tratamiento facial innovador y no invasivo que combina la electroestimulaci\u00f3n facial de alta intensidad (HIFES) con tecnolog\u00eda avanzada de radiofrecuencia (RF). Est\u00e1 dise\u00f1ado para abordar dos de los signos m\u00e1s comunes del envejecimiento: la p\u00e9rdida de tono muscular facial y la disminuci\u00f3n del col\u00e1geno.<\/p>\n<h3><strong>\u00bfC\u00f3mo funciona Emface?<\/strong><\/h3>\n<p>Mediante HIFES, Emface env\u00eda suaves corrientes electromagn\u00e9ticas para contraer los m\u00fasculos de la frente y las mejillas, tensando y reafirmando naturalmente el tejido facial. Al mismo tiempo, la tecnolog\u00eda de radiofrecuencia aplica calor preciso a la piel, lo que desencadena una respuesta regenerativa que estimula la producci\u00f3n de col\u00e1geno y elastina, prote\u00ednas clave que mantienen la piel suave, firme y joven.<\/p>\n<h3><strong>\u00bfPor qu\u00e9 elegir Emface?<\/strong><\/h3>\n<p><strong>Levantar y tonificar:<\/strong> Emface ayuda a levantar la piel fl\u00e1cida y tonificar los m\u00fasculos faciales subyacentes, d\u00e1ndole una apariencia m\u00e1s esculpida.<br \/>\n<strong>Suave y refrescante:<\/strong> Reduce las l\u00edneas finas y arrugas, dejando tu piel con un aspecto fresco y rejuvenecido.<br \/>\n<strong>Mejora natural:<\/strong> A diferencia de los rellenos o el Botox, Emface mejora sus rasgos naturales sin agujas, ofreciendo una alternativa m\u00e1s sutil pero efectiva.<\/p>\n<h3>Tratamiento r\u00e1pido y c\u00f3modo<\/h3>\n<p>Cada sesi\u00f3n de Emface dura solo 25 minutos, lo que facilita su adaptaci\u00f3n a su apretada agenda. Para obtener los mejores resultados, se recomienda una serie de cuatro tratamientos con una o dos semanas de diferencia. Dependiendo de sus objetivos, podr\u00edan ser necesarias sesiones de mantenimiento una o dos veces al a\u00f1o.<\/p>\n<h3><strong>\u00bfCual es el costo?<\/strong><\/h3>\n<p>Una serie completa de tratamientos Emface suele costar alrededor de $4,500. Si bien el precio es una inversi\u00f3n, muchos consideran que los resultados duraderos y de aspecto natural valen la pena.<\/p>\n<p><strong>\u00bfEs Emface adecuado para usted?<\/strong><\/p>\n<p>Emface es ideal para quienes buscan una forma no invasiva y sencilla de reafirmar, tonificar y suavizar la piel. Es seguro para todo tipo de piel, aunque no se recomienda para personas con implantes met\u00e1licos en el rostro debido a la energ\u00eda de radiofrecuencia que utiliza. Si busca un m\u00e9todo natural para el rejuvenecimiento facial que no requiera agujas ni tiempo de recuperaci\u00f3n, Emface podr\u00eda ser la soluci\u00f3n perfecta.<\/p>","protected":false},"excerpt":{"rendered":"<p>Levanta, da volumen y rejuvenece con EMFACE.<br \/>\nEste tratamiento de vanguardia tonifica los m\u00fasculos faciales al mismo tiempo que estimula el col\u00e1geno y la elastina.<br \/>\nDale a tu piel un brillo juvenil. Perfecto para cualquier consulta de belleza.<br \/>\n11 a\u00f1os de fabricaci\u00f3n, soporte OEM ODM<\/p>","protected":false},"featured_media":4367,"template":"","meta":[],"product_brand":[],"product_cat":[75,85,86,91],"product_tag":[],"class_list":{"0":"post-4355","1":"product","2":"type-product","3":"status-publish","4":"has-post-thumbnail","6":"product_cat-emslim","7":"product_cat-gain-muscle-and-body-shaping","8":"product_cat-skin-care-and-facial-rejuvenation","9":"product_cat-wrinkle-removal-and-skin-tightening","11":"first","12":"instock","13":"shipping-taxable","14":"product-type-simple"},"_links":{"self":[{"href":"https:\/\/shefmon.com\/es\/wp-json\/wp\/v2\/product\/4355","targetHints":{"allow":["GET"]}}],"collection":[{"href":"https:\/\/shefmon.com\/es\/wp-json\/wp\/v2\/product"}],"about":[{"href":"https:\/\/shefmon.com\/es\/wp-json\/wp\/v2\/types\/product"}],"version-history":[{"count":0,"href":"https:\/\/shefmon.com\/es\/wp-json\/wp\/v2\/product\/4355\/revisions"}],"wp:featuredmedia":[{"embeddable":true,"href":"https:\/\/shefmon.com\/es\/wp-json\/wp\/v2\/media\/4367"}],"wp:attachment":[{"href":"https:\/\/shefmon.com\/es\/wp-json\/wp\/v2\/media?parent=4355"}],"wp:term":[{"taxonomy":"product_brand","embeddable":true,"href":"https:\/\/shefmon.com\/es\/wp-json\/wp\/v2\/product_brand?post=4355"},{"taxonomy":"product_cat","embeddable":true,"href":"https:\/\/shefmon.com\/es\/wp-json\/wp\/v2\/product_cat?post=4355"},{"taxonomy":"product_tag","embeddable":true,"href":"https:\/\/shefmon.com\/es\/wp-json\/wp\/v2\/product_tag?post=4355"}],"curies":[{"name":"wp","href":"https:\/\/api.w.org\/{rel}","templated":true}]}}