{"id":4288,"date":"2024-08-12T14:26:14","date_gmt":"2024-08-12T06:26:14","guid":{"rendered":"https:\/\/palegoldenrod-manatee-952098.hostingersite.com\/?post_type=product&#038;p=4288"},"modified":"2026-01-08T17:49:27","modified_gmt":"2026-01-08T09:49:27","slug":"estimulador-muscular-3-en-1-super-lipolaser-rf-ems","status":"publish","type":"product","link":"https:\/\/shefmon.com\/es\/product\/3-in-1-super-lipolaser-rf-ems-muscle-stimulator\/","title":{"rendered":"A0928-Lipolaser 3 en 1 Super Lipolaser RF Ems estimulador muscular"},"content":{"rendered":"<h2>\u00bfC\u00f3mo funciona?<\/h2>\n<p>La m\u00e1quina utiliza radiofrecuencia de 1 MHz y energ\u00eda de frecuencia intermedia modulada en amplitud de 1-4000 Hz, luz roja de alta intensidad de 658 nm, cada una con una potencia de 100 mW. Las tres funciones de radiofrecuencia, microelectr\u00f3nica de frecuencia media y luz roja funcionan simult\u00e1neamente para convertir los iones negativos en positivos y generar energ\u00eda t\u00e9rmica. En este momento, se genera un calor profundo de 42 a 45 \u00b0C en el interior del cuerpo. Esta generaci\u00f3n continua de calor profundo reduce el tama\u00f1o de las c\u00e9lulas grasas y tiene un efecto positivo en la remodelaci\u00f3n corporal.<\/p>\n<h2>Funciones: \u00bfM\u00e1quina adelgazante corporal 3 en 1?<\/h2>\n<p>La m\u00e1quina de adelgazamiento corporal Lipo 5D con eliminaci\u00f3n de grasa por luz roja 3 en 1 RF\/EMS 650nm, m\u00e1quina de drenaje linf\u00e1tico con luz roja ofrece m\u00faltiples funciones para mejorar la salud y la apariencia general del cuerpo.<br \/>\np\u00e9rdida de peso<br \/>\ndrenaje linf\u00e1tico<br \/>\nelasticidad de la piel<br \/>\nmodelado corporal<br \/>\ncirculaci\u00f3n sangu\u00ednea<br \/>\npromover el metabolismo<\/p>\n<h2>\u00bfCuales son las ventajas?<\/h2>\n<p>Esta m\u00e1quina multifuncional combina el poder de la terapia l\u00e1ser, la radiofrecuencia (RF) y la electroestimulaci\u00f3n muscular (EMS) para brindar resultados integrales de reafirmaci\u00f3n de la piel y adelgazamiento corporal. Estas son las caracter\u00edsticas clave que hacen de esta m\u00e1quina l\u00e1ser 3 en 1 casera para reafirmar la piel y adelgazar el cuerpo un producto imprescindible para lograr sus objetivos de belleza:<br \/>\n1.<strong>M\u00e1quina con 4 mangos grandes + 4 mangos peque\u00f1os, en total 8 mangos<\/strong>:Esta m\u00e1quina viene equipada con un total de ocho mangos, lo que garantiza una cobertura total del cuerpo y versatilidad para diversas \u00e1reas de tratamiento.<\/p>\n<p>2.<strong>Cada mango grande tiene 9 luces, 650 nm, 100 mw por luz l\u00e1ser.<\/strong>Los mangos grandes est\u00e1n equipados con nueve luces l\u00e1ser cada uno, que operan a una longitud de onda de 650 nm y brindan 100 mw por luz l\u00e1ser, optimizando la eficiencia del tratamiento.<\/p>\n<p>3.<strong>Cada mango peque\u00f1o tiene 6 luces, 650 nm, 100 mw por luz l\u00e1ser.<\/strong>:Los mangos m\u00e1s peque\u00f1os, ideales para zonas m\u00e1s precisas, est\u00e1n equipados con seis luces l\u00e1ser cada uno, tambi\u00e9n con una longitud de onda de 650 nm y 100 mw por luz l\u00e1ser.<\/p>\n<p>4.<strong>Cada mango est\u00e1 equipado con sistema RF + EMS<\/strong>:Cada mango integra sistemas RF y EMS, brindando beneficios de doble acci\u00f3n para tensar la piel y estimular los m\u00fasculos, mejorando los resultados generales del tratamiento.<\/p>\n<p>5.<strong>Las 8 manijas se pueden ajustar y controlar por separado.<\/strong>:La m\u00e1quina permite el control y ajuste individual de cada mango, lo que permite realizar tratamientos personalizados adaptados a necesidades y preferencias espec\u00edficas.<\/p>\n<h2>Una visi\u00f3n general de las nuevas tecnolog\u00edas<\/h2>\n<p>Radiofrecuencia (RF): genera calor profundo de 36 a 43 \u2103, calentamiento continuo, promueve la regeneraci\u00f3n del col\u00e1geno d\u00e9rmico y reafirma la piel.<br \/>\nLuz roja de bajo nivel (LLD): la luz roja de baja frecuencia de 658 nm puede crear temporalmente peque\u00f1os agujeros en las c\u00e9lulas grasas, lo que permite que los neutr\u00f3filos sean expulsados del cuerpo.<br \/>\nFrecuencia media modulada en amplitud (AMF): la vibraci\u00f3n f\u00edsica ayuda a fortalecer los m\u00fasculos y la piel y el metabolismo, y elimina los metabolitos que se pierden en las c\u00e9lulas grasas debido a la LLD.<\/p>\n<h2>Plan de Acci\u00f3n Estrat\u00e9gico para el \u00e1rea corporal<\/h2>\n<p>En un avance significativo hacia la mejora de las t\u00e9cnicas de contorno corporal, los expertos han identificado \u00e1reas clave para el tratamiento y han proporcionado un plan de acci\u00f3n estrat\u00e9gico para abordar las zonas problem\u00e1ticas comunes. A continuaci\u00f3n, los detalles:<br \/>\nL\u00edneas de ropa interior: 1-2 manijas grandes eliminan la carne y la grasa que sobresale de la espalda debajo de la ropa interior<br \/>\nAntebrazo: 1 o 2 mangos centrales eliminan la grasa del antebrazo, la papada y la celulitis.<br \/>\nAbdomen: 2~4 mangos grandes Resuelve la obesidad abdominal superior e inferior y elimina la celulitis<br \/>\nAnillo de nataci\u00f3n abdominal: 1 o 2 asas grandes eliminan la papada y la grasa que sobresale de los pantalones.<br \/>\nGl\u00fateos inferiores y muslos traseros: 1 o 2 mangos grandes eliminan la celulitis y la grasa<br \/>\nParte interna del muslo: 1 o 2 mangos centrales eliminan la celulitis y la grasa.<\/p>\n<h2>Preguntas frecuentes<\/h2>\n<h3>\u00bfTiene efectos secundarios?<\/h3>\n<p>Los posibles efectos secundarios var\u00edan seg\u00fan el tipo de piel, el estado de salud y el dispositivo espec\u00edfico utilizado. A continuaci\u00f3n, se presentan algunos efectos secundarios comunes y potenciales:<br \/>\n<strong>Enrojecimiento e irritaci\u00f3n de la piel<\/strong>:<br \/>\nTerapia l\u00e1ser: Puede causar enrojecimiento, hinchaz\u00f3n e irritaci\u00f3n temporales. Suele ser leve y desaparece en cuesti\u00f3n de horas o d\u00edas.<br \/>\nRF: Tambi\u00e9n puede causar enrojecimiento e hinchaz\u00f3n similares.<br \/>\nEMS: Puede provocar un ligero dolor muscular e irritaci\u00f3n de la piel en los sitios de los electrodos.<br \/>\n<strong>Quemaduras o ampollas:<\/strong><br \/>\nTerapia l\u00e1ser: El uso inadecuado o el exceso de energ\u00eda pueden provocar quemaduras o ampollas, especialmente en pieles m\u00e1s oscuras.<br \/>\nRF: Tambi\u00e9n puede causar quemaduras si el nivel de energ\u00eda es demasiado alto o el dispositivo no est\u00e1 calibrado correctamente.<br \/>\n<strong>Cambios de pigmento:<\/strong><br \/>\nTerapia con l\u00e1ser: Existe riesgo de hiperpigmentaci\u00f3n (oscurecimiento de la piel) o hipopigmentaci\u00f3n (aclaramiento de la piel), especialmente en personas con tonos de piel m\u00e1s oscuros.<br \/>\nRF: Riesgos similares de cambios de pigmentaci\u00f3n, aunque menos comunes que con el l\u00e1ser.<br \/>\n<strong>Dolor o malestar:<\/strong><br \/>\nTerapia con l\u00e1ser: Algunas personas pueden experimentar dolor o molestias durante el tratamiento.<br \/>\nRF: Puede provocar una sensaci\u00f3n de calor que puede resultar inc\u00f3moda para algunas personas.<br \/>\nEMS: Las contracciones musculares inducidas por EMS pueden resultar inc\u00f3modas para algunas personas.<br \/>\n<strong>Hinchaz\u00f3n:<\/strong>La hinchaz\u00f3n es un efecto secundario temporal com\u00fan que puede ocurrir con las tres modalidades.<br \/>\n<strong>Moretones<\/strong>Pueden aparecer hematomas, especialmente con EMS, debido a las contracciones musculares y la presi\u00f3n de los electrodos.<\/p>\n<h3>\u00bfDuele el tratamiento?<\/h3>\n<p>La lipol\u00e1ser generalmente se considera no invasiva y relativamente indolora. Sin embargo, la experiencia individual puede variar. Aqu\u00ed hay algunos factores a considerar:<\/p>\n<p>Terapia l\u00e1ser: Utiliza energ\u00eda lum\u00ednica para penetrar la piel, promoviendo la producci\u00f3n de col\u00e1geno y la reafirmaci\u00f3n de la piel. La mayor\u00eda de las personas experimentan una sensaci\u00f3n de calor, pero no suele ser dolorosa. Algunas personas pueden sentir una leve molestia, dependiendo de su umbral de dolor y la sensibilidad de su piel.<\/p>\n<p>Radiofrecuencia (RF): La energ\u00eda de RF calienta las capas m\u00e1s profundas de la piel, lo que puede causar una sensaci\u00f3n de calor. Esto suele ser bien tolerado y no doloroso para la mayor\u00eda de las personas. Algunas personas pueden experimentar una ligera molestia, pero suele ser m\u00ednima.<\/p>\n<p>Estimulaci\u00f3n Muscular El\u00e9ctrica (EMS): La EMS utiliza impulsos el\u00e9ctricos para estimular las contracciones musculares. Esto puede sentirse como un hormigueo o una sensaci\u00f3n puls\u00e1til. Aunque no suele ser doloroso, algunas personas pueden sentirlo inc\u00f3modo, especialmente si la intensidad es demasiado alta.<\/p>\n<p>&nbsp;<\/p>\n<p>&nbsp;<\/p>","protected":false},"excerpt":{"rendered":"<p><strong>3 en 1<\/strong> :RF+EMS+<a href=\"https:\/\/shefmon.com\/beauty-machines\/laser-ipl\/\">L\u00e1ser Lipo<\/a><br \/>\nFunci\u00f3n: Reafirmante, P\u00e9rdida de peso, Otros<br \/>\n8 asas (4 grandes y 4 peque\u00f1as)<br \/>\nMango m\u00e1s grande con 9 luces, 650 nm, 100 mw por luz l\u00e1ser<br \/>\nMango m\u00e1s peque\u00f1o con 6 luces, 650 nm, 100 mw por luz l\u00e1ser<br \/>\nSistema RF+EMS<\/p>","protected":false},"featured_media":4310,"template":"","meta":[],"product_brand":[],"product_cat":[82,85,86,90,91],"product_tag":[],"class_list":{"0":"post-4288","1":"product","2":"type-product","3":"status-publish","4":"has-post-thumbnail","6":"product_cat-rf-cavitation","7":"product_cat-gain-muscle-and-body-shaping","8":"product_cat-skin-care-and-facial-rejuvenation","9":"product_cat-lose-fat-and-body-firming","10":"product_cat-wrinkle-removal-and-skin-tightening","12":"first","13":"instock","14":"shipping-taxable","15":"product-type-simple"},"_links":{"self":[{"href":"https:\/\/shefmon.com\/es\/wp-json\/wp\/v2\/product\/4288","targetHints":{"allow":["GET"]}}],"collection":[{"href":"https:\/\/shefmon.com\/es\/wp-json\/wp\/v2\/product"}],"about":[{"href":"https:\/\/shefmon.com\/es\/wp-json\/wp\/v2\/types\/product"}],"version-history":[{"count":0,"href":"https:\/\/shefmon.com\/es\/wp-json\/wp\/v2\/product\/4288\/revisions"}],"wp:featuredmedia":[{"embeddable":true,"href":"https:\/\/shefmon.com\/es\/wp-json\/wp\/v2\/media\/4310"}],"wp:attachment":[{"href":"https:\/\/shefmon.com\/es\/wp-json\/wp\/v2\/media?parent=4288"}],"wp:term":[{"taxonomy":"product_brand","embeddable":true,"href":"https:\/\/shefmon.com\/es\/wp-json\/wp\/v2\/product_brand?post=4288"},{"taxonomy":"product_cat","embeddable":true,"href":"https:\/\/shefmon.com\/es\/wp-json\/wp\/v2\/product_cat?post=4288"},{"taxonomy":"product_tag","embeddable":true,"href":"https:\/\/shefmon.com\/es\/wp-json\/wp\/v2\/product_tag?post=4288"}],"curies":[{"name":"wp","href":"https:\/\/api.w.org\/{rel}","templated":true}]}}