{"id":3954,"date":"2024-06-22T15:46:06","date_gmt":"2024-06-22T07:46:06","guid":{"rendered":"https:\/\/palegoldenrod-manatee-952098.hostingersite.com\/?post_type=product&#038;p=3954"},"modified":"2026-01-08T10:46:26","modified_gmt":"2026-01-08T02:46:26","slug":"laser-ultra-fraccional-de-co2-de-fibra-shefmon-de-2910-nm","status":"publish","type":"product","link":"https:\/\/shefmon.com\/es\/product\/shefmon-2910nm-fiber-fractional-co2-ultra-laser\/","title":{"rendered":"A0509 SHEFMON 2910nm L\u00e1ser de CO2 fraccional de fibra"},"content":{"rendered":"<p>El l\u00e1ser de CO2 fraccionado de fibra utiliza haces de luz cortos y concentrados para eliminar suavemente las capas superficiales de la piel opaca y da\u00f1ada, activando el proceso natural de curaci\u00f3n del cuerpo y estimulando la regeneraci\u00f3n celular. Al mismo tiempo, deposita energ\u00eda t\u00e9rmica controlada a nivel d\u00e9rmico, induciendo la cantidad justa de energ\u00eda t\u00e9rmica a la profundidad adecuada para iniciar el proceso de rejuvenecimiento, aumentando la producci\u00f3n de col\u00e1geno y elastina, revitalizando la piel desde adentro hacia afuera.<\/p>\n<p>&nbsp;<\/p>\n<p>Dos acciones en una sola pasada<\/p>\n<p><strong>Rejuvenecimiento cut\u00e1neo con l\u00e1ser de alta resoluci\u00f3n<\/strong><br \/>\nLos rayos l\u00e1ser fr\u00edos del l\u00e1ser de CO2 fraccionado de fibra eliminan con precisi\u00f3n las c\u00e9lulas epid\u00e9rmicas da\u00f1adas para eliminar las irregularidades de la superficie, minimizando los efectos secundarios t\u00e9rmicos y reduciendo el dolor. La calidad superior del haz del l\u00e1ser de CO2 fraccionado de fibra permite una distribuci\u00f3n uniforme de la energ\u00eda, ofreciendo resultados de rejuvenecimiento altamente consistentes. Al igual que la exfoliaci\u00f3n profunda, el l\u00e1ser de CO2 fraccionado de fibra promueve el crecimiento de c\u00e9lulas cut\u00e1neas nuevas y frescas, que lucen m\u00e1s suaves, sanas y radiantes.<\/p>\n<p><strong>Remodelaci\u00f3n de col\u00e1geno<\/strong><br \/>\nSimult\u00e1neamente, el l\u00e1ser CO2 de fibra fraccional forma lesiones t\u00e9rmicas en la dermis media al depositar energ\u00eda t\u00e9rmica controlable, que a su vez inicia el proceso de autocuraci\u00f3n de la piel para promover el crecimiento interno de col\u00e1geno (neocolag\u00e9nesis), elastina y \u00e1cido hialur\u00f3nico a trav\u00e9s de un presunto mecanismo de acci\u00f3n de remodelaci\u00f3n d\u00e9rmica.<\/p>\n<p>&nbsp;<\/p>","protected":false},"excerpt":{"rendered":"<p>El l\u00e1ser de CO2 fraccional de fibra funciona en una longitud de onda de 2910 nm, lo cual es nuevo,<br \/>\nque trata m\u00faltiples capas de la piel, desde el estrato c\u00f3rneo hasta la epidermis y la dermis media.<br \/>\na<span style=\"color: #000000;\"> Ayuda a revertir los signos del envejecimiento.<\/span><br \/>\n<span style=\"color: #000000;\">Revitalizar la piel y hacer que tu rostro luzca m\u00e1s fresco, m\u00e1s suave y m\u00e1s terso. <\/span><br \/>\n<span style=\"color: #000000;\">y m\u00e1s joven en s\u00f3lo un tratamiento de 20 minutos.<\/span><\/p>","protected":false},"featured_media":3960,"template":"","meta":[],"product_brand":[],"product_cat":[89,80,86,88,91],"product_tag":[],"class_list":{"0":"post-3954","1":"product","2":"type-product","3":"status-publish","4":"has-post-thumbnail","6":"product_cat-acne-scars-treatment","7":"product_cat-laser-ipl","8":"product_cat-skin-care-and-facial-rejuvenation","9":"product_cat-vaginal-tightening","10":"product_cat-wrinkle-removal-and-skin-tightening","12":"first","13":"instock","14":"shipping-taxable","15":"product-type-simple"},"_links":{"self":[{"href":"https:\/\/shefmon.com\/es\/wp-json\/wp\/v2\/product\/3954","targetHints":{"allow":["GET"]}}],"collection":[{"href":"https:\/\/shefmon.com\/es\/wp-json\/wp\/v2\/product"}],"about":[{"href":"https:\/\/shefmon.com\/es\/wp-json\/wp\/v2\/types\/product"}],"version-history":[{"count":0,"href":"https:\/\/shefmon.com\/es\/wp-json\/wp\/v2\/product\/3954\/revisions"}],"wp:featuredmedia":[{"embeddable":true,"href":"https:\/\/shefmon.com\/es\/wp-json\/wp\/v2\/media\/3960"}],"wp:attachment":[{"href":"https:\/\/shefmon.com\/es\/wp-json\/wp\/v2\/media?parent=3954"}],"wp:term":[{"taxonomy":"product_brand","embeddable":true,"href":"https:\/\/shefmon.com\/es\/wp-json\/wp\/v2\/product_brand?post=3954"},{"taxonomy":"product_cat","embeddable":true,"href":"https:\/\/shefmon.com\/es\/wp-json\/wp\/v2\/product_cat?post=3954"},{"taxonomy":"product_tag","embeddable":true,"href":"https:\/\/shefmon.com\/es\/wp-json\/wp\/v2\/product_tag?post=3954"}],"curies":[{"name":"wp","href":"https:\/\/api.w.org\/{rel}","templated":true}]}}