{"id":3850,"date":"2024-06-11T22:23:19","date_gmt":"2024-06-11T14:23:19","guid":{"rendered":"https:\/\/palegoldenrod-manatee-952098.hostingersite.com\/?post_type=product&#038;p=3850"},"modified":"2025-09-17T19:08:10","modified_gmt":"2025-09-17T11:08:10","slug":"equipo-laser-fraccional-de-co2-de-10600-nm-para-la-eliminacion-profesional-de-cicatrices-de-acne-a0529","status":"publish","type":"product","link":"https:\/\/shefmon.com\/es\/product\/a0529-professional-acne-scar-removal-10600nm-co2-fractional-laser-equipment\/","title":{"rendered":"Equipo l\u00e1ser fraccional de CO2 de 10600 nm para la eliminaci\u00f3n profesional de cicatrices de acn\u00e9 A0529"},"content":{"rendered":"<p><strong>Teor\u00eda del l\u00e1ser fraccional de CO2 de RF<\/strong><br \/>\nEl l\u00e1ser fraccional de CO2 es el sistema l\u00e1ser fraccional de CO2 para peeling cut\u00e1neo conceptual m\u00e1s avanzado, con una longitud de onda de 10600 nm. Adem\u00e1s de su fino efecto de peeling cut\u00e1neo, puede penetrar eficazmente el haz l\u00e1ser en la dermis. Es el sistema de recuperaci\u00f3n cut\u00e1nea m\u00e1s beneficioso y puede lograr el efecto a largo plazo de remodelaci\u00f3n del col\u00e1geno, as\u00ed como la mejora de las condiciones de la piel envejecida debido a la exposici\u00f3n a la luz. Puede aplicarse de forma muy segura a diversos tipos de cicatrices en comparaci\u00f3n con los l\u00e1seres de peeling cut\u00e1neo de capa total 100% existentes (CO2 o Er:YAG). Adem\u00e1s, no requiere un largo per\u00edodo de recuperaci\u00f3n ni efectos secundarios. Puede remodelar diversos tipos de cicatrices deformadas y tejido cut\u00e1neo de forma muy eficaz.<\/p>\n<p>C\u00e1psula de estrechamiento vaginal \u2013 Teor\u00eda<br \/>\nEl calentamiento terap\u00e9utico concentrado de las capas internas del tejido vaginal induce la contracci\u00f3n del col\u00e1geno y la elastina, as\u00ed como la regeneraci\u00f3n de estas prote\u00ednas a largo plazo. Estas se\u00f1ales moleculares activan el proceso completo de cicatrizaci\u00f3n del sistema inmunitario local. El resultado del tratamiento es la remodelaci\u00f3n completa del tejido vaginal, adem\u00e1s del restablecimiento de un tejido vaginal firme y juvenil, con fibras de col\u00e1geno largas, gruesas y fibrosas.<\/p>\n<p><strong>Caracter\u00edsticas:<\/strong><br \/>\n1. Sistema 3 en 1, f\u00e1cil y conveniente para su operaci\u00f3n.<br \/>\na. L\u00e1ser de CO2 fraccionado para el rejuvenecimiento de la piel y la eliminaci\u00f3n de cicatrices.<br \/>\nb.y L\u00e1ser de CO2 normal para operaci\u00f3n quir\u00fargica<br \/>\nc. Estrechamiento vaginal opcional.<br \/>\n2. La pantalla se puede plegar hacia arriba y hacia abajo, girar 180\u00b0 hacia la izquierda y hacia la derecha.<br \/>\n3. Excelente brazo \u00f3ptico articulado importado de 7 brazos, f\u00e1cil de operar y reduce en gran medida la p\u00e9rdida de energ\u00eda.<br \/>\n4. Emisor de tubo RF coherente importado de EE. UU.<br \/>\na. Energ\u00eda de salida uniforme, penetraci\u00f3n m\u00e1s profunda (8-10 mm debajo de la piel)<br \/>\nb. larga vida \u00fatil: 3-5 a\u00f1os<br \/>\nc. tama\u00f1o de sopt m\u00e1s peque\u00f1o: 0,05 mm de di\u00e1metro<br \/>\n5. 6 modos de escaneo: Secuencia, Aleatorio, Distancia m\u00e1xima A y B, Equidistancia y disparo r\u00e1pido<br \/>\n6. 7 formas de escaneo: cuadrado, rect\u00e1ngulo, redondo, tri\u00e1ngulo, \u00f3valo, forma de 6 diamantes y l\u00ednea.<br \/>\n7. 3 sondas de tratamiento vaginal para reafirmaci\u00f3n vaginal, rejuvenecimiento vaginal, blanqueamiento vaginal<br \/>\n8.Se utiliza una bomba ultra silenciosa, con menor ruido pero mayor flujo de agua;<br \/>\nPantalla t\u00e1ctil a color LCD real de 9 pulgadas de gran tama\u00f1o, control de software m\u00e1s humanizado.<\/p>\n<p><strong>Aplicaciones:<\/strong><br \/>\n1. Suavizar cicatrices como cicatrices quir\u00fargicas, cicatrices de quemaduras, cicatrices de acn\u00e9, etc.<br \/>\n2. Renovaci\u00f3n y rejuvenecimiento de la piel, recuperaci\u00f3n del da\u00f1o solar.<br \/>\n3. Eliminaci\u00f3n de arrugas y reafirmaci\u00f3n de la piel.<br \/>\n4. Eliminaci\u00f3n de pigmentaci\u00f3n como cloasmas intratables, manchas de la edad, imperfecciones, motas, etc.<br \/>\n5. Excrecencias de la piel como verrugas, etc.<br \/>\n6. Tratamiento del acn\u00e9<br \/>\n7. Tratamiento vaginal: estrechamiento vaginal, blanqueamiento vaginal, incontinencia vaginal.<\/p>\n<p><strong>Funci\u00f3n primaria<\/strong><br \/>\nLa radiaci\u00f3n t\u00e9rmica provoca la contracci\u00f3n del tejido mucoso, mejorando as\u00ed la contracci\u00f3n de las fibras de col\u00e1geno y reorganizando el estrechamiento vaginal.<br \/>\n1.Mantiene la vagina: rejuvenecimiento profundo, previene el envejecimiento.<br \/>\n2. Vagina encogida: ajuste r\u00e1pido, constricci\u00f3n, firmeza duradera.<br \/>\n3.Vagina tan apretada como siempre: para mejorar la sensibilidad.<br \/>\n4. Belleza Vagina: Pigmento diluido, labios rosados.<br \/>\n5.Salud Privada: Equilibra el PH, mejora el ambiente interno.<br \/>\n6. Vagina h\u00fameda: aumenta la secreci\u00f3n, elimina la sequedad.<\/p>\n<p>&nbsp;<\/p>","protected":false},"excerpt":{"rendered":"<p>El nuevo est\u00e1ndar: beneficios del rejuvenecimiento cut\u00e1neo con l\u00e1ser de CO2 fraccionado<br \/>\n1. Minimiza el da\u00f1o solar, las cicatrices del acn\u00e9 y las l\u00edneas finas.<br \/>\n2. Mejora la textura de la piel y unifica el tono de la piel.<br \/>\n3. Estimula el col\u00e1geno para una piel m\u00e1s firme y joven.<br \/>\n4.Puede ayudar a tratar lesiones cut\u00e1neas precancerosas.<br \/>\n5. Tiempo de inactividad m\u00ednimo.<br \/>\n6. Fabricaci\u00f3n\/Capacitaci\u00f3n\/Garant\u00eda de calidad<\/p>","protected":false},"featured_media":3845,"template":"","meta":[],"product_brand":[],"product_cat":[80,86,87,88,89,91],"product_tag":[],"class_list":{"0":"post-3850","1":"product","2":"type-product","3":"status-publish","4":"has-post-thumbnail","6":"product_cat-laser-ipl","7":"product_cat-skin-care-and-facial-rejuvenation","8":"product_cat-tattoo-and-pigmentation-removal","9":"product_cat-vaginal-tightening","10":"product_cat-acne-scars-treatment","11":"product_cat-wrinkle-removal-and-skin-tightening","13":"first","14":"instock","15":"shipping-taxable","16":"product-type-simple"},"_links":{"self":[{"href":"https:\/\/shefmon.com\/es\/wp-json\/wp\/v2\/product\/3850","targetHints":{"allow":["GET"]}}],"collection":[{"href":"https:\/\/shefmon.com\/es\/wp-json\/wp\/v2\/product"}],"about":[{"href":"https:\/\/shefmon.com\/es\/wp-json\/wp\/v2\/types\/product"}],"version-history":[{"count":0,"href":"https:\/\/shefmon.com\/es\/wp-json\/wp\/v2\/product\/3850\/revisions"}],"wp:featuredmedia":[{"embeddable":true,"href":"https:\/\/shefmon.com\/es\/wp-json\/wp\/v2\/media\/3845"}],"wp:attachment":[{"href":"https:\/\/shefmon.com\/es\/wp-json\/wp\/v2\/media?parent=3850"}],"wp:term":[{"taxonomy":"product_brand","embeddable":true,"href":"https:\/\/shefmon.com\/es\/wp-json\/wp\/v2\/product_brand?post=3850"},{"taxonomy":"product_cat","embeddable":true,"href":"https:\/\/shefmon.com\/es\/wp-json\/wp\/v2\/product_cat?post=3850"},{"taxonomy":"product_tag","embeddable":true,"href":"https:\/\/shefmon.com\/es\/wp-json\/wp\/v2\/product_tag?post=3850"}],"curies":[{"name":"wp","href":"https:\/\/api.w.org\/{rel}","templated":true}]}}