{"id":3842,"date":"2024-06-11T22:09:07","date_gmt":"2024-06-11T14:09:07","guid":{"rendered":"https:\/\/palegoldenrod-manatee-952098.hostingersite.com\/?post_type=product&#038;p=3842"},"modified":"2026-01-14T13:46:37","modified_gmt":"2026-01-14T05:46:37","slug":"maquina-antienvejecimiento-vmax-hifu-con-radiofrecuencia-a0270","status":"publish","type":"product","link":"https:\/\/shefmon.com\/es\/product\/a0270-anti-aging-vmax-hifu-machine-with-radio-frequency\/","title":{"rendered":"M\u00e1quina antienvejecimiento Vmax Hifu A0270 con radiofrecuencia"},"content":{"rendered":"<p><strong>Nuevas ventajas del HIFU:<\/strong><br \/>\n1. Ultrasonido focalizado de alta intensidad + RF.<br \/>\n2. Pieza de mano de control inteligente de f\u00e1cil operaci\u00f3n.<br \/>\n3. 6 cartuchos para el tratamiento de diferentes partes del cuerpo. 1,5 mm\/13,0 mm opcional.<br \/>\n4. Sondas Cerca de la piel, m\u00e1s confidenciales, m\u00e1s seguras.<br \/>\n5. Sistema de conmutaci\u00f3n de control dual: pedal y botones de conmutaci\u00f3n de manijas.<br \/>\n6. Un cartucho: 99999 disparos<br \/>\n7. Se pueden ajustar 10 idiomas: chino\/ingl\u00e9s\/ruso\/portugu\u00e9s\/espa\u00f1ol\/franc\u00e9s\/alem\u00e1n\/coreano\/japon\u00e9s\/italiano.<\/p>\n<p><strong>Nuevos cartuchos HIFU para rostro y cuerpo<\/strong><br \/>\nM1.5 \u2013 penetra la piel 1,5 mm y llega a la epidermis en tejidos delgados como la cabeza.<br \/>\nM3 \u2013 penetra la piel 3,0 mm y apunta a la epidermis en tejidos m\u00e1s gruesos como las mejillas.<br \/>\nM4.5 \u2013 penetra 4,5 mm a trav\u00e9s de la piel, apuntando a la piel gruesa o capa m\u00e1s peque\u00f1a.<br \/>\nM9: penetra la piel 9,0 mm y se dirige a pieles m\u00e1s gruesas, como los muslos.<br \/>\nM6 \u2013 penetra la piel 6,0 mm y\u2026<br \/>\nM13 \u2013 penetra la piel 13,0 mm y\u2026<\/p>","protected":false},"excerpt":{"rendered":"<p>Ultrasonido enfocado de alta intensidad 2 en 1 + RF<br \/>\n<span style=\"color: #000000;\"><strong>Sin dolor, eliminaci\u00f3n de arrugas, reafirmaci\u00f3n de la piel, lifting facial y de ojos.<\/strong><\/span><br \/>\n<strong>\u00a1Un solo uso, efecto inmediato!<\/strong><br \/>\n\u00c1rea de tratamiento: Cara, Cuerpo, Ojos, Cuello\/garganta, Labios, Piernas\/Brazos,<br \/>\nPotencia de RF: 1-20 W<br \/>\nEnerg\u00eda: 1-15 J<br \/>\nFrecuencia: 1-10 Hz<br \/>\nCartuchos: Est\u00e1ndar: 3,0 mm, 4,5 mm, 6 mm, 9 mm. Opcional: 1,5 mm, 13 mm.<br \/>\nDisparos de cartuchos: 99999 disparos<br \/>\nVoltaje: 110 V ~ 240 V 50 Hz\/60 Hz<\/p>","protected":false},"featured_media":2916,"template":"","meta":[],"product_brand":[],"product_cat":[78,86],"product_tag":[],"class_list":{"0":"post-3842","1":"product","2":"type-product","3":"status-publish","4":"has-post-thumbnail","6":"product_cat-hifu","7":"product_cat-skin-care-and-facial-rejuvenation","9":"first","10":"instock","11":"shipping-taxable","12":"product-type-simple"},"_links":{"self":[{"href":"https:\/\/shefmon.com\/es\/wp-json\/wp\/v2\/product\/3842","targetHints":{"allow":["GET"]}}],"collection":[{"href":"https:\/\/shefmon.com\/es\/wp-json\/wp\/v2\/product"}],"about":[{"href":"https:\/\/shefmon.com\/es\/wp-json\/wp\/v2\/types\/product"}],"version-history":[{"count":0,"href":"https:\/\/shefmon.com\/es\/wp-json\/wp\/v2\/product\/3842\/revisions"}],"wp:featuredmedia":[{"embeddable":true,"href":"https:\/\/shefmon.com\/es\/wp-json\/wp\/v2\/media\/2916"}],"wp:attachment":[{"href":"https:\/\/shefmon.com\/es\/wp-json\/wp\/v2\/media?parent=3842"}],"wp:term":[{"taxonomy":"product_brand","embeddable":true,"href":"https:\/\/shefmon.com\/es\/wp-json\/wp\/v2\/product_brand?post=3842"},{"taxonomy":"product_cat","embeddable":true,"href":"https:\/\/shefmon.com\/es\/wp-json\/wp\/v2\/product_cat?post=3842"},{"taxonomy":"product_tag","embeddable":true,"href":"https:\/\/shefmon.com\/es\/wp-json\/wp\/v2\/product_tag?post=3842"}],"curies":[{"name":"wp","href":"https:\/\/api.w.org\/{rel}","templated":true}]}}