{"id":3629,"date":"2024-06-04T11:22:58","date_gmt":"2024-06-04T03:22:58","guid":{"rendered":"https:\/\/palegoldenrod-manatee-952098.hostingersite.com\/?post_type=product&#038;p=3629"},"modified":"2025-09-17T19:09:57","modified_gmt":"2025-09-17T11:09:57","slug":"sw12-eswt-pain-relieve-focus-shockwave-treatment-tecar-shock-wave-laser-therapy","status":"publish","type":"product","link":"https:\/\/shefmon.com\/es\/product\/sw12-eswt-pain-relieve-focus-shockwave-treatment-tecar-shock-wave-laser-therapy\/","title":{"rendered":"Tratamiento con ondas de choque ESWT SW12 para aliviar el dolor y el enfoque. Terapia l\u00e1ser con ondas de choque Tecar."},"content":{"rendered":"<p><strong>El sistema de ondas de choque utiliza el principio bal\u00edstico de generaci\u00f3n de ondas de choque:<\/strong><br \/>\nUna m\u00e1quina de ondas de choque genera una onda de presi\u00f3n mediante aire comprimido acelerado. El aire comprimido es generado por un compresor de presi\u00f3n bal\u00edstica controlado electr\u00f3nicamente. Mediante un impacto el\u00e1stico, la energ\u00eda cin\u00e9tica de la m\u00e1quina de ondas de choque se transfiere a la sonda del aplicador y luego al cuerpo del paciente. Por lo tanto, durante el tratamiento, el extremo del aplicador debe estar en contacto directo con la piel y el tejido subcut\u00e1neo.<\/p>\n<p>Las ondas de choque se dirigen a las zonas afectadas que originan dolor cr\u00f3nico. Su efecto disuelve los dep\u00f3sitos de calcio y mejora la vascularizaci\u00f3n. El efecto secundario es el alivio del dolor.<\/p>\n<p><strong>Principio de tratamiento<\/strong><br \/>\nAplicar caracter\u00edsticas de la terapia de ondas de choque SW12, frecuencia 1-21Hz, permite llegar a 8 cm por v\u00eda subcut\u00e1nea, aplicar sobre el periostio y crear calor, la temperatura instant\u00e1nea alcanza los 43 \u2103, al mismo tiempo, mejora la circulaci\u00f3n sangu\u00ednea.<\/p>\n<p><strong>Efecto del tratamiento<\/strong><br \/>\nImagine que el rojo representa el \u00e1rea de energ\u00eda que causar\u00e1 da\u00f1o. Esta \u00e1rea va desde la base del choque hasta la cima como una columna que da\u00f1a todo a su paso. La onda de choque extracorp\u00f3rea alrededor de esta columna presenta un \u00e1rea de menor energ\u00eda, visible en verde, cuya dosis podr\u00eda generar curaci\u00f3n. Tambi\u00e9n habr\u00eda un \u00e1rea, visible en azul, de mucha menor energ\u00eda, capaz de disminuir el dolor. Adem\u00e1s, hay un \u00e1rea donde la fuerza de la onda disminuir\u00eda por encima del \u00e1rea da\u00f1ada (la energ\u00eda no puede continuar indefinidamente), lo que a su vez tendr\u00eda efectos curativos o analg\u00e9sicos. Es importante recordar que los efectos ocurren con niveles de energ\u00eda altos o bajos.<br \/>\nniveles, es decir h<strong>Niveles altos = da\u00f1o + curaci\u00f3n + alivio del dolor.<\/strong><\/p>","protected":false},"excerpt":{"rendered":"<p>2 modos: manual y autom\u00e1tico.<br \/>\nCon una interfaz de par\u00e1metros de tratamiento profesional, es f\u00e1cil de operar.<br \/>\nTratamiento doloroso<br \/>\nP\u00e9rdida de peso<\/p>","protected":false},"featured_media":2421,"template":"","meta":[],"product_brand":[],"product_cat":[83],"product_tag":[],"class_list":{"0":"post-3629","1":"product","2":"type-product","3":"status-publish","4":"has-post-thumbnail","6":"product_cat-shockwave-physiotherapy","8":"first","9":"instock","10":"shipping-taxable","11":"product-type-simple"},"_links":{"self":[{"href":"https:\/\/shefmon.com\/es\/wp-json\/wp\/v2\/product\/3629","targetHints":{"allow":["GET"]}}],"collection":[{"href":"https:\/\/shefmon.com\/es\/wp-json\/wp\/v2\/product"}],"about":[{"href":"https:\/\/shefmon.com\/es\/wp-json\/wp\/v2\/types\/product"}],"version-history":[{"count":0,"href":"https:\/\/shefmon.com\/es\/wp-json\/wp\/v2\/product\/3629\/revisions"}],"wp:featuredmedia":[{"embeddable":true,"href":"https:\/\/shefmon.com\/es\/wp-json\/wp\/v2\/media\/2421"}],"wp:attachment":[{"href":"https:\/\/shefmon.com\/es\/wp-json\/wp\/v2\/media?parent=3629"}],"wp:term":[{"taxonomy":"product_brand","embeddable":true,"href":"https:\/\/shefmon.com\/es\/wp-json\/wp\/v2\/product_brand?post=3629"},{"taxonomy":"product_cat","embeddable":true,"href":"https:\/\/shefmon.com\/es\/wp-json\/wp\/v2\/product_cat?post=3629"},{"taxonomy":"product_tag","embeddable":true,"href":"https:\/\/shefmon.com\/es\/wp-json\/wp\/v2\/product_tag?post=3629"}],"curies":[{"name":"wp","href":"https:\/\/api.w.org\/{rel}","templated":true}]}}