{"id":3100,"date":"2024-05-27T17:54:01","date_gmt":"2024-05-27T09:54:01","guid":{"rendered":"https:\/\/palegoldenrod-manatee-952098.hostingersite.com\/?post_type=product&#038;p=3100"},"modified":"2026-04-08T11:32:25","modified_gmt":"2026-04-08T03:32:25","slug":"maquina-de-microdermoabrasion-con-diamante-9-en-1-a0648","status":"publish","type":"product","link":"https:\/\/shefmon.com\/es\/product\/a0648-9-in-1-diamond-hydro-microdermabrasion-peeling-machine\/","title":{"rendered":"M\u00e1quina de microdermoabrasi\u00f3n con diamante A0648 9 en 1"},"content":{"rendered":"<p><strong>M\u00e1quina hidrofacial 9 en 1<\/strong><br \/>\nLa m\u00e1quina de belleza Hydra Peel Facial Care es uno de los tratamientos para la piel m\u00e1s populares a nivel internacional. En los \u00faltimos a\u00f1os, este procedimiento se ha promocionado como la soluci\u00f3n milagrosa para los problemas de la piel relacionados con el envejecimiento.<\/p>\n<p>La m\u00e1quina de belleza Hydra Peel Facial Care es un tratamiento no quir\u00fargico y no invasivo que limpia, exfolia, extrae e hidrata la piel con una sola herramienta. Anteriormente, era necesario someterse a m\u00faltiples tratamientos para limpiar, exfoliar e hidratar la piel, pero esta m\u00e1quina ofrece todos estos tratamientos en una sola sesi\u00f3n.<\/p>\n<p><strong>Beneficios:<\/strong><br \/>\n* Limpia la piel<br \/>\n* Elimina los residuos de los poros.<br \/>\n* Trata los poros dilatados y congestionados.<br \/>\n* Ayuda a unificar el tono de la piel y a mejorar su textura.<\/p>","protected":false},"excerpt":{"rendered":"<p><span style=\"color: #000000\">M\u00e1quina de hidradermabrasi\u00f3n 9 en 1 para el cuidado de la piel<\/span><br \/>\n\u25b6 9 tecnolog\u00edas en una m\u00e1quina, compra una m\u00e1quina equivale a 9 m\u00e1quinas.<br \/>\n\u25b6 El bol\u00edgrafo de vac\u00edo de tecnolog\u00eda m\u00e1s nueva, utiliza vac\u00edo\/succi\u00f3n para succionar los puntos negros de los poros, haciendo que nuestros poros est\u00e9n m\u00e1s limpios.<br \/>\n\u25b6 La m\u00e1quina de microdermoabrasi\u00f3n por hidra dermoabrasi\u00f3n m\u00e1s popular.<br \/>\n\u25b6Equipo de belleza vertical, gran potencia de bombeo.<\/p>","protected":false},"featured_media":3090,"template":"","meta":[],"product_brand":[],"product_cat":[79,86],"product_tag":[],"class_list":{"0":"post-3100","1":"product","2":"type-product","3":"status-publish","4":"has-post-thumbnail","6":"product_cat-hydra","7":"product_cat-skin-care-and-facial-rejuvenation","9":"first","10":"instock","11":"shipping-taxable","12":"product-type-simple"},"_links":{"self":[{"href":"https:\/\/shefmon.com\/es\/wp-json\/wp\/v2\/product\/3100","targetHints":{"allow":["GET"]}}],"collection":[{"href":"https:\/\/shefmon.com\/es\/wp-json\/wp\/v2\/product"}],"about":[{"href":"https:\/\/shefmon.com\/es\/wp-json\/wp\/v2\/types\/product"}],"version-history":[{"count":0,"href":"https:\/\/shefmon.com\/es\/wp-json\/wp\/v2\/product\/3100\/revisions"}],"wp:featuredmedia":[{"embeddable":true,"href":"https:\/\/shefmon.com\/es\/wp-json\/wp\/v2\/media\/3090"}],"wp:attachment":[{"href":"https:\/\/shefmon.com\/es\/wp-json\/wp\/v2\/media?parent=3100"}],"wp:term":[{"taxonomy":"product_brand","embeddable":true,"href":"https:\/\/shefmon.com\/es\/wp-json\/wp\/v2\/product_brand?post=3100"},{"taxonomy":"product_cat","embeddable":true,"href":"https:\/\/shefmon.com\/es\/wp-json\/wp\/v2\/product_cat?post=3100"},{"taxonomy":"product_tag","embeddable":true,"href":"https:\/\/shefmon.com\/es\/wp-json\/wp\/v2\/product_tag?post=3100"}],"curies":[{"name":"wp","href":"https:\/\/api.w.org\/{rel}","templated":true}]}}