{"id":3071,"date":"2024-05-27T16:58:07","date_gmt":"2024-05-27T08:58:07","guid":{"rendered":"https:\/\/palegoldenrod-manatee-952098.hostingersite.com\/?post_type=product&#038;p=3071"},"modified":"2025-09-17T19:15:14","modified_gmt":"2025-09-17T11:15:14","slug":"maquina-masajeadora-de-bolas-internas-endos-velapro-b0154","status":"publish","type":"product","link":"https:\/\/shefmon.com\/es\/product\/b0154-endos-velapro-inner-ball-massager-roller-machine\/","title":{"rendered":"M\u00e1quina de masaje con rodillo de bolas internas Endos Velapro B0154"},"content":{"rendered":"<p><strong>\u00bfQu\u00e9 es la m\u00e1quina de rodillos de bolas interiores?<\/strong><br \/>\nEl rodillo de bolas internas es un instrumento de vanguardia para moldear el cuerpo, reconocido mundialmente. Utiliza una innovadora microvibraci\u00f3n de compresi\u00f3n para mejorar el drenaje linf\u00e1tico, aumentar la circulaci\u00f3n sangu\u00ednea, mejorar la celulitis, reducirla, revertir los signos del envejecimiento, acondicionar los m\u00fasculos y desintoxicar. Se puede usar en rostro y cuerpo. Las zonas de tratamiento m\u00e1s populares son los muslos, los gl\u00fateos y la parte superior de los brazos.<br \/>\n<strong>Principio de funcionamiento:<\/strong><br \/>\nEl aparato de rodillo de bolas interno es un tratamiento no invasivo de microvibraci\u00f3n por compresi\u00f3n mec\u00e1nica. El principio es que la bola de silicona gira a lo largo del rodillo 36\u00b0 para generar microvibraci\u00f3n de compresi\u00f3n. Al girar y ejercer presi\u00f3n sobre la piel, se produce un efecto de &quot;compresi\u00f3n pulsante&quot;, con un movimiento rec\u00edproco de amasamiento continuo de empuje y tracci\u00f3n. El tejido experimenta presi\u00f3n y elevaci\u00f3n, sin comprimir ni da\u00f1ar la piel. La presi\u00f3n ejercida sobre el tejido estira las c\u00e9lulas y estimula de forma natural y profunda la actividad celular, el flujo sangu\u00edneo y la oxigenaci\u00f3n. Los dep\u00f3sitos de grasa se presurizan y se aflojan para su descomposici\u00f3n, reduciendo y eliminando la celulitis.<br \/>\n<strong>Funci\u00f3n<\/strong><br \/>\nLifting de piel, rejuvenecimiento de la piel;<br \/>\nRemodelaci\u00f3n pre y post liposucci\u00f3n;<br \/>\nInyecciones antiarrugas pre y post remodelaci\u00f3n;<br \/>\nRigidez muscular del hombro y cuello;<br \/>\nEstimulaci\u00f3n plantar;<br \/>\nPreparaci\u00f3n atl\u00e9tica;<br \/>\nFisioterapia rehabilitadora postraum\u00e1tica<\/p>\n<p><span style=\"color: #ff6600;\"><strong>Caracter\u00edsticas 1-Pantalla<\/strong><\/span><\/p>\n<p><strong><img fetchpriority=\"high\" decoding=\"async\" class=\"alignnone size-medium wp-image-2796\" src=\"https:\/\/shefmon.com\/wp-content\/uploads\/2024\/05\/B0109-3-300x176.jpg\" alt=\"\" width=\"300\" height=\"176\" srcset=\"https:\/\/shefmon.com\/wp-content\/uploads\/2024\/05\/B0109-3-300x176.jpg 300w, https:\/\/shefmon.com\/wp-content\/uploads\/2024\/05\/B0109-3-150x88.jpg 150w, https:\/\/shefmon.com\/wp-content\/uploads\/2024\/05\/B0109-3.jpg 560w\" sizes=\"(max-width: 300px) 100vw, 300px\" \/><\/strong><\/p>\n<p>La pantalla es ULTRA de 7\u2033, de alta definici\u00f3n y t\u00e1ctil. Su funcionamiento es muy sencillo y la sonda cuenta con 7 luces de tratamiento diferentes, lo que permite apreciar mejor el efecto.<\/p>\n<p><span style=\"color: #ff6600;\"><strong>Cuenta con 2-3 rodillos<\/strong><\/span><\/p>\n<p><strong><img decoding=\"async\" class=\"alignnone size-medium wp-image-2617 lazyload\" data-src=\"https:\/\/shefmon.com\/wp-content\/uploads\/2024\/05\/B0109-2-300x300.png\" alt=\"\" width=\"300\" height=\"300\" data-srcset=\"https:\/\/shefmon.com\/wp-content\/uploads\/2024\/05\/B0109-2-300x300.png 300w, https:\/\/shefmon.com\/wp-content\/uploads\/2024\/05\/B0109-2-150x150.png 150w, https:\/\/shefmon.com\/wp-content\/uploads\/2024\/05\/B0109-2-600x600.png 600w, https:\/\/shefmon.com\/wp-content\/uploads\/2024\/05\/B0109-2-768x768.png 768w, https:\/\/shefmon.com\/wp-content\/uploads\/2024\/05\/B0109-2.png 1000w\" data-sizes=\"(max-width: 300px) 100vw, 300px\" src=\"data:image\/gif;base64,R0lGODlhAQABAAAAACH5BAEKAAEALAAAAAABAAEAAAICTAEAOw==\" style=\"--smush-placeholder-width: 300px; --smush-placeholder-aspect-ratio: 300\/300;\" \/><\/strong><\/p>\n<p>La pieza de mano cuenta con tres rodillos \u00fanicos, cada uno para una fase de tratamiento diferente. Inicialmente, se utiliza un rodillo de esferas de gel, seguido de un rodillo de esferas de silicona para la fase funcional. El rodillo, con esferas r\u00edgidas y de densidad variable, act\u00faa eficazmente sobre zonas espec\u00edficas.<\/p>\n<p><span style=\"color: #ff6600;\"><strong>Cuenta con 3 rodillos de silicona en forma de V con orificios de aire.<\/strong><\/span><\/p>\n<p><img decoding=\"async\" class=\"alignnone size-medium wp-image-2794 lazyload\" data-src=\"https:\/\/shefmon.com\/wp-content\/uploads\/2024\/05\/B0109-300x300.jpg\" alt=\"\" width=\"300\" height=\"300\" data-srcset=\"https:\/\/shefmon.com\/wp-content\/uploads\/2024\/05\/B0109-300x300.jpg 300w, https:\/\/shefmon.com\/wp-content\/uploads\/2024\/05\/B0109-150x150.jpg 150w, https:\/\/shefmon.com\/wp-content\/uploads\/2024\/05\/B0109.jpg 560w\" data-sizes=\"(max-width: 300px) 100vw, 300px\" src=\"data:image\/gif;base64,R0lGODlhAQABAAAAACH5BAEKAAEALAAAAAABAAEAAAICTAEAOw==\" style=\"--smush-placeholder-width: 300px; --smush-placeholder-aspect-ratio: 300\/300;\" \/><\/p>\n<p>El dise\u00f1o m\u00e1s reciente incluye rodillos en forma de V, con tres rodillos en la parte superior e inferior, adem\u00e1s de dos filas de rodillos perforados. Act\u00faa en dos direcciones: tensando los m\u00fasculos hacia el interior, masajeando y alisando, garantizando comodidad y una mayor eficacia.<\/p>\n<p><span style=\"color: #ff6600;\"><strong>Caracter\u00edsticas Pieza de mano facial de 4 cuerpos<\/strong><\/span><\/p>\n<p><img decoding=\"async\" class=\"alignnone size-medium wp-image-2797 lazyload\" data-src=\"https:\/\/shefmon.com\/wp-content\/uploads\/2024\/05\/B0109-2-1-300x300.jpg\" alt=\"\" width=\"300\" height=\"300\" data-srcset=\"https:\/\/shefmon.com\/wp-content\/uploads\/2024\/05\/B0109-2-1-300x300.jpg 300w, https:\/\/shefmon.com\/wp-content\/uploads\/2024\/05\/B0109-2-1-150x150.jpg 150w, https:\/\/shefmon.com\/wp-content\/uploads\/2024\/05\/B0109-2-1.jpg 560w\" data-sizes=\"(max-width: 300px) 100vw, 300px\" src=\"data:image\/gif;base64,R0lGODlhAQABAAAAACH5BAEKAAEALAAAAAABAAEAAAICTAEAOw==\" style=\"--smush-placeholder-width: 300px; --smush-placeholder-aspect-ratio: 300\/300;\" \/><\/p>\n<p>Tanto las piezas de mano corporales como las faciales est\u00e1n equipadas con sensores y una pantalla que se comunica con el operador. Cada una cuenta con 3 puntas y presenta un dise\u00f1o ergon\u00f3mico mejorado con indicadores de direcci\u00f3n en la parte posterior para un uso intuitivo.<\/p>","protected":false},"excerpt":{"rendered":"<p><strong>Funci\u00f3n:<\/strong>P\u00e9rdida de peso, rejuvenecimiento de la piel, eliminaci\u00f3n de arrugas, reafirmante<br \/>\n<strong>Pantalla<\/strong> 10,1 pulgadas<br \/>\n<strong>Velocidad de rotaci\u00f3n<\/strong> 450 rpm<br \/>\n<strong>Frecuencia de salida<\/strong> 40-300 Hz<br \/>\n<strong>Potencia de salida<\/strong> 300 vatios<br \/>\n<strong>Voltaje<\/strong> CA 110 V\/220 V<br \/>\n<strong>Fusible<\/strong> 10A<br \/>\n<strong>Dimensi\u00f3n<\/strong> 46*46*57cm<br \/>\n<strong>Peso<\/strong> 14 kilos<\/p>","protected":false},"featured_media":3076,"template":"","meta":[],"product_brand":[],"product_cat":[77,90],"product_tag":[],"class_list":{"0":"post-3071","1":"product","2":"type-product","3":"status-publish","4":"has-post-thumbnail","6":"product_cat-endos-velapro","7":"product_cat-lose-fat-and-body-firming","9":"first","10":"instock","11":"shipping-taxable","12":"product-type-simple"},"_links":{"self":[{"href":"https:\/\/shefmon.com\/es\/wp-json\/wp\/v2\/product\/3071","targetHints":{"allow":["GET"]}}],"collection":[{"href":"https:\/\/shefmon.com\/es\/wp-json\/wp\/v2\/product"}],"about":[{"href":"https:\/\/shefmon.com\/es\/wp-json\/wp\/v2\/types\/product"}],"version-history":[{"count":0,"href":"https:\/\/shefmon.com\/es\/wp-json\/wp\/v2\/product\/3071\/revisions"}],"wp:featuredmedia":[{"embeddable":true,"href":"https:\/\/shefmon.com\/es\/wp-json\/wp\/v2\/media\/3076"}],"wp:attachment":[{"href":"https:\/\/shefmon.com\/es\/wp-json\/wp\/v2\/media?parent=3071"}],"wp:term":[{"taxonomy":"product_brand","embeddable":true,"href":"https:\/\/shefmon.com\/es\/wp-json\/wp\/v2\/product_brand?post=3071"},{"taxonomy":"product_cat","embeddable":true,"href":"https:\/\/shefmon.com\/es\/wp-json\/wp\/v2\/product_cat?post=3071"},{"taxonomy":"product_tag","embeddable":true,"href":"https:\/\/shefmon.com\/es\/wp-json\/wp\/v2\/product_tag?post=3071"}],"curies":[{"name":"wp","href":"https:\/\/api.w.org\/{rel}","templated":true}]}}