{"id":3051,"date":"2024-05-27T16:03:17","date_gmt":"2024-05-27T08:03:17","guid":{"rendered":"https:\/\/palegoldenrod-manatee-952098.hostingersite.com\/?post_type=product&#038;p=3051"},"modified":"2025-09-17T19:18:16","modified_gmt":"2025-09-17T11:18:16","slug":"tratamiento-electromagnetico-para-el-alivio-del-dolor-a0271e-pmst-neo","status":"publish","type":"product","link":"https:\/\/shefmon.com\/es\/product\/a0271e-pmst-neo-electromagnetic-pain-relief-treatment\/","title":{"rendered":"A0271E PMST NEO Tratamiento electromagn\u00e9tico para el alivio del dolor"},"content":{"rendered":"<p><strong>Magnetoterapia<\/strong> Pulsa un campo magn\u00e9tico en el cuerpo, creando un efecto curativo extraordinario. El<br \/>\nLos resultados son menos dolor, reducci\u00f3n de la hinchaz\u00f3n y mayor amplitud de movimiento en las zonas afectadas.<br \/>\nLas c\u00e9lulas se revitalizan al aumentar las cargas el\u00e9ctricas dentro de la c\u00e9lula que la restauran a su estado saludable normal.<br \/>\nEl metabolismo celular aumenta, las c\u00e9lulas sangu\u00edneas se regeneran, la circulaci\u00f3n mejora y la absorci\u00f3n de<br \/>\nEl ox\u00edgeno aumenta en m\u00e1s de 200%. El sistema inmunol\u00f3gico se vuelve m\u00e1s saludable y el h\u00edgado, los ri\u00f1ones,<br \/>\ny el colon est\u00e1n mejor capacitados para eliminar desechos y toxinas.<\/p>\n<p><strong>Efectos de la magnetoterapia<\/strong><br \/>\n\u53e3reduce el dolor<br \/>\nMejora la circulaci\u00f3n sangu\u00ednea superficial y profunda.<br \/>\nMejora la regeneraci\u00f3n de los tejidos<br \/>\nEstimula el drenaje venoso y linf\u00e1tico.<br \/>\nAfecta la restauraci\u00f3n de la actividad del equilibrio metab\u00f3lico.<\/p>","protected":false},"excerpt":{"rendered":"<p><strong>Nombre del producto:<\/strong>M\u00e1quina de fisioterapia magneto<br \/>\n<strong>Voltaje:<\/strong>CA 100 V-CA 240 V 50\/60 Hz<br \/>\n<strong>Fuerza:<\/strong>1500 W<br \/>\n<strong>Frecuencia:<\/strong>100 kHz-300 kHz<br \/>\n<strong>Intensidad de campo en la bobina:<\/strong>4T<br \/>\n<strong>Intensidad de campo a 4 cm de distancia:<\/strong>0,4 toneladas<br \/>\n<strong>Rendimiento del campo:<\/strong>92 toneladas por segundo<br \/>\n<strong>Funci\u00f3n:<\/strong>Reducir el dolor, rehabilitaci\u00f3n, lesiones deportivas<br \/>\n<strong>Sistema de refrigeraci\u00f3n:<\/strong>Sistema de enfriamiento por aire<br \/>\n<strong>Paquete:<\/strong> 48*63*63cm\/39KGS<br \/>\n<span style=\"color: #ff6600;\"><strong>Opcional:<\/strong><\/span> Dos manijas trabajando al mismo tiempo con l\u00e1seres.<\/p>","protected":false},"featured_media":3887,"template":"","meta":[],"product_brand":[],"product_cat":[75,83],"product_tag":[],"class_list":{"0":"post-3051","1":"product","2":"type-product","3":"status-publish","4":"has-post-thumbnail","6":"product_cat-emslim","7":"product_cat-shockwave-physiotherapy","9":"first","10":"instock","11":"shipping-taxable","12":"product-type-simple"},"_links":{"self":[{"href":"https:\/\/shefmon.com\/es\/wp-json\/wp\/v2\/product\/3051","targetHints":{"allow":["GET"]}}],"collection":[{"href":"https:\/\/shefmon.com\/es\/wp-json\/wp\/v2\/product"}],"about":[{"href":"https:\/\/shefmon.com\/es\/wp-json\/wp\/v2\/types\/product"}],"version-history":[{"count":0,"href":"https:\/\/shefmon.com\/es\/wp-json\/wp\/v2\/product\/3051\/revisions"}],"wp:featuredmedia":[{"embeddable":true,"href":"https:\/\/shefmon.com\/es\/wp-json\/wp\/v2\/media\/3887"}],"wp:attachment":[{"href":"https:\/\/shefmon.com\/es\/wp-json\/wp\/v2\/media?parent=3051"}],"wp:term":[{"taxonomy":"product_brand","embeddable":true,"href":"https:\/\/shefmon.com\/es\/wp-json\/wp\/v2\/product_brand?post=3051"},{"taxonomy":"product_cat","embeddable":true,"href":"https:\/\/shefmon.com\/es\/wp-json\/wp\/v2\/product_cat?post=3051"},{"taxonomy":"product_tag","embeddable":true,"href":"https:\/\/shefmon.com\/es\/wp-json\/wp\/v2\/product_tag?post=3051"}],"curies":[{"name":"wp","href":"https:\/\/api.w.org\/{rel}","templated":true}]}}