{"id":3042,"date":"2024-05-27T14:34:19","date_gmt":"2024-05-27T06:34:19","guid":{"rendered":"https:\/\/palegoldenrod-manatee-952098.hostingersite.com\/?post_type=product&#038;p=3042"},"modified":"2025-09-17T19:20:33","modified_gmt":"2025-09-17T11:20:33","slug":"a0272-5-in-1-emsculpt-neo-rf-emslim-slimming-machine","status":"publish","type":"product","link":"https:\/\/shefmon.com\/es\/product\/a0272-5-in-1-emsculpt-neo-rf-emslim-slimming-machine\/","title":{"rendered":"A0272 M\u00e1quina de adelgazamiento 5 en 1 Emsculpt NEO RF Emslim"},"content":{"rendered":"<p><strong>Estimulaci\u00f3n muscular Shefmon EMS Teslasculpt<\/strong><br \/>\nTecnolog\u00eda EMS de Remodelaci\u00f3n Corporal con Pulsaciones Electromagn\u00e9ticas de Alta Intensidad (HIPEM) para Adelgazamiento, Reafirmaci\u00f3n y Quema de Grasa. Dispositivo profesional para salones de belleza y m\u00e9dicos que desean ofrecer a sus clientes los tratamientos de remodelaci\u00f3n corporal no invasivos m\u00e1s modernos y efectivos.<br \/>\nEl modelado corporal EMS desarrolla m\u00fasculo y quema grasa simult\u00e1neamente. Los pulsos electromagn\u00e9ticos inducen contracciones musculares supram\u00e1ximas que fuerzan la adaptaci\u00f3n del tejido muscular, lo que aumenta el crecimiento muscular y quema grasa mediante lip\u00f3lisis.<\/p>\n<p><strong>\u00bfC\u00f3mo funciona el contorno corporal EMS?<\/strong><br \/>\nEs la \u00faltima tecnolog\u00eda de tratamiento dise\u00f1ada en Corea para adelgazar y esculpir el cuerpo de forma no invasiva, que desarrolla los m\u00fasculos y quema la grasa.<br \/>\nAl mismo tiempo. La estimulaci\u00f3n electromagn\u00e9tica pulsada de alta intensidad ofrece contracci\u00f3n muscular continua sin relajaci\u00f3n muscular.<br \/>\nPor lo tanto, permite que el m\u00fasculo trabaje a su m\u00e1xima capacidad. Estas condiciones de contracci\u00f3n extrema requieren que el m\u00fasculo se adapte.<br \/>\nY desarrollar masa muscular sobre el \u00e1rea tratada, mientras quema grasa.<br \/>\nEstudios cl\u00ednicos informan una reducci\u00f3n promedio de grasa de 19% asociada con un aumento de masa muscular de 16% durante un tratamiento.<br \/>\nConsta de 4 a 6 sesiones, espaciadas cada 2 a 3 d\u00edas. Las \u00e1reas de tratamiento incluyen abdomen, gl\u00fateos, brazos y muslos.<\/p>\n<p><strong>Tratamiento seguro y c\u00f3modo<\/strong><br \/>\n(HIPEM) Tecnolog\u00eda electromagn\u00e9tica pulsada de alta intensidad<br \/>\nEs como hacer 20.000 abdominales o sentadillas en solo 30 minutos sin el esfuerzo ni el sudor. Tratamientos de 30 minutos.<br \/>\nLos tratamientos son r\u00e1pidos y se pueden realizar durante la hora del almuerzo. Cl\u00ednicamente probado.<br \/>\nCompletamente probado en 7 estudios independientes para garantizar su seguridad y eficacia.<\/p>\n<p><strong>Ventajas de la cl\u00ednica<\/strong><br \/>\n* Ofrezca a sus clientes lo \u00faltimo en tecnolog\u00eda de vanguardia para tratamientos de contorno corporal.<br \/>\n* Simplemente enci\u00e9ndalo y deje que el sistema haga el trabajo por usted<br \/>\n* Operaci\u00f3n simple y f\u00e1cil de usar<br \/>\n* Cero consumibles<br \/>\n* No invasivo, sin tiempo de inactividad, sin efectos secundarios y sin dolor.<br \/>\n* Costo de tratamiento recomendado $800 (visita \u00fanica)<br \/>\n* Viene con 2 aplicadores, lo que permite tratamientos para est\u00f3mago, gl\u00fateos, brazos y muslos.<\/p>","protected":false},"excerpt":{"rendered":"<p>Potencia: 5000w<br \/>\nPotencia de RF: 800w<br \/>\nIntensidad: 7Tesla<br \/>\nAncho de pulso: 310us\u00b110%<br \/>\nForma del pulso: onda bidireccional<br \/>\nPantalla: Pantalla resistente de 10,4 pulgadas<br \/>\nFrecuencia: 1-150 Hz<br \/>\nVoltaje: CA 220 V \u00b1 101 TP3T 10 A 50 Hz, 110 V \u00b1 101 TP3T 10 A 60 Hz<br \/>\nEnfriamiento: Enfriamiento por aire<br \/>\nManijas: 4 Manijas + M\u00fasculo del suelo p\u00e9lvico (opcional)<br \/>\nPaquete: 66 x 53 x 141 cm\/71 kg<\/p>","protected":false},"featured_media":2424,"template":"","meta":[],"product_brand":[],"product_cat":[75,85,91],"product_tag":[],"class_list":{"0":"post-3042","1":"product","2":"type-product","3":"status-publish","4":"has-post-thumbnail","6":"product_cat-emslim","7":"product_cat-gain-muscle-and-body-shaping","8":"product_cat-wrinkle-removal-and-skin-tightening","10":"first","11":"instock","12":"shipping-taxable","13":"product-type-simple"},"_links":{"self":[{"href":"https:\/\/shefmon.com\/es\/wp-json\/wp\/v2\/product\/3042","targetHints":{"allow":["GET"]}}],"collection":[{"href":"https:\/\/shefmon.com\/es\/wp-json\/wp\/v2\/product"}],"about":[{"href":"https:\/\/shefmon.com\/es\/wp-json\/wp\/v2\/types\/product"}],"version-history":[{"count":0,"href":"https:\/\/shefmon.com\/es\/wp-json\/wp\/v2\/product\/3042\/revisions"}],"wp:featuredmedia":[{"embeddable":true,"href":"https:\/\/shefmon.com\/es\/wp-json\/wp\/v2\/media\/2424"}],"wp:attachment":[{"href":"https:\/\/shefmon.com\/es\/wp-json\/wp\/v2\/media?parent=3042"}],"wp:term":[{"taxonomy":"product_brand","embeddable":true,"href":"https:\/\/shefmon.com\/es\/wp-json\/wp\/v2\/product_brand?post=3042"},{"taxonomy":"product_cat","embeddable":true,"href":"https:\/\/shefmon.com\/es\/wp-json\/wp\/v2\/product_cat?post=3042"},{"taxonomy":"product_tag","embeddable":true,"href":"https:\/\/shefmon.com\/es\/wp-json\/wp\/v2\/product_tag?post=3042"}],"curies":[{"name":"wp","href":"https:\/\/api.w.org\/{rel}","templated":true}]}}