{"id":3028,"date":"2024-05-27T14:06:01","date_gmt":"2024-05-27T06:06:01","guid":{"rendered":"https:\/\/palegoldenrod-manatee-952098.hostingersite.com\/?post_type=product&#038;p=3028"},"modified":"2026-01-26T16:41:28","modified_gmt":"2026-01-26T08:41:28","slug":"maquina-hifu-enfocada-5-en-1-a0205-9d-7d","status":"publish","type":"product","link":"https:\/\/shefmon.com\/es\/product\/a0205-9d-7d-focused-hifu-machine-5-in-1\/","title":{"rendered":"M\u00e1quina HIFU enfocada 5 en 1 A0205 9D\/7D"},"content":{"rendered":"<p><strong>Modelo n.\u00b0: A0205 9D<\/strong><\/p>\n<p>M\u00e1quina Hifu 9D multifuncional A0205<br \/>\n1.9D Hifu: 12 l\u00edneas, 26 puntos<br \/>\n2.9D Hifu Todos los cartuchos:<br \/>\n1,5 mm, 3,0 mm, 4,5 mm, 6 mm, 8 mm, 10 mm, 13 mm, 0,16 mm, 20 000 disparos por punta<br \/>\n3. Mango opcional: Hifu vaginal\/ Vmax Hifu\/Lipo-Hifu\/Microagujas RF<br \/>\n<strong>\u00bfQU\u00c9 ES LA M\u00c1QUINA 9D HIFU?<\/strong><br \/>\nEl ultrasonido focalizado de alta intensidad (HIFU) utiliza energ\u00eda de ultrasonido de grado m\u00e9dico precisa para el estiramiento facial y la reafirmaci\u00f3n de la piel sin cirug\u00eda.<br \/>\nEl 9D HIFU es una m\u00e1quina HIFU de novena generaci\u00f3n que ofrece mayor potencia, menor incomodidad, mayor seguridad y resultados cl\u00ednicamente probados.<br \/>\nFunciona igualmente bien para personas de todos los colores de piel, el tratamiento HIFU es la primera opci\u00f3n para el lifting facial no invasivo.<br \/>\n<strong>Funciones de la m\u00e1quina 9D HIFU:<\/strong><br \/>\n1. Elimina las arrugas alrededor de la frente, los ojos, la boca, etc.<br \/>\n2. Levantar y tensar la piel de ambas mejillas.<br \/>\n3. Mejora la elasticidad de la piel y da forma al contorno.<br \/>\n4. Mejora la l\u00ednea de la mand\u00edbula, reduciendo las \u201cl\u00edneas de marioneta\u201d.<br \/>\n5. Tensar el tejido de la piel de la frente, levantar las l\u00edneas de las cejas.<br \/>\n6. Mejora la tez de la piel, haci\u00e9ndola delicada y luminosa.<br \/>\n7. Elimina las arrugas del cuello y protege contra el envejecimiento.<br \/>\n8. Eliminar grasa no deseada en brazos, vientre, piernas, caderas, etc.<\/p>\n<p><strong>Tiene diferentes cartuchos para diferentes \u00e1reas operativas:<\/strong><br \/>\nDS-1.5mm es para la capa de epidermis;<br \/>\nDS-3.0mm es para la capa de la dermis;<br \/>\nDS-4.5mm es para la capa SMAS.<br \/>\nDS-6.0mm\/9mm\/12mm para la capa de grasa corporal<br \/>\n3. Es totalmente no invasivo y seguro.<br \/>\n4. El efecto se notar\u00e1 despu\u00e9s de la operaci\u00f3n, y el m\u00e1ximo se apreciar\u00e1 a los dos meses. Su duraci\u00f3n puede ser de 2 a 3 meses.<br \/>\nA\u00f1os.<\/p>","protected":false},"excerpt":{"rendered":"<p><strong>Par\u00e1metros t\u00e9cnicos:<\/strong><br \/>\n<strong>Descripci\u00f3n:<\/strong>M\u00e1quina Hifu multifuncional 5 en 1 7D\/9D<br \/>\n<strong>Manijas opcionales<\/strong>:Hifu vaginal, Hifu Vmax, RF, Lipo Hifu<br \/>\n<strong>Cartuchos 9D:<\/strong>Est\u00e1ndar: 3,0 mm, 4,5 mm,<br \/>\nOpcional::1,5 mm, 6,0 mm, 8,0 mm, 13,0 mm<br \/>\n20000 disparos\/uno<br \/>\n<strong>Cartuchos 7D (opcionales)<\/strong><br \/>\nEst\u00e1ndar: 1,5 mm, 2,0 mm, 3,0 mm, 4,5 mm, 6,0 mm, 9,0 mm, 13,0 mm<br \/>\n20000 disparos\/uno<br \/>\n<strong>Hifu vaginal (opcional)<\/strong><br \/>\n3,0 mm y 4,5 mm 10 000 disparos<br \/>\n<strong>Cartuchos Vmax (opcionales)<\/strong><br \/>\nEst\u00e1ndar: 1,5 mm, 3,0 mm, 4,5 mm, opcional: 8,0 mm, 13 mm<br \/>\n68000 disparos\/uno<br \/>\n<strong>Agujas de radiofrecuencia con microagujas (opcionales)<\/strong><br \/>\nAgujas de radiofrecuencia fraccionada suave, 10P, 25P, 64P (opcionales)<br \/>\nMango Lipo Hifu (opcional)<br \/>\nEst\u00e1ndar: 8,0 mm, 13 mm<br \/>\nOpcional: 6,0 mm, 10 mm, 16 mm<br \/>\n<strong>Fuerza:<\/strong>800 W<br \/>\n<strong>Frecuencia:<\/strong>4\/7 MHz<\/p>","protected":false},"featured_media":3041,"template":"","meta":[],"product_brand":[],"product_cat":[78,86],"product_tag":[],"class_list":{"0":"post-3028","1":"product","2":"type-product","3":"status-publish","4":"has-post-thumbnail","6":"product_cat-hifu","7":"product_cat-skin-care-and-facial-rejuvenation","9":"first","10":"instock","11":"shipping-taxable","12":"product-type-simple"},"_links":{"self":[{"href":"https:\/\/shefmon.com\/es\/wp-json\/wp\/v2\/product\/3028","targetHints":{"allow":["GET"]}}],"collection":[{"href":"https:\/\/shefmon.com\/es\/wp-json\/wp\/v2\/product"}],"about":[{"href":"https:\/\/shefmon.com\/es\/wp-json\/wp\/v2\/types\/product"}],"version-history":[{"count":0,"href":"https:\/\/shefmon.com\/es\/wp-json\/wp\/v2\/product\/3028\/revisions"}],"wp:featuredmedia":[{"embeddable":true,"href":"https:\/\/shefmon.com\/es\/wp-json\/wp\/v2\/media\/3041"}],"wp:attachment":[{"href":"https:\/\/shefmon.com\/es\/wp-json\/wp\/v2\/media?parent=3028"}],"wp:term":[{"taxonomy":"product_brand","embeddable":true,"href":"https:\/\/shefmon.com\/es\/wp-json\/wp\/v2\/product_brand?post=3028"},{"taxonomy":"product_cat","embeddable":true,"href":"https:\/\/shefmon.com\/es\/wp-json\/wp\/v2\/product_cat?post=3028"},{"taxonomy":"product_tag","embeddable":true,"href":"https:\/\/shefmon.com\/es\/wp-json\/wp\/v2\/product_tag?post=3028"}],"curies":[{"name":"wp","href":"https:\/\/api.w.org\/{rel}","templated":true}]}}