{"id":3017,"date":"2024-05-27T13:35:20","date_gmt":"2024-05-27T05:35:20","guid":{"rendered":"https:\/\/palegoldenrod-manatee-952098.hostingersite.com\/?post_type=product&#038;p=3017"},"modified":"2026-04-11T14:43:24","modified_gmt":"2026-04-11T06:43:24","slug":"a0152-escritorio-mmrf-deepth-8-microagujas-rf","status":"publish","type":"product","link":"https:\/\/shefmon.com\/es\/product\/a0152-desktop-mmrf-deepth-8-microneedling-rf\/","title":{"rendered":"A0152 Microneedling RF de escritorio con profundidad 8"},"content":{"rendered":"<p><strong>Beneficios:<\/strong><br \/>\n1. Ofrece los tratamientos fraccionados m\u00e1s profundos disponibles, calentando el tejido subd\u00e9rmico hasta 8 mm (perfil t\u00e9rmico de 7 mm + 1 mm).<br \/>\n2. Las piezas de mano duales permiten una mayor funcionalidad del tratamiento: mango facial para \u00e1reas de tratamiento m\u00e1s peque\u00f1as, mango corporal para tratamientos de tejidos m\u00e1s grandes y profundos.<br \/>\n3. Cuatro puntas fraccionarias con diferentes configuraciones de microagujas (12, 24 y 40 pines, nanochip). Administran energ\u00eda de radiofrecuencia cl\u00ednicamente probada a m\u00faltiples profundidades de tratamiento (0,5 mm\u20137 mm).<\/p>\n<p><strong>M\u00e1quina de radiofrecuencia MNRF de profundidad 8<\/strong><\/p>\n<p>La m\u00e1quina MNRF Depth 8 destaca por su enfoque especializado para mejorar la red fibroseptal (FSN) dentro de la matriz de grasa cut\u00e1nea, lo que da como resultado una piel notablemente m\u00e1s suave y una disminuci\u00f3n de las imperfecciones en las zonas faciales y corporales.<\/p>\n<p>MNRF Depth 8 ofrece una penetraci\u00f3n fraccionada profunda, que alcanza hasta 7 mm en la piel, acompa\u00f1ada de 1 mm adicional de inducci\u00f3n t\u00e9rmica, lo que garantiza un resultado altamente uniforme.<\/p>\n<p>Su sofisticado dise\u00f1o permite la focalizaci\u00f3n secuencial del tejido a tres profundidades distintas en intervalos r\u00e1pidos de milisegundos, lo que reduce dr\u00e1sticamente la duraci\u00f3n del tratamiento, minimiza el riesgo para la piel y mejora la uniformidad de los resultados del tratamiento.<\/p>\n<p><strong>Tratamiento<\/strong><br \/>\nEl MNRF Depth 8 cuenta con una innovadora punta aplicadora de gran tama\u00f1o que contiene una matriz de 40 microagujas delgadas recubiertas de oro, adem\u00e1s de una profundidad t\u00e9rmica de 7 mm, complementada con una penetraci\u00f3n de calor adicional de 1 m.<br \/>\nEs capaz de apuntar r\u00e1pidamente a \u00e1reas extensas de tejido de la piel, utilizando los niveles de energ\u00eda de radiofrecuencia (RF) m\u00e1s profundos disponibles.<br \/>\nMorpheus8 se destaca como una excelente opci\u00f3n para el rejuvenecimiento facial, ofreciendo la ventaja de abordar varios problemas a la vez.<br \/>\nEste enfoque de radiofrecuencia aborda eficazmente una variedad de tratamientos, como:<br \/>\n1. Exceso de grasa debajo del ment\u00f3n<br \/>\n2. Suavidad y flacidez a lo largo de la l\u00ednea de la mand\u00edbula.<br \/>\n3. Da\u00f1os por exposici\u00f3n al sol<br \/>\n4.Cicatrices por acn\u00e9 y otras causas.<br \/>\n5. Estr\u00edas<br \/>\n6. Textura desigual de la piel<br \/>\n7. Poros dilatados<br \/>\n8.Arrugas y pliegues pronunciados<\/p>","protected":false},"excerpt":{"rendered":"<p><strong>Presupuesto:<\/strong><br \/>\nPerfil de profundidad 1 mm - 7 mm<br \/>\nPerfil de calor adicional de 1 mm<br \/>\n12 pines principales<br \/>\nRenovaci\u00f3n de 24 pines<br \/>\nCuerpo de 40 pines<br \/>\nNanoagujas para pieles sensibles<br \/>\nProfundidad del tratamiento computarizado<br \/>\nAislado con punta conductora de 0,5 mm<br \/>\nPotencia m\u00e1xima de RF: 300 W<br \/>\nVoltaje 110 V\/60 Hz, 220 V\/50 Hz<br \/>\nMaterial: ABS y acero inoxidable<br \/>\nPantalla t\u00e1ctil de 15 pulgadas<br \/>\nFigura de agujas: 4 piezas (12P\\24P\\40P\\Cabeza nanocristalina)<br \/>\nMango de trabajo: Opci\u00f3n: (1 RF\/2 RF\/1RF+Martillo de enfriamiento\/2 RF+Martillo de enfriamiento)<br \/>\n\u00c1rea objetivo: Cuerpo, cara, ojos, piernas\/brazos, cuello\/garganta, otros<br \/>\nTama\u00f1o 45*39*55 cm<br \/>\nPeso bruto 11,5 kg<\/p>","protected":false},"featured_media":2925,"template":"","meta":[],"product_brand":[],"product_cat":[81,86],"product_tag":[],"class_list":{"0":"post-3017","1":"product","2":"type-product","3":"status-publish","4":"has-post-thumbnail","6":"product_cat-mnrf-microneedling","7":"product_cat-skin-care-and-facial-rejuvenation","9":"first","10":"instock","11":"shipping-taxable","12":"product-type-simple"},"_links":{"self":[{"href":"https:\/\/shefmon.com\/es\/wp-json\/wp\/v2\/product\/3017","targetHints":{"allow":["GET"]}}],"collection":[{"href":"https:\/\/shefmon.com\/es\/wp-json\/wp\/v2\/product"}],"about":[{"href":"https:\/\/shefmon.com\/es\/wp-json\/wp\/v2\/types\/product"}],"version-history":[{"count":1,"href":"https:\/\/shefmon.com\/es\/wp-json\/wp\/v2\/product\/3017\/revisions"}],"predecessor-version":[{"id":13062,"href":"https:\/\/shefmon.com\/es\/wp-json\/wp\/v2\/product\/3017\/revisions\/13062"}],"wp:featuredmedia":[{"embeddable":true,"href":"https:\/\/shefmon.com\/es\/wp-json\/wp\/v2\/media\/2925"}],"wp:attachment":[{"href":"https:\/\/shefmon.com\/es\/wp-json\/wp\/v2\/media?parent=3017"}],"wp:term":[{"taxonomy":"product_brand","embeddable":true,"href":"https:\/\/shefmon.com\/es\/wp-json\/wp\/v2\/product_brand?post=3017"},{"taxonomy":"product_cat","embeddable":true,"href":"https:\/\/shefmon.com\/es\/wp-json\/wp\/v2\/product_cat?post=3017"},{"taxonomy":"product_tag","embeddable":true,"href":"https:\/\/shefmon.com\/es\/wp-json\/wp\/v2\/product_tag?post=3017"}],"curies":[{"name":"wp","href":"https:\/\/api.w.org\/{rel}","templated":true}]}}