{"id":10243,"date":"2025-12-03T17:44:13","date_gmt":"2025-12-03T09:44:13","guid":{"rendered":"https:\/\/shefmon.com\/?post_type=product&#038;p=10243"},"modified":"2026-04-29T16:42:42","modified_gmt":"2026-04-29T08:42:42","slug":"a0923-cool-wave-machine-microwave-therapy-machine-body-shaping-skin-tightening-beauty-equipment-coolwave-machine","status":"publish","type":"product","link":"https:\/\/shefmon.com\/es\/product\/a0923-cool-wave-machine-microwave-therapy-machine-body-shaping-skin-tightening-beauty-equipment-coolwave-machine\/","title":{"rendered":"M\u00e1quina de ondas de fr\u00edo A0923, m\u00e1quina de terapia por microondas, equipo de belleza para reafirmar la piel y moldear el cuerpo."},"content":{"rendered":"<h2 data-start=\"939\" data-end=\"974\"><strong data-start=\"942\" data-end=\"974\">\u00bfQu\u00e9 es la tecnolog\u00eda COOLWAVE?<\/strong><\/h2>\n<p data-start=\"976\" data-end=\"1145\">CoolWave es una avanzada tecnolog\u00eda de modelado corporal basada en microondas que act\u00faa selectivamente sobre las c\u00e9lulas grasas protegiendo los tejidos circundantes. Ofrece tres beneficios principales:<\/p>\n<ul data-start=\"1147\" data-end=\"1318\">\n<li data-start=\"1147\" data-end=\"1199\">\n<p data-start=\"1149\" data-end=\"1199\"><strong data-start=\"1149\" data-end=\"1166\">reducci\u00f3n de grasa<\/strong>\u00a0mediante energ\u00eda t\u00e9rmica controlada<\/p>\n<\/li>\n<li data-start=\"1200\" data-end=\"1255\">\n<p data-start=\"1202\" data-end=\"1255\"><strong data-start=\"1202\" data-end=\"1221\">Estiramiento de la piel<\/strong>\u00a0al potenciar la remodelaci\u00f3n del col\u00e1geno<\/p>\n<\/li>\n<li data-start=\"1256\" data-end=\"1318\">\n<p data-start=\"1258\" data-end=\"1318\"><strong data-start=\"1258\" data-end=\"1281\">Alisado de la celulitis<\/strong>\u00a0a trav\u00e9s de un metabolismo tisular mejorado<\/p>\n<\/li>\n<\/ul>\n<p data-start=\"1320\" data-end=\"1461\">En comparaci\u00f3n con la radiofrecuencia convencional o la cavitaci\u00f3n, CoolWave proporciona un calentamiento m\u00e1s profundo y uniforme, a la vez que mantiene la epidermis segura y c\u00f3moda.<\/p>\n<p data-start=\"1463\" data-end=\"1600\">SHEFMON CoolWave mejora esta tecnolog\u00eda con sensores de temperatura inteligentes y un suministro de energ\u00eda optimizado para obtener resultados m\u00e1s consistentes.<\/p>\n<p data-start=\"1463\" data-end=\"1600\"><img fetchpriority=\"high\" decoding=\"async\" class=\"alignnone wp-image-9682 size-full\" src=\"https:\/\/shefmon.com\/wp-content\/uploads\/2025\/11\/A0932-7.jpg\" sizes=\"(max-width: 1000px) 100vw, 1000px\" srcset=\"https:\/\/shefmon.com\/wp-content\/uploads\/2025\/11\/A0932-7.jpg 1000w, https:\/\/shefmon.com\/wp-content\/uploads\/2025\/11\/A0932-7-300x300.jpg 300w, https:\/\/shefmon.com\/wp-content\/uploads\/2025\/11\/A0932-7-150x150.jpg 150w, https:\/\/shefmon.com\/wp-content\/uploads\/2025\/11\/A0932-7-768x768.jpg 768w, https:\/\/shefmon.com\/wp-content\/uploads\/2025\/11\/A0932-7-12x12.jpg 12w, https:\/\/shefmon.com\/wp-content\/uploads\/2025\/11\/A0932-7-600x600.jpg 600w\" alt=\"A0932 7\" width=\"1000\" height=\"1000\" data-src=\"https:\/\/shefmon.com\/wp-content\/uploads\/2025\/11\/A0932-7.jpg\" data-srcset=\"https:\/\/shefmon.com\/wp-content\/uploads\/2025\/11\/A0932-7.jpg 1000w, https:\/\/shefmon.com\/wp-content\/uploads\/2025\/11\/A0932-7-300x300.jpg 300w, https:\/\/shefmon.com\/wp-content\/uploads\/2025\/11\/A0932-7-150x150.jpg 150w, https:\/\/shefmon.com\/wp-content\/uploads\/2025\/11\/A0932-7-768x768.jpg 768w, https:\/\/shefmon.com\/wp-content\/uploads\/2025\/11\/A0932-7-12x12.jpg 12w, https:\/\/shefmon.com\/wp-content\/uploads\/2025\/11\/A0932-7-600x600.jpg 600w\" \/><\/p>\n<h1 data-start=\"1607\" data-end=\"1696\"><strong data-start=\"1609\" data-end=\"1696\">Entendiendo las diferencias: Onda vs. Onda Plus vs. Onda Pro vs. SHEFMON CoolWave<\/strong><\/h1>\n<p data-start=\"1698\" data-end=\"1782\">A continuaci\u00f3n se presenta un resumen basado en la tabla comparativa, ampliado con informaci\u00f3n adicional:<\/p>\n<h2 data-start=\"1789\" data-end=\"1824\">\u2705\u00a0<strong data-start=\"1794\" data-end=\"1824\">1. Configuraci\u00f3n de la pieza de mano<\/strong><\/h2>\n<div class=\"_tableContainer_1rjym_1\">\n<div class=\"group _tableWrapper_1rjym_13 flex w-fit flex-col-reverse\" tabindex=\"-1\">\n<table class=\"w-fit min-w-(--thread-content-width)\" data-start=\"1825\" data-end=\"2319\">\n<thead data-start=\"1825\" data-end=\"1864\">\n<tr data-start=\"1825\" data-end=\"1864\">\n<th data-start=\"1825\" data-end=\"1834\" data-col-size=\"sm\">Sistema<\/th>\n<th data-start=\"1834\" data-end=\"1847\" data-col-size=\"sm\">Piezas de mano<\/th>\n<th data-start=\"1847\" data-end=\"1864\" data-col-size=\"md\">Notas especiales<\/th>\n<\/tr>\n<\/thead>\n<tbody data-start=\"1906\" data-end=\"2319\">\n<tr data-start=\"1906\" data-end=\"1988\">\n<td data-start=\"1906\" data-end=\"1925\" data-col-size=\"sm\"><strong data-start=\"1908\" data-end=\"1924\">Onda (Gen 1)<\/strong><\/td>\n<td data-col-size=\"sm\" data-start=\"1925\" data-end=\"1952\">7 mm de profundidad, 12 mm de profundidad<\/td>\n<td data-col-size=\"md\" data-start=\"1952\" data-end=\"1988\">Funciones b\u00e1sicas para reducir la grasa y reafirmar<\/td>\n<\/tr>\n<tr data-start=\"1989\" data-end=\"2087\">\n<td data-start=\"1989\" data-end=\"2013\" data-col-size=\"sm\"><strong data-start=\"1991\" data-end=\"2012\">Onda Plus (Gen 2)<\/strong><\/td>\n<td data-col-size=\"sm\" data-start=\"2013\" data-end=\"2041\">A\u00f1ade una tercera pieza de mano &quot;Plus&quot;.<\/td>\n<td data-col-size=\"md\" data-start=\"2041\" data-end=\"2087\">Mejora la circulaci\u00f3n y reduce la celulitis.<\/td>\n<\/tr>\n<tr data-start=\"2088\" data-end=\"2189\">\n<td data-start=\"2088\" data-end=\"2111\" data-col-size=\"sm\"><strong data-start=\"2090\" data-end=\"2110\">Onda Pro (Gen 3)<\/strong><\/td>\n<td data-col-size=\"sm\" data-start=\"2111\" data-end=\"2142\">A\u00f1ade un bolsillo facial de 3 mm a la cabeza.<\/td>\n<td data-col-size=\"md\" data-start=\"2142\" data-end=\"2189\">Cobertura completa de rostro y cuerpo, mayor precisi\u00f3n<\/td>\n<\/tr>\n<tr data-start=\"2190\" data-end=\"2319\">\n<td data-start=\"2190\" data-end=\"2213\" data-col-size=\"sm\"><strong data-start=\"2192\" data-end=\"2212\">SHEFMON CoolWave<\/strong><\/td>\n<td data-col-size=\"sm\" data-start=\"2213\" data-end=\"2252\">Juego completo que incluye 3 mm, 7 mm y 12 mm.<\/td>\n<td data-col-size=\"md\" data-start=\"2252\" data-end=\"2319\">Ergonom\u00eda optimizada, refrigeraci\u00f3n m\u00e1s potente, durabilidad de grado cl\u00ednico<\/td>\n<\/tr>\n<\/tbody>\n<\/table>\n<\/div>\n<\/div>\n<h2 data-start=\"2487\" data-end=\"2528\">\u2705\u00a0<strong data-start=\"2492\" data-end=\"2528\">2. Tecnolog\u00eda detr\u00e1s de los resultados<\/strong><\/h2>\n<p data-start=\"2529\" data-end=\"2579\">Todas las versiones utilizan energ\u00eda de microondas Cool Waves, pero:<\/p>\n<div class=\"_tableContainer_1rjym_1\">\n<div class=\"group _tableWrapper_1rjym_13 flex w-fit flex-col-reverse\" tabindex=\"-1\">\n<table class=\"w-fit min-w-(--thread-content-width)\" data-start=\"2581\" data-end=\"2867\">\n<thead data-start=\"2581\" data-end=\"2611\">\n<tr data-start=\"2581\" data-end=\"2611\">\n<th data-start=\"2581\" data-end=\"2591\" data-col-size=\"sm\">Versi\u00f3n<\/th>\n<th data-start=\"2591\" data-end=\"2611\" data-col-size=\"md\">Nivel tecnol\u00f3gico<\/th>\n<\/tr>\n<\/thead>\n<tbody data-start=\"2644\" data-end=\"2867\">\n<tr data-start=\"2644\" data-end=\"2706\">\n<td data-start=\"2644\" data-end=\"2667\" data-col-size=\"sm\"><strong data-start=\"2646\" data-end=\"2666\">Onda \/ Onda Plus<\/strong><\/td>\n<td data-col-size=\"md\" data-start=\"2667\" data-end=\"2706\">Calentamiento est\u00e1ndar por microondas CoolWave<\/td>\n<\/tr>\n<tr data-start=\"2707\" data-end=\"2750\">\n<td data-start=\"2707\" data-end=\"2722\" data-col-size=\"sm\"><strong data-start=\"2709\" data-end=\"2721\">Onda Pro<\/strong><\/td>\n<td data-col-size=\"md\" data-start=\"2722\" data-end=\"2750\">CoolWave + PGW Precision<\/td>\n<\/tr>\n<tr data-start=\"2751\" data-end=\"2867\">\n<td data-start=\"2751\" data-end=\"2774\" data-col-size=\"sm\"><strong data-start=\"2753\" data-end=\"2773\">SHEFMON CoolWave<\/strong><\/td>\n<td data-col-size=\"md\" data-start=\"2774\" data-end=\"2867\"><strong data-start=\"2776\" data-end=\"2865\">CoolWave mejorado + Control de temperatura inteligente + Modulaci\u00f3n de onda de precisi\u00f3n (PWM)<\/strong><\/td>\n<\/tr>\n<\/tbody>\n<\/table>\n<\/div>\n<\/div>\n<p data-start=\"2869\" data-end=\"3052\">La versi\u00f3n de SHEFMON ofrece:<br data-start=\"2894\" data-end=\"2897\" \/>\u2714 Producci\u00f3n de energ\u00eda m\u00e1s estable<br data-start=\"2924\" data-end=\"2927\" \/>\u2714 Retroalimentaci\u00f3n de temperatura en tiempo real<br data-start=\"2959\" data-end=\"2962\" \/>\u2714 Menor riesgo de sobrecalentamiento<br data-start=\"2991\" data-end=\"2994\" \/>\u2714 Mayor comodidad, especialmente en el rostro y las zonas sensibles<\/p>\n<h2 data-start=\"3059\" data-end=\"3092\">\u2705\u00a0<strong data-start=\"3064\" data-end=\"3092\">3. Rendimiento del tratamiento<\/strong><\/h2>\n<p data-start=\"3093\" data-end=\"3146\">SHEFMON CoolWave mejora los resultados del tratamiento mediante:<\/p>\n<ul data-start=\"3148\" data-end=\"3393\">\n<li data-start=\"3148\" data-end=\"3182\">\n<p data-start=\"3150\" data-end=\"3182\"><strong data-start=\"3150\" data-end=\"3180\">Mayor velocidad de reducci\u00f3n de grasa<\/strong><\/p>\n<\/li>\n<li data-start=\"3183\" data-end=\"3257\">\n<p data-start=\"3185\" data-end=\"3257\"><strong data-start=\"3185\" data-end=\"3214\">Mayor efecto tensor<\/strong>\u00a0gracias a una regeneraci\u00f3n de col\u00e1geno m\u00e1s fuerte<\/p>\n<\/li>\n<li data-start=\"3258\" data-end=\"3316\">\n<p data-start=\"3260\" data-end=\"3316\"><strong data-start=\"3260\" data-end=\"3293\">Distribuci\u00f3n de energ\u00eda m\u00e1s uniforme<\/strong>\u00a0para obtener resultados m\u00e1s uniformes<\/p>\n<\/li>\n<li data-start=\"3317\" data-end=\"3393\">\n<p data-start=\"3319\" data-end=\"3393\"><strong data-start=\"3319\" data-end=\"3349\">Mejor reducci\u00f3n de la celulitis<\/strong>\u00a0mediante calentamiento combinado profundo y superficial<\/p>\n<\/li>\n<\/ul>\n<p data-start=\"3395\" data-end=\"3487\">En comparaci\u00f3n con las generaciones anteriores, CoolWave ofrece mejoras visibles en menos sesiones.<\/p>\n<h2 data-start=\"3494\" data-end=\"3521\">\u2705\u00a0<strong data-start=\"3499\" data-end=\"3521\">4. \u00c1reas de tratamiento<\/strong><\/h2>\n<p data-start=\"3522\" data-end=\"3565\">Al igual que Onda Pro, la SHEFMON CoolWave cubre:<\/p>\n<h3 data-start=\"3567\" data-end=\"3579\"><strong data-start=\"3571\" data-end=\"3579\">Rostro<\/strong><\/h3>\n<ul data-start=\"3580\" data-end=\"3659\">\n<li data-start=\"3580\" data-end=\"3595\">\n<p data-start=\"3582\" data-end=\"3595\">Grosero<\/p>\n<\/li>\n<li data-start=\"3596\" data-end=\"3618\">\n<p data-start=\"3598\" data-end=\"3618\">Contorno de la mand\u00edbula<\/p>\n<\/li>\n<li data-start=\"3619\" data-end=\"3644\">\n<p data-start=\"3621\" data-end=\"3644\">Rejuvenecimiento de la parte inferior del rostro<\/p>\n<\/li>\n<li data-start=\"3645\" data-end=\"3659\">\n<p data-start=\"3647\" data-end=\"3659\">Escotes<\/p>\n<\/li>\n<\/ul>\n<h3 data-start=\"3661\" data-end=\"3673\"><strong data-start=\"3665\" data-end=\"3673\">Cuerpo<\/strong><\/h3>\n<ul data-start=\"3674\" data-end=\"3806\">\n<li data-start=\"3674\" data-end=\"3703\">\n<p data-start=\"3676\" data-end=\"3703\">Grasa abdominal y de la parte baja del vientre<\/p>\n<\/li>\n<li data-start=\"3704\" data-end=\"3720\">\n<p data-start=\"3706\" data-end=\"3720\">michelines<\/p>\n<\/li>\n<li data-start=\"3721\" data-end=\"3746\">\n<p data-start=\"3723\" data-end=\"3746\">Muslos (internos, externos)<\/p>\n<\/li>\n<li data-start=\"3747\" data-end=\"3755\">\n<p data-start=\"3749\" data-end=\"3755\">Brazos<\/p>\n<\/li>\n<li data-start=\"3756\" data-end=\"3768\">\n<p data-start=\"3758\" data-end=\"3768\">Grasa de la espalda<\/p>\n<\/li>\n<li data-start=\"3769\" data-end=\"3781\">\n<p data-start=\"3771\" data-end=\"3781\">hundimientos de cadera<\/p>\n<\/li>\n<li data-start=\"3782\" data-end=\"3796\">\n<p data-start=\"3784\" data-end=\"3796\">bultos del sujetador<\/p>\n<\/li>\n<li data-start=\"3797\" data-end=\"3806\">\n<p data-start=\"3799\" data-end=\"3806\">Rodillas<\/p>\n<\/li>\n<\/ul>\n<p data-start=\"3808\" data-end=\"3917\">Su pieza de mano de bolsillo de 3 mm la hace ideal para:<br data-start=\"3853\" data-end=\"3856\" \/>\u2705 \u00e1reas peque\u00f1as y precisas<br data-start=\"3878\" data-end=\"3881\" \/>\u2705 Lifting facial<br data-start=\"3897\" data-end=\"3900\" \/>\u2705 contorno fino<\/p>\n<h2 data-start=\"3924\" data-end=\"3952\">\u2705\u00a0<strong data-start=\"3929\" data-end=\"3952\">5. Candidatos ideales<\/strong><\/h2>\n<p data-start=\"3953\" data-end=\"3986\">SHEFMON CoolWave es adecuado para:<\/p>\n<ul data-start=\"3988\" data-end=\"4258\">\n<li data-start=\"3988\" data-end=\"4046\">\n<p data-start=\"3990\" data-end=\"4046\">Clientes con grasa rebelde resistente a la dieta y al ejercicio<\/p>\n<\/li>\n<li data-start=\"4047\" data-end=\"4098\">\n<p data-start=\"4049\" data-end=\"4098\">Madres en el posparto con piel fl\u00e1cida o grasa abdominal<\/p>\n<\/li>\n<li data-start=\"4099\" data-end=\"4149\">\n<p data-start=\"4101\" data-end=\"4149\">Personas que desean moldear su figura visiblemente sin cirug\u00eda<\/p>\n<\/li>\n<li data-start=\"4150\" data-end=\"4200\">\n<p data-start=\"4152\" data-end=\"4200\">Para quienes se preocupan por la celulitis y la textura de la piel<\/p>\n<\/li>\n<li data-start=\"4201\" data-end=\"4258\">\n<p data-start=\"4203\" data-end=\"4258\">Clientes que prefieren tratamientos no invasivos e indoloros<\/p>\n<\/li>\n<\/ul>\n<p data-start=\"4260\" data-end=\"4363\">Debido a que la energ\u00eda se controla con precisi\u00f3n, tambi\u00e9n es ideal para\u00a0<strong data-start=\"4321\" data-end=\"4362\">clientes sensibles o usuarios primerizos<\/strong>.<\/p>\n<h2 data-start=\"4370\" data-end=\"4400\">\u2705\u00a0<strong data-start=\"4375\" data-end=\"4400\">6. Duraci\u00f3n del tratamiento<\/strong><\/h2>\n<p data-start=\"4401\" data-end=\"4459\">SHEFMON sigue la eficiencia del modelo m\u00e1s avanzado:<\/p>\n<ul data-start=\"4461\" data-end=\"4567\">\n<li data-start=\"4461\" data-end=\"4491\">\n<p data-start=\"4463\" data-end=\"4491\"><strong data-start=\"4463\" data-end=\"4489\">15\u201320 minutos por \u00e1rea<\/strong><\/p>\n<\/li>\n<li data-start=\"4492\" data-end=\"4531\">\n<p data-start=\"4494\" data-end=\"4531\">Sesiones m\u00e1s r\u00e1pidas con mejores resultados<\/p>\n<\/li>\n<li data-start=\"4532\" data-end=\"4567\">\n<p data-start=\"4534\" data-end=\"4567\">Alta rotaci\u00f3n de pacientes en las cl\u00ednicas<\/p>\n<\/li>\n<\/ul>\n<h2 data-start=\"4370\" data-end=\"4400\">\u2705\u00a0<strong data-start=\"4375\" data-end=\"4400\">7. Caracter\u00edsticas de estas generaciones de m\u00e1quinas<\/strong><\/h2>\n<table>\n<thead>\n<tr>\n<th><strong>Categor\u00eda<\/strong><\/th>\n<th><strong>Onda de primera generaci\u00f3n<\/strong><\/th>\n<th><strong>Onda Plus de segunda generaci\u00f3n<\/strong><\/th>\n<th><strong>Onda Pro de tercera generaci\u00f3n<\/strong><\/th>\n<\/tr>\n<\/thead>\n<tbody>\n<tr>\n<td><strong>Piezas de mano<\/strong><\/td>\n<td>\u2022 2 piezas de mano: superficial 7 mm (papada, brazos) y profunda 12 mm (abdomen, grasa rebelde).<\/td>\n<td>\u2022 3 piezas de mano: superficial 7 mm (papada, brazos), profunda 12 mm (abdomen, grasa rebelde) y pieza de mano Plus (metabolismo y circulaci\u00f3n).<\/td>\n<td>\u2022 3 piezas de mano avanzadas (cara completa y cuerpo) \u2013 Bolsillo 3 mm (cara, \u00e1reas peque\u00f1as) \u2013 Superficial 7 mm (grasa superficial, brazos, cuello) \u2013 Profundo 12 mm (grasa profunda, modelado)<\/td>\n<\/tr>\n<tr>\n<td><strong>Tecnolog\u00eda<\/strong><\/td>\n<td>Tecnolog\u00eda de microondas Cool Waves<\/td>\n<td>Tecnolog\u00eda de microondas Cool Waves<\/td>\n<td>Microondas Cool Waves +\u00a0<strong>Tecnolog\u00eda de precisi\u00f3n PGW<\/strong>\u00a0control inteligente de la temperatura<\/td>\n<\/tr>\n<tr>\n<td><strong>Efectos principales<\/strong><\/td>\n<td>\u2022 Reafirma la piel \u2022 Mejora las l\u00edneas de expresi\u00f3n y la textura \u2022 Reduce la grasa localizada<\/td>\n<td>\u2022 Reduce la grasa localizada \u2022 Reafirma la piel \u2022 Mejora la circulaci\u00f3n \u2022 Reduce la apariencia de la celulitis<\/td>\n<td>\u2022 Reducci\u00f3n m\u00e1s r\u00e1pida de la grasa localizada \u2022 Mayor efecto tensor y reafirmante \u2022 Mejor definici\u00f3n del contorno corporal y reducci\u00f3n de la celulitis \u2022 Mayor comodidad y control<\/td>\n<\/tr>\n<tr>\n<td><strong>\u00c1reas de tratamiento<\/strong><\/td>\n<td>Cara, cuello, papada. Acumulaci\u00f3n de grasa corporal (abdomen, espalda, brazos).<\/td>\n<td>Papada, parte inferior del rostro, brazos, michelines, abdomen, muslos<\/td>\n<td>Papada, mand\u00edbula, abdomen, muslos, cintura, dep\u00f3sitos de grasa profundos. Zonas peque\u00f1as y precisas (cara, rodillas, brazos).<\/td>\n<\/tr>\n<tr>\n<td><strong>Adecuado para<\/strong><\/td>\n<td>\u2022 Necesidades de lifting leve \u2022 Objetivo de modelado corporal completo \u2022 Personas que desean una piel m\u00e1s firme<\/td>\n<td>\u2022 Grasa localizada \u2022 Ligera flacidez cut\u00e1nea \u2022 Clientes con miedo al dolor<\/td>\n<td>\u2022 Grasa rebelde o abdomen posparto \u2022 Se necesitan resultados m\u00e1s r\u00e1pidos y efectivos \u2022 Para quienes buscan moldear su figura y reducir la celulitis<\/td>\n<\/tr>\n<tr>\n<td><strong>Tiempo de tratamiento<\/strong><\/td>\n<td>30\u201345 min \/ \u00e1rea<\/td>\n<td>20\u201325 min \/ \u00e1rea<\/td>\n<td>15\u201320 min \/ \u00e1rea<\/td>\n<\/tr>\n<\/tbody>\n<\/table>\n<div class=\"simg-pop-btn\" style=\"top: 327.5px; left: 14px; display: none;\"><\/div>\n<div class=\"simg-pop-btn\" style=\"top: 327.5px; left: 14px; display: none;\"><\/div>\n<div class=\"simg-pop-btn\" style=\"top: 327.5px; left: 14px; display: none;\"><\/div>\n<div class=\"simg-pop-btn\" style=\"top: 327.5px; left: 14px; display: none;\"><\/div>\n<div class=\"simg-pop-btn\" style=\"top: 327.5px; left: 14px; display: none;\"><\/div>","protected":false},"excerpt":{"rendered":"<p><strong>M\u00e1quina de ondas fr\u00edas M\u00e1quina de terapia de microondas<\/strong><br \/>\nvoltaje de la fuente de alimentaci\u00f3n<br \/>\n100-120 V 50 Hz<br \/>\n200-240 V 60 Hz<br \/>\nPotencia el\u00e9ctrica absorbida<br \/>\nDisyuntor principal<br \/>\nNivel de protecci\u00f3n el\u00e9ctrica<br \/>\nClasificaci\u00f3n IP (CE 60529)<br \/>\nCapacidad del tanque de agua<br \/>\nTama\u00f1o<br \/>\n1500 VA (m\u00e1x.) a 100 VA: 1500 VA (ax) a 240 VA<br \/>\n10A<br \/>\nclase 1<br \/>\nIPX0<br \/>\n3200 ml<br \/>\nAnfitri\u00f3n :<br \/>\n37 cm (largo) x 98,5 cm (alto) x 56,5 cm (ancho)<br \/>\nCon soporte para componentes port\u00e1til: 40 cm (largo) x 180,2 cm (alto) x 75 cm (ancho)<br \/>\nTama\u00f1o del embalaje: 56,5 cm (largo) x 124 cm (alto) x 64 cm (ancho)<br \/>\nPeso<br \/>\n63,5 kilogramos<\/p>\n<p>&nbsp;<\/p>","protected":false},"featured_media":10262,"template":"","meta":[],"product_brand":[],"product_cat":[98,90],"product_tag":[],"class_list":{"0":"post-10243","1":"product","2":"type-product","3":"status-publish","4":"has-post-thumbnail","6":"product_cat-coolwaves","7":"product_cat-lose-fat-and-body-firming","9":"first","10":"instock","11":"shipping-taxable","12":"product-type-simple"},"_links":{"self":[{"href":"https:\/\/shefmon.com\/es\/wp-json\/wp\/v2\/product\/10243","targetHints":{"allow":["GET"]}}],"collection":[{"href":"https:\/\/shefmon.com\/es\/wp-json\/wp\/v2\/product"}],"about":[{"href":"https:\/\/shefmon.com\/es\/wp-json\/wp\/v2\/types\/product"}],"version-history":[{"count":1,"href":"https:\/\/shefmon.com\/es\/wp-json\/wp\/v2\/product\/10243\/revisions"}],"predecessor-version":[{"id":13824,"href":"https:\/\/shefmon.com\/es\/wp-json\/wp\/v2\/product\/10243\/revisions\/13824"}],"wp:featuredmedia":[{"embeddable":true,"href":"https:\/\/shefmon.com\/es\/wp-json\/wp\/v2\/media\/10262"}],"wp:attachment":[{"href":"https:\/\/shefmon.com\/es\/wp-json\/wp\/v2\/media?parent=10243"}],"wp:term":[{"taxonomy":"product_brand","embeddable":true,"href":"https:\/\/shefmon.com\/es\/wp-json\/wp\/v2\/product_brand?post=10243"},{"taxonomy":"product_cat","embeddable":true,"href":"https:\/\/shefmon.com\/es\/wp-json\/wp\/v2\/product_cat?post=10243"},{"taxonomy":"product_tag","embeddable":true,"href":"https:\/\/shefmon.com\/es\/wp-json\/wp\/v2\/product_tag?post=10243"}],"curies":[{"name":"wp","href":"https:\/\/api.w.org\/{rel}","templated":true}]}}