{"id":793,"date":"2024-04-28T08:49:31","date_gmt":"2024-04-28T08:49:31","guid":{"rendered":"https:\/\/palegoldenrod-manatee-952098.hostingersite.com\/?post_type=product&#038;p=793"},"modified":"2025-09-17T19:30:36","modified_gmt":"2025-09-17T11:30:36","slug":"b0156-endos-velapro-shaper","status":"publish","type":"product","link":"https:\/\/shefmon.com\/de\/product\/b0156-endos-velapro-shaper\/","title":{"rendered":"B0156 5-in-1-Endos-Velapro-Shaper"},"content":{"rendered":"<p><strong>Merkmale :<\/strong><\/p>\n<p>1) Fettreduktion und K\u00f6rperformung<br \/>\nRollende und rotierende Fettknetmassage + Unterdruck + Radiofrequenz + 80K stark<br \/>\nSchallwellen + Nahinfrarot-Laser f\u00fcnf plus eins Technologie, um den Abbau von Fettzellen zu stimulieren, um die Wirkung von<br \/>\nFettreduktion und -formung.<\/p>\n<p>2) Anti-Schwellungen, Facelifting und Doppelkinn-Entfernung<br \/>\nVakuumdruck, Radiofrequenz und Infrarotlicht zur Verbesserung von Altersproblemen wie Erschlaffung und hohem Kollagenverlust im Gesicht,<br \/>\nund Kinnfett.<\/p>\n<p>3) Schmerzlinderung und Lymphdrainage<br \/>\nRollmassage + Unterdruck + Radiofrequenz + Nahinfrarot-Laserstimulation von Faszien und Muskeln, kann die<br \/>\nSchmerzen und Gesundheitszustand des K\u00f6rpers.<\/p>\n<p>4) Faltenentfernung und K\u00f6rperformung, Dehnungsstreifenreduzierung<br \/>\nRollenmassage + Vakuum + Radiofrequenz + 80K Kavitation + Nahinfrarotlicht 5-in-1-Technologie zur Stimulierung des Bindegewebes<br \/>\nGewebe, anwendbar auf alle Teile des menschlichen K\u00f6rpers, Formfalten, Dehnungsstreifen, Cellulite.<\/p>\n<p><strong>Prinzip:<\/strong><br \/>\nDas integrierte Ger\u00e4t V-20 Super Vela nutzt die dreidimensionale Rotation der Vakuumwalze zur Massage tiefer Hautgewebe, patentierte mechanische<br \/>\nRollendesign mit einzigartigem Rollmodus, Rollenmassage + Vakuum + Radiofrequenz + 80K Kavitation + Infrarotlicht f\u00fcnf<br \/>\nTechnologien in einem, k\u00f6nnen die vier Hauptprobleme schnell und effektiv auf nat\u00fcrliche und schmerzlose Weise lindern.<\/p>\n<p>a) Das rein physikalische Rollen und Drehen der Fettmassage mit unterschiedlichen Vibrationsfrequenzen kann auf die Dermis, die Fettschicht, die Faszienschicht und andere Stellen angewendet werden, um einen schlankmachenden und konturierenden Effekt zu erzielen, Schmerzen zu lindern usw.<\/p>\n<p>b) Gleichzeitig wird Unterdruck auf die Hautfalttechnologie angewendet, sodass die Radiofrequenzenergie direkt durch die beiden zusammengefalteten Hautschichten gelangt, was die Wirkung und Sicherheit erheblich verbessert und durch die mechanische Bewegung der Radiofrequenz verursacht wird.<br \/>\nDie Eindringtiefe betr\u00e4gt 5\u201315 mm. Durch die Verwendung rotierender Rollen werden die Bindefasern der verschiedenen Hautschichten geklemmt und gedehnt. Dadurch wird das Unterhautfettgewebe effektiv zersetzt und die Kapillaren und Lymphgef\u00e4\u00dfe werden herausgedr\u00fcckt. Der Stoffwechsel des menschlichen K\u00f6rpers wird gef\u00f6rdert und die Formgebung deutlich verbessert! Die Wirkung wird deutlich verbessert.<\/p>\n<p>c) Kombination von zwei 80K Kavitation, Vakuum<br \/>\n+ 940 Infrarotlicht, die erste Verwendung von 80K Kavitation, Hochgeschwindigkeitsvibration von Fettzellen, innerhalb und au\u00dferhalb der Fettzellen zu<br \/>\nproduzieren unz\u00e4hlige echte Lufteinschl\u00fcsse, starke Auswirkungen auf die Fettzellen, so dass die Fettzellmembranen nach innen platzen, so dass die Triglyceridzersetzung von Glycerin und freien Fetts\u00e4uren, um so die Wirkung von Gewichtsverlust und K\u00f6rper zu erreichen<br \/>\nVersch\u00f6nerung.<\/p>\n<p>d) Anpassung der Impedanz im K\u00f6rper mittels NIR-Laser: Reduziert die Impedanz der Epidermis gegen\u00fcber Radiofrequenz<br \/>\nEnergie durch Erh\u00f6hung der Temperatur der Epidermis, wodurch die HF-Energie (Radiofrequenz) tiefer in das Bindegewebe eindringt;<\/p>\n<p><strong>Funktionen:<\/strong><br \/>\n1. K\u00f6rperstraffung, Konturierung und Formung<br \/>\n2. Fett- und Cellulite-Reduktion<br \/>\n3. Hautstraffung<br \/>\n4. Faltenentfernung<br \/>\n5. Warme Vakuum-Cellulite-Massage<br \/>\n6. Behandlungen im Augenbereich<br \/>\n7. Gesichtsfaltenentfernung und -lifting<br \/>\n8. F\u00f6rdern Sie den Zellstoffwechsel, verbessern Sie die Durchblutung<br \/>\n9. Erh\u00f6hen Sie die Hautelastizit\u00e4t<br \/>\n10. Hautstraffung<\/p>","protected":false},"excerpt":{"rendered":"<p><strong><span style=\"color: #000000;\">5 IN 1 Endos Velapro, auch verschiedene Griffe kombinierbar<\/span><\/strong><br \/>\n<strong>Vakuumwalze (K\u00f6rper):<\/strong><br \/>\n1. Behandlungsgr\u00f6\u00dfe 40 mm x 60 mm.<br \/>\n2. HF-Leistung bis zu 50 W.<br \/>\n3. Gr\u00f6\u00dfte Gr\u00f6\u00dfe zur Cellulite-Behandlung.<br \/>\n4. Automatische mechanische Manipulation.<br \/>\n5. Vakuum + RF + 3 Farben Lichtlaser + Walze<br \/>\n6. Sichere und wirksame Behandlung.<br \/>\n<strong>Vakuumroller (Gesicht\/Arm\/Hals):<\/strong><br \/>\n1. 30 mm * 50 mm Behandlungsgr\u00f6\u00dfe.<br \/>\n2. HF-Leistung bis zu 50 W.<br \/>\n3. Passende Gr\u00f6\u00dfe f\u00fcr eine gezielte Behandlung.<br \/>\n4. Pr\u00e4zise Energieabgabe.<br \/>\n5. Vakuum + RF + Rotlicht + Walze<br \/>\n<strong>90 Fetter Drehgriff (K\u00f6rper):<\/strong><br \/>\n90 Fett rotierenden kombinieren 40,68 M multipolaren RF,<br \/>\nVakuum und Photonen zur Fettentfernung.<br \/>\n<strong>90 Fetter Drehgriff (Gesicht):<\/strong><br \/>\n90 Fett rotierenden kombinieren 40,68 M multipolaren RF,<br \/>\nVakuum und Photon zur Hautstraffung und<br \/>\nFaltenentfernung.<br \/>\n<strong>Fokus Dual Cavitation 80K:<\/strong><br \/>\nMit seinem neuen Design und dem 3,5-Zoll-Touchscreen wirkt es auf das abgesaugte Fettgewebe. Sicherer und effektiver.<br \/>\n<strong>Paket<\/strong>:67*54*141cm 59,2 kg\/75*49*29cm,17,2 kg<\/p>","protected":false},"featured_media":2422,"template":"","meta":[],"product_brand":[],"product_cat":[77,90],"product_tag":[],"class_list":{"0":"post-793","1":"product","2":"type-product","3":"status-publish","4":"has-post-thumbnail","6":"product_cat-endos-velapro","7":"product_cat-lose-fat-and-body-firming","9":"first","10":"instock","11":"shipping-taxable","12":"product-type-simple"},"_links":{"self":[{"href":"https:\/\/shefmon.com\/de\/wp-json\/wp\/v2\/product\/793","targetHints":{"allow":["GET"]}}],"collection":[{"href":"https:\/\/shefmon.com\/de\/wp-json\/wp\/v2\/product"}],"about":[{"href":"https:\/\/shefmon.com\/de\/wp-json\/wp\/v2\/types\/product"}],"version-history":[{"count":0,"href":"https:\/\/shefmon.com\/de\/wp-json\/wp\/v2\/product\/793\/revisions"}],"wp:featuredmedia":[{"embeddable":true,"href":"https:\/\/shefmon.com\/de\/wp-json\/wp\/v2\/media\/2422"}],"wp:attachment":[{"href":"https:\/\/shefmon.com\/de\/wp-json\/wp\/v2\/media?parent=793"}],"wp:term":[{"taxonomy":"product_brand","embeddable":true,"href":"https:\/\/shefmon.com\/de\/wp-json\/wp\/v2\/product_brand?post=793"},{"taxonomy":"product_cat","embeddable":true,"href":"https:\/\/shefmon.com\/de\/wp-json\/wp\/v2\/product_cat?post=793"},{"taxonomy":"product_tag","embeddable":true,"href":"https:\/\/shefmon.com\/de\/wp-json\/wp\/v2\/product_tag?post=793"}],"curies":[{"name":"wp","href":"https:\/\/api.w.org\/{rel}","templated":true}]}}