{"id":791,"date":"2024-04-28T08:49:17","date_gmt":"2024-04-28T08:49:17","guid":{"rendered":"https:\/\/palegoldenrod-manatee-952098.hostingersite.com\/?post_type=product&#038;p=791"},"modified":"2025-09-17T19:31:14","modified_gmt":"2025-09-17T11:31:14","slug":"a0423-laser","status":"publish","type":"product","link":"https:\/\/shefmon.com\/de\/product\/a0423-laser\/","title":{"rendered":"A0423 755\/1064\/810\/940 nm Diodenlaser-Haarentfernungsger\u00e4t"},"content":{"rendered":"<p><span style=\"color: #ff6600;\"><strong>Kombinierte 810 nm f\u00fcr alle Hauttypen und alle Haarfarben<\/strong><\/span><br \/>\n<strong>Maschinenmerkmal<\/strong><br \/>\n1. Kann 24 Stunden lang ohne Unterbrechung arbeiten, 20 Millionen Sch\u00fcsse Lebensdauer bei langj\u00e4hriger Nutzung<\/p>\n<p>2. 810 nm + 755 nm + 1064 nm, drei Laserwellenl\u00e4ngen kombiniert f\u00fcr die Behandlung aller Hauttypen: 755 nm zur Haarentfernung auf wei\u00dfer Haut, 1064 nm zur Haarentfernung auf schwarzer oder dunkler Haut, 810 nm zur Haarentfernung bei anderen Hautfarben<\/p>\n<p>3. Gro\u00dfe Leistung f\u00fcr die Maschine, um Haare in kurzer Zeit zu entfernen<\/p>\n<p>4. Bestes K\u00fchlsystem: Luftk\u00fchlung, Wasserk\u00fchlung, Saphirkontaktk\u00fchlung und Halbleiterk\u00fchlung, die sicherstellen, dass die Maschine 24 Stunden ohne Unterbrechung arbeitet.<\/p>\n<p>5. 8 Arten von Sprachen 6. Mann\/Frau Unterschiedliche Hauttypen Parametereinstellungen<\/p>\n<p><strong>Diodenlaser 810 nm<\/strong><br \/>\nMit aus Deutschland importiertem Diodenlaser: Halbe Behandlungszeit. F\u00fchren Sie mehr Behandlungssitzungen in k\u00fcrzerer Zeit durch, sodass Sie gr\u00f6\u00dfere Bereiche schnell behandeln und Ihren Patienten gleichzeitig das Gef\u00fchl einer schnelleren und effektiveren Haarentfernung bieten k\u00f6nnen.<\/p>\n<p><strong>Diodenlaser 1064 nm<\/strong><br \/>\nNeue Erfahrung f\u00fcr die spezielle Haarentfernung dunklerer Haut mit 1064 nm Laser. Die Haarentfernungsbehandlung mit 1064 nm Wellenl\u00e4nge ist besonders bei dunkler Haut sicherer und verj\u00fcngt die Haut. Gute Leistung und starke K\u00fchlfunktion, die Behandlung ist angenehm und sicher.<\/p>\n<p><strong>Diodenlaser 755 nm<\/strong><br \/>\nDer beliebteste 755-nm-Diodenlaser ersetzt den Festk\u00f6rper-Alexandrit-Diodenlaser und erm\u00f6glicht eine angenehmere Behandlung.<br \/>\nDie Absorption von 755-nm-Diodenlasern durch Melanin ist effektiv. Diese Eigenschaft ist gut f\u00fcr die Haarentfernung in den Zotten, wenn ein 755-nm-Diodenlaser verwendet wird. Und die Behandlungszeit wird k\u00fcrzer.<\/p>\n<p><strong>Diodenlaser 940 nm (optional)<\/strong><br \/>\n940 nm Diese Wellenl\u00e4nge bietet eine bessere Absorption durch Oxyh\u00e4moglobin (Koagulation von Mikrogef\u00e4\u00dfen, die die Haarwurzel versorgen) und eine moderate Eindringtiefe, wodurch sie f\u00fcr die Behandlung aller Haartypen geeignet ist. Die Melaninabsorption ist gering, was sie sehr sicher f\u00fcr die Arbeit mit dunklen Fototypen macht<\/p>","protected":false},"excerpt":{"rendered":"<p><strong>24 Stunden Dauerbetrieb<\/strong><br \/>\nLeistung des Griffs: 600 W\/1200 W<br \/>\nStromversorgung: 3500W<br \/>\nWellenl\u00e4nge: 810 nm\/755 nm 810 nm 940 nm 1064 nm<br \/>\nPunktgr\u00f6\u00dfe: 15 x 15 mm\/15 x 20 mm\/15 x 30 mm<br \/>\nWiederholungsfrequenz: 1\u201310 Hz<br \/>\nDisplay: 12,1 Zoll Touchscreen<br \/>\nMaximale Leistung: 100 J\/cm<br \/>\nImpulsbreite: 10\u2013200 ns<br \/>\nSpannung: 100-240 V, 50\/60 Hz<br \/>\nTemperatur der Sonde: -15\u2103-5\u2103<br \/>\nWasserdurchfluss: 5 l\/min<br \/>\nWassertank: Eingebaute Wasserbr\u00e4une<br \/>\nK\u00fchlsystem: Halbleiterk\u00fchlung + Wasser + TEC-K\u00fchlung, konstante Temperaturk\u00fchlung<br \/>\nPackungsgr\u00f6\u00dfe: 63 x 47 x 61 cm<br \/>\nBruttogewicht: 34,5 kg<\/p>","protected":false},"featured_media":2858,"template":"","meta":[],"product_brand":[],"product_cat":[84,80],"product_tag":[],"class_list":{"0":"post-791","1":"product","2":"type-product","3":"status-publish","4":"has-post-thumbnail","6":"product_cat-hair-removal","7":"product_cat-laser-ipl","9":"first","10":"instock","11":"shipping-taxable","12":"product-type-simple"},"_links":{"self":[{"href":"https:\/\/shefmon.com\/de\/wp-json\/wp\/v2\/product\/791","targetHints":{"allow":["GET"]}}],"collection":[{"href":"https:\/\/shefmon.com\/de\/wp-json\/wp\/v2\/product"}],"about":[{"href":"https:\/\/shefmon.com\/de\/wp-json\/wp\/v2\/types\/product"}],"version-history":[{"count":0,"href":"https:\/\/shefmon.com\/de\/wp-json\/wp\/v2\/product\/791\/revisions"}],"wp:featuredmedia":[{"embeddable":true,"href":"https:\/\/shefmon.com\/de\/wp-json\/wp\/v2\/media\/2858"}],"wp:attachment":[{"href":"https:\/\/shefmon.com\/de\/wp-json\/wp\/v2\/media?parent=791"}],"wp:term":[{"taxonomy":"product_brand","embeddable":true,"href":"https:\/\/shefmon.com\/de\/wp-json\/wp\/v2\/product_brand?post=791"},{"taxonomy":"product_cat","embeddable":true,"href":"https:\/\/shefmon.com\/de\/wp-json\/wp\/v2\/product_cat?post=791"},{"taxonomy":"product_tag","embeddable":true,"href":"https:\/\/shefmon.com\/de\/wp-json\/wp\/v2\/product_tag?post=791"}],"curies":[{"name":"wp","href":"https:\/\/api.w.org\/{rel}","templated":true}]}}