{"id":6155,"date":"2025-07-16T17:34:09","date_gmt":"2025-07-16T09:34:09","guid":{"rendered":"https:\/\/shefmon.com\/?post_type=product&#038;p=6155"},"modified":"2025-09-17T17:23:05","modified_gmt":"2025-09-17T09:23:05","slug":"s10-criolipolisis-portatil-slimming-machine-cryotherapy-criolipolisis-machine-with-two-handles-2","status":"publish","type":"product","link":"https:\/\/shefmon.com\/de\/product\/s10-criolipolisis-portatil-slimming-machine-cryotherapy-criolipolisis-machine-with-two-handles-2\/","title":{"rendered":"S10 Criolipolisis Tragbare Schlankheitsmaschine Kryotherapie Criolipolisis Maschine mit Zwei Griffen"},"content":{"rendered":"<p><strong>Einf\u00fchrung in das Kryolipolyse-Ger\u00e4t:<\/strong><\/p>\n<p>Kryolipolyse ist eine neue, nicht-invasive Methode zur sanften und effektiven Fettreduktion an gezielten K\u00f6rperstellen. Das Ergebnis ist eine sichtbare, sichtbare Fettreduktion in den behandelten Bereichen. Da Triglyceride im Fett bei besonders niedrigen Temperaturen verfestigt werden, nutzt die Kryolipolyse eine K\u00fchltechnologie, um Fettp\u00f6lsterchen gezielt zu behandeln und Fettzellen schonend und ohne Sch\u00e4digung des umliegenden Gewebes abzubauen. Die Kontaktk\u00fchlung des Handst\u00fccks reguliert die Hauttemperatur und sch\u00fctzt die feinen Hautstrukturen. So werden die K\u00f6rperformungseffekte erzielt und gleichzeitig die Haut gestrafft. (Kryo-Schlankheitsger\u00e4t zur K\u00f6rperformung, Kryolipolyse-Fettgefriersystem, Cellulite-Sch\u00f6nheitssystem zur K\u00e4ltebehandlung)<\/p>\n<p><strong>Funktionen:<\/strong><\/p>\n<p>1. Abnehmen und Fettabbau<br \/>\n2. Straffung der Haut, Anti-Aging<br \/>\n3. Verbessern Sie die Durchblutung<br \/>\n4. Beschleunigen Sie den Stoffwechsel<br \/>\n5. Gl\u00e4ttung von Narben und F\u00e4ltchen<br \/>\n6. Glattes gestreiftes Gravidarum<br \/>\n7. Der Haut Feuchtigkeit zuf\u00fchren<br \/>\n8. Verbesserung der elastischen Gewebeelastizit\u00e4t durch Fibroblasten<\/p>\n<p><strong>360-Grad-K\u00fchltechnologie: Standardm\u00e4\u00dfig mit 5 K\u00fchlk\u00f6pfen, Einfrieren an, Fett abschalten<\/strong><\/p>\n<p>Dieses System erzeugt eine stabile, aber kraftvolle K\u00fchlenergie, die in die subkutanen Fettdepots des Patienten abgegeben wird, um die Apoptose, also den Abbau abgestorbener Zellen durch den Stoffwechsel des K\u00f6rpers, einzuleiten. Um eine effektive Entfernung hartn\u00e4ckiger Fettpolster zu gew\u00e4hrleisten, zielen die 360\u00b0-Surround-Cooling-Cups gezielt auf die Fettdepots ab und kristallisieren diese, ohne umliegendes Gewebe oder Nerven zu sch\u00e4digen.<\/p>\n<p>Die Mindesttemperatur kann \u201318 \u00b0C erreichen:<\/p>\n<p>Der Unterschied zwischen 360\u00b0-Rundumk\u00fchlung und herk\u00f6mmlichen K\u00fchlplatten auf beiden Seiten<br \/>\nDie 360\u00b0-Rundumk\u00fchlung des Diamond Ice Sculpture-Ger\u00e4ts unterscheidet sich von herk\u00f6mmlichen K\u00fchlmethoden. Diese Technologie steigert die Effizienz um bis zu 18,11 TP3T und erm\u00f6glicht die K\u00fchlung der gesamten Sonde. Die behandelte Fl\u00e4che wird rundum (360\u00b0) ohne tote Winkel gefroren, was zu einer effektiveren Fettentfernung f\u00fchrt.<\/p>\n<p>&nbsp;<\/p>","protected":false},"excerpt":{"rendered":"<p><strong>Einf\u00fchrung in das Kryolipolyse-Ger\u00e4t:<\/strong><\/p>\n<p>Kryolipolyse ist eine neue, nicht-invasive Methode zur sanften und effektiven Fettreduktion an gezielten K\u00f6rperstellen. Das Ergebnis ist eine sichtbare, sichtbare Fettreduktion in den behandelten Bereichen. Da Triglyceride im Fett bei besonders niedrigen Temperaturen verfestigt werden, nutzt die Kryolipolyse eine K\u00fchltechnologie, um Fettp\u00f6lsterchen gezielt zu behandeln und Fettzellen schonend und ohne Sch\u00e4digung des umliegenden Gewebes abzubauen. Die Kontaktk\u00fchlung des Handst\u00fccks reguliert die Hauttemperatur und sch\u00fctzt die feinen Hautstrukturen. So werden die K\u00f6rperformungseffekte erzielt und gleichzeitig die Haut gestrafft. (Kryo-Schlankheitsger\u00e4t zur K\u00f6rperformung, Kryolipolyse-Fettgefriersystem, Cellulite-Sch\u00f6nheitssystem zur K\u00e4ltebehandlung)<\/p>\n<p><strong>Funktionen:<\/strong><\/p>\n<p>1. Abnehmen und Fettabbau<br \/>\n2. Straffung der Haut, Anti-Aging<br \/>\n3. Verbessern Sie die Durchblutung<br \/>\n4. Beschleunigen Sie den Stoffwechsel<br \/>\n5. Gl\u00e4ttung von Narben und F\u00e4ltchen<br \/>\n6. Glattes gestreiftes Gravidarum<br \/>\n7. Der Haut Feuchtigkeit zuf\u00fchren<br \/>\n8. Verbesserung der elastischen Gewebeelastizit\u00e4t durch Fibroblasten<\/p>\n<p><strong>360-Grad-K\u00fchltechnologie: Standardm\u00e4\u00dfig mit 5 K\u00fchlk\u00f6pfen, Einfrieren an, Fett abschalten<\/strong><\/p>\n<p>Dieses System erzeugt eine stabile, aber kraftvolle K\u00fchlenergie, die in die subkutanen Fettdepots des Patienten abgegeben wird, um die Apoptose, also den Abbau abgestorbener Zellen durch den Stoffwechsel des K\u00f6rpers, einzuleiten. Um eine effektive Entfernung hartn\u00e4ckiger Fettpolster zu gew\u00e4hrleisten, zielen die 360\u00b0-Surround-Cooling-Cups gezielt auf die Fettdepots ab und kristallisieren diese, ohne umliegendes Gewebe oder Nerven zu sch\u00e4digen.<\/p>\n<p>Die Mindesttemperatur kann \u201318 \u00b0C erreichen:<\/p>\n<p>Der Unterschied zwischen 360\u00b0-Rundumk\u00fchlung und herk\u00f6mmlichen K\u00fchlplatten auf beiden Seiten<br \/>\nDie 360\u00b0-Rundumk\u00fchlung des Diamond Ice Sculpture-Ger\u00e4ts unterscheidet sich von herk\u00f6mmlichen K\u00fchlmethoden. Diese Technologie steigert die Effizienz um bis zu 18,11 TP3T und erm\u00f6glicht die K\u00fchlung der gesamten Sonde. Die behandelte Fl\u00e4che wird rundum (360\u00b0) ohne tote Winkel gefroren, was zu einer effektiveren Fettentfernung f\u00fchrt.<\/p>","protected":false},"featured_media":5330,"template":"","meta":[],"product_brand":[],"product_cat":[74],"product_tag":[],"class_list":{"0":"post-6155","1":"product","2":"type-product","3":"status-publish","4":"has-post-thumbnail","6":"product_cat-landing-page-cryolipolysis","8":"first","9":"instock","10":"shipping-taxable","11":"product-type-simple"},"_links":{"self":[{"href":"https:\/\/shefmon.com\/de\/wp-json\/wp\/v2\/product\/6155","targetHints":{"allow":["GET"]}}],"collection":[{"href":"https:\/\/shefmon.com\/de\/wp-json\/wp\/v2\/product"}],"about":[{"href":"https:\/\/shefmon.com\/de\/wp-json\/wp\/v2\/types\/product"}],"version-history":[{"count":0,"href":"https:\/\/shefmon.com\/de\/wp-json\/wp\/v2\/product\/6155\/revisions"}],"wp:featuredmedia":[{"embeddable":true,"href":"https:\/\/shefmon.com\/de\/wp-json\/wp\/v2\/media\/5330"}],"wp:attachment":[{"href":"https:\/\/shefmon.com\/de\/wp-json\/wp\/v2\/media?parent=6155"}],"wp:term":[{"taxonomy":"product_brand","embeddable":true,"href":"https:\/\/shefmon.com\/de\/wp-json\/wp\/v2\/product_brand?post=6155"},{"taxonomy":"product_cat","embeddable":true,"href":"https:\/\/shefmon.com\/de\/wp-json\/wp\/v2\/product_cat?post=6155"},{"taxonomy":"product_tag","embeddable":true,"href":"https:\/\/shefmon.com\/de\/wp-json\/wp\/v2\/product_tag?post=6155"}],"curies":[{"name":"wp","href":"https:\/\/api.w.org\/{rel}","templated":true}]}}