{"id":5328,"date":"2025-07-02T16:21:39","date_gmt":"2025-07-02T08:21:39","guid":{"rendered":"https:\/\/shefmon.com\/?post_type=product&#038;p=5328"},"modified":"2025-09-20T14:51:20","modified_gmt":"2025-09-20T06:51:20","slug":"s10-criolipolisis-tragbare-schlankheitsmaschine-kryotherapie-criolipolisis-maschine-mit-zwei-griffen","status":"publish","type":"product","link":"https:\/\/shefmon.com\/de\/product\/s10-criolipolisis-portatil-slimming-machine-cryotherapy-criolipolisis-machine-with-two-handles\/","title":{"rendered":"S10 Criolipolisis Tragbare Schlankheitsmaschine Kryotherapie Criolipolisis Maschine mit Zwei Griffen"},"content":{"rendered":"<p><strong>Parameter:<\/strong><\/p>\n<p><strong>Produktname:<\/strong>\u00a0360 Kryotherapie-Schlankheitsmaschine<br \/>\n<strong>Technologie:<\/strong>\u00a0360\u00b0 Rundum-K\u00fchltechnologie<br \/>\n<strong>Stromspannung:<\/strong>\u00a0AC110V\/220V 50-60Hz<br \/>\n<strong>Bildschirm:<\/strong>\u00a0Robuster 10,4-Zoll-Bildschirm<br \/>\n<strong>Tipps:<\/strong>\u00a0Standard 5, max. 7<br \/>\n<strong>K\u00fchltemperatur:<\/strong>\u00a01-5 G\u00e4nge (K\u00fchltemperatur 1 bis -15 \u00b0C)<br \/>\n<strong>Heiztemperatur:<\/strong>\u00a00-4 G\u00e4nge (Vorw\u00e4rmen f\u00fcr 3 Minuten, Heiztemperatur 37 bis 45 \u00b0C)<br \/>\n<strong>Vakuumabsaugung:<\/strong>\u00a01-5 G\u00e4nge (10-80 Kpa)<br \/>\n<strong>Ausgangsleistung:<\/strong>\u00a01000 W<br \/>\n<strong>Abbindezeit:<\/strong>\u00a01\u201399\u00a0Min. (Standard: 60\u00a0Min.)<\/p>","protected":false},"excerpt":{"rendered":"<p><strong>Parameter:<\/strong><br \/>\n<strong>Produktname:<\/strong>\u00a0360 Kryotherapie-Schlankheitsmaschine<br \/>\n<strong>Technologie:<\/strong>\u00a0360\u00b0 Rundum-K\u00fchltechnologie<br \/>\n<strong>Stromspannung:<\/strong>\u00a0AC110V\/220V 50-60Hz<br \/>\n<strong>Bildschirm:<\/strong>\u00a0Robuster 10,4-Zoll-Bildschirm<br \/>\n<strong>Tipps:<\/strong>\u00a0Standard 5, max. 7<br \/>\n<strong>K\u00fchltemperatur:<\/strong>\u00a01-5 G\u00e4nge (K\u00fchltemperatur 1 bis -15 \u00b0C)<br \/>\n<strong>Heiztemperatur:<\/strong>\u00a00-4 G\u00e4nge (Vorw\u00e4rmen f\u00fcr 3 Minuten, Heiztemperatur 37 bis 45 \u00b0C)<br \/>\n<strong>Vakuumabsaugung:<\/strong>\u00a01-5 G\u00e4nge (10-80 Kpa)<br \/>\n<strong>Ausgangsleistung:<\/strong>\u00a01000 W<br \/>\n<strong>Abbindezeit:<\/strong>\u00a01\u201399\u00a0Min. (Standard: 60\u00a0Min.)<\/p>","protected":false},"featured_media":5330,"template":"","meta":[],"product_brand":[],"product_cat":[73,90],"product_tag":[],"class_list":{"0":"post-5328","1":"product","2":"type-product","3":"status-publish","4":"has-post-thumbnail","6":"product_cat-cryolipolysis","7":"product_cat-lose-fat-and-body-firming","9":"first","10":"instock","11":"shipping-taxable","12":"product-type-simple"},"_links":{"self":[{"href":"https:\/\/shefmon.com\/de\/wp-json\/wp\/v2\/product\/5328","targetHints":{"allow":["GET"]}}],"collection":[{"href":"https:\/\/shefmon.com\/de\/wp-json\/wp\/v2\/product"}],"about":[{"href":"https:\/\/shefmon.com\/de\/wp-json\/wp\/v2\/types\/product"}],"version-history":[{"count":0,"href":"https:\/\/shefmon.com\/de\/wp-json\/wp\/v2\/product\/5328\/revisions"}],"wp:featuredmedia":[{"embeddable":true,"href":"https:\/\/shefmon.com\/de\/wp-json\/wp\/v2\/media\/5330"}],"wp:attachment":[{"href":"https:\/\/shefmon.com\/de\/wp-json\/wp\/v2\/media?parent=5328"}],"wp:term":[{"taxonomy":"product_brand","embeddable":true,"href":"https:\/\/shefmon.com\/de\/wp-json\/wp\/v2\/product_brand?post=5328"},{"taxonomy":"product_cat","embeddable":true,"href":"https:\/\/shefmon.com\/de\/wp-json\/wp\/v2\/product_cat?post=5328"},{"taxonomy":"product_tag","embeddable":true,"href":"https:\/\/shefmon.com\/de\/wp-json\/wp\/v2\/product_tag?post=5328"}],"curies":[{"name":"wp","href":"https:\/\/api.w.org\/{rel}","templated":true}]}}