{"id":5301,"date":"2025-07-01T14:40:35","date_gmt":"2025-07-01T06:40:35","guid":{"rendered":"https:\/\/palegoldenrod-manatee-952098.hostingersite.com\/?post_type=product&#038;p=5301"},"modified":"2026-04-29T16:45:32","modified_gmt":"2026-04-29T08:45:32","slug":"e0435-womens-postpartum-repair-new-ems-chair-pelvic-floor-chair-ems-seat-ems-pelvic-floor-muscle-stimulator","status":"publish","type":"product","link":"https:\/\/shefmon.com\/de\/product\/e0435-womens-postpartum-repair-new-ems-chair-pelvic-floor-chair-ems-seat-ems-pelvic-floor-muscle-stimulator\/","title":{"rendered":"E0435 Frauen Postpartale Reparatur Neue Ems Stuhl Beckenboden Stuhl Ems Beckenboden Muskel Stimulator"},"content":{"rendered":"<div class=\"J_module\">\n<div class=\"detail-decorate-json-renderer-container\">\n<div class=\"magic-15\">\n<div class=\"magic-27\"><strong><span class=\"magic-29\" data-spm-anchor-id=\"a2700.details-description.0.i10.783a3n2I3n2I5j\">Technologie<\/span><\/strong><\/div>\n<div class=\"magic-16\">\n<div class=\"magic-17\">\n<div class=\"magic-18\">\n<div><span class=\"magic-28\">Dieses Produkt verwendet eine fokussierte Impulstechnologie mit elektromagnetischer Energie. Die gesamte Behandlung ist sicher und nicht-invasiv. <\/span><\/div>\n<div><span class=\"magic-28\" data-spm-anchor-id=\"a2700.details-description.0.i11.783a3n2I3n2I5j\">W\u00e4hrend der Behandlung kann die Energie tief in die Beckenbodenmuskulatur eindringen und den gesamten Beckenbodenbereich stimulieren. <\/span><\/div>\n<div><span class=\"magic-28\">Eine Behandlung entspricht 12.000 Kontraktionen der Beckenbodenmuskulatur, wodurch die Beckenmuskulatur gest\u00e4rkt, Urinverlust vermieden und die sexuelle Sensibilit\u00e4t gesteigert werden kann.<\/span><\/div>\n<div><span class=\"magic-28\">Die Technologie sendet fokussierte elektromagnetische Energie aus, die supramaximale Muskelkontraktionen im Beckenbodenbereich ausl\u00f6st. <\/span><\/div>\n<div data-spm-anchor-id=\"a2700.details-description.0.i5.783a3n2I3n2I5j\">\n<p><span class=\"magic-28\">Diese tiefe Muskelstimulation bietet Vorteile gegen\u00fcber Kegel\u00fcbungen. Das Verfahren zur Behandlung von Harninkontinenz bei Frauen.<\/span><\/p>\n<div><img fetchpriority=\"high\" decoding=\"async\" class=\"alignnone size-medium wp-image-5308\" src=\"https:\/\/shefmon.com\/wp-content\/uploads\/2025\/07\/6-300x300.jpg\" alt=\"\" width=\"300\" height=\"300\" srcset=\"https:\/\/shefmon.com\/wp-content\/uploads\/2025\/07\/6-300x300.jpg 300w, https:\/\/shefmon.com\/wp-content\/uploads\/2025\/07\/6-150x150.jpg 150w, https:\/\/shefmon.com\/wp-content\/uploads\/2025\/07\/6-600x600.jpg 600w, https:\/\/shefmon.com\/wp-content\/uploads\/2025\/07\/6.jpg 750w\" sizes=\"(max-width: 300px) 100vw, 300px\" \/><\/div>\n<\/div>\n<\/div>\n<\/div>\n<\/div>\n<\/div>\n<\/div>\n<\/div>\n<div class=\"J_module\">\n<div class=\"detail-decorate-json-renderer-container\">\n<div class=\"magic-15\">\n<div class=\"magic-25\"><\/div>\n<div class=\"magic-16\">\n<div class=\"magic-17\">\n<div class=\"magic-18\" data-spm-anchor-id=\"a2700.details-description.0.i6.783a3n2I3n2I5j\">\n<p><b><span class=\"magic-29\">INSTRUMENTENPROJEKT (m\u00e4nnlich)<\/span><\/b><\/p>\n<div data-spm-anchor-id=\"a2700.details-description.0.i8.783a3n2I3n2I5j\"><span class=\"magic-28\">1. Die Kontrolle \u00fcber den K\u00f6rper zur\u00fcckgewinnen <\/span><\/div>\n<div><span class=\"magic-28\">2. St\u00e4rkung der Beckenbodenmuskulatur.<\/span><\/div>\n<div><span class=\"magic-28\">3. Verbessern Sie die Gesamtf\u00e4higkeit. <\/span><\/div>\n<div><span class=\"magic-28\">4. Erh\u00f6hen Sie die H\u00e4ufigkeit des Wasserlassens. <\/span><\/div>\n<div><span class=\"magic-28\">5. Vermeiden Sie Harninkontinenz im Alter.<\/span><\/div>\n<div><span class=\"magic-28\">6. Verbessern Sie den Urintropfen.<\/span><\/div>\n<div><span class=\"magic-28\"><img decoding=\"async\" class=\"alignnone size-medium wp-image-5305 lazyload\" data-src=\"https:\/\/shefmon.com\/wp-content\/uploads\/2025\/07\/3-300x300.jpg\" alt=\"\" width=\"300\" height=\"300\" data-srcset=\"https:\/\/shefmon.com\/wp-content\/uploads\/2025\/07\/3-300x300.jpg 300w, https:\/\/shefmon.com\/wp-content\/uploads\/2025\/07\/3-150x150.jpg 150w, https:\/\/shefmon.com\/wp-content\/uploads\/2025\/07\/3-600x600.jpg 600w, https:\/\/shefmon.com\/wp-content\/uploads\/2025\/07\/3.jpg 750w\" data-sizes=\"(max-width: 300px) 100vw, 300px\" src=\"data:image\/gif;base64,R0lGODlhAQABAAAAACH5BAEKAAEALAAAAAABAAEAAAICTAEAOw==\" style=\"--smush-placeholder-width: 300px; --smush-placeholder-aspect-ratio: 300\/300;\" \/><\/span><\/div>\n<div><span class=\"magic-29\"><br \/>\n<\/span><\/p>\n<div><span class=\"magic-30\"> <b class=\"magic-30\"><span class=\"magic-29\">INSTRUMENTENPROJEKT (weiblich)<\/span> <\/b><\/span><\/div>\n<div><span class=\"magic-28\">1. Kontrolle \u00fcber den K\u00f6rper zur\u00fcckgewinnen. St\u00e4rkung der Beckenbodenmuskulatur und Kontrolle \u00fcber Stuhlgang und Def\u00e4kation. <\/span><\/div>\n<div><span class=\"magic-28\">2. Verbessern Sie den Blasen-, Geb\u00e4rmutter- oder Darmvorfall, der durch die Entspannung der Beckenbodenmuskulatur verursacht wird.<\/span><\/div>\n<div><span class=\"magic-28\">3. Reduzieren Sie den Urinverlust durch Husten, Niesen oder Springen.<\/span><\/div>\n<div><span class=\"magic-28\">4. Verbessern Sie den Muskeltonus (insbesondere vor dem Stillen) und beugen Sie einer postpartalen Belastungsinkontinenz vor. <\/span><\/div>\n<div data-spm-anchor-id=\"a2700.details-description.0.i7.783a3n2I3n2I5j\"><span class=\"magic-28\">5. Straffen Sie die Vagina und verbessern Sie die sexuelle Befriedigung.<\/span><\/div>\n<div data-spm-anchor-id=\"a2700.details-description.0.i7.783a3n2I3n2I5j\"><img decoding=\"async\" class=\"alignnone size-medium wp-image-5306 lazyload\" data-src=\"https:\/\/shefmon.com\/wp-content\/uploads\/2025\/07\/4-300x300.jpg\" alt=\"\" width=\"300\" height=\"300\" data-srcset=\"https:\/\/shefmon.com\/wp-content\/uploads\/2025\/07\/4-300x300.jpg 300w, https:\/\/shefmon.com\/wp-content\/uploads\/2025\/07\/4-150x150.jpg 150w, https:\/\/shefmon.com\/wp-content\/uploads\/2025\/07\/4-600x600.jpg 600w, https:\/\/shefmon.com\/wp-content\/uploads\/2025\/07\/4.jpg 750w\" data-sizes=\"(max-width: 300px) 100vw, 300px\" src=\"data:image\/gif;base64,R0lGODlhAQABAAAAACH5BAEKAAEALAAAAAABAAEAAAICTAEAOw==\" style=\"--smush-placeholder-width: 300px; --smush-placeholder-aspect-ratio: 300\/300;\" \/><\/div>\n<\/div>\n<\/div>\n<\/div>\n<\/div>\n<\/div>\n<\/div>\n<\/div>","protected":false},"excerpt":{"rendered":"<p><strong>Emslim Stuhl Vorteile des Sexstuhls<\/strong><br \/>\n1. St\u00e4rkung des Pubococcidialmuskels (PC-Muskel).<br \/>\n2. Vorbeugung und Behandlung von Belastungsinkontinenz.<br \/>\n3. Verbesserung der Sensibilit\u00e4t und Funktion des Geschlechts.<br \/>\n4. Wiederherstellung der vaginalen Muskelspannung und Verbesserung der vaginalen Gesundheit.<br \/>\n5. F\u00f6rderung der Erholung nach der Geburt.<br \/>\n6. Erh\u00f6hung der Dicke und Befeuchtung der Vaginalwand nach der Menopause. 7. Verbesserung der Durchblutung und Nervenfunktion des Beckens.<\/p>","protected":false},"featured_media":5309,"template":"","meta":[],"product_brand":[],"product_cat":[75,85,88],"product_tag":[],"class_list":{"0":"post-5301","1":"product","2":"type-product","3":"status-publish","4":"has-post-thumbnail","6":"product_cat-emslim","7":"product_cat-gain-muscle-and-body-shaping","8":"product_cat-vaginal-tightening","10":"first","11":"instock","12":"shipping-taxable","13":"product-type-simple"},"_links":{"self":[{"href":"https:\/\/shefmon.com\/de\/wp-json\/wp\/v2\/product\/5301","targetHints":{"allow":["GET"]}}],"collection":[{"href":"https:\/\/shefmon.com\/de\/wp-json\/wp\/v2\/product"}],"about":[{"href":"https:\/\/shefmon.com\/de\/wp-json\/wp\/v2\/types\/product"}],"version-history":[{"count":1,"href":"https:\/\/shefmon.com\/de\/wp-json\/wp\/v2\/product\/5301\/revisions"}],"predecessor-version":[{"id":13821,"href":"https:\/\/shefmon.com\/de\/wp-json\/wp\/v2\/product\/5301\/revisions\/13821"}],"wp:featuredmedia":[{"embeddable":true,"href":"https:\/\/shefmon.com\/de\/wp-json\/wp\/v2\/media\/5309"}],"wp:attachment":[{"href":"https:\/\/shefmon.com\/de\/wp-json\/wp\/v2\/media?parent=5301"}],"wp:term":[{"taxonomy":"product_brand","embeddable":true,"href":"https:\/\/shefmon.com\/de\/wp-json\/wp\/v2\/product_brand?post=5301"},{"taxonomy":"product_cat","embeddable":true,"href":"https:\/\/shefmon.com\/de\/wp-json\/wp\/v2\/product_cat?post=5301"},{"taxonomy":"product_tag","embeddable":true,"href":"https:\/\/shefmon.com\/de\/wp-json\/wp\/v2\/product_tag?post=5301"}],"curies":[{"name":"wp","href":"https:\/\/api.w.org\/{rel}","templated":true}]}}