{"id":4674,"date":"2024-11-27T21:54:25","date_gmt":"2024-11-27T13:54:25","guid":{"rendered":"https:\/\/palegoldenrod-manatee-952098.hostingersite.com\/?post_type=product&#038;p=4674"},"modified":"2026-04-29T16:51:49","modified_gmt":"2026-04-29T08:51:49","slug":"magface-emface-muscle-stimulators-machine-for-sale","status":"publish","type":"product","link":"https:\/\/shefmon.com\/de\/product\/magface-emface-muscle-stimulators-machine-for-sale\/","title":{"rendered":"A0271-F MAGFACE EmFace Muskelstimulator Maschine zu verkaufen"},"content":{"rendered":"<h2><strong>Formen und gestalten Sie Ihr Gesicht neu mit MAGFACE\u2122 <a href=\"https:\/\/shefmon.com\/beauty-machines\/emslim\/\">EMFACE<\/a> in Dallas<\/strong><\/h2>\n<p>SHEFMON Aesthetics stellt vor <a href=\"https:\/\/shefmon.com\/beauty-machines\/emslim\/\"><strong>MAGFACE\u2122 EMFACE<\/strong>,<\/a> Eine bahnbrechende, nicht-invasive Behandlung, die Ihr Gesicht formt, so wie EmsculptNeo den K\u00f6rper formt. MAGFACE\u2122 nutzt modernste Technologie, um Muskeln und Fett gleichzeitig zu behandeln und bietet so ein transformatives Gesichtskonturierungserlebnis in einer einzigen Sitzung. Die <strong>Hautarztpraxis<\/strong> in Dallas ist der erste Anbieter dieser innovativen Behandlung mit <strong>Dr. Ellen Turner<\/strong>, ein MAGFACE\u2122 Luminary, der bei der Aufkl\u00e4rung von Gesundheitsdienstleistern im ganzen Land \u00fcber die Vorteile des Ger\u00e4ts f\u00fchrend ist.<\/p>\n<p><img fetchpriority=\"high\" decoding=\"async\" class=\"alignnone wp-image-4374\" src=\"https:\/\/shefmon.com\/wp-content\/uploads\/2024\/08\/A0272-emface-7.webp\" alt=\"Ems Rf Muskelstimulation Gesichtsformung Ems Rf Gesichtspflege Sch\u00f6nheitsmaschine zum Anheben\" width=\"701\" height=\"550\" \/><\/p>\n<h2><strong>Warum MAGFACE\u2122 EMFACE funktioniert<\/strong><\/h2>\n<p>MAGFACE\u2122 hebt Ihre Augenbrauen, gl\u00e4ttet Stirnfalten, definiert Ihre Kieferpartie und strafft schlaffe Haut \u2013 ganz ohne Operation, Injektionen oder N\u00e4hte. Klinische Studien zeigen, dass Patienten Folgendes erleben k\u00f6nnen:<\/p>\n<ul>\n<li><strong>30% Verbesserung des Muskeltonus<\/strong><\/li>\n<li><strong>23% Verbesserung der Hautstraffung<\/strong><\/li>\n<li><strong>37% Faltenreduzierung<\/strong><\/li>\n<\/ul>\n<p><img decoding=\"async\" class=\"alignnone wp-image-4388 size-full lazyload\" data-src=\"https:\/\/shefmon.com\/wp-content\/uploads\/2024\/08\/emsface-shefmon.webp\" alt=\"\" width=\"800\" height=\"352\" data-srcset=\"https:\/\/shefmon.com\/wp-content\/uploads\/2024\/08\/emsface-shefmon.webp 800w, https:\/\/shefmon.com\/wp-content\/uploads\/2024\/08\/emsface-shefmon-150x66.webp 150w, https:\/\/shefmon.com\/wp-content\/uploads\/2024\/08\/emsface-shefmon-600x264.webp 600w, https:\/\/shefmon.com\/wp-content\/uploads\/2024\/08\/emsface-shefmon-300x132.webp 300w, https:\/\/shefmon.com\/wp-content\/uploads\/2024\/08\/emsface-shefmon-768x338.webp 768w\" data-sizes=\"(max-width: 800px) 100vw, 800px\" src=\"data:image\/gif;base64,R0lGODlhAQABAAAAACH5BAEKAAEALAAAAAABAAEAAAICTAEAOw==\" style=\"--smush-placeholder-width: 800px; --smush-placeholder-aspect-ratio: 800\/352;\" \/><\/p>\n<p>&nbsp;<\/p>\n<h2><strong>Wie sich das Alter auf Ihr Gesicht auswirkt<\/strong><\/h2>\n<p>Mit zunehmendem Alter ver\u00e4ndert sich unser Gesicht. Knochen, Muskeln und Fett verlieren an Dichte, wodurch die Haut durch Kollagenverlust d\u00fcnner und schw\u00e4cher wird. Diese Ver\u00e4nderungen k\u00f6nnen zu Erschlaffungen im Kieferbereich und tieferen Falten in der Haut f\u00fchren. Die <strong>SMAS-Schicht<\/strong> (das Gewebe, das Ihre Gesichts- und Halsmuskeln mit Ihrer Haut verbindet) verliert ebenfalls an Elastizit\u00e4t, was zu noch mehr Erschlaffung f\u00fchrt.<\/p>\n<h2><strong>Wie MAGFACE\u2122 EMFACE diese Effekte umkehrt<\/strong><\/h2>\n<p>MAGFACE\u2122 kombiniert zwei leistungsstarke Behandlungen in einer Sitzung:<\/p>\n<ul>\n<li><strong>HIFEM\u2122 (Hochintensive fokussierte elektromagnetische Technologie)<\/strong> Unterst\u00fctzt den Muskelaufbau und die Straffung durch die Ausl\u00f6sung supramaximaler Kontraktionen, die einem intensiven Training der Gesichtsmuskulatur entsprechen. Dieser Prozess st\u00e4rkt nicht nur die Muskulatur, sondern regt auch den Fettstoffwechsel an.<\/li>\n<li><strong>Hochfrequenzenergie (RF)<\/strong> hilft, die Haut zu straffen, Fett zu reduzieren und die Kollagenproduktion anzuregen, wodurch Ihre Haut glatter, straffer und jugendlicher wird.<\/li>\n<\/ul>\n<p>Dieser Doppelwirkungsprozess macht MAGFACE\u2122 zu einer leistungsstarken, nicht-invasiven Alternative zu Injektionen, Facelifts und anderen minimalinvasiven Behandlungen.<\/p>\n<h2><strong>Ist MAGFACE\u2122 EMFACE das Richtige f\u00fcr Sie?<\/strong><\/h2>\n<p>MAGFACE\u2122 EMFACE ist f\u00fcr alle K\u00f6rpertypen, Hauttypen und Hautt\u00f6ne geeignet. Es gibt kein \u201eperfektes Alter\u201c f\u00fcr den Behandlungsbeginn, aber Patienten, die gesund, gut hydriert und mit stabilem Gewicht sind, erzielen in der Regel die besten Ergebnisse. Wenn Sie einen Herzschrittmacher oder Metallimplantate tragen, ist MAGFACE\u2122 m\u00f6glicherweise nicht f\u00fcr Sie geeignet.<\/p>\n<h2><strong>Was passiert w\u00e4hrend der MAGFACE\u2122 EMFACE-Behandlung?<\/strong><\/h2>\n<p>Die MAGFACE\u2122 EMFACE-Behandlung ist schnell, angenehm und schmerzfrei. Die Sitzungen dauern nur 20 Minuten. Sie liegen, w\u00e4hrend ein leitf\u00e4higes Pad auf Ihre Haut und MAGFACE\u2122-Gelpads auf Bereiche wie Stirn und Wangen gelegt werden. Das Ger\u00e4t gibt Energie ab, die Muskelkontraktionen ausl\u00f6st und Ihr Gewebe erw\u00e4rmt. Dies erzeugt ein entspannendes, stein\u00e4hnliches Gef\u00fchl mit leichten Vibrationen. Eine automatische Abschaltfunktion sorgt daf\u00fcr, dass die Behandlung nie zu hei\u00df oder unangenehm wird. Ein Arzt begleitet Sie w\u00e4hrend der gesamten Sitzung.<\/p>\n<h2><strong>Ergebnisse, die Sie von MAGFACE\u2122EMFACE erwarten k\u00f6nnen<\/strong><\/h2>\n<p>W\u00e4hrend Sie bereits nach einer Sitzung erste Verbesserungen feststellen k\u00f6nnen, erzielen Sie die besten Ergebnisse nach einer Reihe von Behandlungen. Die meisten Patienten erleben den vollen Nutzen innerhalb von 3 Monaten nach Abschluss von bis zu <strong>4 Sitzungen<\/strong>. Das Verfahren liefert nat\u00fcrlich wirkende, dezente Ergebnisse, die Ihr Gesicht straffen und konturieren, ohne dass es den \u201e\u00fcbertriebenen\u201c oder \u201eeingefrorenen\u201c Look erh\u00e4lt, den andere Behandlungen erzeugen k\u00f6nnen.<\/p>\n<p>MAGFACE\u2122 EMFACE ist eine sichere, effektive und nicht-invasive Methode, Ihr Gesicht zu verj\u00fcngen, Volumen wiederherzustellen und den modellierten Look zu erhalten, von dem Sie getr\u00e4umt haben. Sind Sie bereit, Ihre Gesichtskonturen zu ver\u00e4ndern? <strong>Buchen Sie noch heute eine Beratung<\/strong>!<\/p>\n<p><img decoding=\"async\" class=\"alignnone size-full wp-image-4681 lazyload\" data-src=\"https:\/\/shefmon.com\/wp-content\/uploads\/2024\/11\/A0271-F.4-1.jpg\" alt=\"Magface Emface Facelifting Hautstraffung Faltenentfernung Emface Maschine zu verkaufen\" width=\"750\" height=\"750\" data-srcset=\"https:\/\/shefmon.com\/wp-content\/uploads\/2024\/11\/A0271-F.4-1.jpg 750w, https:\/\/shefmon.com\/wp-content\/uploads\/2024\/11\/A0271-F.4-1-300x300.jpg 300w, https:\/\/shefmon.com\/wp-content\/uploads\/2024\/11\/A0271-F.4-1-150x150.jpg 150w, https:\/\/shefmon.com\/wp-content\/uploads\/2024\/11\/A0271-F.4-1-600x600.jpg 600w\" data-sizes=\"(max-width: 750px) 100vw, 750px\" src=\"data:image\/gif;base64,R0lGODlhAQABAAAAACH5BAEKAAEALAAAAAABAAEAAAICTAEAOw==\" style=\"--smush-placeholder-width: 750px; --smush-placeholder-aspect-ratio: 750\/750;\" \/><\/p>","protected":false},"excerpt":{"rendered":"<p>MAGFACE Emface EMS Mikrostromger\u00e4t zur Gesichtsformung und -straffung<br \/>\n<strong>Funktionen:<\/strong><br \/>\nHautstraffung, Facelifting und Faltenreduzierung<br \/>\nVerbessert den Muskeltonus<br \/>\nF\u00f6rdert die Kollagen- und Elastinproduktion<br \/>\n<strong>Merkmale:<\/strong><br \/>\nMagnetische Gesichtspads und EMS + RF-Behandlungspads<br \/>\nZielt auf f\u00fcnf Schl\u00fcsselbereiche ab: Stirn, Augen, Gesicht, Kinn und Hals<br \/>\nHohe Energieabgabe f\u00fcr bessere Ergebnisse<br \/>\nOEM- und ODM-Fertigungsunterst\u00fctzung verf\u00fcgbar<br \/>\n<span style=\"color: #000000;\"><strong>Parameter:<\/strong><\/span><br \/>\nLeistung: 800W<br \/>\nBildschirmgr\u00f6\u00dfe: 12,1 Zoll<br \/>\nPatchformen: 5 Arten<br \/>\nKan\u00e4le: 5 gleichzeitig<br \/>\nHF-Leistung: 300 W<br \/>\nSpannung: AC220V\u00b110% 50HZ, 110v\u00b110% 60HZ<\/p>","protected":false},"featured_media":4678,"template":"","meta":[],"product_brand":[],"product_cat":[75,85,86,91],"product_tag":[],"class_list":{"0":"post-4674","1":"product","2":"type-product","3":"status-publish","4":"has-post-thumbnail","6":"product_cat-emslim","7":"product_cat-gain-muscle-and-body-shaping","8":"product_cat-skin-care-and-facial-rejuvenation","9":"product_cat-wrinkle-removal-and-skin-tightening","11":"first","12":"instock","13":"shipping-taxable","14":"product-type-simple"},"_links":{"self":[{"href":"https:\/\/shefmon.com\/de\/wp-json\/wp\/v2\/product\/4674","targetHints":{"allow":["GET"]}}],"collection":[{"href":"https:\/\/shefmon.com\/de\/wp-json\/wp\/v2\/product"}],"about":[{"href":"https:\/\/shefmon.com\/de\/wp-json\/wp\/v2\/types\/product"}],"version-history":[{"count":2,"href":"https:\/\/shefmon.com\/de\/wp-json\/wp\/v2\/product\/4674\/revisions"}],"predecessor-version":[{"id":13826,"href":"https:\/\/shefmon.com\/de\/wp-json\/wp\/v2\/product\/4674\/revisions\/13826"}],"wp:featuredmedia":[{"embeddable":true,"href":"https:\/\/shefmon.com\/de\/wp-json\/wp\/v2\/media\/4678"}],"wp:attachment":[{"href":"https:\/\/shefmon.com\/de\/wp-json\/wp\/v2\/media?parent=4674"}],"wp:term":[{"taxonomy":"product_brand","embeddable":true,"href":"https:\/\/shefmon.com\/de\/wp-json\/wp\/v2\/product_brand?post=4674"},{"taxonomy":"product_cat","embeddable":true,"href":"https:\/\/shefmon.com\/de\/wp-json\/wp\/v2\/product_cat?post=4674"},{"taxonomy":"product_tag","embeddable":true,"href":"https:\/\/shefmon.com\/de\/wp-json\/wp\/v2\/product_tag?post=4674"}],"curies":[{"name":"wp","href":"https:\/\/api.w.org\/{rel}","templated":true}]}}