{"id":4355,"date":"2024-08-22T17:16:47","date_gmt":"2024-08-22T09:16:47","guid":{"rendered":"https:\/\/palegoldenrod-manatee-952098.hostingersite.com\/?post_type=product&#038;p=4355"},"modified":"2025-09-17T18:58:35","modified_gmt":"2025-09-17T10:58:35","slug":"shefmon-emface-ems-gesichtsformung-lifting-mikrostromgerat","status":"publish","type":"product","link":"https:\/\/shefmon.com\/de\/product\/shefmon-emface-ems-face-sculpting-lifting-microcurrent-device\/","title":{"rendered":"A0272-F SHEFMON Emface Ems Gesichtsformung Lifting Mikrostromger\u00e4t"},"content":{"rendered":"<h2>Emface: Ein Durchbruch in der nicht-invasiven Gesichtsverj\u00fcngung<\/h2>\n<h3><strong>Was ist Emface?<\/strong><\/h3>\n<p><strong>Emface<\/strong> ist eine innovative, nicht-invasive Gesichtsbehandlung, die hochintensive elektrische Gesichtsstimulation (HIFES) mit fortschrittlicher Radiofrequenztechnologie (RF) kombiniert. Sie wurde entwickelt, um zwei der h\u00e4ufigsten Zeichen der Hautalterung zu bek\u00e4mpfen: den Verlust der Gesichtsmuskulatur und den Kollagenabbau.<\/p>\n<h3><strong>Wie funktioniert Emface?<\/strong><\/h3>\n<p>Mithilfe von HIFES sendet Emface sanfte elektromagnetische Str\u00f6me, um die Muskeln in Stirn und Wangen anzuspannen und so Ihr Gesichtsgewebe auf nat\u00fcrliche Weise zu straffen und zu festigen. Gleichzeitig \u00fcbt die HF-Technologie gezielt W\u00e4rme auf Ihre Haut aus und l\u00f6st so eine Heilungsreaktion aus, die die Produktion von Kollagen und Elastin anregt \u2013 wichtige Proteine, die Ihre Haut glatt, straff und jugendlich halten.<\/p>\n<h3><strong>Warum Emface w\u00e4hlen?<\/strong><\/h3>\n<p><strong>Anheben und Straffen:<\/strong> Emface hilft, schlaffe Haut zu straffen und die darunter liegenden Gesichtsmuskeln zu festigen, wodurch Sie ein modellierteres Aussehen erhalten.<br \/>\n<strong>Gl\u00e4tten und Erfrischen:<\/strong> Es reduziert feine Linien und F\u00e4ltchen und l\u00e4sst Ihre Haut erfrischt und verj\u00fcngt aussehen.<br \/>\n<strong>Nat\u00fcrliche Verbesserung:<\/strong> Im Gegensatz zu F\u00fcllstoffen oder Botox verbessert Emface Ihre nat\u00fcrlichen Gesichtsz\u00fcge ohne Nadeln und bietet eine subtilere, aber dennoch wirksame Alternative.<\/p>\n<h3>Schnelle und bequeme Behandlung<\/h3>\n<p>Jede Emface-Sitzung dauert nur 25 Minuten und l\u00e4sst sich daher problemlos in Ihren Terminkalender integrieren. F\u00fcr optimale Ergebnisse wird eine Serie von vier Behandlungen im Abstand von ein bis zwei Wochen empfohlen. Je nach Ihren Zielen k\u00f6nnen ein- bis zweimal j\u00e4hrlich Auffrischungssitzungen erforderlich sein.<\/p>\n<h3><strong>Was kostet es?<\/strong><\/h3>\n<p>Eine komplette Emface-Behandlungsserie kostet in der Regel etwa $4.500. Obwohl der Preis eine Investition darstellt, sind die langanhaltenden, nat\u00fcrlich aussehenden Ergebnisse f\u00fcr viele Menschen durchaus lohnenswert.<\/p>\n<p><strong>Ist Emface das Richtige f\u00fcr Sie?<\/strong><\/p>\n<p>Emface ist ideal f\u00fcr alle, die eine nicht-invasive und unkomplizierte Methode zur Straffung, Straffung und Gl\u00e4ttung ihrer Haut suchen. Es ist f\u00fcr alle Hauttypen geeignet, wird jedoch aufgrund der HF-Energie nicht f\u00fcr Personen mit Metallimplantaten im Gesicht empfohlen. Wenn Sie nach einer nat\u00fcrlichen Methode zur Gesichtsverj\u00fcngung ohne Nadeln und Ausfallzeiten suchen, k\u00f6nnte Emface die perfekte L\u00f6sung f\u00fcr Sie sein.<\/p>","protected":false},"excerpt":{"rendered":"<p>Liften, Volumen verleihen und verj\u00fcngen Sie mit EMFACE.<br \/>\nDiese innovative Behandlung strafft die Gesichtsmuskulatur und f\u00f6rdert gleichzeitig die Kollagen- und Elastinproduktion.<br \/>\nverleiht Ihrer Haut einen jugendlichen Glanz. Perfekt f\u00fcr jede Sch\u00f6nheitspraxis<br \/>\n11 Jahre Herstellung, Unterst\u00fctzung OEM ODM<\/p>","protected":false},"featured_media":4367,"template":"","meta":[],"product_brand":[],"product_cat":[75,85,86,91],"product_tag":[],"class_list":{"0":"post-4355","1":"product","2":"type-product","3":"status-publish","4":"has-post-thumbnail","6":"product_cat-emslim","7":"product_cat-gain-muscle-and-body-shaping","8":"product_cat-skin-care-and-facial-rejuvenation","9":"product_cat-wrinkle-removal-and-skin-tightening","11":"first","12":"instock","13":"shipping-taxable","14":"product-type-simple"},"_links":{"self":[{"href":"https:\/\/shefmon.com\/de\/wp-json\/wp\/v2\/product\/4355","targetHints":{"allow":["GET"]}}],"collection":[{"href":"https:\/\/shefmon.com\/de\/wp-json\/wp\/v2\/product"}],"about":[{"href":"https:\/\/shefmon.com\/de\/wp-json\/wp\/v2\/types\/product"}],"version-history":[{"count":0,"href":"https:\/\/shefmon.com\/de\/wp-json\/wp\/v2\/product\/4355\/revisions"}],"wp:featuredmedia":[{"embeddable":true,"href":"https:\/\/shefmon.com\/de\/wp-json\/wp\/v2\/media\/4367"}],"wp:attachment":[{"href":"https:\/\/shefmon.com\/de\/wp-json\/wp\/v2\/media?parent=4355"}],"wp:term":[{"taxonomy":"product_brand","embeddable":true,"href":"https:\/\/shefmon.com\/de\/wp-json\/wp\/v2\/product_brand?post=4355"},{"taxonomy":"product_cat","embeddable":true,"href":"https:\/\/shefmon.com\/de\/wp-json\/wp\/v2\/product_cat?post=4355"},{"taxonomy":"product_tag","embeddable":true,"href":"https:\/\/shefmon.com\/de\/wp-json\/wp\/v2\/product_tag?post=4355"}],"curies":[{"name":"wp","href":"https:\/\/api.w.org\/{rel}","templated":true}]}}