{"id":4288,"date":"2024-08-12T14:26:14","date_gmt":"2024-08-12T06:26:14","guid":{"rendered":"https:\/\/palegoldenrod-manatee-952098.hostingersite.com\/?post_type=product&#038;p=4288"},"modified":"2026-01-08T17:49:27","modified_gmt":"2026-01-08T09:49:27","slug":"3-in-1-super-lipolaser-rf-ems-muskelstimulator","status":"publish","type":"product","link":"https:\/\/shefmon.com\/de\/product\/3-in-1-super-lipolaser-rf-ems-muscle-stimulator\/","title":{"rendered":"A0928-Lipolaser 3 in 1 Super Lipolaser RF Ems Muskelstimulator"},"content":{"rendered":"<h2>Wie funktioniert es?<\/h2>\n<p>Das Ger\u00e4t verwendet 1 MHz Radiofrequenz und amplitudenmodulierte Zwischenfrequenzenergie von 1\u20134000 Hz hochintensivem Rotlicht (658 nm) mit jeweils 100 mW Leistung. Die drei Funktionen Radiofrequenz, Mittelfrequenz-Mikroelektronik und Rotlicht k\u00f6nnen gleichzeitig arbeiten, um die Ionen im K\u00f6rper von negativ in positiv umzuwandeln und W\u00e4rmeenergie zu erzeugen. Dabei wird tief im K\u00f6rper eine Tiefenw\u00e4rme von 42\u201345 \u00b0C erzeugt. Die kontinuierliche Tiefenw\u00e4rme reduziert die Gr\u00f6\u00dfe der Fettzellen und wirkt sich positiv auf die K\u00f6rperformung aus.<\/p>\n<h2>Funktionen: 3-in-1-Body-Slimming-Ger\u00e4t?<\/h2>\n<p>Das 3-in-1-Ger\u00e4t zur Fettentfernung mit Rotlicht und 5D-Lipo-Body-Slimming-Maschine RF\/EMS 650 nm mit Rotlicht-Lymphdrainage bietet mehrere Funktionen zur Verbesserung der allgemeinen Gesundheit und des Aussehens des K\u00f6rpers.<br \/>\nGewichtsverlust<br \/>\nLymphdrainage<br \/>\nElastizit\u00e4t der Haut<br \/>\nK\u00f6rperformung<br \/>\nBlutkreislauf<br \/>\nf\u00f6rdern den Stoffwechsel<\/p>\n<h2>Was sind die Vorteile?<\/h2>\n<p>Dieses multifunktionale Ger\u00e4t kombiniert die Kraft von Lasertherapie, Radiofrequenz (RF) und elektrischer Muskelstimulation (EMS) f\u00fcr eine umfassende Hautstraffung und K\u00f6rperstraffung. Hier sind die wichtigsten Funktionen, die dieses selbstgebaute 3-in-1-Laserger\u00e4t zur Hautstraffung und K\u00f6rperstraffung zu einem unverzichtbaren Ger\u00e4t f\u00fcr Ihre Sch\u00f6nheitsziele machen:<br \/>\n1.<strong>Maschine mit 4 gro\u00dfen Griffen + 4 kleinen Griffen, insgesamt 8 Griffe<\/strong>: Dieses Ger\u00e4t ist mit insgesamt acht Griffen ausgestattet, die eine Ganzk\u00f6rperabdeckung und Vielseitigkeit f\u00fcr verschiedene Behandlungsbereiche gew\u00e4hrleisten.<\/p>\n<p>2.<strong>Jeder gro\u00dfe Griff hat 9 Lichter, 650 nm, 100 mW pro Laserlicht<\/strong>: Die gro\u00dfen Griffe sind jeweils mit neun Laserlichtern ausgestattet, die mit einer Wellenl\u00e4nge von 650 nm arbeiten und 100 mW pro Laserlicht liefern, wodurch die Effizienz der Behandlung optimiert wird.<\/p>\n<p>3.<strong>Jeder kleine Griff hat 6 Lichter, 650 nm, 100 mW pro Laserlicht<\/strong>: Die kleineren Griffe, ideal f\u00fcr pr\u00e4zisere Bereiche, sind jeweils mit sechs Laserlichtern ausgestattet, ebenfalls mit 650 nm Wellenl\u00e4nge und 100 mW pro Laserlicht.<\/p>\n<p>4.<strong>Jeder Griff ist mit einem RF + EMS-System ausgestattet<\/strong>: Jeder Griff integriert sowohl RF- als auch EMS-Systeme und bietet so die Vorteile einer doppelten Wirkung zur Straffung der Haut und Muskelstimulation, wodurch die Gesamtergebnisse der Behandlung verbessert werden.<\/p>\n<p>5.<strong>Die 8 Griffe sind einzeln einstellbar und steuerbar<\/strong>: Das Ger\u00e4t erm\u00f6glicht die individuelle Steuerung und Einstellung jedes Griffs und erm\u00f6glicht so individuelle Behandlungen, die auf spezifische Bed\u00fcrfnisse und Vorlieben zugeschnitten sind.<\/p>\n<h2>Ein \u00dcberblick \u00fcber neue Technologien<\/h2>\n<p>Radiofrequenz (RF): Erzeugt Tiefenw\u00e4rme von 36 bis 43 \u00b0C, kontinuierliche Erw\u00e4rmung, f\u00f6rdert die Regeneration von Hautkollagen und strafft die Haut<br \/>\nLow Level Red Light (LLD): 658 nm Niederfrequenz-Rotlicht kann vor\u00fcbergehend kleine L\u00f6cher in Fettzellen erzeugen, wodurch Neutrophile aus dem K\u00f6rper ausgeschieden werden k\u00f6nnen<br \/>\nAmplitudenmodulierte Mittelfrequenz (AMF): K\u00f6rperliche Vibrationen unterst\u00fctzen die St\u00e4rkung von Muskeln und Haut sowie den Stoffwechsel und eliminieren Metaboliten, die aufgrund von LLD an Fettzellen verloren gehen.<\/p>\n<h2>Strategischer Aktionsplan f\u00fcr den K\u00f6rperbereich<\/h2>\n<p>Um die K\u00f6rperformung zu verbessern, haben Experten wichtige Zielbereiche f\u00fcr die Behandlung identifiziert und einen strategischen Aktionsplan zur Behandlung h\u00e4ufiger Problemzonen erstellt. Hier sind die Details:<br \/>\nUnterw\u00e4schelinien: 1-2 gro\u00dfe Griffe entfernen hervorstehendes R\u00fcckenfleisch und Fett unter der Unterw\u00e4sche<br \/>\nUnterarm: 1\u20132 mittlere Griffe entfernen Unterarmfett, Wamme und Cellulite<br \/>\nBauch: 2 bis 4 gro\u00dfe Griffe. Beheben Sie Fettleibigkeit im oberen und unteren Bauchbereich und entfernen Sie Cellulite.<br \/>\nBauch-\u201eSchwimmring\u201c: 1~2 gro\u00dfe Griffe entfernen Wamme und hervorstehendes Fett an der Hose<br \/>\nUnteres Ges\u00e4\u00df und hintere Oberschenkel: 1\u20132 gro\u00dfe Griffe entfernen Cellulite und Fett<br \/>\nInnenseite des Oberschenkels: 1\u20132 mittlere Griffe entfernen Cellulite und Fett<\/p>\n<h2>FAQs<\/h2>\n<h3>Gibt es irgendwelche Nebenwirkungen?<\/h3>\n<p>Die m\u00f6glichen Nebenwirkungen variieren je nach Hauttyp, Gesundheitszustand und verwendetem Ger\u00e4t. Hier sind einige h\u00e4ufige und m\u00f6gliche Nebenwirkungen:<br \/>\n<strong>Hautr\u00f6tungen und Reizungen<\/strong>:<br \/>\nLasertherapie: Kann vor\u00fcbergehende R\u00f6tungen, Schwellungen und Reizungen verursachen. Diese sind in der Regel mild und klingen innerhalb weniger Stunden bis Tage ab.<br \/>\nRF: Kann auch \u00e4hnliche R\u00f6tungen und Schwellungen verursachen.<br \/>\nEMS: Kann leichten Muskelkater und Hautreizungen an den Elektrodenstellen verursachen.<br \/>\n<strong>Verbrennungen oder Blasen:<\/strong><br \/>\nLasertherapie: Bei unsachgem\u00e4\u00dfer Anwendung oder \u00fcberm\u00e4\u00dfiger Energie kann es insbesondere bei dunkleren Hauttypen zu Verbrennungen oder Blasen kommen.<br \/>\nHF: Kann auch Verbrennungen verursachen, wenn das Energieniveau zu hoch ist oder das Ger\u00e4t nicht richtig kalibriert ist.<br \/>\n<strong>Pigmentver\u00e4nderungen:<\/strong><br \/>\nLasertherapie: Es besteht das Risiko einer Hyperpigmentierung (Dunkelf\u00e4rbung der Haut) oder Hypopigmentierung (Aufhellung der Haut), insbesondere bei Menschen mit dunklerem Hautton.<br \/>\nRF: \u00c4hnliche Risiken von Pigmentver\u00e4nderungen, allerdings weniger h\u00e4ufig als beim Laser.<br \/>\n<strong>Schmerzen oder Beschwerden:<\/strong><br \/>\nLasertherapie: Bei manchen Personen kann es w\u00e4hrend der Behandlung zu Schmerzen oder Beschwerden kommen.<br \/>\nRF: Kann ein Hitzegef\u00fchl verursachen, das f\u00fcr manche Menschen unangenehm sein kann.<br \/>\nEMS: Durch EMS ausgel\u00f6ste Muskelkontraktionen k\u00f6nnen f\u00fcr manche Personen unangenehm sein.<br \/>\n<strong>Schwellung:<\/strong>Schwellungen sind eine h\u00e4ufige vor\u00fcbergehende Nebenwirkung, die bei allen drei Modalit\u00e4ten auftreten kann.<br \/>\n<strong>Bluterg\u00fcsse<\/strong>:Besonders beim EMS kann es durch die Muskelkontraktionen und den Druck der Elektroden zu Bluterg\u00fcssen kommen.<\/p>\n<h3>Tut die Behandlung weh?<\/h3>\n<p>Laser-Liposuktion gilt allgemein als nicht-invasiv und relativ schmerzfrei. Individuelle Erfahrungen k\u00f6nnen jedoch unterschiedlich sein. Folgende Faktoren sollten ber\u00fccksichtigt werden:<\/p>\n<p>Lasertherapie: Dabei wird Lichtenergie in die Haut eingedrungen, wodurch die Kollagenproduktion gef\u00f6rdert und die Haut gestrafft wird. Die meisten Betroffenen versp\u00fcren ein warmes Gef\u00fchl, das jedoch in der Regel nicht schmerzhaft ist. Je nach Schmerzgrenze und Hautempfindlichkeit kann es jedoch zu leichten Beschwerden kommen.<\/p>\n<p>Radiofrequenz (RF): RF-Energie erw\u00e4rmt die tieferen Hautschichten, was ein W\u00e4rmegef\u00fchl hervorrufen kann. Dies wird von den meisten Menschen gut vertragen und ist nicht schmerzhaft. Manche Menschen versp\u00fcren leichte Beschwerden, die jedoch in der Regel minimal sind.<\/p>\n<p>Elektrische Muskelstimulation (EMS): EMS nutzt elektrische Impulse, um Muskelkontraktionen zu stimulieren. Dies kann sich wie ein Kribbeln oder Pulsieren anf\u00fchlen. Obwohl es normalerweise nicht schmerzhaft ist, kann es f\u00fcr manche Menschen unangenehm sein, insbesondere wenn die Intensit\u00e4t zu hoch eingestellt ist.<\/p>\n<p>&nbsp;<\/p>\n<p>&nbsp;<\/p>","protected":false},"excerpt":{"rendered":"<p><strong>3 in 1<\/strong> : RF+EMS+<a href=\"https:\/\/shefmon.com\/beauty-machines\/laser-ipl\/\">Lipo-Laser<\/a><br \/>\nFunktion: Hautstraffung, Gewichtsverlust, Sonstiges, Straffung<br \/>\n8 Griffe (4 gro\u00dfe und 4 kleine)<br \/>\ngr\u00f6\u00dferer Griff mit 9 Lichtern, 650 nm, 100 mW pro Laserlicht<br \/>\nkleinerer Griff mit 6 Lichtern, 650 nm, 100 mW pro Laserlicht<br \/>\nRF+EMS-System<\/p>","protected":false},"featured_media":4310,"template":"","meta":[],"product_brand":[],"product_cat":[82,90,85,86,91],"product_tag":[],"class_list":{"0":"post-4288","1":"product","2":"type-product","3":"status-publish","4":"has-post-thumbnail","6":"product_cat-rf-cavitation","7":"product_cat-lose-fat-and-body-firming","8":"product_cat-gain-muscle-and-body-shaping","9":"product_cat-skin-care-and-facial-rejuvenation","10":"product_cat-wrinkle-removal-and-skin-tightening","12":"first","13":"instock","14":"shipping-taxable","15":"product-type-simple"},"_links":{"self":[{"href":"https:\/\/shefmon.com\/de\/wp-json\/wp\/v2\/product\/4288","targetHints":{"allow":["GET"]}}],"collection":[{"href":"https:\/\/shefmon.com\/de\/wp-json\/wp\/v2\/product"}],"about":[{"href":"https:\/\/shefmon.com\/de\/wp-json\/wp\/v2\/types\/product"}],"version-history":[{"count":0,"href":"https:\/\/shefmon.com\/de\/wp-json\/wp\/v2\/product\/4288\/revisions"}],"wp:featuredmedia":[{"embeddable":true,"href":"https:\/\/shefmon.com\/de\/wp-json\/wp\/v2\/media\/4310"}],"wp:attachment":[{"href":"https:\/\/shefmon.com\/de\/wp-json\/wp\/v2\/media?parent=4288"}],"wp:term":[{"taxonomy":"product_brand","embeddable":true,"href":"https:\/\/shefmon.com\/de\/wp-json\/wp\/v2\/product_brand?post=4288"},{"taxonomy":"product_cat","embeddable":true,"href":"https:\/\/shefmon.com\/de\/wp-json\/wp\/v2\/product_cat?post=4288"},{"taxonomy":"product_tag","embeddable":true,"href":"https:\/\/shefmon.com\/de\/wp-json\/wp\/v2\/product_tag?post=4288"}],"curies":[{"name":"wp","href":"https:\/\/api.w.org\/{rel}","templated":true}]}}