{"id":3954,"date":"2024-06-22T15:46:06","date_gmt":"2024-06-22T07:46:06","guid":{"rendered":"https:\/\/palegoldenrod-manatee-952098.hostingersite.com\/?post_type=product&#038;p=3954"},"modified":"2026-01-08T10:46:26","modified_gmt":"2026-01-08T02:46:26","slug":"shefmon-2910nm-faserfraktionierter-co2-ultralaser","status":"publish","type":"product","link":"https:\/\/shefmon.com\/de\/product\/shefmon-2910nm-fiber-fractional-co2-ultra-laser\/","title":{"rendered":"A0509 SHEFMON 2910 nm Faserfraktionierter CO2-Ultralaser"},"content":{"rendered":"<p>Der Faserfraktionierte CO2-Laser verwendet kurze, konzentrierte Lichtstrahlen, um die oberen Schichten matter und gesch\u00e4digter Haut sanft zu entfernen. Dadurch wird der nat\u00fcrliche Heilungsprozess des K\u00f6rpers angeregt und das Wachstum neuer Zellen angeregt. Gleichzeitig wird kontrollierte W\u00e4rmeenergie auf der Hautoberfl\u00e4che abgegeben, wodurch genau die richtige Menge an W\u00e4rmeenergie in der richtigen Hauttiefe erzeugt wird, um den Verj\u00fcngungsprozess zu starten, die Kollagen- und Elastinproduktion zu steigern und Ihre Haut von innen heraus zu revitalisieren.<\/p>\n<p>&nbsp;<\/p>\n<p>Zwei Aktionen in einem Durchgang<\/p>\n<p><strong>Hochaufl\u00f6sende Laser-Hauterneuerung<\/strong><br \/>\nDie kalten Laserstrahlen des Fiber Fractional CO2-Lasers entfernen pr\u00e4zise besch\u00e4digte Epidermiszellen und beseitigen Oberfl\u00e4chenunregelm\u00e4\u00dfigkeiten. Gleichzeitig werden thermisch bedingte Nebenwirkungen minimiert und Schmerzen gelindert. Die hervorragende Strahlqualit\u00e4t des Fiber Fractional CO2-Lasers erm\u00f6glicht eine gleichm\u00e4\u00dfige Energieverteilung und sorgt f\u00fcr \u00e4u\u00dferst konsistente Ergebnisse. Wie ein Tiefenpeeling f\u00f6rdert der Fiber Fractional CO2-Laser das Wachstum neuer und frischer Hautzellen, die glatter, ges\u00fcnder und strahlender wirken.<\/p>\n<p><strong>Kollagen-Umbau<\/strong><br \/>\nGleichzeitig erzeugt der Faser-Fraktions-CO2-Laser durch die Abgabe kontrollierbarer W\u00e4rmeenergie thermische Verletzungen in der mittleren Dermis, die wiederum den Selbstheilungsprozess der Haut starten und das innere Wachstum von Kollagen (Neokollagenese), Elastin und Hyalurons\u00e4ure durch einen mutma\u00dflichen Wirkmechanismus der Hautumgestaltung f\u00f6rdern.<\/p>\n<p>&nbsp;<\/p>","protected":false},"excerpt":{"rendered":"<p>Der Faserfraktionierte CO2-Laser arbeitet mit der neuen Wellenl\u00e4nge von 2910 nm.<br \/>\ndas mehrere Hautschichten behandelt \u2013 vom Stratum corneum \u00fcber die Epidermis bis zur mittleren Dermis \u2013<br \/>\nZu<span style=\"color: #000000;\"> helfen, Zeichen der Hautalterung umzukehren.<\/span><br \/>\n<span style=\"color: #000000;\">Revitalisiert die Haut und l\u00e4sst Ihr Gesicht frischer, glatter und straffer erscheinen. <\/span><br \/>\n<span style=\"color: #000000;\">und j\u00fcnger in nur einer 20-min\u00fctigen Behandlung.<\/span><\/p>","protected":false},"featured_media":3960,"template":"","meta":[],"product_brand":[],"product_cat":[89,80,86,88,91],"product_tag":[],"class_list":{"0":"post-3954","1":"product","2":"type-product","3":"status-publish","4":"has-post-thumbnail","6":"product_cat-acne-scars-treatment","7":"product_cat-laser-ipl","8":"product_cat-skin-care-and-facial-rejuvenation","9":"product_cat-vaginal-tightening","10":"product_cat-wrinkle-removal-and-skin-tightening","12":"first","13":"instock","14":"shipping-taxable","15":"product-type-simple"},"_links":{"self":[{"href":"https:\/\/shefmon.com\/de\/wp-json\/wp\/v2\/product\/3954","targetHints":{"allow":["GET"]}}],"collection":[{"href":"https:\/\/shefmon.com\/de\/wp-json\/wp\/v2\/product"}],"about":[{"href":"https:\/\/shefmon.com\/de\/wp-json\/wp\/v2\/types\/product"}],"version-history":[{"count":0,"href":"https:\/\/shefmon.com\/de\/wp-json\/wp\/v2\/product\/3954\/revisions"}],"wp:featuredmedia":[{"embeddable":true,"href":"https:\/\/shefmon.com\/de\/wp-json\/wp\/v2\/media\/3960"}],"wp:attachment":[{"href":"https:\/\/shefmon.com\/de\/wp-json\/wp\/v2\/media?parent=3954"}],"wp:term":[{"taxonomy":"product_brand","embeddable":true,"href":"https:\/\/shefmon.com\/de\/wp-json\/wp\/v2\/product_brand?post=3954"},{"taxonomy":"product_cat","embeddable":true,"href":"https:\/\/shefmon.com\/de\/wp-json\/wp\/v2\/product_cat?post=3954"},{"taxonomy":"product_tag","embeddable":true,"href":"https:\/\/shefmon.com\/de\/wp-json\/wp\/v2\/product_tag?post=3954"}],"curies":[{"name":"wp","href":"https:\/\/api.w.org\/{rel}","templated":true}]}}