{"id":3900,"date":"2024-06-14T15:47:16","date_gmt":"2024-06-14T07:47:16","guid":{"rendered":"https:\/\/palegoldenrod-manatee-952098.hostingersite.com\/?post_type=product&#038;p=3900"},"modified":"2026-04-29T17:03:42","modified_gmt":"2026-04-29T09:03:42","slug":"a0507-1064nm-532nm-q-switched-super-picosecond-picosure-yag-laser-tattoo-removal","status":"publish","type":"product","link":"https:\/\/shefmon.com\/de\/product\/a0507-1064nm-532nm-q-switched-super-picosecond-picosure-yag-laser-tattoo-removal\/","title":{"rendered":"A0507 1064 nm 532 nm Q-switched Super Pikosekunden Picosure Yag Laser Tattooentfernung"},"content":{"rendered":"<p>Q-Switch \/ Q-Switched Nd:YAG-Laser und Pikosekundenlaser (manchmal auch Pico-Laser genannt) sind fortschrittliche Technologien, die h\u00e4ufig in der \u00e4sthetischen Behandlung verschiedener Hautprobleme eingesetzt werden, darunter Tattooentfernung, Pigmententfernung und Hautverj\u00fcngung. Wir werfen einen Blick auf die technischen Unterschiede und Anwendungen der Lasertechnologien.<\/p>\n<p><strong>Q-SWITCHED ND:YAG LASER<\/strong><br \/>\nDer Q-Switched \/ Q-Switch Nd:YAG-Laser ist ein Lasertyp, der in medizinischen und \u00e4sthetischen Verfahren eingesetzt wird. Er erzeugt kurze, hochintensive Lichtimpulse, die vom Zielgewebe absorbiert werden. Dabei kann es sich um alles M\u00f6gliche handeln, von pigmentierten L\u00e4sionen bis hin zu T\u00e4towierfarben.<\/p>\n<p><strong>SO FUNKTIONIERT ES:<\/strong><br \/>\nDer Nd:YAG-Laserkristall wird durch eine Blitzlampe oder Diode angeregt, wodurch er Licht mit bestimmten Wellenl\u00e4ngen aussendet.<br \/>\nDer Laserstrahl wird dann durch eine Linse fokussiert und auf das Zielgewebe gerichtet.<br \/>\nDie Energie des Lasers wird vom Zielgewebe absorbiert, wodurch es erhitzt und zerst\u00f6rt wird.<br \/>\nBeim Abbau des Gewebes werden Pigmente oder andere Substanzen freigesetzt, die dann durch die nat\u00fcrlichen Prozesse des K\u00f6rpers entfernt werden.<\/p>\n<p>Der Q-Switched Nd:YAG-Laser ist einzigartig, da er sehr kurze Lichtimpulse (gemessen in Nanosekunden) mit sehr hoher Spitzenleistung erzeugt. Dadurch k\u00f6nnen pigmentierte L\u00e4sionen oder T\u00e4towierfarbe gezielt behandelt werden, ohne das umliegende Gewebe zu sch\u00e4digen.<\/p>\n<p>Dar\u00fcber hinaus verf\u00fcgt der Q-Switched-Laser \u00fcber einen Q-Switch-Mechanismus, der ein schnelles Ein- und Ausschalten erm\u00f6glicht und so sehr intensive und kurze Lichtimpulse erzeugt. Dies tr\u00e4gt dazu bei, die W\u00e4rme\u00fcbertragung auf das umliegende Gewebe zu minimieren und das Risiko von Nebenwirkungen zu verringern.<\/p>\n<p><strong>PIKOSEKUNDENLASER<\/strong><br \/>\nPikosekundenlaser, auch Pico-Laser genannt, sind Laser, die in medizinischen und \u00e4sthetischen Verfahren eingesetzt werden. Sie liefern ultrakurze Lichtimpulse im Bereich von Pikosekunden (Billionstel Sekunden). Der Pikosekundenlaser funktioniert nach einem \u00e4hnlichen Prinzip wie der Q-Switched-Laser, hat jedoch eine deutlich k\u00fcrzere Pulsdauer.<\/p>\n<p><strong>SO FUNKTIONIERT ES:<\/strong><br \/>\nDer Pikosekundenlaser verwendet eine Hochleistungslaserdiode, um Lichtimpulse mit einer bestimmten Wellenl\u00e4nge (normalerweise 755 nm oder 1064 nm) zu erzeugen.<br \/>\nDer Laserstrahl wird auf den Zielbereich fokussiert, beispielsweise auf eine T\u00e4towierfarbe oder eine pigmentierte L\u00e4sion.<br \/>\nDie ultrakurzen Lichtimpulse des Pikosekundenlasers erzeugen einen photoakustischen Effekt, d. h. sie erzeugen eine mechanische Druckwelle, die das Pigment im Zielgewebe in kleinere Fragmente zerlegt.<br \/>\nDie kleineren Pigmentfragmente werden dann vom nat\u00fcrlichen Immunsystem des K\u00f6rpers ausgeschieden.<\/p>\n<p>Der Pikosekundenlaser kann k\u00fcrzere Pulsdauern liefern, was bedeutet, dass er Pigmente in kleinere Fragmente zerlegen kann, wobei das umliegende Gewebe weniger thermisch gesch\u00e4digt wird.<\/p>\n<p>Dadurch kann die Behandlung bestimmter Pigmentarten, beispielsweise hartn\u00e4ckiger T\u00e4towierungen, wirksamer sein und gleichzeitig das Risiko von Narbenbildung und anderen Nebenwirkungen verringert werden.<\/p>\n<p>Der Pikosekundenlaser kann au\u00dferdem bei einer gr\u00f6\u00dferen Bandbreite an Hauttypen und -farben eingesetzt werden, da er im Vergleich zu \u00e4lteren Lasertechnologien weniger wahrscheinlich Hyperpigmentierung oder Hypopigmentierung verursacht.<\/p>\n<p>&nbsp;<\/p>\n<p><strong>Vergleich von g\u00fctegeschalteten ND:YAG- und Pikosekundenlasern<\/strong><br \/>\nSowohl der g\u00fctegeschaltete Nd:YAG-Laser als auch der Pikosekundenlaser sind in ihren Anwendungen sehr \u00e4hnlich. Es gibt jedoch einige wesentliche Unterschiede:<\/p>\n<p><strong>PULSDAUER:<\/strong><br \/>\nDer Hauptunterschied zwischen den beiden Lasern ist die Pulsdauer. Der Q-Switched Nd:YAG-Laser hat eine Pulsdauer von Nanosekunden, w\u00e4hrend der Pikosekundenlaser eine viel k\u00fcrzere Pulsdauer von Pikosekunden hat.<\/p>\n<p>Dies bedeutet, dass Pikosekundenlaser k\u00fcrzere, st\u00e4rkere Energiest\u00f6\u00dfe abgeben k\u00f6nnen, was eine schnellere und pr\u00e4zisere Behandlung erm\u00f6glicht. Q-Switched Nd:YAG-Laser bieten jedoch ein breiteres Spektrum an Pigmentierungsbehandlungen.<\/p>\n<p><strong>BEHANDLUNGSZEIT:<\/strong><br \/>\nAufgrund der k\u00fcrzeren Pulsdauer k\u00f6nnen Pikosekundenlaser die Behandlung in einem k\u00fcrzeren Zeitraum durchf\u00fchren, normalerweise innerhalb weniger Sitzungen. Q-Switched Nd:YAG-Laser k\u00f6nnen mehrere Behandlungen erfordern, um die gleichen Ergebnisse zu erzielen.<\/p>","protected":false},"excerpt":{"rendered":"<p><strong>Schmerzfreie Tattooentfernung mit Pikosekundenlaser<\/strong><br \/>\n<span style=\"color: #000000;\"><strong>Entfernung:<\/strong><\/span><br \/>\n\u2022 T\u00e4towierungen, Falten<br \/>\n\u2022 Narbenbildung, N\u00e4vus Ota<br \/>\n\u2022 Blauer N\u00e4vus, gesprenkelter N\u00e4vus<br \/>\n\u2022 Lentigo, Caf\u00e9 au Lait<br \/>\n\u2022 Hyperpigmentierung<br \/>\n\u2022 Sommersprossen, Melasma<\/p>","protected":false},"featured_media":3891,"template":"","meta":[],"product_brand":[],"product_cat":[80,89,86,87,91],"product_tag":[],"class_list":{"0":"post-3900","1":"product","2":"type-product","3":"status-publish","4":"has-post-thumbnail","6":"product_cat-laser-ipl","7":"product_cat-acne-scars-treatment","8":"product_cat-skin-care-and-facial-rejuvenation","9":"product_cat-tattoo-and-pigmentation-removal","10":"product_cat-wrinkle-removal-and-skin-tightening","12":"first","13":"instock","14":"shipping-taxable","15":"product-type-simple"},"_links":{"self":[{"href":"https:\/\/shefmon.com\/de\/wp-json\/wp\/v2\/product\/3900","targetHints":{"allow":["GET"]}}],"collection":[{"href":"https:\/\/shefmon.com\/de\/wp-json\/wp\/v2\/product"}],"about":[{"href":"https:\/\/shefmon.com\/de\/wp-json\/wp\/v2\/types\/product"}],"version-history":[{"count":1,"href":"https:\/\/shefmon.com\/de\/wp-json\/wp\/v2\/product\/3900\/revisions"}],"predecessor-version":[{"id":13833,"href":"https:\/\/shefmon.com\/de\/wp-json\/wp\/v2\/product\/3900\/revisions\/13833"}],"wp:featuredmedia":[{"embeddable":true,"href":"https:\/\/shefmon.com\/de\/wp-json\/wp\/v2\/media\/3891"}],"wp:attachment":[{"href":"https:\/\/shefmon.com\/de\/wp-json\/wp\/v2\/media?parent=3900"}],"wp:term":[{"taxonomy":"product_brand","embeddable":true,"href":"https:\/\/shefmon.com\/de\/wp-json\/wp\/v2\/product_brand?post=3900"},{"taxonomy":"product_cat","embeddable":true,"href":"https:\/\/shefmon.com\/de\/wp-json\/wp\/v2\/product_cat?post=3900"},{"taxonomy":"product_tag","embeddable":true,"href":"https:\/\/shefmon.com\/de\/wp-json\/wp\/v2\/product_tag?post=3900"}],"curies":[{"name":"wp","href":"https:\/\/api.w.org\/{rel}","templated":true}]}}