{"id":3629,"date":"2024-06-04T11:22:58","date_gmt":"2024-06-04T03:22:58","guid":{"rendered":"https:\/\/palegoldenrod-manatee-952098.hostingersite.com\/?post_type=product&#038;p=3629"},"modified":"2025-09-17T19:09:57","modified_gmt":"2025-09-17T11:09:57","slug":"sw12-eswt-pain-relieve-focus-shockwave-treatment-tecar-shock-wave-laser-therapy","status":"publish","type":"product","link":"https:\/\/shefmon.com\/de\/product\/sw12-eswt-pain-relieve-focus-shockwave-treatment-tecar-shock-wave-laser-therapy\/","title":{"rendered":"SW12 ESWT Schmerzlinderung Fokus Sto\u00dfwellenbehandlung Tecar Sto\u00dfwellenlasertherapie"},"content":{"rendered":"<p><strong>Das Sto\u00dfwellensystem nutzt das ballistische Prinzip der Sto\u00dfwellenerzeugung:<\/strong><br \/>\nMithilfe einer Sto\u00dfwellenmaschine wird durch beschleunigte Druckluft eine Druckwelle erzeugt. Die Druckluft wird von einem elektronisch gesteuerten ballistischen Kompressor erzeugt. Durch elastischen Sto\u00df wird die kinetische Energie der Sto\u00dfwellenmaschine auf die Sonde des Applikators und anschlie\u00dfend in den K\u00f6rper des Kunden \u00fcbertragen. Daher muss die Spitze des Applikators w\u00e4hrend der Behandlung direkten Kontakt mit Haut und Unterhautgewebe haben.<\/p>\n<p>Die Sto\u00dfwellentherapie zielt auf die betroffenen Bereiche ab, die die Ursache chronischer Schmerzen sind. Durch die Sto\u00dfwellen werden Kalziumablagerungen aufgel\u00f6st und die Durchblutung verbessert. Die Folge ist eine Schmerzlinderung.<\/p>\n<p><strong>Behandlungsprinzip<\/strong><br \/>\nDie SW12-Sto\u00dfwellentherapie mit einer Frequenz von 1-21 Hz erm\u00f6glicht das Eindringen in eine Tiefe von bis zu 8 cm unter die Haut. Durch die Anwendung auf das Periost wird W\u00e4rme erzeugt, die sofort eine Temperatur von 43 \u00b0C erreicht und gleichzeitig die Durchblutung verbessert.<\/p>\n<p><strong>Behandlungseffekt<\/strong><br \/>\nStellen Sie sich vor, der rote Bereich markiert die Energie, die Schaden verursacht. Dieser Bereich erstreckt sich als S\u00e4ule vom unteren bis zum oberen Rand des Sto\u00dfes und sch\u00e4digt alles auf seinem Weg. Die extrakorporale Sto\u00dfwelle um diese S\u00e4ule herum bildet einen Bereich mit geringerer Energie (gr\u00fcn dargestellt), dessen Dosis heilend wirken kann. Ein weiterer Bereich (blau dargestellt) mit deutlich weniger Energie kann Schmerzen lindern. Oberhalb des Schadensbereichs nimmt die Wellenkraft ab (die Energie kann nicht unbegrenzt anhalten), was ebenfalls heilende oder schmerzlindernde Effekte zur Folge hat. Es ist wichtig zu beachten, dass die Effekte von hoher zu niedriger Energie absteigen.<br \/>\nEbenen d.h<strong>Hohe Werte = Schaden + Heilung + Schmerzlinderung.<\/strong><\/p>","protected":false},"excerpt":{"rendered":"<p>2 Modi: manuell und automatisch.<br \/>\nMit einer professionellen Schnittstelle f\u00fcr Behandlungsparameter ist es einfach zu bedienen.<br \/>\nSchmerzhafte Behandlung<br \/>\nGewichtsverlust<\/p>","protected":false},"featured_media":2421,"template":"","meta":[],"product_brand":[],"product_cat":[83],"product_tag":[],"class_list":{"0":"post-3629","1":"product","2":"type-product","3":"status-publish","4":"has-post-thumbnail","6":"product_cat-shockwave-physiotherapy","8":"first","9":"instock","10":"shipping-taxable","11":"product-type-simple"},"_links":{"self":[{"href":"https:\/\/shefmon.com\/de\/wp-json\/wp\/v2\/product\/3629","targetHints":{"allow":["GET"]}}],"collection":[{"href":"https:\/\/shefmon.com\/de\/wp-json\/wp\/v2\/product"}],"about":[{"href":"https:\/\/shefmon.com\/de\/wp-json\/wp\/v2\/types\/product"}],"version-history":[{"count":0,"href":"https:\/\/shefmon.com\/de\/wp-json\/wp\/v2\/product\/3629\/revisions"}],"wp:featuredmedia":[{"embeddable":true,"href":"https:\/\/shefmon.com\/de\/wp-json\/wp\/v2\/media\/2421"}],"wp:attachment":[{"href":"https:\/\/shefmon.com\/de\/wp-json\/wp\/v2\/media?parent=3629"}],"wp:term":[{"taxonomy":"product_brand","embeddable":true,"href":"https:\/\/shefmon.com\/de\/wp-json\/wp\/v2\/product_brand?post=3629"},{"taxonomy":"product_cat","embeddable":true,"href":"https:\/\/shefmon.com\/de\/wp-json\/wp\/v2\/product_cat?post=3629"},{"taxonomy":"product_tag","embeddable":true,"href":"https:\/\/shefmon.com\/de\/wp-json\/wp\/v2\/product_tag?post=3629"}],"curies":[{"name":"wp","href":"https:\/\/api.w.org\/{rel}","templated":true}]}}