{"id":3618,"date":"2024-06-04T10:33:50","date_gmt":"2024-06-04T02:33:50","guid":{"rendered":"https:\/\/palegoldenrod-manatee-952098.hostingersite.com\/?post_type=product&#038;p=3618"},"modified":"2025-09-17T19:10:47","modified_gmt":"2025-09-17T11:10:47","slug":"448k-tecar-vertikale-monopolare-rf-hebemaschine","status":"publish","type":"product","link":"https:\/\/shefmon.com\/de\/product\/448k-tecar-vertical-monopolar-rf-lifting-machine\/","title":{"rendered":"BCHYQ045 448k Tecar Vertikale Monopolare RF-Hebemaschine"},"content":{"rendered":"<p><strong>448K Tecar-Therapiefunktionen und Testergebnisse<\/strong><\/p>\n<p><strong>F\u00fcr das Gesicht<\/strong><br \/>\n* Reduzierung feiner Linien und F\u00e4ltchen.<br \/>\n* Entfernung von Doppelkinn und Lifting-Effekt.<br \/>\n* Hautstraffung, Festigung.<br \/>\n* Anti-Aging, feuchtigkeitsspendend, gegen Schwellungen.<\/p>\n<p><strong>Test-Schlussfolgerungen:<\/strong><br \/>\n* 10 % Erh\u00f6hung der Hautfeuchtigkeit.<br \/>\n* 27 % Reduzierung der Breite von Kr\u00e4henf\u00fc\u00dfen.<br \/>\n* 33 % Tiefenreduzierung von Kr\u00e4henf\u00fc\u00dfen.<br \/>\n* Wirksame und sichere Behandlung von alternder Haut und schlaffer Gesichtshaut.<\/p>\n<p><strong>F\u00fcr den K\u00f6rper<\/strong><br \/>\n* Cellulite-Reduktion (alle Typen)<br \/>\n* K\u00f6rperkonturierung * Gewichtsverlust<br \/>\n* Drainage, Entgiftung, Lymphdrainage<\/p>\n<p><strong>Test-Schlussfolgerungen:<\/strong><br \/>\n* 15 %-Reduktion von interstitiellen \u00d6demen und Fettgewebe.<br \/>\n* 27 % Reduktion der freien Fetts\u00e4uren<br \/>\n* 22 % Erh\u00f6hung der Hautelastizit\u00e4t<br \/>\n* Bei allen Patienten war ein abnehmender Cellulite-Grad zu verzeichnen.<\/p>\n<p><strong>Keine Nebenwirkungen, wirksame und sichere Behandlung von Cellulite<\/strong><\/p>","protected":false},"excerpt":{"rendered":"<p>HF-Frequenz 448 kHz<br \/>\nKopfgr\u00f6\u00dfen 20\/40\/60 mm<br \/>\nMaximale Leistung 300W<br \/>\nTechnologie: CET\/RET\/Monopolare Radiofrequenz-Diathermie-Therapie<br \/>\nSto\u00dfwelle, Ultraschall<br \/>\nFeature Tecar Physiotherapie, Facelifting, Gewichtsverlust, K\u00f6rpermassage<br \/>\nFunktion Physiotherapie, Rehabilitation, Schmerzlinderung, K\u00f6rperstraffung, Facelift<\/p>","protected":false},"featured_media":3541,"template":"","meta":[],"product_brand":[],"product_cat":[82,86,90,91],"product_tag":[],"class_list":{"0":"post-3618","1":"product","2":"type-product","3":"status-publish","4":"has-post-thumbnail","6":"product_cat-rf-cavitation","7":"product_cat-skin-care-and-facial-rejuvenation","8":"product_cat-lose-fat-and-body-firming","9":"product_cat-wrinkle-removal-and-skin-tightening","11":"first","12":"instock","13":"shipping-taxable","14":"product-type-simple"},"_links":{"self":[{"href":"https:\/\/shefmon.com\/de\/wp-json\/wp\/v2\/product\/3618","targetHints":{"allow":["GET"]}}],"collection":[{"href":"https:\/\/shefmon.com\/de\/wp-json\/wp\/v2\/product"}],"about":[{"href":"https:\/\/shefmon.com\/de\/wp-json\/wp\/v2\/types\/product"}],"version-history":[{"count":0,"href":"https:\/\/shefmon.com\/de\/wp-json\/wp\/v2\/product\/3618\/revisions"}],"wp:featuredmedia":[{"embeddable":true,"href":"https:\/\/shefmon.com\/de\/wp-json\/wp\/v2\/media\/3541"}],"wp:attachment":[{"href":"https:\/\/shefmon.com\/de\/wp-json\/wp\/v2\/media?parent=3618"}],"wp:term":[{"taxonomy":"product_brand","embeddable":true,"href":"https:\/\/shefmon.com\/de\/wp-json\/wp\/v2\/product_brand?post=3618"},{"taxonomy":"product_cat","embeddable":true,"href":"https:\/\/shefmon.com\/de\/wp-json\/wp\/v2\/product_cat?post=3618"},{"taxonomy":"product_tag","embeddable":true,"href":"https:\/\/shefmon.com\/de\/wp-json\/wp\/v2\/product_tag?post=3618"}],"curies":[{"name":"wp","href":"https:\/\/api.w.org\/{rel}","templated":true}]}}