{"id":3100,"date":"2024-05-27T17:54:01","date_gmt":"2024-05-27T09:54:01","guid":{"rendered":"https:\/\/palegoldenrod-manatee-952098.hostingersite.com\/?post_type=product&#038;p=3100"},"modified":"2026-04-08T11:32:25","modified_gmt":"2026-04-08T03:32:25","slug":"a0648-9-in-1-diamant-hydro-mikrodermabrasions-peelinggerat","status":"publish","type":"product","link":"https:\/\/shefmon.com\/de\/product\/a0648-9-in-1-diamond-hydro-microdermabrasion-peeling-machine\/","title":{"rendered":"A0648 9 in 1 Diamant-Hydro-Mikrodermabrasions-Peelingger\u00e4t"},"content":{"rendered":"<p><strong>9-in-1-Hydrofacial-Maschine<\/strong><br \/>\nDie Hydra Peel Facial Care Beauty Machine ist eine der beliebtesten Hautbehandlungen weltweit. In den letzten Jahren wurde dieses Verfahren als Wundermittel f\u00fcr altersbedingte Hautprobleme vermarktet.<\/p>\n<p>Die Hydra Peel Facial Care Beauty Machine ist eine nicht-chirurgische, nicht-invasive Hautbehandlung, die Ihre Haut mit einem einzigen Ger\u00e4t reinigt, peelt, extrahiert und mit Feuchtigkeit versorgt. Fr\u00fcher mussten sich Menschen mehreren Behandlungen unterziehen, um ihre Haut zu reinigen, zu peelen und mit Feuchtigkeit zu versorgen. Mit dieser Maschine k\u00f6nnen Sie all diese Behandlungen in einer einzigen Sitzung durchf\u00fchren.<\/p>\n<p><strong>Vorteile:<\/strong><br \/>\n* Reinigt die Haut<br \/>\n* Entfernt Schmutz aus den Poren<br \/>\n* Behandelt vergr\u00f6\u00dferte und verstopfte Poren<br \/>\n* Hilft dabei, einen gleichm\u00e4\u00dfigen Hautton und ein verbessertes Hautbild zu erzielen.<\/p>","protected":false},"excerpt":{"rendered":"<p><span style=\"color: #000000\">9-in-1-Hydradermabrasionsger\u00e4t f\u00fcr die Hautpflege<\/span><br \/>\n\u25b6 9 Technologien in einer Maschine, der Kauf einer Maschine entspricht 9 Maschinen.<br \/>\n\u25b6 Der Vakuumstift mit der neuesten Technologie saugt die Mitesser mithilfe von Vakuum\/Saugkraft aus den Poren und macht unsere Poren sauberer.<br \/>\n\u25b6 Das beliebteste Hydra-Dermabrasions-Mikrodermabrasionsger\u00e4t.<br \/>\n\u25b6 Vertikale Sch\u00f6nheitsger\u00e4te, gro\u00dfe Pumpleistung.<\/p>","protected":false},"featured_media":3090,"template":"","meta":[],"product_brand":[],"product_cat":[79,86],"product_tag":[],"class_list":{"0":"post-3100","1":"product","2":"type-product","3":"status-publish","4":"has-post-thumbnail","6":"product_cat-hydra","7":"product_cat-skin-care-and-facial-rejuvenation","9":"first","10":"instock","11":"shipping-taxable","12":"product-type-simple"},"_links":{"self":[{"href":"https:\/\/shefmon.com\/de\/wp-json\/wp\/v2\/product\/3100","targetHints":{"allow":["GET"]}}],"collection":[{"href":"https:\/\/shefmon.com\/de\/wp-json\/wp\/v2\/product"}],"about":[{"href":"https:\/\/shefmon.com\/de\/wp-json\/wp\/v2\/types\/product"}],"version-history":[{"count":1,"href":"https:\/\/shefmon.com\/de\/wp-json\/wp\/v2\/product\/3100\/revisions"}],"predecessor-version":[{"id":12911,"href":"https:\/\/shefmon.com\/de\/wp-json\/wp\/v2\/product\/3100\/revisions\/12911"}],"wp:featuredmedia":[{"embeddable":true,"href":"https:\/\/shefmon.com\/de\/wp-json\/wp\/v2\/media\/3090"}],"wp:attachment":[{"href":"https:\/\/shefmon.com\/de\/wp-json\/wp\/v2\/media?parent=3100"}],"wp:term":[{"taxonomy":"product_brand","embeddable":true,"href":"https:\/\/shefmon.com\/de\/wp-json\/wp\/v2\/product_brand?post=3100"},{"taxonomy":"product_cat","embeddable":true,"href":"https:\/\/shefmon.com\/de\/wp-json\/wp\/v2\/product_cat?post=3100"},{"taxonomy":"product_tag","embeddable":true,"href":"https:\/\/shefmon.com\/de\/wp-json\/wp\/v2\/product_tag?post=3100"}],"curies":[{"name":"wp","href":"https:\/\/api.w.org\/{rel}","templated":true}]}}