{"id":3087,"date":"2024-05-27T17:22:31","date_gmt":"2024-05-27T09:22:31","guid":{"rendered":"https:\/\/palegoldenrod-manatee-952098.hostingersite.com\/?post_type=product&#038;p=3087"},"modified":"2025-09-17T19:13:00","modified_gmt":"2025-09-17T11:13:00","slug":"s25-2-in-1-kryolipolyse-endos-velapro-inner-ball-roller-massagegerat-schlankheitsmaschine","status":"publish","type":"product","link":"https:\/\/shefmon.com\/de\/product\/s25-2-in-1-kryolipolyse-endos-velapro-inner-ball-roller-massagegerat-schlankheitsmaschine\/","title":{"rendered":"S25 2 in 1 Kryolipolyse Endos Velapro Inner Ball Roller Massager Schlankheitsmaschine"},"content":{"rendered":"<p><strong>Was ist die Inner Ball Roller-Maschine?<\/strong><br \/>\nDas Inner Ball Roller Instrument ist ein hochmodernes, weltweit anerkanntes K\u00f6rperformungsinstrument. Es nutzt innovative Kompressionsmikrovibrationen, um die Lymphdrainage zu verbessern, die Durchblutung zu steigern, Cellulite zu lindern, Cellulite zu reduzieren, Alterserscheinungen r\u00fcckg\u00e4ngig zu machen, die Muskulatur zu st\u00e4rken und eine Entgiftungsbehandlung durchzuf\u00fchren. Es kann im Gesicht und am K\u00f6rper angewendet werden. Die beliebtesten Behandlungsbereiche sind Oberschenkel, Ges\u00e4\u00df und Oberarme.<br \/>\n<strong>Funktionsprinzip:<\/strong><br \/>\nDas innere Kugelrollenger\u00e4t ist eine nicht-invasive mechanische Kompressions-Mikrovibrationsbehandlung. Das Prinzip besteht darin, dass die Silikonkugel entlang der Walze um 36\u00b0 rotiert, um Kompressions-Mikrovibrationen zu erzeugen. Wenn die Kugel rotiert und Druck auf die Haut aus\u00fcbt, erzeugt sie einen \u201epulsierenden Kompressionseffekt\u201c, der eine kontinuierliche Knet- und Hin- und Herbewegung erzeugt. Das Gewebe erf\u00e4hrt einen gewissen Druck- und Hebeeffekt, ohne die Haut zu quetschen oder zu sch\u00e4digen. Auf das Gewebe wird Druck ausge\u00fcbt, um die Zellen zu dehnen und so die Zellaktivit\u00e4t, den Blutfluss und die Sauerstoffversorgung auf nat\u00fcrliche und tiefe Weise anzuregen. Fettablagerungen werden unter Druck gesetzt und so gel\u00f6st, um schlie\u00dflich abgebaut zu werden, wodurch Cellulite reduziert und entfernt wird.<br \/>\n<strong>Funktion<\/strong><br \/>\nHautstraffung, Hautverj\u00fcngung;<br \/>\nUmformung vor und nach der Fettabsaugung;<br \/>\nUmgestaltung vor und nach Anti-Falten-Injektionen;<br \/>\nSchulter-Nacken-Muskelsteifheit;<br \/>\nPlantarstimulation;<br \/>\nSportliche Vorbereitung;<br \/>\nPosttraumatische rehabilitative Physiotherapie<\/p>\n<p><span style=\"color: #ff6600;\"><strong>Funktionen 1-Anzeige<\/strong><\/span><\/p>\n<p><strong><img fetchpriority=\"high\" decoding=\"async\" class=\"alignnone size-medium wp-image-2796\" src=\"https:\/\/shefmon.com\/wp-content\/uploads\/2024\/05\/B0109-3-300x176.jpg\" alt=\"\" width=\"300\" height=\"176\" srcset=\"https:\/\/shefmon.com\/wp-content\/uploads\/2024\/05\/B0109-3-300x176.jpg 300w, https:\/\/shefmon.com\/wp-content\/uploads\/2024\/05\/B0109-3-150x88.jpg 150w, https:\/\/shefmon.com\/wp-content\/uploads\/2024\/05\/B0109-3.jpg 560w\" sizes=\"(max-width: 300px) 100vw, 300px\" \/><\/strong><\/p>\n<p>Das Displayformat ist 7\u2033 ULTRA, mit hoher Aufl\u00f6sung und Touchscreen-Funktionen. Die Bedienung ist sehr einfach und die Sonde ist mit 7 verschiedenen Behandlungslichtern ausgestattet, wodurch der Effekt deutlicher wird<\/p>\n<p><span style=\"color: #ff6600;\"><strong>Mit 2-3 Rollen<\/strong><\/span><\/p>\n<p><strong><img decoding=\"async\" class=\"alignnone size-medium wp-image-2617 lazyload\" data-src=\"https:\/\/shefmon.com\/wp-content\/uploads\/2024\/05\/B0109-2-300x300.png\" alt=\"\" width=\"300\" height=\"300\" data-srcset=\"https:\/\/shefmon.com\/wp-content\/uploads\/2024\/05\/B0109-2-300x300.png 300w, https:\/\/shefmon.com\/wp-content\/uploads\/2024\/05\/B0109-2-150x150.png 150w, https:\/\/shefmon.com\/wp-content\/uploads\/2024\/05\/B0109-2-600x600.png 600w, https:\/\/shefmon.com\/wp-content\/uploads\/2024\/05\/B0109-2-768x768.png 768w, https:\/\/shefmon.com\/wp-content\/uploads\/2024\/05\/B0109-2.png 1000w\" data-sizes=\"(max-width: 300px) 100vw, 300px\" src=\"data:image\/gif;base64,R0lGODlhAQABAAAAACH5BAEKAAEALAAAAAABAAEAAAICTAEAOw==\" style=\"--smush-placeholder-width: 300px; --smush-placeholder-aspect-ratio: 300\/300;\" \/><\/strong><\/p>\n<p>Das Handst\u00fcck verf\u00fcgt \u00fcber drei einzigartige Rollen, jede f\u00fcr eine andere Behandlungsphase. Zun\u00e4chst wird eine Gelkugelrolle verwendet, gefolgt von einer Silikonkugelrolle f\u00fcr die Funktionsphase. Die Rolle mit starren Kugeln und Kugeln mit variabler Dichte behandelt gezielt bestimmte Bereiche.<\/p>\n<p><span style=\"color: #ff6600;\"><strong>Verf\u00fcgt \u00fcber 3 V-f\u00f6rmige Silikonrollen mit Luftl\u00f6chern<\/strong><\/span><\/p>\n<p><img decoding=\"async\" class=\"alignnone size-medium wp-image-2794 lazyload\" data-src=\"https:\/\/shefmon.com\/wp-content\/uploads\/2024\/05\/B0109-300x300.jpg\" alt=\"\" width=\"300\" height=\"300\" data-srcset=\"https:\/\/shefmon.com\/wp-content\/uploads\/2024\/05\/B0109-300x300.jpg 300w, https:\/\/shefmon.com\/wp-content\/uploads\/2024\/05\/B0109-150x150.jpg 150w, https:\/\/shefmon.com\/wp-content\/uploads\/2024\/05\/B0109.jpg 560w\" data-sizes=\"(max-width: 300px) 100vw, 300px\" src=\"data:image\/gif;base64,R0lGODlhAQABAAAAACH5BAEKAAEALAAAAAABAAEAAAICTAEAOw==\" style=\"--smush-placeholder-width: 300px; --smush-placeholder-aspect-ratio: 300\/300;\" \/><\/p>\n<p>Das neueste Design verf\u00fcgt \u00fcber V-f\u00f6rmige Rollen, jeweils drei oben und unten, sowie zwei Reihen perforierter Rollen. Es wirkt in zwei Richtungen: Es strafft die Muskeln nach innen, massiert und gl\u00e4ttet sie, sorgt f\u00fcr Komfort und verbesserte Wirksamkeit.<\/p>\n<p><span style=\"color: #ff6600;\"><strong>Mit 4-Body Face-Handst\u00fcck<\/strong><\/span><\/p>\n<p><img decoding=\"async\" class=\"alignnone size-medium wp-image-2797 lazyload\" data-src=\"https:\/\/shefmon.com\/wp-content\/uploads\/2024\/05\/B0109-2-1-300x300.jpg\" alt=\"\" width=\"300\" height=\"300\" data-srcset=\"https:\/\/shefmon.com\/wp-content\/uploads\/2024\/05\/B0109-2-1-300x300.jpg 300w, https:\/\/shefmon.com\/wp-content\/uploads\/2024\/05\/B0109-2-1-150x150.jpg 150w, https:\/\/shefmon.com\/wp-content\/uploads\/2024\/05\/B0109-2-1.jpg 560w\" data-sizes=\"(max-width: 300px) 100vw, 300px\" src=\"data:image\/gif;base64,R0lGODlhAQABAAAAACH5BAEKAAEALAAAAAABAAEAAAICTAEAOw==\" style=\"--smush-placeholder-width: 300px; --smush-placeholder-aspect-ratio: 300\/300;\" \/><\/p>\n<p>Sowohl das K\u00f6rper- als auch das Gesichtshandst\u00fcck sind mit Sensoren und einem Display ausgestattet, das mit dem Bediener kommuniziert. Jedes verf\u00fcgt \u00fcber drei Spitzen und besticht durch sein ergonomisches Design mit Richtungsanzeigen auf der R\u00fcckseite f\u00fcr eine intuitive Bedienung.<\/p>\n<p><strong>Theorie der Kryolipolyse:<\/strong><br \/>\nDie Theorie hinter Kryolipolyse-Ger\u00e4ten basiert auf der Annahme, dass Fettzellen empfindlicher auf K\u00e4lte reagieren als das umliegende Gewebe. Diese Ger\u00e4te nutzen kontrollierte K\u00fchlung, um Fettzellen einzufrieren und zu zerst\u00f6ren, ohne Haut oder anderes Gewebe zu sch\u00e4digen. Sobald die Fettzellen eingefroren sind, durchlaufen sie einen nat\u00fcrlichen Zelltodprozess, die sogenannte Apoptose. Mit der Zeit scheidet der K\u00f6rper diese abgestorbenen Fettzellen durch nat\u00fcrliche Stoffwechselprozesse aus, was zu einer Fettreduktion im behandelten Bereich f\u00fchrt.<br \/>\n<strong>Merkmale der Kryolipolyse:<\/strong><br \/>\n\uf0d8Bei K\u00e4lte- und W\u00e4rmebehandlung, Temperatur -16 bis 46\u00b0C<br \/>\n\uf0d8Mit Silikonkopf, schrittweise k\u00e4ltesichere Behandlung, nicht-invasive Behandlung<br \/>\n\uf0d8Mit 7 verschiedenen Gr\u00f6\u00dfen zur Auswahl, 4 Griffe funktionieren gleichzeitig.<br \/>\n\uf0d8Eine Behandlung zeigt sichtbare Ergebnisse, eine Behandlung reduziert 3-6 cm<br \/>\n\uf0d8Lange Betriebszeit, bestes TEC-K\u00fchlsystem, 24 Stunden ununterbrochener Betrieb.<\/p>\n<p><img decoding=\"async\" class=\"alignnone size-medium wp-image-2620 lazyload\" data-src=\"https:\/\/shefmon.com\/wp-content\/uploads\/2024\/05\/S26-300x300.jpg\" alt=\"\" width=\"300\" height=\"300\" data-srcset=\"https:\/\/shefmon.com\/wp-content\/uploads\/2024\/05\/S26-300x300.jpg 300w, https:\/\/shefmon.com\/wp-content\/uploads\/2024\/05\/S26-150x150.jpg 150w, https:\/\/shefmon.com\/wp-content\/uploads\/2024\/05\/S26-600x600.jpg 600w, https:\/\/shefmon.com\/wp-content\/uploads\/2024\/05\/S26-768x768.jpg 768w, https:\/\/shefmon.com\/wp-content\/uploads\/2024\/05\/S26.jpg 1000w\" data-sizes=\"(max-width: 300px) 100vw, 300px\" src=\"data:image\/gif;base64,R0lGODlhAQABAAAAACH5BAEKAAEALAAAAAABAAEAAAICTAEAOw==\" style=\"--smush-placeholder-width: 300px; --smush-placeholder-aspect-ratio: 300\/300;\" \/><\/p>","protected":false},"excerpt":{"rendered":"<p><strong>2 in 1: Kryolipolyse-Innenball (optional)<\/strong><br \/>\n<strong>Funktion<\/strong>:Gewichtsverlust, Hautverj\u00fcngung, Faltenentfernung, Straffung<br \/>\n<strong>Bildschirm<\/strong> 12,1 Zoll<br \/>\n<strong>Drehzahl<\/strong> 450 U\/min<br \/>\n<strong>Ausgangsfrequenz<\/strong> 40-300 Hz<br \/>\n<strong>Kryo-Tipps:<\/strong>Standard 5, max. 7<br \/>\n<strong>K\u00fchltemperatur<\/strong><br \/>\n1-5 G\u00e4nge (K\u00fchltemperatur 1 bis -15 \u00b0C)<br \/>\n<strong>Heiztemperatur<\/strong><br \/>\n0-4 G\u00e4nge (Vorw\u00e4rmen f\u00fcr 3 Minuten, Heiztemperatur<br \/>\n37 bis 45 \u2103)<br \/>\n<strong>Vakuumabsaugung<\/strong><br \/>\n1-5 G\u00e4nge (10-80 Kpa)<br \/>\n<strong>Ausgangsleistung<\/strong><br \/>\n800 W<br \/>\n<strong>Abbindezeit<\/strong><br \/>\n1\u201399 Min. (Standard: 60 Min.)<\/p>","protected":false},"featured_media":3086,"template":"","meta":[],"product_brand":[],"product_cat":[73,77,90],"product_tag":[],"class_list":{"0":"post-3087","1":"product","2":"type-product","3":"status-publish","4":"has-post-thumbnail","6":"product_cat-cryolipolysis","7":"product_cat-endos-velapro","8":"product_cat-lose-fat-and-body-firming","10":"first","11":"instock","12":"shipping-taxable","13":"product-type-simple"},"_links":{"self":[{"href":"https:\/\/shefmon.com\/de\/wp-json\/wp\/v2\/product\/3087","targetHints":{"allow":["GET"]}}],"collection":[{"href":"https:\/\/shefmon.com\/de\/wp-json\/wp\/v2\/product"}],"about":[{"href":"https:\/\/shefmon.com\/de\/wp-json\/wp\/v2\/types\/product"}],"version-history":[{"count":0,"href":"https:\/\/shefmon.com\/de\/wp-json\/wp\/v2\/product\/3087\/revisions"}],"wp:featuredmedia":[{"embeddable":true,"href":"https:\/\/shefmon.com\/de\/wp-json\/wp\/v2\/media\/3086"}],"wp:attachment":[{"href":"https:\/\/shefmon.com\/de\/wp-json\/wp\/v2\/media?parent=3087"}],"wp:term":[{"taxonomy":"product_brand","embeddable":true,"href":"https:\/\/shefmon.com\/de\/wp-json\/wp\/v2\/product_brand?post=3087"},{"taxonomy":"product_cat","embeddable":true,"href":"https:\/\/shefmon.com\/de\/wp-json\/wp\/v2\/product_cat?post=3087"},{"taxonomy":"product_tag","embeddable":true,"href":"https:\/\/shefmon.com\/de\/wp-json\/wp\/v2\/product_tag?post=3087"}],"curies":[{"name":"wp","href":"https:\/\/api.w.org\/{rel}","templated":true}]}}