{"id":3063,"date":"2024-05-27T16:16:10","date_gmt":"2024-05-27T08:16:10","guid":{"rendered":"https:\/\/palegoldenrod-manatee-952098.hostingersite.com\/?post_type=product&#038;p=3063"},"modified":"2025-09-17T19:16:09","modified_gmt":"2025-09-17T11:16:09","slug":"a0275e-3-in-1-kombinationsgerat-pmst-wellenmagnetotherapie","status":"publish","type":"product","link":"https:\/\/shefmon.com\/de\/product\/a0275e-3-in-1-combination-machine-pmst-wave-magnetotherapy\/","title":{"rendered":"A0275E 3-in-1-Kombinationsger\u00e4t PMST-Wellen-Magnetotherapie"},"content":{"rendered":"<p><strong>Magnetotherapie<\/strong> pulsiert ein Magnetfeld in den K\u00f6rper und erzeugt eine au\u00dfergew\u00f6hnliche Heilwirkung. Die<br \/>\nDie Ergebnisse sind weniger Schmerzen, eine Verringerung der Schwellung und eine gr\u00f6\u00dfere Bewegungsfreiheit in den betroffenen Bereichen. Besch\u00e4digt<br \/>\nDie Zellen werden durch die Erh\u00f6hung der elektrischen Ladungen innerhalb der Zelle wieder mit Energie versorgt, wodurch sie in ihren normalen, gesunden Zustand zur\u00fcckversetzt werden.<br \/>\nDer Zellstoffwechsel wird gesteigert, die Blutzellen werden regeneriert, die Durchblutung verbessert und die Aufnahme von<br \/>\nSauerstoff wird um \u00fcber 200% erh\u00f6ht. Das Immunsystem wird ges\u00fcnder und die Leber, Nieren,<br \/>\nund der Dickdarm k\u00f6nnen Abfallstoffe und Giftstoffe besser ausscheiden.<\/p>\n<p><strong>Auswirkungen der Magnetfeldtherapie<\/strong><br \/>\n\u53e3lindert Schmerzen<br \/>\n\u53e3verbessert die oberfl\u00e4chliche und tiefe Durchblutung<br \/>\n\u53e3verbessert die Geweberegeneration<br \/>\n\u53e3stimuliert den Venen- und Lymphabfluss<br \/>\n\u53e3beeinflusst die Wiederherstellung des Stoffwechselgleichgewichts<\/p>","protected":false},"excerpt":{"rendered":"<p><strong>Produktname:<\/strong>Physio-Magnetotherapieger\u00e4t<br \/>\n<strong>Stromspannung:<\/strong>AC100V-AC240V 50\/60Hz<br \/>\n<strong>Leistung:<\/strong>1500 W<br \/>\n<strong>Frequenz:<\/strong>100 kHz \u2013 300 kHz<br \/>\n<strong>Feldst\u00e4rke an der Spule:<\/strong>4T<br \/>\n<strong>Feldst\u00e4rke in 4cm Entfernung:<\/strong>0,4T<br \/>\n<strong>Leistung des Feldes:<\/strong>92T\/S<br \/>\n<strong>Funktion:<\/strong>Schmerzlinderung, Rehabilitation, Sportverletzungen<br \/>\n<strong>K\u00fchlsystem:<\/strong>Luftk\u00fchlsystem<br \/>\n<strong>Paket:<\/strong> 48*63*63cm\/39KGS<br \/>\n<strong>Optional:<\/strong> zwei Griffe arbeiten gleichzeitig mit Lasern<\/p>","protected":false},"featured_media":3070,"template":"","meta":[],"product_brand":[],"product_cat":[75,83],"product_tag":[],"class_list":{"0":"post-3063","1":"product","2":"type-product","3":"status-publish","4":"has-post-thumbnail","6":"product_cat-emslim","7":"product_cat-shockwave-physiotherapy","9":"first","10":"instock","11":"shipping-taxable","12":"product-type-simple"},"_links":{"self":[{"href":"https:\/\/shefmon.com\/de\/wp-json\/wp\/v2\/product\/3063","targetHints":{"allow":["GET"]}}],"collection":[{"href":"https:\/\/shefmon.com\/de\/wp-json\/wp\/v2\/product"}],"about":[{"href":"https:\/\/shefmon.com\/de\/wp-json\/wp\/v2\/types\/product"}],"version-history":[{"count":0,"href":"https:\/\/shefmon.com\/de\/wp-json\/wp\/v2\/product\/3063\/revisions"}],"wp:featuredmedia":[{"embeddable":true,"href":"https:\/\/shefmon.com\/de\/wp-json\/wp\/v2\/media\/3070"}],"wp:attachment":[{"href":"https:\/\/shefmon.com\/de\/wp-json\/wp\/v2\/media?parent=3063"}],"wp:term":[{"taxonomy":"product_brand","embeddable":true,"href":"https:\/\/shefmon.com\/de\/wp-json\/wp\/v2\/product_brand?post=3063"},{"taxonomy":"product_cat","embeddable":true,"href":"https:\/\/shefmon.com\/de\/wp-json\/wp\/v2\/product_cat?post=3063"},{"taxonomy":"product_tag","embeddable":true,"href":"https:\/\/shefmon.com\/de\/wp-json\/wp\/v2\/product_tag?post=3063"}],"curies":[{"name":"wp","href":"https:\/\/api.w.org\/{rel}","templated":true}]}}