{"id":3045,"date":"2024-05-27T15:03:46","date_gmt":"2024-05-27T07:03:46","guid":{"rendered":"https:\/\/palegoldenrod-manatee-952098.hostingersite.com\/?post_type=product&#038;p=3045"},"modified":"2025-09-17T19:19:14","modified_gmt":"2025-09-17T11:19:14","slug":"a0241-5-in-1-emslim-emsculpting-neo-rf-ems-muskelstimulation-teslasculpt-muskelaufbau","status":"publish","type":"product","link":"https:\/\/shefmon.com\/de\/product\/a0241-5-in-1-emslim-emsculpting-neo-rf-ems-muscle-stimulation-teslasculpt-muscle-building\/","title":{"rendered":"A0241 5 in 1 Emslim Emsculpting NEO RF EMS Muskelstimulation Teslasculpt Muskelaufbau"},"content":{"rendered":"<p><strong>Shefmon EMS Muskelstimulation Teslasculpt<\/strong><br \/>\nEMS-K\u00f6rperkonturierung mit hochintensiver gepulster elektromagnetischer Technologie (HIPEM) zum Abnehmen, Straffen und zur Fettverbrennung. Professionelles Ger\u00e4t f\u00fcr Sch\u00f6nheitssalons und \u00c4rzte, die ihren Kunden die modernsten und effektivsten nicht-invasiven K\u00f6rperkonturierungsbehandlungen anbieten m\u00f6chten.<br \/>\nEMS Body Contouring baut Muskeln auf und verbrennt gleichzeitig Fett. Elektromagnetische Impulse induzieren supramaximale Muskelkontraktionen, die das Muskelgewebe zur Anpassung zwingen, was zu einem gesteigerten Muskelwachstum f\u00fchrt, w\u00e4hrend durch Lipolyse Fett verbrannt wird.<\/p>\n<p><strong>Wie funktioniert EMS-K\u00f6rperkonturierung?<\/strong><br \/>\nEs handelt sich um die neueste koreanische Behandlungstechnologie f\u00fcr nicht-invasives Abnehmen und Formen des K\u00f6rpers, die Muskeln aufbaut und Fett verbrennt.<br \/>\nGleichzeitig. Hochintensive gepulste elektromagnetische Stimulation bietet kontinuierliche Muskelkontraktion ohne Muskelentspannung,<br \/>\nDadurch kann der Muskel mit maximaler Kapazit\u00e4t arbeiten. Diese extremen Kontraktionsbedingungen erfordern, dass sich der Muskel anpasst<br \/>\nUnd bauen Sie Muskelmasse im behandelten Bereich auf, w\u00e4hrend Sie Fett verbrennen.<br \/>\nKlinische Studien berichten von einer durchschnittlichen Fettreduktion von 19% in Verbindung mit einer Zunahme der Muskelmasse von 16% w\u00e4hrend einer Behandlung<br \/>\nBestehend aus 4 bis 6 Sitzungen im Abstand von 2 bis 3 Tagen. Zu den Behandlungsbereichen geh\u00f6ren Bauch, Ges\u00e4\u00df, Arme und Oberschenkel.<\/p>\n<p><strong>Sichere und komfortable Behandlung<\/strong><br \/>\n(HIPEM) Hochintensive gepulste elektromagnetische Technologie<br \/>\nEs ist, als w\u00fcrden Sie 20.000 Crunches oder Kniebeugen in nur 30 Minuten machen, ohne die harte Arbeit und den Schwei\u00df. 30-min\u00fctige Behandlungen<br \/>\nDie Behandlungen sind schnell und k\u00f6nnen w\u00e4hrend der Mittagspause durchgef\u00fchrt werden. Klinisch erwiesen<br \/>\nIn 7 unabh\u00e4ngigen Studien umfassend auf Sicherheit und Wirksamkeit getestet.<\/p>\n<p><strong>Vorteile der Klinik<\/strong><br \/>\n* Bieten Sie Ihren Kunden die neueste Technologie zur K\u00f6rperformung<br \/>\n* Einfach einschalten und das System die Arbeit f\u00fcr Sie erledigen lassen<br \/>\n* Einfache und benutzerfreundliche Bedienung<br \/>\n* Keine Verbrauchsmaterialien<br \/>\n* Nicht-invasiv, keine Ausfallzeiten, keine Nebenwirkungen und schmerzfrei<br \/>\n* Empfohlene Behandlungskosten $800 (Einzelbesuch)<br \/>\n* Wird mit 2 Applikatoren geliefert, die Behandlungen f\u00fcr Bauch, Ges\u00e4\u00df, Arme und Oberschenkel erm\u00f6glichen<\/p>","protected":false},"excerpt":{"rendered":"<p>Leistung: 2500 W<br \/>\nHF-Leistung: 800 W<br \/>\nIntensit\u00e4t: 7 Tesla<br \/>\nImpulsbreite: 310us\u00b110%<br \/>\nPulsform: Zweiwegewelle<br \/>\nBildschirm: 10,4 Zoll robuster Bildschirm<br \/>\nFrequenz: 1-150 Hz<br \/>\nSpannung: AC220V\u00b110% 10A 50HZ, 110v\u00b110% 10A 60HZ<br \/>\nK\u00fchlung: Luftk\u00fchlung<br \/>\nGriffe: 4 Griffe + Beckenbodenmuskel (optional)<br \/>\nPaket: 78 * 50 * 72 cm \/ 50 kg<\/p>","protected":false},"featured_media":3050,"template":"","meta":[],"product_brand":[],"product_cat":[75,85],"product_tag":[],"class_list":{"0":"post-3045","1":"product","2":"type-product","3":"status-publish","4":"has-post-thumbnail","6":"product_cat-emslim","7":"product_cat-gain-muscle-and-body-shaping","9":"first","10":"instock","11":"shipping-taxable","12":"product-type-simple"},"_links":{"self":[{"href":"https:\/\/shefmon.com\/de\/wp-json\/wp\/v2\/product\/3045","targetHints":{"allow":["GET"]}}],"collection":[{"href":"https:\/\/shefmon.com\/de\/wp-json\/wp\/v2\/product"}],"about":[{"href":"https:\/\/shefmon.com\/de\/wp-json\/wp\/v2\/types\/product"}],"version-history":[{"count":0,"href":"https:\/\/shefmon.com\/de\/wp-json\/wp\/v2\/product\/3045\/revisions"}],"wp:featuredmedia":[{"embeddable":true,"href":"https:\/\/shefmon.com\/de\/wp-json\/wp\/v2\/media\/3050"}],"wp:attachment":[{"href":"https:\/\/shefmon.com\/de\/wp-json\/wp\/v2\/media?parent=3045"}],"wp:term":[{"taxonomy":"product_brand","embeddable":true,"href":"https:\/\/shefmon.com\/de\/wp-json\/wp\/v2\/product_brand?post=3045"},{"taxonomy":"product_cat","embeddable":true,"href":"https:\/\/shefmon.com\/de\/wp-json\/wp\/v2\/product_cat?post=3045"},{"taxonomy":"product_tag","embeddable":true,"href":"https:\/\/shefmon.com\/de\/wp-json\/wp\/v2\/product_tag?post=3045"}],"curies":[{"name":"wp","href":"https:\/\/api.w.org\/{rel}","templated":true}]}}