{"id":3028,"date":"2024-05-27T14:06:01","date_gmt":"2024-05-27T06:06:01","guid":{"rendered":"https:\/\/palegoldenrod-manatee-952098.hostingersite.com\/?post_type=product&#038;p=3028"},"modified":"2026-01-26T16:41:28","modified_gmt":"2026-01-26T08:41:28","slug":"a0205-9d-7d-fokussierte-hifu-maschine-5-in-1","status":"publish","type":"product","link":"https:\/\/shefmon.com\/de\/product\/a0205-9d-7d-focused-hifu-machine-5-in-1\/","title":{"rendered":"A0205 9D\/7D Fokussierte HIFU-Maschine 5 in 1"},"content":{"rendered":"<p><strong>Modellnr.: A0205 9D<\/strong><\/p>\n<p>A0205 Multifunktionale 9D-Hifu-Maschine<br \/>\n1,9D Hifu: 12 Linien, 26 Punkte<br \/>\n2.9D Hifu Alle Cartridgegs:<br \/>\n1,5 mm, 3,0 mm, 4,5 mm, 6 mm, 8 mm, 10 mm, 13 mm, 16 mm, 20.000 Sch\u00fcsse pro Spitze<br \/>\n3. Optionaler Griff: Vaginales Hifu\/Vmax Hifu\/Lipo-Hifu\/Mikronadel-RF<br \/>\n<strong>WAS IST EINE 9D-HIFU-MASCHINE?<\/strong><br \/>\nHochintensiver fokussierter Ultraschall (HIFU) verwendet pr\u00e4zise Ultraschallenergie medizinischer Qualit\u00e4t f\u00fcr nicht-chirurgisches Facelifting und Hautstraffung.<br \/>\nDas 9D HIFU ist ein HIFU-Ger\u00e4t der neunten Generation, das h\u00f6here Leistung, weniger Beschwerden, mehr Sicherheit und klinisch erprobte Ergebnisse bietet.<br \/>\nEs funktioniert bei Menschen aller Hautfarben gleicherma\u00dfen gut und die HIFU-Behandlung ist die erste Wahl f\u00fcr ein nicht-invasives Facelifting.<br \/>\n<strong>Funktionen der 9D-HIFU-Maschine:<\/strong><br \/>\n1. Entfernen Sie Falten um Stirn, Augen, Mund usw.<br \/>\n2. Anheben und Straffen der Haut beider Wangen.<br \/>\n3. Verbesserung der Hautelastizit\u00e4t und Formung der Kontur.<br \/>\n4. Verbesserung der Kieferlinie, Reduzierung von \u201eMarionettenfalten\u201c.<br \/>\n5. Straffung des Hautgewebes auf der Stirn, Anheben der Augenbrauenlinien.<br \/>\n6. Verbessert den Teint der Haut und macht die Haut zart und strahlend.<br \/>\n7. Entfernen von Halsfalten, Schutz vor Alterung des Halses.<br \/>\n8. Entfernen von unerw\u00fcnschtem Fett an Armen, Bauch, Beinen, H\u00fcfte usw.<\/p>\n<p><strong>Es gibt verschiedene Patronen f\u00fcr unterschiedliche Einsatzbereiche:<\/strong><br \/>\nDS-1,5 mm ist f\u00fcr die Epidermisschicht;<br \/>\nDS-3,0 mm ist f\u00fcr die Dermisschicht;<br \/>\nDS-4,5 mm ist f\u00fcr die SMAS-Schicht.<br \/>\nDS-6,0 mm\/9 mm\/12 mm f\u00fcr die K\u00f6rperfettschicht<br \/>\n3. Es ist v\u00f6llig nicht-invasiv und sicher.<br \/>\n4. Der Effekt wird nach der Operation sichtbar, wobei der beste Effekt nach zwei Monaten sichtbar wird. Es kann 2-3 dauern<br \/>\nJahre.<\/p>","protected":false},"excerpt":{"rendered":"<p><strong>Technische Parameter:<\/strong><br \/>\n<strong>Beschreibung:<\/strong>Multifunktionale 5-in-1-7D\/9D-Hifu-Maschine<br \/>\n<strong>Optionale Griffe<\/strong>: Vaginales Hifu, Vmax Hifu, RF, Lipo Hifu<br \/>\n<strong>9D-Patronen:<\/strong>Standard: 3,0 mm, 4,5 mm,<br \/>\nOptional: 1,5 mm, 6,0 mm, 8,0 mm, 13,0 mm<br \/>\n20000 Sch\u00fcsse\/Eins<br \/>\n<strong>7D-Patronen (optional)<\/strong><br \/>\nStandard: 1,5 mm, 2,0 mm, 3,0 mm, 4,5 mm, 6,0 mm, 9,0 mm, 13,0 mm<br \/>\n20000 Sch\u00fcsse\/Eins<br \/>\n<strong>Vaginales Hifu (optional)<\/strong><br \/>\n3,0 mm und 4,5 mm, 10.000 Sch\u00fcsse<br \/>\n<strong>Vmax-Patronen (optional)<\/strong><br \/>\nStandard: 1,5 mm, 3,0 mm, 4,5 mm, optional: 8,0 mm, 13 mm<br \/>\n68000 Sch\u00fcsse\/Eins<br \/>\n<strong>Mikronadel-HF-Nadeln (optional)<\/strong><br \/>\n10P, 25P, 64P, Nano-Nadel, weiche fraktionierte HF-Nadeln (optional)<br \/>\nLipo-Hifu-Griff (optional)<br \/>\nStandard: 8,0 mm, 13 mm<br \/>\nOptional: 6,0 mm, 10 mm, 16 mm<br \/>\n<strong>Leistung:<\/strong>800 W<br \/>\n<strong>Frequenz:<\/strong>4\/7 MHz<\/p>","protected":false},"featured_media":3041,"template":"","meta":[],"product_brand":[],"product_cat":[78,86],"product_tag":[],"class_list":{"0":"post-3028","1":"product","2":"type-product","3":"status-publish","4":"has-post-thumbnail","6":"product_cat-hifu","7":"product_cat-skin-care-and-facial-rejuvenation","9":"first","10":"instock","11":"shipping-taxable","12":"product-type-simple"},"_links":{"self":[{"href":"https:\/\/shefmon.com\/de\/wp-json\/wp\/v2\/product\/3028","targetHints":{"allow":["GET"]}}],"collection":[{"href":"https:\/\/shefmon.com\/de\/wp-json\/wp\/v2\/product"}],"about":[{"href":"https:\/\/shefmon.com\/de\/wp-json\/wp\/v2\/types\/product"}],"version-history":[{"count":0,"href":"https:\/\/shefmon.com\/de\/wp-json\/wp\/v2\/product\/3028\/revisions"}],"wp:featuredmedia":[{"embeddable":true,"href":"https:\/\/shefmon.com\/de\/wp-json\/wp\/v2\/media\/3041"}],"wp:attachment":[{"href":"https:\/\/shefmon.com\/de\/wp-json\/wp\/v2\/media?parent=3028"}],"wp:term":[{"taxonomy":"product_brand","embeddable":true,"href":"https:\/\/shefmon.com\/de\/wp-json\/wp\/v2\/product_brand?post=3028"},{"taxonomy":"product_cat","embeddable":true,"href":"https:\/\/shefmon.com\/de\/wp-json\/wp\/v2\/product_cat?post=3028"},{"taxonomy":"product_tag","embeddable":true,"href":"https:\/\/shefmon.com\/de\/wp-json\/wp\/v2\/product_tag?post=3028"}],"curies":[{"name":"wp","href":"https:\/\/api.w.org\/{rel}","templated":true}]}}