{"id":3017,"date":"2024-05-27T13:35:20","date_gmt":"2024-05-27T05:35:20","guid":{"rendered":"https:\/\/palegoldenrod-manatee-952098.hostingersite.com\/?post_type=product&#038;p=3017"},"modified":"2026-04-11T14:43:24","modified_gmt":"2026-04-11T06:43:24","slug":"a0152-desktop-mmrf-tiefe-8-mikronadelung-rf","status":"publish","type":"product","link":"https:\/\/shefmon.com\/de\/product\/a0152-desktop-mmrf-deepth-8-microneedling-rf\/","title":{"rendered":"A0152 Desktop MNRF Tiefen-8 Mikronadel-RF"},"content":{"rendered":"<p><strong>Vorteile:<\/strong><br \/>\n1. Bietet die tiefsten verf\u00fcgbaren fraktionierten Behandlungen und erw\u00e4rmt subdermales Gewebe auf bis zu 8 mm (7 mm + 1 mm thermisches Profil).<br \/>\n2. Doppelte Handst\u00fccke erm\u00f6glichen eine erweiterte Behandlungsfunktionalit\u00e4t: Gesichtsgriff f\u00fcr kleinere Behandlungsbereiche, K\u00f6rpergriff f\u00fcr gr\u00f6\u00dfere und tiefere Gewebebehandlungen.<br \/>\n3. Vier fraktionierte Spitzen mit unterschiedlichen Mikronadelkonfigurationen (12-polig, 24-polig, 40-polig, Nanochip). Liefern klinisch erprobte HF-Energie f\u00fcr mehrere Behandlungstiefen (0,5 mm\u20137 mm).<\/p>\n<p><strong>MNRF Tiefen-8-RF-Maschine<\/strong><\/p>\n<p>Das MNRF Depth 8-Ger\u00e4t zeichnet sich durch seinen speziellen Ansatz zur Verbesserung des Fibro-Septal-Netzwerks (FSN) innerhalb der Haut-Fett-Matrix aus, was zu einer merklich glatteren Haut und einer Verringerung von Unreinheiten im Gesicht und am ganzen K\u00f6rper f\u00fchrt.<\/p>\n<p>MNRF Depth 8 bietet eine tiefe fraktionierte Penetration, die bis zu 7 mm in die Haut reicht, begleitet von einer zus\u00e4tzlichen thermischen Induktion von 1 mm, wodurch ein sehr gleichm\u00e4\u00dfiges Ergebnis gew\u00e4hrleistet wird.<\/p>\n<p>Sein ausgekl\u00fcgeltes Design erm\u00f6glicht die sequenzielle Behandlung des Gewebes in drei unterschiedlichen Tiefen in schnellen Millisekundenintervallen, wodurch die Behandlungsdauer drastisch verk\u00fcrzt, das Risiko f\u00fcr die Haut minimiert und die Gleichm\u00e4\u00dfigkeit der Behandlungsergebnisse verbessert wird.<\/p>\n<p><strong>Behandlung<\/strong><br \/>\nDas MNRF Depth 8 verf\u00fcgt \u00fcber eine innovative gro\u00dfe Applikatorspitze, die eine Anordnung von 40 schlanken, goldbeschichteten Mikronadeln enth\u00e4lt, sowie eine thermische Tiefe von 7 mm, erg\u00e4nzt durch eine zus\u00e4tzliche W\u00e4rmedurchdringung von 1 m.<br \/>\nEs eignet sich f\u00fcr die schnelle Behandlung ausgedehnter Hautgewebebereiche und nutzt dabei die st\u00e4rksten verf\u00fcgbaren Radiofrequenzenergien (RF).<br \/>\nMorpheus8 ist eine ausgezeichnete Wahl f\u00fcr die Gesichtsverj\u00fcngung und bietet den Vorteil, dass mehrere Probleme gleichzeitig angegangen werden k\u00f6nnen.<br \/>\nMit diesem Radiofrequenzansatz k\u00f6nnen Sie eine Reihe von Behandlungen wirksam angehen, beispielsweise:<br \/>\n1. \u00dcbersch\u00fcssiges Fett unter dem Kinn<br \/>\n2. Erweichung und Erschlaffung entlang der Kieferlinie<br \/>\n3. Sch\u00e4den durch Sonneneinstrahlung<br \/>\n4. Narbenbildung durch Akne und andere Ursachen<br \/>\n5. Dehnungsstreifen<br \/>\n6. Ungleichm\u00e4\u00dfige Hautstruktur<br \/>\n7. Gro\u00dfe Poren<br \/>\n8. Ausgepr\u00e4gte Falten und F\u00e4ltchen<\/p>","protected":false},"excerpt":{"rendered":"<p><strong>Spezifikationen:<\/strong><br \/>\nTiefenprofil 1 mm \u2013 7 mm<br \/>\nZus\u00e4tzliches 1-mm-W\u00e4rmeprofil<br \/>\nPrime 12 Pins<br \/>\n24 Pins neu beschichten<br \/>\nK\u00f6rper 40 Stifte<br \/>\nNanonadeln f\u00fcr empfindliche Haut<br \/>\nComputergest\u00fctzte Behandlungstiefe<br \/>\nIsoliert mit 0,5 mm leitf\u00e4higer Spitze<br \/>\nMaximale HF-Leistung: 300 W<br \/>\nSpannung 110 V\/60 Hz, 220 V\/50 Hz<br \/>\nMaterial: ABS und Edelstahl<br \/>\nTouchscreen 15 Zoll<br \/>\nNadeln Abbildung: 4 St\u00fcck (12P\\24P\\40P\\Nanokristalliner Kopf)<br \/>\nArbeitsgriff:Option: (1 RF\/2 RF\/1RF+K\u00fchlhammer\/2 RF+K\u00fchlhammer)<br \/>\nZielbereich K\u00f6rper, Gesicht, Augen, Beine\/Arme, Hals\/Hals, Sonstiges<br \/>\nGr\u00f6\u00dfe 45*39*55 cm<br \/>\nG.W11.5KG<\/p>","protected":false},"featured_media":2925,"template":"","meta":[],"product_brand":[],"product_cat":[81,86],"product_tag":[],"class_list":{"0":"post-3017","1":"product","2":"type-product","3":"status-publish","4":"has-post-thumbnail","6":"product_cat-mnrf-microneedling","7":"product_cat-skin-care-and-facial-rejuvenation","9":"first","10":"instock","11":"shipping-taxable","12":"product-type-simple"},"_links":{"self":[{"href":"https:\/\/shefmon.com\/de\/wp-json\/wp\/v2\/product\/3017","targetHints":{"allow":["GET"]}}],"collection":[{"href":"https:\/\/shefmon.com\/de\/wp-json\/wp\/v2\/product"}],"about":[{"href":"https:\/\/shefmon.com\/de\/wp-json\/wp\/v2\/types\/product"}],"version-history":[{"count":1,"href":"https:\/\/shefmon.com\/de\/wp-json\/wp\/v2\/product\/3017\/revisions"}],"predecessor-version":[{"id":13062,"href":"https:\/\/shefmon.com\/de\/wp-json\/wp\/v2\/product\/3017\/revisions\/13062"}],"wp:featuredmedia":[{"embeddable":true,"href":"https:\/\/shefmon.com\/de\/wp-json\/wp\/v2\/media\/2925"}],"wp:attachment":[{"href":"https:\/\/shefmon.com\/de\/wp-json\/wp\/v2\/media?parent=3017"}],"wp:term":[{"taxonomy":"product_brand","embeddable":true,"href":"https:\/\/shefmon.com\/de\/wp-json\/wp\/v2\/product_brand?post=3017"},{"taxonomy":"product_cat","embeddable":true,"href":"https:\/\/shefmon.com\/de\/wp-json\/wp\/v2\/product_cat?post=3017"},{"taxonomy":"product_tag","embeddable":true,"href":"https:\/\/shefmon.com\/de\/wp-json\/wp\/v2\/product_tag?post=3017"}],"curies":[{"name":"wp","href":"https:\/\/api.w.org\/{rel}","templated":true}]}}